{"id":10252,"date":"2014-08-01T13:33:34","date_gmt":"2014-08-01T12:33:34","guid":{"rendered":"http:\/\/www.aquanautelnido.com\/es\/home\/"},"modified":"2022-10-14T12:59:33","modified_gmt":"2022-10-14T04:59:33","slug":"home","status":"publish","type":"page","link":"https:\/\/www.aquanautelnido.com\/es\/","title":{"rendered":"Home"},"content":{"rendered":"<div class=\"wpb-content-wrapper\">[vc_row row_type=\u00bbsection\u00bb padding_top=\u00bb10&#8243; padding_bottom=\u00bb10&#8243;][vc_column][vc_column_text]\n<hr \/>\n<h2 style=\"text-align: center;\">Centro de Buceo Aquanaut, la forma de bucear en Filipinas<\/h2>\n<hr \/>\n[\/vc_column_text][\/vc_column][\/vc_row][vc_row row_type=\u00bbsection\u00bb padding_top=\u00bb10&#8243; padding_bottom=\u00bb0&#8243;][vc_column][vc_row_inner row_type=\u00bbsection\u00bb padding_top=\u00bb0&#8243; padding_bottom=\u00bb0&#8243;][vc_column_inner width=\u00bb1\/2&#8243;]\n<div class='q_icon_with_title small '><div class=\"icon_holder \" style=\" transition-delay: 200ms; -webkit-transition-delay: 200ms; -moz-transition-delay: 200ms; -o-transition-delay: 200ms;\"><span style=\"\" class=\"font_awsome_icon fa-2x \"><i class=\"fa fa-home\" style=\"\"><\/i><\/span><\/div><div class=\"icon_text_holder\"><div class=\"icon_text_inner\" style=\"\"><h4 class=\"icon_title\" style=\"\">El Centro de Buceo Aquanaut<\/h4><p style=''>El centro de buceo Aquanaut esta situado en la preciosa isla de Palawan, en Filipinas. Ofrecemos una amplia variedad de cursos PADI para todos los niveles, asi como salidas de buceo para buceadores certificados<\/p><a class='icon_with_title_link' href='http:\/\/www.aquanautelnido.com\/es\/quienes-somos\/' target='_self' style='color: ;'>M\u00e1s informaci\u00f3n aqu\u00ed<\/a><\/div><\/div><\/div>\n[\/vc_column_inner][vc_column_inner width=\u00bb1\/2&#8243;]\n<div class='q_icon_with_title small '><div class=\"icon_holder \" style=\" transition-delay: 200ms; -webkit-transition-delay: 200ms; -moz-transition-delay: 200ms; -o-transition-delay: 200ms;\"><span style=\"\" class=\"font_awsome_icon fa-2x \"><i class=\"fa fa-book\" style=\"\"><\/i><\/span><\/div><div class=\"icon_text_holder\"><div class=\"icon_text_inner\" style=\"\"><h4 class=\"icon_title\" style=\"\">Obtener la certificaci\u00f3n de buceador con PADI<\/h4><p style=''>Principiante o experimentado? Nos encanta ense\u00f1ar nuestra pasi\u00f3n y hay un curso PADI para todo el mundo! Echa un vistazo a lo que se puede aprender sobre el buceo<\/p><a class='icon_with_title_link' href='http:\/\/www.aquanautelnido.com\/es\/cursos-padi\/' target='_self' style='color: ;'>M\u00e1s informaci\u00f3n de los cursos PADI aqu\u00ed<\/a><\/div><\/div><\/div>\n[vc_separator type=&#8217;transparent&#8217; position=&#8217;center&#8217; color=\u00bb thickness=&#8217;10&#8217; up=\u00bb down=\u00bb][\/vc_column_inner][\/vc_row_inner][vc_row_inner row_type=\u00bbsection\u00bb padding_top=\u00bb0&#8243; padding_bottom=\u00bb0&#8243;][vc_column_inner width=\u00bb1\/2&#8243;]\n<div class='q_icon_with_title small '><div class=\"icon_holder \" style=\" transition-delay: 200ms; -webkit-transition-delay: 200ms; -moz-transition-delay: 200ms; -o-transition-delay: 200ms;\"><span style=\"\" class=\"font_awsome_icon fa-2x \"><i class=\"fa fa-picture-o\" style=\"\"><\/i><\/span><\/div><div class=\"icon_text_holder\"><div class=\"icon_text_inner\" style=\"\"><h4 class=\"icon_title\" style=\"\">El Nido<\/h4><p style=''>Una peque\u00f1o pueblo frente a la impresionante bah\u00eda de Bacuit, que es una reserva marina protegida para preservar las maravillas del mundo submarino. Explora y descubre estas aguas cristalinas y la colorida vida marina que se encuentra debajo.<br \/>\n<\/p><a class='icon_with_title_link' href='http:\/\/www.aquanautelnido.com\/es\/planifica-viaje-el-nido\/' target='_self' style='color: ;'>M\u00e1s informaci\u00f3n de El Nido aqu\u00ed<\/a><\/div><\/div><\/div>[\/vc_column_inner][vc_column_inner width=\u00bb1\/2&#8243;]\n<div class='q_icon_with_title small '><div class=\"icon_holder \" style=\" transition-delay: 200ms; -webkit-transition-delay: 200ms; -moz-transition-delay: 200ms; -o-transition-delay: 200ms;\"><span style=\"\" class=\"font_awsome_icon fa-2x \"><i class=\"fa fa-anchor\" style=\"\"><\/i><\/span><\/div><div class=\"icon_text_holder\"><div class=\"icon_text_inner\" style=\"\"><h4 class=\"icon_title\" style=\"\">A mojarse!<\/h4><p style=''>Forma parte de Aquanaut y ven a bucear con nosotros. Cavernas, t\u00faneles, paredes y una gran diversidad de vida marina para explorar con nuestras salidas diarias o inmersiones nocturnas.<\/p><a class='icon_with_title_link' href='http:\/\/www.aquanautelnido.com\/es\/salidas-buceo\/' target='_self' style='color: ;'>M\u00e1s informaci\u00f3n sobre nuestras salidas de buceo aqu\u00ed<\/a><\/div><\/div><\/div>[\/vc_column_inner][\/vc_row_inner][\/vc_column][\/vc_row]\n[vc_row row_type=\u00bbsection\u00bb padding_bottom=\u00bb0&#8243;][vc_column width=\u00bb1\/2&#8243;]<div class=\"q_image_with_text_over \"><div class=\"shader\"><\/div><img decoding=\"async\" src=\"https:\/\/www.aquanautelnido.com\/wp-content\/uploads\/2016\/07\/PADIcourses.jpg\" alt=\"Reserva tu curso eLearning PADI Open Water Diver\" \/><div class=\"text\"><table><tr><td><h3 class=\"caption no_icon\" style=\"\">Reserva tu curso eLearning PADI Open Water Diver<\/h3><\/td><\/tr><\/table><table><tr><td><div class=\"desc\">\n<h3><a href=\"http:\/\/www.aquanautelnido.com\/es\/cursos-padi\/open-water-diver\/\">Reserva tu curso eLearning PADI Open Water Diver<\/a><\/h3>\n<\/div><\/td><\/tr><\/table><\/div><\/div>[\/vc_column][vc_column width=\u00bb1\/2&#8243;]<div class=\"q_image_with_text_over \"><div class=\"shader\"><\/div><img decoding=\"async\" src=\"https:\/\/www.aquanautelnido.com\/wp-content\/uploads\/2016\/07\/FunDives2.jpeg\" alt=\"Inmersiones Diarias, Nocturnas y Buceo Fluorescente\" \/><div class=\"text\"><table><tr><td><h3 class=\"caption no_icon\" style=\"\">Inmersiones Diarias, Nocturnas y Buceo Fluorescente<\/h3><\/td><\/tr><\/table><table><tr><td><div class=\"desc\">\n<h3><a href=\"http:\/\/www.aquanautelnido.com\/es\/salidas-buceo\/\">Inmersiones Diarias, Nocturnas y Buceo Fluorescente<\/a><\/h3>\n<\/div><\/td><\/tr><\/table><\/div><\/div>[\/vc_column][\/vc_row][vc_row row_type=\u00bbsection\u00bb][vc_column]<div class=\"q_image_with_text_over \"><div class=\"shader\"><\/div><img decoding=\"async\" src=\"https:\/\/www.aquanautelnido.com\/wp-content\/uploads\/2016\/07\/BangkaPapaya60-scaled.jpg\" alt=\"Planifica tu viaje a El Nido, Filipinas\" \/><div class=\"text\"><table><tr><td><h3 class=\"caption no_icon\" style=\"\">Planifica tu viaje a El Nido, Filipinas<\/h3><\/td><\/tr><\/table><table><tr><td><div class=\"desc\">\n<h3><a href=\"http:\/\/www.aquanautelnido.com\/es\/planifica-viaje-el-nido\/\">Planifica tu viaje a El Nido, Filipinas<\/a><\/h3>\n<\/div><\/td><\/tr><\/table><\/div><\/div>[\/vc_column]\n[vc_column]<div class=\"q_image_with_text_over \"><div class=\"shader\"><\/div><img decoding=\"async\" src=\"https:\/\/www.aquanautelnido.com\/wp-content\/uploads\/2022\/10\/HeaderAcommodationCadlao-1.jpg\" alt=\"Paquete de buceo y alojamiento!\" \/><div class=\"text\"><table><tr><td><h3 class=\"caption no_icon\" style=\"\">Paquete de buceo y alojamiento!<\/h3><\/td><\/tr><\/table><table><tr><td><div class=\"desc\">\n<h3><a href=\"https:\/\/www.aquanautelnido.com\/es\/buceo-alojamiento\/\">Paquete de buceo y alojamiento!<\/a><\/h3>\n<\/div><\/td><\/tr><\/table><\/div><\/div>[\/vc_column][\/vc_row]\n[vc_row row_type=\u00bbsection\u00bb padding_top=\u00bb10&#8243; padding_bottom=\u00bb0&#8243;][vc_column][vc_column_text]\n<hr \/>\n<h2 style=\"text-align: center;\">\u00daltimos Posts<\/h2>\n<p style=\"text-align: center;\">Bucea en nuestro<a title=\"Blog\" href=\"http:\/\/www.aquanautelnido.com\/es\/blog\/\"> Blog<\/a><\/p>\n<hr \/>\n<p>&nbsp;<\/p>\n<h4><\/h4>\n[\/vc_column_text]<div class='latest_post_holder'><ul><li class=\"three\"><div class=\"latest_post\"><a href=\"https:\/\/www.aquanautelnido.com\/es\/buceo-inmersiones-el-nido\/\" class=\"latest_post_wrapper\"><img decoding=\"async\" width=\"570\" height=\"320\" src=\"https:\/\/www.aquanautelnido.com\/wp-content\/uploads\/2018\/07\/videoscubadivingelnidodivesitesjorgecr.jpg\" class=\"attachment-full size-full wp-post-image\" alt=\"\" srcset=\"https:\/\/www.aquanautelnido.com\/wp-content\/uploads\/2018\/07\/videoscubadivingelnidodivesitesjorgecr.jpg 570w, https:\/\/www.aquanautelnido.com\/wp-content\/uploads\/2018\/07\/videoscubadivingelnidodivesitesjorgecr-540x303.jpg 540w\" sizes=\"(max-width: 570px) 100vw, 570px\" \/><\/a><div class=\"latest_post_text\"><div class=\"latest_post_inner\"><span class=\"post_infos\"><span class=\"date_holder\"><span class=\"date\">25 <\/span><span class=\"month\">julio<\/span><\/span><span class=\"latest-vert-separator\">  |  <\/span><a class=\"post_author\" href=\"https:\/\/www.aquanautelnido.com\/es\/author\/admin\/\">Admin <\/a><span class=\"latest-vert-separator\">  |  <\/span> <a href=\"https:\/\/www.aquanautelnido.com\/es\/cname\/marine-life-es\/\">AquaLife <\/a> <span class=\"latest-vert-separator\">  |  <\/span><a class=\"post_comments\" href=\"https:\/\/www.aquanautelnido.com\/es\/buceo-inmersiones-el-nido\/#respond\">No comment<\/a><\/span><h4 class=\"latest_post_title\"><a href=\"https:\/\/www.aquanautelnido.com\/es\/buceo-inmersiones-el-nido\/\">Video Buceo en las inmersiones de El Nido<\/a><\/h4><\/div><\/div><\/div><\/li><li class=\"three\"><div class=\"latest_post\"><a href=\"https:\/\/www.aquanautelnido.com\/es\/nido-tour-island-hopping-drone\/\" class=\"latest_post_wrapper\"><img decoding=\"async\" width=\"570\" height=\"320\" src=\"https:\/\/www.aquanautelnido.com\/wp-content\/uploads\/2018\/05\/ElNidoDroneVideoJorgeCR.jpg\" class=\"attachment-full size-full wp-post-image\" alt=\"\" srcset=\"https:\/\/www.aquanautelnido.com\/wp-content\/uploads\/2018\/05\/ElNidoDroneVideoJorgeCR.jpg 570w, https:\/\/www.aquanautelnido.com\/wp-content\/uploads\/2018\/05\/ElNidoDroneVideoJorgeCR-540x303.jpg 540w\" sizes=\"(max-width: 570px) 100vw, 570px\" \/><\/a><div class=\"latest_post_text\"><div class=\"latest_post_inner\"><span class=\"post_infos\"><span class=\"date_holder\"><span class=\"date\">20 <\/span><span class=\"month\">mayo<\/span><\/span><span class=\"latest-vert-separator\">  |  <\/span><a class=\"post_author\" href=\"https:\/\/www.aquanautelnido.com\/es\/author\/admin\/\">Admin <\/a><span class=\"latest-vert-separator\">  |  <\/span> <a href=\"https:\/\/www.aquanautelnido.com\/es\/cname\/aquanaut-es\/\">Aquanauts <\/a>  <a href=\"https:\/\/www.aquanautelnido.com\/es\/cname\/news-es\/\">AquaNews <\/a> <span class=\"latest-vert-separator\">  |  <\/span><a class=\"post_comments\" href=\"https:\/\/www.aquanautelnido.com\/es\/nido-tour-island-hopping-drone\/#respond\">No comment<\/a><\/span><h4 class=\"latest_post_title\"><a href=\"https:\/\/www.aquanautelnido.com\/es\/nido-tour-island-hopping-drone\/\">El Nido Tour Island Hopping con un drone<\/a><\/h4><\/div><\/div><\/div><\/li><li class=\"three\"><div class=\"latest_post\"><a href=\"https:\/\/www.aquanautelnido.com\/es\/jurel-el-nido\/\" class=\"latest_post_wrapper\"><img decoding=\"async\" width=\"1000\" height=\"563\" src=\"https:\/\/www.aquanautelnido.com\/wp-content\/uploads\/2018\/05\/bigeyetrevallyAudreNoirot.jpg\" class=\"attachment-full size-full wp-post-image\" alt=\"\" srcset=\"https:\/\/www.aquanautelnido.com\/wp-content\/uploads\/2018\/05\/bigeyetrevallyAudreNoirot.jpg 1000w, https:\/\/www.aquanautelnido.com\/wp-content\/uploads\/2018\/05\/bigeyetrevallyAudreNoirot-540x304.jpg 540w\" sizes=\"(max-width: 1000px) 100vw, 1000px\" \/><\/a><div class=\"latest_post_text\"><div class=\"latest_post_inner\"><span class=\"post_infos\"><span class=\"date_holder\"><span class=\"date\">19 <\/span><span class=\"month\">mayo<\/span><\/span><span class=\"latest-vert-separator\">  |  <\/span><a class=\"post_author\" href=\"https:\/\/www.aquanautelnido.com\/es\/author\/admin\/\">Admin <\/a><span class=\"latest-vert-separator\">  |  <\/span> <a href=\"https:\/\/www.aquanautelnido.com\/es\/cname\/marine-life-es\/\">AquaLife <\/a>  <a href=\"https:\/\/www.aquanautelnido.com\/es\/cname\/aquanaut-es\/\">Aquanauts <\/a> <span class=\"latest-vert-separator\">  |  <\/span><a class=\"post_comments\" href=\"https:\/\/www.aquanautelnido.com\/es\/jurel-el-nido\/#respond\">No comment<\/a><\/span><h4 class=\"latest_post_title\"><a href=\"https:\/\/www.aquanautelnido.com\/es\/jurel-el-nido\/\">Jurel El Nido<\/a><\/h4><\/div><\/div><\/div><\/li><span class=\"latest_post_clear\"><\/span><\/ul><\/div>[\/vc_column][\/vc_row]\n<p>&nbsp;<\/p>\n<\/div>","protected":false},"excerpt":{"rendered":"<p>[vc_row row_type=\u00bbsection\u00bb padding_top=\u00bb10&#8243; padding_bottom=\u00bb10&#8243;][vc_column][vc_column_text] Centro de Buceo Aquanaut, la forma de bucear en Filipinas [\/vc_column_text][\/vc_column][\/vc_row][vc_row row_type=\u00bbsection\u00bb padding_top=\u00bb10&#8243; padding_bottom=\u00bb0&#8243;][vc_column][vc_row_inner row_type=\u00bbsection\u00bb padding_top=\u00bb0&#8243; padding_bottom=\u00bb0&#8243;][vc_column_inner width=\u00bb1\/2&#8243;] [\/vc_column_inner][vc_column_inner width=\u00bb1\/2&#8243;] [vc_separator type=&#8217;transparent&#8217; position=&#8217;center&#8217; color=\u00bb thickness=&#8217;10&#8217; up=\u00bb down=\u00bb][\/vc_column_inner][\/vc_row_inner][vc_row_inner row_type=\u00bbsection\u00bb padding_top=\u00bb0&#8243; padding_bottom=\u00bb0&#8243;][vc_column_inner width=\u00bb1\/2&#8243;] [\/vc_column_inner][vc_column_inner width=\u00bb1\/2&#8243;] [\/vc_column_inner][\/vc_row_inner][\/vc_column][\/vc_row] [vc_row row_type=\u00bbsection\u00bb&#8230;<\/p>\n","protected":false},"author":1,"featured_media":0,"parent":0,"menu_order":0,"comment_status":"closed","ping_status":"closed","template":"full_width.php","meta":{"footnotes":""},"class_list":["post-10252","page","type-page","status-publish","hentry"],"yoast_head":"<!-- This site is optimized with the Yoast SEO plugin v26.4 - https:\/\/yoast.com\/wordpress\/plugins\/seo\/ -->\n<title>Centro de Buceo Aquanaut en El Nido, Palawan, Filipinas<\/title>\n<meta name=\"description\" content=\"Aquanaut Dive Center en El Nido, Palawan, Filipinas. Ofrecemos cursos PADI para todos los niveles, asi como salidas de buceo, buceo nocturno, buceo fluo\" \/>\n<meta name=\"robots\" content=\"index, follow, max-snippet:-1, max-image-preview:large, max-video-preview:-1\" \/>\n<link rel=\"canonical\" href=\"https:\/\/www.aquanautelnido.com\/es\/\" \/>\n<meta property=\"og:locale\" content=\"es_ES\" \/>\n<meta property=\"og:type\" content=\"article\" \/>\n<meta property=\"og:title\" content=\"Centro de Buceo Aquanaut en El Nido, Palawan, Filipinas\" \/>\n<meta property=\"og:description\" content=\"Aquanaut Dive Center en El Nido, Palawan, Filipinas. Ofrecemos cursos PADI para todos los niveles, asi como salidas de buceo, buceo nocturno, buceo fluo\" \/>\n<meta property=\"og:url\" content=\"https:\/\/www.aquanautelnido.com\/es\/\" \/>\n<meta property=\"og:site_name\" content=\"Aquanaut Dive Center\" \/>\n<meta property=\"article:publisher\" content=\"https:\/\/www.facebook.com\/Aquanautelnido\" \/>\n<meta property=\"article:modified_time\" content=\"2022-10-14T04:59:33+00:00\" \/>\n<meta name=\"twitter:card\" content=\"summary_large_image\" \/>\n<meta name=\"twitter:label1\" content=\"Tiempo de lectura\" \/>\n\t<meta name=\"twitter:data1\" content=\"3 minutos\" \/>\n<script type=\"application\/ld+json\" class=\"yoast-schema-graph\">{\"@context\":\"https:\/\/schema.org\",\"@graph\":[{\"@type\":\"WebPage\",\"@id\":\"https:\/\/www.aquanautelnido.com\/es\/\",\"url\":\"https:\/\/www.aquanautelnido.com\/es\/\",\"name\":\"Centro de Buceo Aquanaut en El Nido, Palawan, Filipinas\",\"isPartOf\":{\"@id\":\"https:\/\/www.aquanautelnido.com\/fr\/#website\"},\"datePublished\":\"2014-08-01T12:33:34+00:00\",\"dateModified\":\"2022-10-14T04:59:33+00:00\",\"description\":\"Aquanaut Dive Center en El Nido, Palawan, Filipinas. Ofrecemos cursos PADI para todos los niveles, asi como salidas de buceo, buceo nocturno, buceo fluo\",\"breadcrumb\":{\"@id\":\"https:\/\/www.aquanautelnido.com\/es\/#breadcrumb\"},\"inLanguage\":\"es\",\"potentialAction\":[{\"@type\":\"ReadAction\",\"target\":[\"https:\/\/www.aquanautelnido.com\/es\/\"]}]},{\"@type\":\"BreadcrumbList\",\"@id\":\"https:\/\/www.aquanautelnido.com\/es\/#breadcrumb\",\"itemListElement\":[{\"@type\":\"ListItem\",\"position\":1,\"name\":\"Home\",\"item\":\"https:\/\/www.aquanautelnido.com\/es\/\"},{\"@type\":\"ListItem\",\"position\":2,\"name\":\"Home\"}]},{\"@type\":\"WebSite\",\"@id\":\"https:\/\/www.aquanautelnido.com\/fr\/#website\",\"url\":\"https:\/\/www.aquanautelnido.com\/fr\/\",\"name\":\"Aquanaut Dive Center\",\"description\":\"Scuba Diving in El Nido, Palawan, Philippines\",\"potentialAction\":[{\"@type\":\"SearchAction\",\"target\":{\"@type\":\"EntryPoint\",\"urlTemplate\":\"https:\/\/www.aquanautelnido.com\/fr\/?s={search_term_string}\"},\"query-input\":{\"@type\":\"PropertyValueSpecification\",\"valueRequired\":true,\"valueName\":\"search_term_string\"}}],\"inLanguage\":\"es\"}]}<\/script>\n<!-- \/ Yoast SEO plugin. -->","yoast_head_json":{"title":"Centro de Buceo Aquanaut en El Nido, Palawan, Filipinas","description":"Aquanaut Dive Center en El Nido, Palawan, Filipinas. Ofrecemos cursos PADI para todos los niveles, asi como salidas de buceo, buceo nocturno, buceo fluo","robots":{"index":"index","follow":"follow","max-snippet":"max-snippet:-1","max-image-preview":"max-image-preview:large","max-video-preview":"max-video-preview:-1"},"canonical":"https:\/\/www.aquanautelnido.com\/es\/","og_locale":"es_ES","og_type":"article","og_title":"Centro de Buceo Aquanaut en El Nido, Palawan, Filipinas","og_description":"Aquanaut Dive Center en El Nido, Palawan, Filipinas. Ofrecemos cursos PADI para todos los niveles, asi como salidas de buceo, buceo nocturno, buceo fluo","og_url":"https:\/\/www.aquanautelnido.com\/es\/","og_site_name":"Aquanaut Dive Center","article_publisher":"https:\/\/www.facebook.com\/Aquanautelnido","article_modified_time":"2022-10-14T04:59:33+00:00","twitter_card":"summary_large_image","twitter_misc":{"Tiempo de lectura":"3 minutos"},"schema":{"@context":"https:\/\/schema.org","@graph":[{"@type":"WebPage","@id":"https:\/\/www.aquanautelnido.com\/es\/","url":"https:\/\/www.aquanautelnido.com\/es\/","name":"Centro de Buceo Aquanaut en El Nido, Palawan, Filipinas","isPartOf":{"@id":"https:\/\/www.aquanautelnido.com\/fr\/#website"},"datePublished":"2014-08-01T12:33:34+00:00","dateModified":"2022-10-14T04:59:33+00:00","description":"Aquanaut Dive Center en El Nido, Palawan, Filipinas. Ofrecemos cursos PADI para todos los niveles, asi como salidas de buceo, buceo nocturno, buceo fluo","breadcrumb":{"@id":"https:\/\/www.aquanautelnido.com\/es\/#breadcrumb"},"inLanguage":"es","potentialAction":[{"@type":"ReadAction","target":["https:\/\/www.aquanautelnido.com\/es\/"]}]},{"@type":"BreadcrumbList","@id":"https:\/\/www.aquanautelnido.com\/es\/#breadcrumb","itemListElement":[{"@type":"ListItem","position":1,"name":"Home","item":"https:\/\/www.aquanautelnido.com\/es\/"},{"@type":"ListItem","position":2,"name":"Home"}]},{"@type":"WebSite","@id":"https:\/\/www.aquanautelnido.com\/fr\/#website","url":"https:\/\/www.aquanautelnido.com\/fr\/","name":"Aquanaut Dive Center","description":"Scuba Diving in El Nido, Palawan, Philippines","potentialAction":[{"@type":"SearchAction","target":{"@type":"EntryPoint","urlTemplate":"https:\/\/www.aquanautelnido.com\/fr\/?s={search_term_string}"},"query-input":{"@type":"PropertyValueSpecification","valueRequired":true,"valueName":"search_term_string"}}],"inLanguage":"es"}]}},"_links":{"self":[{"href":"https:\/\/www.aquanautelnido.com\/es\/wp-json\/wp\/v2\/pages\/10252","targetHints":{"allow":["GET"]}}],"collection":[{"href":"https:\/\/www.aquanautelnido.com\/es\/wp-json\/wp\/v2\/pages"}],"about":[{"href":"https:\/\/www.aquanautelnido.com\/es\/wp-json\/wp\/v2\/types\/page"}],"author":[{"embeddable":true,"href":"https:\/\/www.aquanautelnido.com\/es\/wp-json\/wp\/v2\/users\/1"}],"replies":[{"embeddable":true,"href":"https:\/\/www.aquanautelnido.com\/es\/wp-json\/wp\/v2\/comments?post=10252"}],"version-history":[{"count":18,"href":"https:\/\/www.aquanautelnido.com\/es\/wp-json\/wp\/v2\/pages\/10252\/revisions"}],"predecessor-version":[{"id":13819,"href":"https:\/\/www.aquanautelnido.com\/es\/wp-json\/wp\/v2\/pages\/10252\/revisions\/13819"}],"wp:attachment":[{"href":"https:\/\/www.aquanautelnido.com\/es\/wp-json\/wp\/v2\/media?parent=10252"}],"curies":[{"name":"wp","href":"https:\/\/api.w.org\/{rel}","templated":true}]}}