{"id":11030,"date":"2014-08-01T04:20:47","date_gmt":"2014-08-01T03:20:47","guid":{"rendered":"http:\/\/www.aquanautelnido.com\/es\/cursos-padi\/rescue-diver\/"},"modified":"2025-04-09T17:29:42","modified_gmt":"2025-04-09T09:29:42","slug":"buceador-rescate","status":"publish","type":"page","link":"https:\/\/www.aquanautelnido.com\/es\/cursos-padi\/buceador-rescate\/","title":{"rendered":"Buceador de Rescate PADI"},"content":{"rendered":"<div class=\"wpb-content-wrapper\">[vc_row row_type=\u00bbsection\u00bb padding_top=\u00bb40&#8243; padding_bottom=\u00bb0&#8243;][vc_column width=\u00bb2\/3&#8243;][vc_column_text]\n<h1><span lang=\"es\">Tu curso de Buceador de Rescate PADI en el Nido<\/span><\/h1>\n[\/vc_column_text][vc_column_text]<span lang=\"es\">Aprender a mirar m\u00e1s all\u00e1 de t\u00ed mismo y a considerar la seguridad y el bienestar de otros buceadores .<\/span>[\/vc_column_text][vc_separator type=\u00bbtransparent\u00bb up=\u00bb4&#8243; down=\u00bb8&#8243;][vc_column_text]<span lang=\"es\">El curso de Buceador de Rescate PADI (Rescue Diver)\u00a0son\u00a0tres d\u00edas de duro trabajo, pero muy gratificante, en los que bajo la supervisi\u00f3n de tu instructor PADI, aprender\u00e1s c\u00f3mo hacer frente a situaciones de emergencia relacionadas con el buceo .<\/span>[\/vc_column_text][vc_separator type=\u00bbtransparent\u00bb up=\u00bb4&#8243; down=\u00bb8&#8243;][vc_column_text]<span lang=\"es\">Se realizan pr\u00e1cticas de auto-rescate, reconocer y manejar el estr\u00e9s, rescate de buceadores inconscientes\u00a0, etc. Tu instructor PADI te\u00a0ayudar\u00e1 en el desarrollo de los\u00a0conocimiento te\u00f3ricos y a garantizar que hayas completado todos los escenarios de rescate . Toda la pr\u00e1ctica en aguas y el estudio ayudan a aumentar tu\u00a0confianza y la confianza de los que bucean contigo,\u00a0una vez que saben que eres\u00a0un Buceador de Rescate PADI.<\/span>[\/vc_column_text][vc_separator type=\u00bbtransparent\u00bb up=\u00bb4&#8243; down=\u00bb8&#8243;][vc_column_text]Tras la certificaci\u00f3n\u00a0<span lang=\"es\">ser\u00e1s\u00a0<\/span><span style=\"line-height: 1.5;\">un Buceador de Rescate PADI, listo para ayudar a los dem\u00e1s y a ti mismo. Como requisito previo para el curso, debes haber completado el curso de primeros auxilios\u00a0( Emergency First Responder-EFR ) en los \u00faltimos 24 meses .<\/span>[\/vc_column_text][vc_separator type=\u00bbtransparent\u00bb up=\u00bb8&#8243; down=\u00bb0&#8243;][vc_column_text]Reserva online el \u00a0curso de Buceador de Rescate junto a el curso de Primeros Auxilios. No dudes en\u00a0<a title=\"Contact Us\" href=\"http:\/\/www.aquanautelnido.com\/es\/contacto\/\">preguntarnos.<\/a>[\/vc_column_text][vc_separator type=\u00bbtransparent\u00bb up=\u00bb6&#8243; down=\u00bb6&#8243;][vc_separator type=\u00bbtransparent\u00bb up=\u00bb6&#8243; down=\u00bb6&#8243;][vc_column_text]\n<h4 style=\"text-align: left;\">Alojamiento<\/h4>\n[\/vc_column_text][vc_separator type=\u00bbtransparent\u00bb up=\u00bb6&#8243; down=\u00bb6&#8243;][vc_row_inner][vc_column_inner width=\u00bb1\/4&#8243;][vc_single_image image=\u00bb13708&#8243; img_size=\u00bb100&#215;100&#8243; alignment=\u00bbcenter\u00bb onclick=\u00bbcustom_link\u00bb img_link_target=\u00bb_blank\u00bb link=\u00bbhttps:\/\/www.aquanautelnido.com\/diving-accommodation-package\/\u00bb][\/vc_column_inner][vc_column_inner width=\u00bb3\/4&#8243;][vc_separator type=\u00bbtransparent\u00bb up=\u00bb6&#8243; down=\u00bb6&#8243;][vc_separator type=\u00bbtransparent\u00bb up=\u00bb6&#8243; down=\u00bb6&#8243;][vc_separator type=\u00bbtransparent\u00bb up=\u00bb6&#8243; down=\u00bb6&#8243;][vc_column_text]\n<p style=\"text-align: left;\">\u00bfBuscas alojamiento en El Nido mientras disfrutas de tu actividad de buceo? \u00a1No te pierdas el <a href=\"https:\/\/www.aquanautelnido.com\/es\/buceo-alojamiento\/\">mejor paquete de Buceo y Alojamiento<\/a>!<\/p>\n[\/vc_column_text][\/vc_column_inner][\/vc_row_inner][vc_separator type=\u00bbtransparent\u00bb up=\u00bb6&#8243; down=\u00bb6&#8243;][vc_separator type=\u00bbtransparent\u00bb up=\u00bb6&#8243; down=\u00bb6&#8243;][vc_separator type=\u00bbtransparent\u00bb up=\u00bb6&#8243; down=\u00bb6&#8243;][\/vc_column][vc_column width=\u00bb1\/3&#8243;]<div class='q_price_table'><div class='price_table_inner'><ul><li class='prices'><div class='price_in_table'><sup class='value'>\u20b1<\/sup><span class='price'>26,000<\/span><sub class='mark'>.<\/sub><\/div><\/li><li class='cell table_title'>Buceador de Rescate<\/li><img decoding=\"async\" src=\"http:\/\/www.aquanautelnido.com\/wp-content\/uploads\/2014\/10\/PADI_hor_T.png\" alt=\"\" \/><\/p>\n<p>Duraci\u00f3n : 3 D\u00edas<\/p>\n<p><span lang=\"es\">Nivel m\u00ednimo requerido :\u00a0PADI Advanced\u00a0o equivalente y EFR<\/span><\/p>\n<p><span lang=\"es\">Edad m\u00ednima: 12\u00a0a\u00f1os<\/span><\/p>\n<p><span lang=\"es\">Materiales PADI<\/span><\/p>\n<p><span lang=\"es\">Equipo de buceo completo<\/span><\/p>\n<p><span lang=\"es\">Comida bordo<\/span><li class='price_button'><a class='qbutton normal' href='https:\/\/www.aquanautelnido.com\/es\/contacto\/' target='_blank'>Contacto<\/a><\/li><\/ul><\/div><\/div>[vc_column_text css=\u00bb\u00bb]\n<p style=\"text-align: center;\"><strong>RESERVE AHORA !<\/strong><\/p>\n[\/vc_column_text][vc_raw_html css=\u00bb\u00bb]JTVCYm9va2x5LXNlcnZpY2VzLWZvcm0lMjByZXNjdWUtZGl2ZXIlNUQ=[\/vc_raw_html][\/vc_column][\/vc_row]\n<\/div>","protected":false},"excerpt":{"rendered":"<p>[vc_row row_type=\u00bbsection\u00bb padding_top=\u00bb40&#8243; padding_bottom=\u00bb0&#8243;][vc_column width=\u00bb2\/3&#8243;][vc_column_text] Tu curso de Buceador de Rescate PADI en el Nido [\/vc_column_text][vc_column_text]Aprender a mirar m\u00e1s all\u00e1 de t\u00ed mismo y a considerar la seguridad y el bienestar de otros buceadores .[\/vc_column_text][vc_separator type=\u00bbtransparent\u00bb up=\u00bb4&#8243; down=\u00bb8&#8243;][vc_column_text]El curso de&#8230;<\/p>\n","protected":false},"author":1,"featured_media":0,"parent":10266,"menu_order":4,"comment_status":"closed","ping_status":"closed","template":"","meta":{"footnotes":""},"class_list":["post-11030","page","type-page","status-publish","hentry"],"yoast_head":"<!-- This site is optimized with the Yoast SEO plugin v26.4 - https:\/\/yoast.com\/wordpress\/plugins\/seo\/ -->\n<title>Buceador de Rescate PADI - Aquanaut Dive Center<\/title>\n<meta name=\"description\" content=\"El curso de Buceador de Rescate PADI (Rescue Diver) aprender\u00e1s c\u00f3mo hacer frente a situaciones de emergencia relacionadas con el buceo.\" \/>\n<meta name=\"robots\" content=\"index, follow, max-snippet:-1, max-image-preview:large, max-video-preview:-1\" \/>\n<link rel=\"canonical\" href=\"https:\/\/www.aquanautelnido.com\/es\/cursos-padi\/buceador-rescate\/\" \/>\n<meta property=\"og:locale\" content=\"es_ES\" \/>\n<meta property=\"og:type\" content=\"article\" \/>\n<meta property=\"og:title\" content=\"Buceador de Rescate PADI - Aquanaut Dive Center\" \/>\n<meta property=\"og:description\" content=\"El curso de Buceador de Rescate PADI (Rescue Diver) aprender\u00e1s c\u00f3mo hacer frente a situaciones de emergencia relacionadas con el buceo.\" \/>\n<meta property=\"og:url\" content=\"https:\/\/www.aquanautelnido.com\/es\/cursos-padi\/buceador-rescate\/\" \/>\n<meta property=\"og:site_name\" content=\"Aquanaut Dive Center\" \/>\n<meta property=\"article:publisher\" content=\"https:\/\/www.facebook.com\/Aquanautelnido\" \/>\n<meta property=\"article:modified_time\" content=\"2025-04-09T09:29:42+00:00\" \/>\n<meta property=\"og:image\" content=\"http:\/\/www.aquanautelnido.com\/wp-content\/uploads\/2014\/10\/PADI_hor_T.png\" \/>\n<meta name=\"twitter:card\" content=\"summary_large_image\" \/>\n<meta name=\"twitter:label1\" content=\"Tiempo de lectura\" \/>\n\t<meta name=\"twitter:data1\" content=\"2 minutos\" \/>\n<script type=\"application\/ld+json\" class=\"yoast-schema-graph\">{\"@context\":\"https:\/\/schema.org\",\"@graph\":[{\"@type\":\"WebPage\",\"@id\":\"https:\/\/www.aquanautelnido.com\/es\/cursos-padi\/buceador-rescate\/\",\"url\":\"https:\/\/www.aquanautelnido.com\/es\/cursos-padi\/buceador-rescate\/\",\"name\":\"Buceador de Rescate PADI - Aquanaut Dive Center\",\"isPartOf\":{\"@id\":\"https:\/\/www.aquanautelnido.com\/fr\/#website\"},\"primaryImageOfPage\":{\"@id\":\"https:\/\/www.aquanautelnido.com\/es\/cursos-padi\/buceador-rescate\/#primaryimage\"},\"image\":{\"@id\":\"https:\/\/www.aquanautelnido.com\/es\/cursos-padi\/buceador-rescate\/#primaryimage\"},\"thumbnailUrl\":\"http:\/\/www.aquanautelnido.com\/wp-content\/uploads\/2014\/10\/PADI_hor_T.png\",\"datePublished\":\"2014-08-01T03:20:47+00:00\",\"dateModified\":\"2025-04-09T09:29:42+00:00\",\"description\":\"El curso de Buceador de Rescate PADI (Rescue Diver) aprender\u00e1s c\u00f3mo hacer frente a situaciones de emergencia relacionadas con el buceo.\",\"breadcrumb\":{\"@id\":\"https:\/\/www.aquanautelnido.com\/es\/cursos-padi\/buceador-rescate\/#breadcrumb\"},\"inLanguage\":\"es\",\"potentialAction\":[{\"@type\":\"ReadAction\",\"target\":[\"https:\/\/www.aquanautelnido.com\/es\/cursos-padi\/buceador-rescate\/\"]}]},{\"@type\":\"ImageObject\",\"inLanguage\":\"es\",\"@id\":\"https:\/\/www.aquanautelnido.com\/es\/cursos-padi\/buceador-rescate\/#primaryimage\",\"url\":\"http:\/\/www.aquanautelnido.com\/wp-content\/uploads\/2014\/10\/PADI_hor_T.png\",\"contentUrl\":\"http:\/\/www.aquanautelnido.com\/wp-content\/uploads\/2014\/10\/PADI_hor_T.png\"},{\"@type\":\"BreadcrumbList\",\"@id\":\"https:\/\/www.aquanautelnido.com\/es\/cursos-padi\/buceador-rescate\/#breadcrumb\",\"itemListElement\":[{\"@type\":\"ListItem\",\"position\":1,\"name\":\"Home\",\"item\":\"https:\/\/www.aquanautelnido.com\/es\/\"},{\"@type\":\"ListItem\",\"position\":2,\"name\":\"Cursos de buceo PADI\",\"item\":\"https:\/\/www.aquanautelnido.com\/padi-courses\/\"},{\"@type\":\"ListItem\",\"position\":3,\"name\":\"Buceador de Rescate PADI\"}]},{\"@type\":\"WebSite\",\"@id\":\"https:\/\/www.aquanautelnido.com\/fr\/#website\",\"url\":\"https:\/\/www.aquanautelnido.com\/fr\/\",\"name\":\"Aquanaut Dive Center\",\"description\":\"Scuba Diving in El Nido, Palawan, Philippines\",\"potentialAction\":[{\"@type\":\"SearchAction\",\"target\":{\"@type\":\"EntryPoint\",\"urlTemplate\":\"https:\/\/www.aquanautelnido.com\/fr\/?s={search_term_string}\"},\"query-input\":{\"@type\":\"PropertyValueSpecification\",\"valueRequired\":true,\"valueName\":\"search_term_string\"}}],\"inLanguage\":\"es\"}]}<\/script>\n<!-- \/ Yoast SEO plugin. -->","yoast_head_json":{"title":"Buceador de Rescate PADI - Aquanaut Dive Center","description":"El curso de Buceador de Rescate PADI (Rescue Diver) aprender\u00e1s c\u00f3mo hacer frente a situaciones de emergencia relacionadas con el buceo.","robots":{"index":"index","follow":"follow","max-snippet":"max-snippet:-1","max-image-preview":"max-image-preview:large","max-video-preview":"max-video-preview:-1"},"canonical":"https:\/\/www.aquanautelnido.com\/es\/cursos-padi\/buceador-rescate\/","og_locale":"es_ES","og_type":"article","og_title":"Buceador de Rescate PADI - Aquanaut Dive Center","og_description":"El curso de Buceador de Rescate PADI (Rescue Diver) aprender\u00e1s c\u00f3mo hacer frente a situaciones de emergencia relacionadas con el buceo.","og_url":"https:\/\/www.aquanautelnido.com\/es\/cursos-padi\/buceador-rescate\/","og_site_name":"Aquanaut Dive Center","article_publisher":"https:\/\/www.facebook.com\/Aquanautelnido","article_modified_time":"2025-04-09T09:29:42+00:00","og_image":[{"url":"http:\/\/www.aquanautelnido.com\/wp-content\/uploads\/2014\/10\/PADI_hor_T.png","type":"","width":"","height":""}],"twitter_card":"summary_large_image","twitter_misc":{"Tiempo de lectura":"2 minutos"},"schema":{"@context":"https:\/\/schema.org","@graph":[{"@type":"WebPage","@id":"https:\/\/www.aquanautelnido.com\/es\/cursos-padi\/buceador-rescate\/","url":"https:\/\/www.aquanautelnido.com\/es\/cursos-padi\/buceador-rescate\/","name":"Buceador de Rescate PADI - Aquanaut Dive Center","isPartOf":{"@id":"https:\/\/www.aquanautelnido.com\/fr\/#website"},"primaryImageOfPage":{"@id":"https:\/\/www.aquanautelnido.com\/es\/cursos-padi\/buceador-rescate\/#primaryimage"},"image":{"@id":"https:\/\/www.aquanautelnido.com\/es\/cursos-padi\/buceador-rescate\/#primaryimage"},"thumbnailUrl":"http:\/\/www.aquanautelnido.com\/wp-content\/uploads\/2014\/10\/PADI_hor_T.png","datePublished":"2014-08-01T03:20:47+00:00","dateModified":"2025-04-09T09:29:42+00:00","description":"El curso de Buceador de Rescate PADI (Rescue Diver) aprender\u00e1s c\u00f3mo hacer frente a situaciones de emergencia relacionadas con el buceo.","breadcrumb":{"@id":"https:\/\/www.aquanautelnido.com\/es\/cursos-padi\/buceador-rescate\/#breadcrumb"},"inLanguage":"es","potentialAction":[{"@type":"ReadAction","target":["https:\/\/www.aquanautelnido.com\/es\/cursos-padi\/buceador-rescate\/"]}]},{"@type":"ImageObject","inLanguage":"es","@id":"https:\/\/www.aquanautelnido.com\/es\/cursos-padi\/buceador-rescate\/#primaryimage","url":"http:\/\/www.aquanautelnido.com\/wp-content\/uploads\/2014\/10\/PADI_hor_T.png","contentUrl":"http:\/\/www.aquanautelnido.com\/wp-content\/uploads\/2014\/10\/PADI_hor_T.png"},{"@type":"BreadcrumbList","@id":"https:\/\/www.aquanautelnido.com\/es\/cursos-padi\/buceador-rescate\/#breadcrumb","itemListElement":[{"@type":"ListItem","position":1,"name":"Home","item":"https:\/\/www.aquanautelnido.com\/es\/"},{"@type":"ListItem","position":2,"name":"Cursos de buceo PADI","item":"https:\/\/www.aquanautelnido.com\/padi-courses\/"},{"@type":"ListItem","position":3,"name":"Buceador de Rescate PADI"}]},{"@type":"WebSite","@id":"https:\/\/www.aquanautelnido.com\/fr\/#website","url":"https:\/\/www.aquanautelnido.com\/fr\/","name":"Aquanaut Dive Center","description":"Scuba Diving in El Nido, Palawan, Philippines","potentialAction":[{"@type":"SearchAction","target":{"@type":"EntryPoint","urlTemplate":"https:\/\/www.aquanautelnido.com\/fr\/?s={search_term_string}"},"query-input":{"@type":"PropertyValueSpecification","valueRequired":true,"valueName":"search_term_string"}}],"inLanguage":"es"}]}},"_links":{"self":[{"href":"https:\/\/www.aquanautelnido.com\/es\/wp-json\/wp\/v2\/pages\/11030","targetHints":{"allow":["GET"]}}],"collection":[{"href":"https:\/\/www.aquanautelnido.com\/es\/wp-json\/wp\/v2\/pages"}],"about":[{"href":"https:\/\/www.aquanautelnido.com\/es\/wp-json\/wp\/v2\/types\/page"}],"author":[{"embeddable":true,"href":"https:\/\/www.aquanautelnido.com\/es\/wp-json\/wp\/v2\/users\/1"}],"replies":[{"embeddable":true,"href":"https:\/\/www.aquanautelnido.com\/es\/wp-json\/wp\/v2\/comments?post=11030"}],"version-history":[{"count":11,"href":"https:\/\/www.aquanautelnido.com\/es\/wp-json\/wp\/v2\/pages\/11030\/revisions"}],"predecessor-version":[{"id":14244,"href":"https:\/\/www.aquanautelnido.com\/es\/wp-json\/wp\/v2\/pages\/11030\/revisions\/14244"}],"up":[{"embeddable":true,"href":"https:\/\/www.aquanautelnido.com\/es\/wp-json\/wp\/v2\/pages\/10266"}],"wp:attachment":[{"href":"https:\/\/www.aquanautelnido.com\/es\/wp-json\/wp\/v2\/media?parent=11030"}],"curies":[{"name":"wp","href":"https:\/\/api.w.org\/{rel}","templated":true}]}}