{"id":11045,"date":"2014-08-01T04:24:25","date_gmt":"2014-08-01T03:24:25","guid":{"rendered":"http:\/\/www.aquanautelnido.com\/es\/cursos-padi\/divemaster\/"},"modified":"2022-10-23T10:59:51","modified_gmt":"2022-10-23T02:59:51","slug":"divemaster","status":"publish","type":"page","link":"https:\/\/www.aquanautelnido.com\/es\/cursos-padi\/divemaster\/","title":{"rendered":"PADI Divemaster"},"content":{"rendered":"<div class=\"wpb-content-wrapper\">[vc_row row_type=\u00bbsection\u00bb padding_top=\u00bb0&#8243; padding_bottom=\u00bb10&#8243;][vc_column][vc_separator type=\u00bbtransparent\u00bb up=\u00bb4&#8243; down=\u00bb8&#8243;][vc_column_text]\n<h1><span lang=\"es\">Buceador professional?\u00a0PADI Divemaster<\/span><\/h1>\n[\/vc_column_text][\/vc_column][\/vc_row][vc_row row_type=\u00bbsection\u00bb padding_top=\u00bb0&#8243; padding_bottom=\u00bb0&#8243;][vc_column width=\u00bb2\/3&#8243;][vc_separator type=\u00bbtransparent\u00bb up=\u00bb4&#8243; down=\u00bb8&#8243;][vc_column_text]El curso de buceo\u00a0PADI Divemaster<span lang=\"es\">\u00a0tiene una duraci\u00f3n aproximada\u00a0de\u00a06 semanas. Se empieza con la teor\u00eda para ampliar tus\u00a0conocimiento sobre todos los aspectos del buceo, \u00a0que van desde el mantenimiento del equipo hasta la ejecuci\u00f3n de las operaciones en un\u00a0centro de buceo .<\/span>[\/vc_column_text][vc_separator type=\u00bbtransparent\u00bb up=\u00bb4&#8243; down=\u00bb8&#8243;][vc_column_text]Junto con t<span lang=\"es\">u instructor, que\u00a0te guiara\u00a0progresivamente para que te conviertas\u00a0en un l\u00edder de buceo, ampliaras tus habilidades de\u00a0submarinismo. Como parte de tus tareas diarias,\u00a0<\/span>ayudar\u00e1s\u00a0<span lang=\"es\">a los instructores y Divemasters\u00a0en todas las inmersiones y <a href=\"http:\/\/www.aquanautelnido.com\/es\/curso-padi\/\">cursos PADI<\/a>.<\/span>[\/vc_column_text][vc_separator type=\u00bbtransparent\u00bb up=\u00bb4&#8243; down=\u00bb8&#8243;][vc_column_text]Formar\u00e1s<span lang=\"es\">\u00a0parte del equipo de trabajo de Aquanaut. Trabajar\u00e1s mano a mano con la tripulaci\u00f3n ejecutando\u00a0todo tipo de tareas relacionadas con el buceo. Tambi\u00e9n asistir\u00e1 a otros buceadores\u00a0y a medida que te vayas sintiendo\u00a0m\u00e1s c\u00f3modo con la\u00a0<\/span><span lang=\"es\">pr\u00e1ctica\u00a0<\/span><span lang=\"es\">y conocimientos de buceo, puedes llegar a guiar\u00a0en las inmersiones a otros\u00a0buceadores.<\/span>[\/vc_column_text][vc_separator type=\u00bbtransparent\u00bb up=\u00bb4&#8243; down=\u00bb8&#8243;][vc_column_text]Lo mejor del curso es que tienes un numero ilimitado de inmersiones. Tu oficina de trabajo ser\u00e1\u00a0la bah\u00eda de Bacuit, el Nido, donde podr\u00e1s\u00a0explorar todas sus inmersiones.\u00a0Tambi\u00e9n tienes incluida la\u00a0<span lang=\"es\">comida a bordo o en las mamagn\u00edficas playas.<\/span><\/p>\n<div id=\"tw-target-text-container\" class=\"tw-ta-container tw-nfl\"><\/div>\n[\/vc_column_text][vc_separator type=\u00bbtransparent\u00bb up=\u00bb4&#8243; down=\u00bb8&#8243;][vc_column_text]<span lang=\"es\">Una vez certificado estar\u00e1s perfectamente preparado y listo para encontrar trabajo en cualquier parte del mundo como PADI Divemaster.\u00a0<\/span>[\/vc_column_text][vc_separator type=\u00bbtransparent\u00bb up=\u00bb4&#8243; down=\u00bb8&#8243;][vc_column_text]<span lang=\"es\">\u00abIt is more fun in the Philippines\u00bb &#8211; Es m\u00e1s divertido en Filipinas, y al llegar aqu\u00ed vas a descubrir todo lo que esta tierra tiene por ofrecer. Como parte de nuestra familia, te encontrar\u00e1s con muchas personas de todo el mundo con las que hacer amistad. Te recomendamos leer un poco sobre El Nido antes de planificar tu viaje.<\/span>[\/vc_column_text][vc_separator type=\u00bbtransparent\u00bb up=\u00bb4&#8243; down=\u00bb8&#8243;][vc_separator type=\u00bbtransparent\u00bb up=\u00bb4&#8243; down=\u00bb8&#8243;][vc_separator type=\u00bbtransparent\u00bb up=\u00bb4&#8243; down=\u00bb8&#8243;][\/vc_column][vc_column width=\u00bb1\/3&#8243;][vc_separator type=\u00bbtransparent\u00bb up=\u00bb10&#8243; down=\u00bb4&#8243;]<div class='q_price_table'><div class='price_table_inner acitve_price'><ul><li class='prices'><div class='price_in_table'><sup class='value'>\u20b1<\/sup><span class='price'>80,000<\/span><sub class='mark'>.<\/sub><\/div><\/li><li class='cell table_title'>Divemaster<\/li><img decoding=\"async\" src=\"http:\/\/www.aquanautelnido.com\/wp-content\/uploads\/2014\/10\/PADI_hor_T.png\" alt=\"\" \/><\/p>\n<ul>\n<li>Duraci\u00f3n :\u00a04 a 6 semanas<\/li>\n<li>Ver\u00a0<em><a class=\"anchor\" href=\"#requirements\">Prerequisitos y Experiencia requerida<\/a><\/em><\/li>\n<\/ul>\n<li class='price_button'><a class='qbutton normal' href='http:\/\/www.aquanautelnido.com\/es\/contacto\/' target='_self'>Reserva ahora !<\/a><\/li><\/ul><\/div><\/div>[\/vc_column][\/vc_row][vc_row row_type=\u00bbsection\u00bb padding_top=\u00bb30&#8243; padding_bottom=\u00bb0&#8243;][vc_column width=\u00bb1\/2&#8243;][vc_column_text]\n<h3>Lo que hay que traer<\/h3>\n[\/vc_column_text][vc_separator type=\u00bbtransparent\u00bb up=\u00bb2&#8243; down=\u00bb4&#8243;][vc_column_text]\n<ul>\n<li>Tu equipo de buceo(*) :<\/li>\n<\/ul>\n<p style=\"padding-left: 30px;\">Aletas,\u00a0<span lang=\"es\">m\u00e1scara, tubo y traje\u00a0<\/span><span lang=\"es\">h\u00famedo\u00a0<\/span>(de 3 a\u00a05 mm.).<\/p>\n<p style=\"padding-left: 30px;\">Dispositivo de control de la flotabilidad\u00a0(BCD, jaket o chaleco).<\/p>\n<p style=\"padding-left: 30px;\">Regulador (primera y segund etapa, fuente de aire alternativa).<\/p>\n<p style=\"padding-left: 30px;\">Man\u00f3metro y profundimetro.<\/p>\n<p style=\"padding-left: 30px;\">Ordenador de buceo y b<span lang=\"es\">r\u00fajula.<\/span><\/p>\n<p style=\"padding-left: 30px;\">Un dispositivo audible y otro visible (silbato, boya, &#8230;).<\/p>\n<ul>\n<li>Gafas de sol, protector solar, toalla y chancletas \ud83d\ude09<\/li>\n<li>Una gran sonrisa y motivaci\u00f3n.<\/li>\n<\/ul>\n[\/vc_column_text][vc_separator type=\u00bbtransparent\u00bb up=\u00bb4&#8243; down=\u00bb8&#8243;][vc_column_text](*)\u00a0<span lang=\"es\">En cuanto a el\u00a0equipo de buceo no te preocupes si te faltan algunas partes. Ofrecemos descuentos en todas las compras.<\/span>[\/vc_column_text][\/vc_column][vc_column width=\u00bb1\/2&#8243;][vc_column_text]\n<h3><span lang=\"es\">Que esta incluido<\/span><\/h3>\n[\/vc_column_text][vc_separator type=\u00bbtransparent\u00bb up=\u00bb2&#8243; down=\u00bb4&#8243;][vc_column_text]\n<ul>\n<li>Inmersiones ilimitadas durante toda la\u00a0<span lang=\"es\">duraci\u00f3n del curso.<\/span><\/li>\n<li><a href=\"http:\/\/www.aquanautelnido.com\/es\/cursos-padi\/especialidad\/especialidad-padi-aire-enriquecido\/\">Especialidad PADI\u00a0Aire enriquecido<\/a>\u00a0(Nitrox).<\/li>\n<li>Descuento en todas las compras de equipo de buceo.<\/li>\n<li>Descuento en todas los cursos de Especialidad PADI.<\/li>\n<li>Material de estudio PADI Divemaster.<\/li>\n<li>Descuento en todas los cursos de Especialidad PADI.<\/li>\n<li>Comida a bordo los dias de inmersi\u00f3n<\/li>\n<li>Descuento en nuestro bar Safety Stop<\/li>\n<\/ul>\n<p><em>No est\u00e1n incluidas las tasas de certificaci\u00f3n de PADI ni el uso del equipo de buceo.<\/em>[\/vc_column_text][\/vc_column][\/vc_row][vc_row row_type=\u00bbsection\u00bb anchor=\u00bbrequirements\u00bb padding_top=\u00bb30&#8243; padding_bottom=\u00bb0&#8243;][vc_column width=\u00bb1\/2&#8243;][vc_column_text]\n<h3>Prerequisitos y Experiencia requerida<\/h3>\n[\/vc_column_text][vc_separator type=\u00bbtransparent\u00bb up=\u00bb2&#8243; down=\u00bb4&#8243;][vc_column_text]\n<ul>\n<li>Estar certificado como PADI Advanced Open Water Diver o equivalente.<\/li>\n<li>Estar certificado como buceador de rescate PADI Rescue Diver o equivalente.<\/li>\n<li>Estar certificado del curso de Primeros Auxilios (Emergency First Response Primary and Secondary Care) dentro de los\u00a0\u00faltimos 24 meses.<\/li>\n<li>Certificado m\u00e9dico\u00a0dentro de los \u00faltimos 12\u00a0meses.<\/li>\n<li>Tener como\u00a0m\u00ednimo 40 inmersiones registradas.<\/li>\n<li>Edad m\u00ednima: 18 a\u00f1os.<\/li>\n<\/ul>\n<p>&nbsp;<\/p>\n<p>&nbsp;<\/p>\n[\/vc_column_text][vc_separator type=\u00bbtransparent\u00bb up=\u00bb6&#8243; down=\u00bb6&#8243;][vc_separator type=\u00bbtransparent\u00bb up=\u00bb6&#8243; down=\u00bb6&#8243;][vc_column_text]\n<h3 style=\"text-align: left;\">Alojamiento<\/h3>\n[\/vc_column_text][vc_separator type=\u00bbtransparent\u00bb up=\u00bb6&#8243; down=\u00bb6&#8243;][vc_row_inner][vc_column_inner width=\u00bb1\/4&#8243;][vc_single_image image=\u00bb13708&#8243; img_size=\u00bb100&#215;100&#8243; alignment=\u00bbcenter\u00bb onclick=\u00bbcustom_link\u00bb img_link_target=\u00bb_blank\u00bb link=\u00bbhttps:\/\/www.aquanautelnido.com\/diving-accommodation-package\/\u00bb][\/vc_column_inner][vc_column_inner width=\u00bb3\/4&#8243;][vc_separator type=\u00bbtransparent\u00bb up=\u00bb6&#8243; down=\u00bb6&#8243;][vc_separator type=\u00bbtransparent\u00bb up=\u00bb6&#8243; down=\u00bb6&#8243;][vc_separator type=\u00bbtransparent\u00bb up=\u00bb6&#8243; down=\u00bb6&#8243;][vc_column_text]\n<p style=\"text-align: left;\">\u00bfBuscas alojamiento en El Nido mientras disfrutas de tu actividad de buceo? \u00a1No te pierdas el <a href=\"https:\/\/www.aquanautelnido.com\/es\/buceo-alojamiento\/\">mejor paquete de Buceo y Alojamiento<\/a>!<\/p>\n[\/vc_column_text][\/vc_column_inner][\/vc_row_inner][vc_separator type=\u00bbtransparent\u00bb up=\u00bb6&#8243; down=\u00bb6&#8243;][vc_separator type=\u00bbtransparent\u00bb up=\u00bb6&#8243; down=\u00bb6&#8243;][vc_separator type=\u00bbtransparent\u00bb up=\u00bb6&#8243; down=\u00bb6&#8243;][\/vc_column][vc_column width=\u00bb1\/2&#8243;][vc_separator type=\u00bbtransparent\u00bb up=\u00bb40&#8243; down=\u00bb4&#8243;][vc_column_text]<span lang=\"es\">Si a\u00fan no tienes 40 inmersiones registradas o te falta alguna\u00a0certificaci\u00f3n para cumplir con todos los requisitos, puedes hacerlo con nosotros. Ven a las salidas diarias de buceo\u00a0para mejorar\u00a0tu experiencia y el n\u00famero de inmersiones, o termina cualquier curso PADI con Aquanaut.<\/span>[\/vc_column_text][vc_separator type=\u00bbtransparent\u00bb up=\u00bb10&#8243; down=\u00bb0&#8243;][vc_column_text]El curso PADI Divemaster es muy flexibe y puede adaptarse a tus necesidades. <a title=\"Contact Us\" href=\"http:\/\/www.aquanautelnido.com\/es\/contacto\/\">Por favor, contacta con nosotros\u00a0para\u00a0reservar.<\/a>[\/vc_column_text][\/vc_column][\/vc_row][vc_column width=\u00bb1\/3&#8243;][\/vc_column]\n<\/div>","protected":false},"excerpt":{"rendered":"<p>[vc_row row_type=\u00bbsection\u00bb padding_top=\u00bb0&#8243; padding_bottom=\u00bb10&#8243;][vc_column][vc_separator type=\u00bbtransparent\u00bb up=\u00bb4&#8243; down=\u00bb8&#8243;][vc_column_text] Buceador professional?\u00a0PADI Divemaster [\/vc_column_text][\/vc_column][\/vc_row][vc_row row_type=\u00bbsection\u00bb padding_top=\u00bb0&#8243; padding_bottom=\u00bb0&#8243;][vc_column width=\u00bb2\/3&#8243;][vc_separator type=\u00bbtransparent\u00bb up=\u00bb4&#8243; down=\u00bb8&#8243;][vc_column_text]El curso de buceo\u00a0PADI Divemaster\u00a0tiene una duraci\u00f3n aproximada\u00a0de\u00a06 semanas. Se empieza con la teor\u00eda para ampliar tus\u00a0conocimiento sobre todos los aspectos del buceo,&#8230;<\/p>\n","protected":false},"author":1,"featured_media":0,"parent":10266,"menu_order":6,"comment_status":"closed","ping_status":"closed","template":"","meta":{"footnotes":""},"class_list":["post-11045","page","type-page","status-publish","hentry"],"yoast_head":"<!-- This site is optimized with the Yoast SEO plugin v26.4 - https:\/\/yoast.com\/wordpress\/plugins\/seo\/ -->\n<title>PADI Divemaster - Aquanaut Dive Center<\/title>\n<meta name=\"description\" content=\"El curso de buceo PADI Divemaster te prepara para trabajar en el mundo profesional del buceo como guia. Ven a El Nido, Filipinas, a hacer el curso de tu vida!\" \/>\n<meta name=\"robots\" content=\"index, follow, max-snippet:-1, max-image-preview:large, max-video-preview:-1\" \/>\n<link rel=\"canonical\" href=\"https:\/\/www.aquanautelnido.com\/padi-courses\/divemaster\/\" \/>\n<meta property=\"og:locale\" content=\"es_ES\" \/>\n<meta property=\"og:type\" content=\"article\" \/>\n<meta property=\"og:title\" content=\"PADI Divemaster - Aquanaut Dive Center\" \/>\n<meta property=\"og:description\" content=\"El curso de buceo PADI Divemaster te prepara para trabajar en el mundo profesional del buceo como guia. Ven a El Nido, Filipinas, a hacer el curso de tu vida!\" \/>\n<meta property=\"og:url\" content=\"https:\/\/www.aquanautelnido.com\/padi-courses\/divemaster\/\" \/>\n<meta property=\"og:site_name\" content=\"Aquanaut Dive Center\" \/>\n<meta property=\"article:publisher\" content=\"https:\/\/www.facebook.com\/Aquanautelnido\" \/>\n<meta property=\"article:modified_time\" content=\"2022-10-23T02:59:51+00:00\" \/>\n<meta property=\"og:image\" content=\"http:\/\/www.aquanautelnido.com\/wp-content\/uploads\/2014\/10\/PADI_hor_T.png\" \/>\n<meta name=\"twitter:card\" content=\"summary_large_image\" \/>\n<meta name=\"twitter:label1\" content=\"Tiempo de lectura\" \/>\n\t<meta name=\"twitter:data1\" content=\"5 minutos\" \/>\n<script type=\"application\/ld+json\" class=\"yoast-schema-graph\">{\"@context\":\"https:\/\/schema.org\",\"@graph\":[{\"@type\":\"WebPage\",\"@id\":\"https:\/\/www.aquanautelnido.com\/padi-courses\/divemaster\/\",\"url\":\"https:\/\/www.aquanautelnido.com\/padi-courses\/divemaster\/\",\"name\":\"PADI Divemaster - Aquanaut Dive Center\",\"isPartOf\":{\"@id\":\"https:\/\/www.aquanautelnido.com\/fr\/#website\"},\"primaryImageOfPage\":{\"@id\":\"https:\/\/www.aquanautelnido.com\/padi-courses\/divemaster\/#primaryimage\"},\"image\":{\"@id\":\"https:\/\/www.aquanautelnido.com\/padi-courses\/divemaster\/#primaryimage\"},\"thumbnailUrl\":\"http:\/\/www.aquanautelnido.com\/wp-content\/uploads\/2014\/10\/PADI_hor_T.png\",\"datePublished\":\"2014-08-01T03:24:25+00:00\",\"dateModified\":\"2022-10-23T02:59:51+00:00\",\"description\":\"El curso de buceo PADI Divemaster te prepara para trabajar en el mundo profesional del buceo como guia. Ven a El Nido, Filipinas, a hacer el curso de tu vida!\",\"breadcrumb\":{\"@id\":\"https:\/\/www.aquanautelnido.com\/padi-courses\/divemaster\/#breadcrumb\"},\"inLanguage\":\"es\",\"potentialAction\":[{\"@type\":\"ReadAction\",\"target\":[\"https:\/\/www.aquanautelnido.com\/padi-courses\/divemaster\/\"]}]},{\"@type\":\"ImageObject\",\"inLanguage\":\"es\",\"@id\":\"https:\/\/www.aquanautelnido.com\/padi-courses\/divemaster\/#primaryimage\",\"url\":\"http:\/\/www.aquanautelnido.com\/wp-content\/uploads\/2014\/10\/PADI_hor_T.png\",\"contentUrl\":\"http:\/\/www.aquanautelnido.com\/wp-content\/uploads\/2014\/10\/PADI_hor_T.png\"},{\"@type\":\"BreadcrumbList\",\"@id\":\"https:\/\/www.aquanautelnido.com\/padi-courses\/divemaster\/#breadcrumb\",\"itemListElement\":[{\"@type\":\"ListItem\",\"position\":1,\"name\":\"Home\",\"item\":\"https:\/\/www.aquanautelnido.com\/es\/\"},{\"@type\":\"ListItem\",\"position\":2,\"name\":\"Cursos de buceo PADI\",\"item\":\"https:\/\/www.aquanautelnido.com\/padi-courses\/\"},{\"@type\":\"ListItem\",\"position\":3,\"name\":\"PADI Divemaster\"}]},{\"@type\":\"WebSite\",\"@id\":\"https:\/\/www.aquanautelnido.com\/fr\/#website\",\"url\":\"https:\/\/www.aquanautelnido.com\/fr\/\",\"name\":\"Aquanaut Dive Center\",\"description\":\"Scuba Diving in El Nido, Palawan, Philippines\",\"potentialAction\":[{\"@type\":\"SearchAction\",\"target\":{\"@type\":\"EntryPoint\",\"urlTemplate\":\"https:\/\/www.aquanautelnido.com\/fr\/?s={search_term_string}\"},\"query-input\":{\"@type\":\"PropertyValueSpecification\",\"valueRequired\":true,\"valueName\":\"search_term_string\"}}],\"inLanguage\":\"es\"}]}<\/script>\n<!-- \/ Yoast SEO plugin. -->","yoast_head_json":{"title":"PADI Divemaster - Aquanaut Dive Center","description":"El curso de buceo PADI Divemaster te prepara para trabajar en el mundo profesional del buceo como guia. Ven a El Nido, Filipinas, a hacer el curso de tu vida!","robots":{"index":"index","follow":"follow","max-snippet":"max-snippet:-1","max-image-preview":"max-image-preview:large","max-video-preview":"max-video-preview:-1"},"canonical":"https:\/\/www.aquanautelnido.com\/padi-courses\/divemaster\/","og_locale":"es_ES","og_type":"article","og_title":"PADI Divemaster - Aquanaut Dive Center","og_description":"El curso de buceo PADI Divemaster te prepara para trabajar en el mundo profesional del buceo como guia. Ven a El Nido, Filipinas, a hacer el curso de tu vida!","og_url":"https:\/\/www.aquanautelnido.com\/padi-courses\/divemaster\/","og_site_name":"Aquanaut Dive Center","article_publisher":"https:\/\/www.facebook.com\/Aquanautelnido","article_modified_time":"2022-10-23T02:59:51+00:00","og_image":[{"url":"http:\/\/www.aquanautelnido.com\/wp-content\/uploads\/2014\/10\/PADI_hor_T.png","type":"","width":"","height":""}],"twitter_card":"summary_large_image","twitter_misc":{"Tiempo de lectura":"5 minutos"},"schema":{"@context":"https:\/\/schema.org","@graph":[{"@type":"WebPage","@id":"https:\/\/www.aquanautelnido.com\/padi-courses\/divemaster\/","url":"https:\/\/www.aquanautelnido.com\/padi-courses\/divemaster\/","name":"PADI Divemaster - Aquanaut Dive Center","isPartOf":{"@id":"https:\/\/www.aquanautelnido.com\/fr\/#website"},"primaryImageOfPage":{"@id":"https:\/\/www.aquanautelnido.com\/padi-courses\/divemaster\/#primaryimage"},"image":{"@id":"https:\/\/www.aquanautelnido.com\/padi-courses\/divemaster\/#primaryimage"},"thumbnailUrl":"http:\/\/www.aquanautelnido.com\/wp-content\/uploads\/2014\/10\/PADI_hor_T.png","datePublished":"2014-08-01T03:24:25+00:00","dateModified":"2022-10-23T02:59:51+00:00","description":"El curso de buceo PADI Divemaster te prepara para trabajar en el mundo profesional del buceo como guia. Ven a El Nido, Filipinas, a hacer el curso de tu vida!","breadcrumb":{"@id":"https:\/\/www.aquanautelnido.com\/padi-courses\/divemaster\/#breadcrumb"},"inLanguage":"es","potentialAction":[{"@type":"ReadAction","target":["https:\/\/www.aquanautelnido.com\/padi-courses\/divemaster\/"]}]},{"@type":"ImageObject","inLanguage":"es","@id":"https:\/\/www.aquanautelnido.com\/padi-courses\/divemaster\/#primaryimage","url":"http:\/\/www.aquanautelnido.com\/wp-content\/uploads\/2014\/10\/PADI_hor_T.png","contentUrl":"http:\/\/www.aquanautelnido.com\/wp-content\/uploads\/2014\/10\/PADI_hor_T.png"},{"@type":"BreadcrumbList","@id":"https:\/\/www.aquanautelnido.com\/padi-courses\/divemaster\/#breadcrumb","itemListElement":[{"@type":"ListItem","position":1,"name":"Home","item":"https:\/\/www.aquanautelnido.com\/es\/"},{"@type":"ListItem","position":2,"name":"Cursos de buceo PADI","item":"https:\/\/www.aquanautelnido.com\/padi-courses\/"},{"@type":"ListItem","position":3,"name":"PADI Divemaster"}]},{"@type":"WebSite","@id":"https:\/\/www.aquanautelnido.com\/fr\/#website","url":"https:\/\/www.aquanautelnido.com\/fr\/","name":"Aquanaut Dive Center","description":"Scuba Diving in El Nido, Palawan, Philippines","potentialAction":[{"@type":"SearchAction","target":{"@type":"EntryPoint","urlTemplate":"https:\/\/www.aquanautelnido.com\/fr\/?s={search_term_string}"},"query-input":{"@type":"PropertyValueSpecification","valueRequired":true,"valueName":"search_term_string"}}],"inLanguage":"es"}]}},"_links":{"self":[{"href":"https:\/\/www.aquanautelnido.com\/es\/wp-json\/wp\/v2\/pages\/11045","targetHints":{"allow":["GET"]}}],"collection":[{"href":"https:\/\/www.aquanautelnido.com\/es\/wp-json\/wp\/v2\/pages"}],"about":[{"href":"https:\/\/www.aquanautelnido.com\/es\/wp-json\/wp\/v2\/types\/page"}],"author":[{"embeddable":true,"href":"https:\/\/www.aquanautelnido.com\/es\/wp-json\/wp\/v2\/users\/1"}],"replies":[{"embeddable":true,"href":"https:\/\/www.aquanautelnido.com\/es\/wp-json\/wp\/v2\/comments?post=11045"}],"version-history":[{"count":17,"href":"https:\/\/www.aquanautelnido.com\/es\/wp-json\/wp\/v2\/pages\/11045\/revisions"}],"predecessor-version":[{"id":13878,"href":"https:\/\/www.aquanautelnido.com\/es\/wp-json\/wp\/v2\/pages\/11045\/revisions\/13878"}],"up":[{"embeddable":true,"href":"https:\/\/www.aquanautelnido.com\/es\/wp-json\/wp\/v2\/pages\/10266"}],"wp:attachment":[{"href":"https:\/\/www.aquanautelnido.com\/es\/wp-json\/wp\/v2\/media?parent=11045"}],"curies":[{"name":"wp","href":"https:\/\/api.w.org\/{rel}","templated":true}]}}