{"id":11061,"date":"2015-11-29T08:53:25","date_gmt":"2015-11-29T00:53:25","guid":{"rendered":"http:\/\/www.aquanautelnido.com\/es\/padi-fluorescence-night-diver-specialty\/"},"modified":"2017-09-24T17:27:27","modified_gmt":"2017-09-24T09:27:27","slug":"especialidad-padi-buceo-fluorescente","status":"publish","type":"page","link":"https:\/\/www.aquanautelnido.com\/es\/cursos-padi\/especialidad\/especialidad-padi-buceo-fluorescente\/","title":{"rendered":"Especialidad PADI Buceo Fluorescente"},"content":{"rendered":"<div class=\"wpb-content-wrapper\">[vc_row row_type=\u00bbsection\u00bb type=\u00bbfull_width\u00bb padding_top=\u00bb20&#8243; padding_bottom=\u00bb0&#8243;][vc_column][vc_column_text]\n<h1>Especialidad PADI\u00a0Buceo Fluorescente<\/h1>\n[\/vc_column_text][vc_separator type=\u00bbtransparent\u00bb up=\u00bb8&#8243; down=\u00bb0&#8243;][\/vc_column][\/vc_row][vc_row row_type=\u00bbsection\u00bb type=\u00bbfull_width\u00bb padding_top=\u00bb20&#8243; padding_bottom=\u00bb0&#8243;][vc_column width=\u00bb2\/3&#8243;][vc_separator type=\u00bbtransparent\u00bb up=\u00bb8&#8243; down=\u00bb0&#8243;][vc_separator type=\u00bbtransparent\u00bb up=\u00bb8&#8243; down=\u00bb0&#8243;][vc_column_text]<span lang=\"es\">El prop\u00f3sito del curso de especialidad PADI Buceo Fluorescente, es proporcionar una introducci\u00f3n segura bajo la supervisi\u00f3n profesional en inmersiones nocturnas\u00a0con linternas\u00a0de luz azul y filtros para la\u00a0m\u00e1scara, para experimentar el efecto de fluorescencia en la vida marina .<\/span>[\/vc_column_text][vc_separator type=\u00bbtransparent\u00bb up=\u00bb8&#8243; down=\u00bb0&#8243;][vc_column_text]<span lang=\"es\">Podr\u00e1s ver criaturas marinas de una forma\u00a0totalmente diferente, animales\u00a0que sin las t\u00e9cnicas y equipos que aprender\u00e1s en este curso son pr\u00e1cticamente invisibles bajo condiciones de luz blanca ya sea tanto de d\u00eda\u00a0como\u00a0de noche.<\/span>[\/vc_column_text][vc_separator type=\u00bbtransparent\u00bb up=\u00bb8&#8243; down=\u00bb0&#8243;][vc_column_text]<span lang=\"es\">\u00bfP<\/span><span lang=\"es\">or qu\u00e9\u00a0<\/span><span lang=\"es\">el\u00a0buceo Fluo es divertido y adem\u00e1s una valiosa herramienta de investigaci\u00f3n?, \u00bfcu\u00e1les son las leyes f\u00edsicas detr\u00e1s de la fluorescencia, que\u00a0es fluorescencia?, \u00bfpor qu\u00e9 algunas criaturas marinas son fluorescentes? Ven con nosotros para aprender lo que es el buceo fluorescente.<\/span>[\/vc_column_text][vc_separator type=\u00bbtransparent\u00bb up=\u00bb8&#8243; down=\u00bb0&#8243;][vc_column_text]<span lang=\"es\"><a href=\"http:\/\/www.aquanautelnido.com\/es\/contacto\/\">Contacta con nosotros para cualquier informaci\u00f3n<\/a>, estaremos encantados de ayudarte.<\/span>[\/vc_column_text][\/vc_column][vc_column width=\u00bb1\/3&#8243;][vc_separator type=\u00bbtransparent\u00bb up=\u00bb4&#8243; down=\u00bb8&#8243;][vc_separator type=\u00bbtransparent\u00bb up=\u00bb4&#8243; down=\u00bb8&#8243;]<div class='q_price_table'><div class='price_table_inner'><ul><li class='prices'><div class='price_in_table'><sup class='value'>\u20b1<\/sup><span class='price'>12,500<\/span><sub class='mark'> <\/sub><\/div><\/li><li class='cell table_title'>Buceo Fluorescente<\/li><img decoding=\"async\" src=\"http:\/\/www.aquanautelnido.com\/wp-content\/uploads\/2014\/10\/PADI_hor_T.png\" alt=\"\" \/><\/p>\n<p>&nbsp;<\/p>\n<p>Duraci\u00f3n : 2 D\u00edas<\/p>\n<p>2 inmersiones diurnas + 2 nocturnas Fluo<\/p>\n<p><span lang=\"es\">Nivel m\u00ednimo requerido :\u00a0PADI Open Water o equivalente<\/span><\/p>\n<p><span lang=\"es\">Edad m\u00ednima: 12\u00a0a\u00f1os<\/span><\/p>\n<p><span lang=\"es\">Materiales PADI<\/span><\/p>\n<p><span lang=\"es\">Equipo de buceo completo<\/span><\/p>\n<p><span lang=\"es\">Linterna de luz azul + visor para m\u00e1scara<\/span><\/p>\n<p><span lang=\"es\">Comida a bordo<\/span><li class='price_button'><a class='qbutton normal' href='http:\/\/www.aquanautelnido.com\/es\/contacto\/' target='_self'>Reserva ahora!<\/a><\/li><\/ul><\/div><\/div>[\/vc_column][\/vc_row]\n<\/div>","protected":false},"excerpt":{"rendered":"<p>[vc_row row_type=\u00bbsection\u00bb type=\u00bbfull_width\u00bb padding_top=\u00bb20&#8243; padding_bottom=\u00bb0&#8243;][vc_column][vc_column_text] Especialidad PADI\u00a0Buceo Fluorescente [\/vc_column_text][vc_separator type=\u00bbtransparent\u00bb up=\u00bb8&#8243; down=\u00bb0&#8243;][\/vc_column][\/vc_row][vc_row row_type=\u00bbsection\u00bb type=\u00bbfull_width\u00bb padding_top=\u00bb20&#8243; padding_bottom=\u00bb0&#8243;][vc_column width=\u00bb2\/3&#8243;][vc_separator type=\u00bbtransparent\u00bb up=\u00bb8&#8243; down=\u00bb0&#8243;][vc_separator type=\u00bbtransparent\u00bb up=\u00bb8&#8243; down=\u00bb0&#8243;][vc_column_text]El prop\u00f3sito del curso de especialidad PADI Buceo Fluorescente, es proporcionar una introducci\u00f3n segura bajo la supervisi\u00f3n profesional&#8230;<\/p>\n","protected":false},"author":1,"featured_media":0,"parent":11215,"menu_order":0,"comment_status":"closed","ping_status":"open","template":"","meta":{"footnotes":""},"class_list":["post-11061","page","type-page","status-publish","hentry"],"yoast_head":"<!-- This site is optimized with the Yoast SEO plugin v26.4 - https:\/\/yoast.com\/wordpress\/plugins\/seo\/ -->\n<title>Especialidad PADI Buceo Fluorescente<\/title>\n<meta name=\"description\" content=\"El curso de especialidad PADI Buceo Fluorescente, proporcionar una introducci\u00f3n segura bajo la supervisi\u00f3n profesional en inmersiones nocturnas con linternas de luz azul y filtros para la m\u00e1scara,\" \/>\n<meta name=\"robots\" content=\"index, follow, max-snippet:-1, max-image-preview:large, max-video-preview:-1\" \/>\n<link rel=\"canonical\" href=\"https:\/\/www.aquanautelnido.com\/padi-courses\/padi-specialties\/padi-fluorescence-night-diver-specialty\/\" \/>\n<meta property=\"og:locale\" content=\"es_ES\" \/>\n<meta property=\"og:type\" content=\"article\" \/>\n<meta property=\"og:title\" content=\"Especialidad PADI Buceo Fluorescente\" \/>\n<meta property=\"og:description\" content=\"El curso de especialidad PADI Buceo Fluorescente, proporcionar una introducci\u00f3n segura bajo la supervisi\u00f3n profesional en inmersiones nocturnas con linternas de luz azul y filtros para la m\u00e1scara,\" \/>\n<meta property=\"og:url\" content=\"https:\/\/www.aquanautelnido.com\/padi-courses\/padi-specialties\/padi-fluorescence-night-diver-specialty\/\" \/>\n<meta property=\"og:site_name\" content=\"Aquanaut Dive Center\" \/>\n<meta property=\"article:publisher\" content=\"https:\/\/www.facebook.com\/Aquanautelnido\" \/>\n<meta property=\"article:modified_time\" content=\"2017-09-24T09:27:27+00:00\" \/>\n<meta property=\"og:image\" content=\"http:\/\/www.aquanautelnido.com\/wp-content\/uploads\/2014\/10\/PADI_hor_T.png\" \/>\n<meta name=\"twitter:card\" content=\"summary_large_image\" \/>\n<meta name=\"twitter:label1\" content=\"Tiempo de lectura\" \/>\n\t<meta name=\"twitter:data1\" content=\"2 minutos\" \/>\n<script type=\"application\/ld+json\" class=\"yoast-schema-graph\">{\"@context\":\"https:\/\/schema.org\",\"@graph\":[{\"@type\":\"WebPage\",\"@id\":\"https:\/\/www.aquanautelnido.com\/padi-courses\/padi-specialties\/padi-fluorescence-night-diver-specialty\/\",\"url\":\"https:\/\/www.aquanautelnido.com\/padi-courses\/padi-specialties\/padi-fluorescence-night-diver-specialty\/\",\"name\":\"Especialidad PADI Buceo Fluorescente\",\"isPartOf\":{\"@id\":\"https:\/\/www.aquanautelnido.com\/fr\/#website\"},\"primaryImageOfPage\":{\"@id\":\"https:\/\/www.aquanautelnido.com\/padi-courses\/padi-specialties\/padi-fluorescence-night-diver-specialty\/#primaryimage\"},\"image\":{\"@id\":\"https:\/\/www.aquanautelnido.com\/padi-courses\/padi-specialties\/padi-fluorescence-night-diver-specialty\/#primaryimage\"},\"thumbnailUrl\":\"http:\/\/www.aquanautelnido.com\/wp-content\/uploads\/2014\/10\/PADI_hor_T.png\",\"datePublished\":\"2015-11-29T00:53:25+00:00\",\"dateModified\":\"2017-09-24T09:27:27+00:00\",\"description\":\"El curso de especialidad PADI Buceo Fluorescente, proporcionar una introducci\u00f3n segura bajo la supervisi\u00f3n profesional en inmersiones nocturnas con linternas de luz azul y filtros para la m\u00e1scara,\",\"breadcrumb\":{\"@id\":\"https:\/\/www.aquanautelnido.com\/padi-courses\/padi-specialties\/padi-fluorescence-night-diver-specialty\/#breadcrumb\"},\"inLanguage\":\"es\",\"potentialAction\":[{\"@type\":\"ReadAction\",\"target\":[\"https:\/\/www.aquanautelnido.com\/padi-courses\/padi-specialties\/padi-fluorescence-night-diver-specialty\/\"]}]},{\"@type\":\"ImageObject\",\"inLanguage\":\"es\",\"@id\":\"https:\/\/www.aquanautelnido.com\/padi-courses\/padi-specialties\/padi-fluorescence-night-diver-specialty\/#primaryimage\",\"url\":\"http:\/\/www.aquanautelnido.com\/wp-content\/uploads\/2014\/10\/PADI_hor_T.png\",\"contentUrl\":\"http:\/\/www.aquanautelnido.com\/wp-content\/uploads\/2014\/10\/PADI_hor_T.png\"},{\"@type\":\"BreadcrumbList\",\"@id\":\"https:\/\/www.aquanautelnido.com\/padi-courses\/padi-specialties\/padi-fluorescence-night-diver-specialty\/#breadcrumb\",\"itemListElement\":[{\"@type\":\"ListItem\",\"position\":1,\"name\":\"Home\",\"item\":\"https:\/\/www.aquanautelnido.com\/es\/\"},{\"@type\":\"ListItem\",\"position\":2,\"name\":\"Cursos de buceo PADI\",\"item\":\"https:\/\/www.aquanautelnido.com\/padi-courses\/\"},{\"@type\":\"ListItem\",\"position\":3,\"name\":\"Cursos de Especialidad PADI\",\"item\":\"https:\/\/www.aquanautelnido.com\/padi-courses\/padi-specialties\/\"},{\"@type\":\"ListItem\",\"position\":4,\"name\":\"Especialidad PADI Buceo Fluorescente\"}]},{\"@type\":\"WebSite\",\"@id\":\"https:\/\/www.aquanautelnido.com\/fr\/#website\",\"url\":\"https:\/\/www.aquanautelnido.com\/fr\/\",\"name\":\"Aquanaut Dive Center\",\"description\":\"Scuba Diving in El Nido, Palawan, Philippines\",\"potentialAction\":[{\"@type\":\"SearchAction\",\"target\":{\"@type\":\"EntryPoint\",\"urlTemplate\":\"https:\/\/www.aquanautelnido.com\/fr\/?s={search_term_string}\"},\"query-input\":{\"@type\":\"PropertyValueSpecification\",\"valueRequired\":true,\"valueName\":\"search_term_string\"}}],\"inLanguage\":\"es\"}]}<\/script>\n<!-- \/ Yoast SEO plugin. -->","yoast_head_json":{"title":"Especialidad PADI Buceo Fluorescente","description":"El curso de especialidad PADI Buceo Fluorescente, proporcionar una introducci\u00f3n segura bajo la supervisi\u00f3n profesional en inmersiones nocturnas con linternas de luz azul y filtros para la m\u00e1scara,","robots":{"index":"index","follow":"follow","max-snippet":"max-snippet:-1","max-image-preview":"max-image-preview:large","max-video-preview":"max-video-preview:-1"},"canonical":"https:\/\/www.aquanautelnido.com\/padi-courses\/padi-specialties\/padi-fluorescence-night-diver-specialty\/","og_locale":"es_ES","og_type":"article","og_title":"Especialidad PADI Buceo Fluorescente","og_description":"El curso de especialidad PADI Buceo Fluorescente, proporcionar una introducci\u00f3n segura bajo la supervisi\u00f3n profesional en inmersiones nocturnas con linternas de luz azul y filtros para la m\u00e1scara,","og_url":"https:\/\/www.aquanautelnido.com\/padi-courses\/padi-specialties\/padi-fluorescence-night-diver-specialty\/","og_site_name":"Aquanaut Dive Center","article_publisher":"https:\/\/www.facebook.com\/Aquanautelnido","article_modified_time":"2017-09-24T09:27:27+00:00","og_image":[{"url":"http:\/\/www.aquanautelnido.com\/wp-content\/uploads\/2014\/10\/PADI_hor_T.png","type":"","width":"","height":""}],"twitter_card":"summary_large_image","twitter_misc":{"Tiempo de lectura":"2 minutos"},"schema":{"@context":"https:\/\/schema.org","@graph":[{"@type":"WebPage","@id":"https:\/\/www.aquanautelnido.com\/padi-courses\/padi-specialties\/padi-fluorescence-night-diver-specialty\/","url":"https:\/\/www.aquanautelnido.com\/padi-courses\/padi-specialties\/padi-fluorescence-night-diver-specialty\/","name":"Especialidad PADI Buceo Fluorescente","isPartOf":{"@id":"https:\/\/www.aquanautelnido.com\/fr\/#website"},"primaryImageOfPage":{"@id":"https:\/\/www.aquanautelnido.com\/padi-courses\/padi-specialties\/padi-fluorescence-night-diver-specialty\/#primaryimage"},"image":{"@id":"https:\/\/www.aquanautelnido.com\/padi-courses\/padi-specialties\/padi-fluorescence-night-diver-specialty\/#primaryimage"},"thumbnailUrl":"http:\/\/www.aquanautelnido.com\/wp-content\/uploads\/2014\/10\/PADI_hor_T.png","datePublished":"2015-11-29T00:53:25+00:00","dateModified":"2017-09-24T09:27:27+00:00","description":"El curso de especialidad PADI Buceo Fluorescente, proporcionar una introducci\u00f3n segura bajo la supervisi\u00f3n profesional en inmersiones nocturnas con linternas de luz azul y filtros para la m\u00e1scara,","breadcrumb":{"@id":"https:\/\/www.aquanautelnido.com\/padi-courses\/padi-specialties\/padi-fluorescence-night-diver-specialty\/#breadcrumb"},"inLanguage":"es","potentialAction":[{"@type":"ReadAction","target":["https:\/\/www.aquanautelnido.com\/padi-courses\/padi-specialties\/padi-fluorescence-night-diver-specialty\/"]}]},{"@type":"ImageObject","inLanguage":"es","@id":"https:\/\/www.aquanautelnido.com\/padi-courses\/padi-specialties\/padi-fluorescence-night-diver-specialty\/#primaryimage","url":"http:\/\/www.aquanautelnido.com\/wp-content\/uploads\/2014\/10\/PADI_hor_T.png","contentUrl":"http:\/\/www.aquanautelnido.com\/wp-content\/uploads\/2014\/10\/PADI_hor_T.png"},{"@type":"BreadcrumbList","@id":"https:\/\/www.aquanautelnido.com\/padi-courses\/padi-specialties\/padi-fluorescence-night-diver-specialty\/#breadcrumb","itemListElement":[{"@type":"ListItem","position":1,"name":"Home","item":"https:\/\/www.aquanautelnido.com\/es\/"},{"@type":"ListItem","position":2,"name":"Cursos de buceo PADI","item":"https:\/\/www.aquanautelnido.com\/padi-courses\/"},{"@type":"ListItem","position":3,"name":"Cursos de Especialidad PADI","item":"https:\/\/www.aquanautelnido.com\/padi-courses\/padi-specialties\/"},{"@type":"ListItem","position":4,"name":"Especialidad PADI Buceo Fluorescente"}]},{"@type":"WebSite","@id":"https:\/\/www.aquanautelnido.com\/fr\/#website","url":"https:\/\/www.aquanautelnido.com\/fr\/","name":"Aquanaut Dive Center","description":"Scuba Diving in El Nido, Palawan, Philippines","potentialAction":[{"@type":"SearchAction","target":{"@type":"EntryPoint","urlTemplate":"https:\/\/www.aquanautelnido.com\/fr\/?s={search_term_string}"},"query-input":{"@type":"PropertyValueSpecification","valueRequired":true,"valueName":"search_term_string"}}],"inLanguage":"es"}]}},"_links":{"self":[{"href":"https:\/\/www.aquanautelnido.com\/es\/wp-json\/wp\/v2\/pages\/11061","targetHints":{"allow":["GET"]}}],"collection":[{"href":"https:\/\/www.aquanautelnido.com\/es\/wp-json\/wp\/v2\/pages"}],"about":[{"href":"https:\/\/www.aquanautelnido.com\/es\/wp-json\/wp\/v2\/types\/page"}],"author":[{"embeddable":true,"href":"https:\/\/www.aquanautelnido.com\/es\/wp-json\/wp\/v2\/users\/1"}],"replies":[{"embeddable":true,"href":"https:\/\/www.aquanautelnido.com\/es\/wp-json\/wp\/v2\/comments?post=11061"}],"version-history":[{"count":6,"href":"https:\/\/www.aquanautelnido.com\/es\/wp-json\/wp\/v2\/pages\/11061\/revisions"}],"predecessor-version":[{"id":12513,"href":"https:\/\/www.aquanautelnido.com\/es\/wp-json\/wp\/v2\/pages\/11061\/revisions\/12513"}],"up":[{"embeddable":true,"href":"https:\/\/www.aquanautelnido.com\/es\/wp-json\/wp\/v2\/pages\/11215"}],"wp:attachment":[{"href":"https:\/\/www.aquanautelnido.com\/es\/wp-json\/wp\/v2\/media?parent=11061"}],"curies":[{"name":"wp","href":"https:\/\/api.w.org\/{rel}","templated":true}]}}