{"id":11068,"date":"2015-11-28T18:15:56","date_gmt":"2015-11-28T10:15:56","guid":{"rendered":"http:\/\/www.aquanautelnido.com\/es\/padi-deep-diver-specialty\/"},"modified":"2025-04-09T17:38:54","modified_gmt":"2025-04-09T09:38:54","slug":"especialidad-padi-buceo-profundo","status":"publish","type":"page","link":"https:\/\/www.aquanautelnido.com\/es\/cursos-padi\/especialidad\/especialidad-padi-buceo-profundo\/","title":{"rendered":"Especialidad PADI Buceo Profundo"},"content":{"rendered":"<div class=\"wpb-content-wrapper\">[vc_row row_type=\u00bbsection\u00bb type=\u00bbfull_width\u00bb padding_top=\u00bb20&#8243; padding_bottom=\u00bb0&#8243;][vc_column][vc_column_text]\n<h1>Especialidad PADI\u00a0Buceo Profundo<\/h1>\n[\/vc_column_text][\/vc_column][\/vc_row][vc_row row_type=\u00bbsection\u00bb type=\u00bbfull_width\u00bb padding_top=\u00bb20&#8243; padding_bottom=\u00bb0&#8243;][vc_column width=\u00bb2\/3&#8243;][vc_separator type=\u00bbtransparent\u00bb up=\u00bb8&#8243; down=\u00bb0&#8243;][vc_column_text]<span lang=\"es\">Traspasa\u00a0los l\u00edmites y\u00a0<\/span>obt\u00e9n\u00a0<span style=\"line-height: 1.5;\">la certificaci\u00f3n del curso de especialidad\u00a0PADI Buceo Profundo, para bucear hasta la incre\u00edble profundidad de 40 metros. Durante este curso de 2 d\u00edas, aprender\u00e1s acerca de c\u00f3mo la presi\u00f3n afecta a tu cuerpo, c\u00f3mo hacer frente a la narcosis, planificar una inmersi\u00f3n profunda \u00a0y administrar tu consumo\u00a0de aire.<\/span>[\/vc_column_text][vc_separator type=\u00bbtransparent\u00bb up=\u00bb4&#8243; down=\u00bb8&#8243;][vc_column_text]<span lang=\"es\">Realiza\u00a04 inmersiones en las profundidades de El Nido, siguiendo procedimientos de buceo profundo y seguridad.\u00a0<\/span>[\/vc_column_text][vc_separator type=\u00bbtransparent\u00bb up=\u00bb2&#8243; down=\u00bb4&#8243;][vc_column_text]<span lang=\"es\">Estamos siempre dispuestos a ayudarte por lo que s\u00f3lo tienes que <a href=\"http:\/\/www.aquanautelnido.com\/es\/contacto\/\">enviarnos un\u00a0correo electr\u00f3nico por\u00a0cualquier duda que tengas.<\/a><\/span>[\/vc_column_text][\/vc_column][vc_column width=\u00bb1\/3&#8243;][vc_separator type=\u00bbtransparent\u00bb up=\u00bb4&#8243; down=\u00bb8&#8243;][vc_separator type=\u00bbtransparent\u00bb up=\u00bb4&#8243; down=\u00bb8&#8243;]<div class='q_price_table'><div class='price_table_inner'><ul><li class='prices'><div class='price_in_table'><sup class='value'>\u20b1<\/sup><span class='price'>12,000<\/span><sub class='mark'>\/mo<\/sub><\/div><\/li><li class='cell table_title'>Especialidad Buceo Profundo<\/li><img decoding=\"async\" src=\"http:\/\/www.aquanautelnido.com\/wp-content\/uploads\/2014\/10\/PADI_hor_T.png\" alt=\"\" \/><\/p>\n<p>Duraci\u00f3n : 2 D\u00edas<\/p>\n<p>4 inmersiones<\/p>\n<p><span lang=\"es\">Nivel m\u00ednimo requerido : PADI\u00a0Adventure Diver o equivalente<\/span><\/p>\n<p><span lang=\"es\">Edad m\u00ednima: 15 a\u00f1os<\/span><\/p>\n<p><span lang=\"es\">Materiales PADI<\/span><\/p>\n<p><span lang=\"es\">Equipo de buceo completo<\/span><\/p>\n<p><span lang=\"es\">Comida a bordo<\/span><li class='price_button'><a class='qbutton normal' href='https:\/\/www.aquanautelnido.com\/es\/contacto\/' target='_blank'>Contacto<\/a><\/li><\/ul><\/div><\/div>[vc_column_text css=\u00bb\u00bb]\n<p style=\"text-align: center;\"><strong>RESERVE AHORA !<\/strong><\/p>\n[\/vc_column_text][vc_raw_html css=\u00bb\u00bb]JTVCYm9va2x5LXNlcnZpY2VzLWZvcm0lMjBkZWVwLWRpdmVyJTVE[\/vc_raw_html][\/vc_column][\/vc_row]\n<\/div>","protected":false},"excerpt":{"rendered":"<p>[vc_row row_type=\u00bbsection\u00bb type=\u00bbfull_width\u00bb padding_top=\u00bb20&#8243; padding_bottom=\u00bb0&#8243;][vc_column][vc_column_text] Especialidad PADI\u00a0Buceo Profundo [\/vc_column_text][\/vc_column][\/vc_row][vc_row row_type=\u00bbsection\u00bb type=\u00bbfull_width\u00bb padding_top=\u00bb20&#8243; padding_bottom=\u00bb0&#8243;][vc_column width=\u00bb2\/3&#8243;][vc_separator type=\u00bbtransparent\u00bb up=\u00bb8&#8243; down=\u00bb0&#8243;][vc_column_text]Traspasa\u00a0los l\u00edmites y\u00a0obt\u00e9n\u00a0la certificaci\u00f3n del curso de especialidad\u00a0PADI Buceo Profundo, para bucear hasta la incre\u00edble profundidad de 40 metros. Durante este curso de 2&#8230;<\/p>\n","protected":false},"author":1,"featured_media":0,"parent":11215,"menu_order":1,"comment_status":"closed","ping_status":"closed","template":"","meta":{"footnotes":""},"class_list":["post-11068","page","type-page","status-publish","hentry"],"yoast_head":"<!-- This site is optimized with the Yoast SEO plugin v26.4 - https:\/\/yoast.com\/wordpress\/plugins\/seo\/ -->\n<title>Especialidad PADI Buceo Profundo - Aquanaut Dive Center<\/title>\n<meta name=\"description\" content=\"Traspasa los l\u00edmites con el curso de especialidad PADI Buceo Profundo. Bucea hasta 40 metros, aprende c\u00f3mo hacer frente a la narcosis. Ven a El Nido, Filipinas.\" \/>\n<meta name=\"robots\" content=\"index, follow, max-snippet:-1, max-image-preview:large, max-video-preview:-1\" \/>\n<link rel=\"canonical\" href=\"https:\/\/www.aquanautelnido.com\/es\/cursos-padi\/especialidad\/especialidad-padi-buceo-profundo\/\" \/>\n<meta property=\"og:locale\" content=\"es_ES\" \/>\n<meta property=\"og:type\" content=\"article\" \/>\n<meta property=\"og:title\" content=\"Especialidad PADI Buceo Profundo - Aquanaut Dive Center\" \/>\n<meta property=\"og:description\" content=\"Traspasa los l\u00edmites con el curso de especialidad PADI Buceo Profundo. Bucea hasta 40 metros, aprende c\u00f3mo hacer frente a la narcosis. Ven a El Nido, Filipinas.\" \/>\n<meta property=\"og:url\" content=\"https:\/\/www.aquanautelnido.com\/es\/cursos-padi\/especialidad\/especialidad-padi-buceo-profundo\/\" \/>\n<meta property=\"og:site_name\" content=\"Aquanaut Dive Center\" \/>\n<meta property=\"article:publisher\" content=\"https:\/\/www.facebook.com\/Aquanautelnido\" \/>\n<meta property=\"article:modified_time\" content=\"2025-04-09T09:38:54+00:00\" \/>\n<meta property=\"og:image\" content=\"http:\/\/www.aquanautelnido.com\/wp-content\/uploads\/2014\/10\/PADI_hor_T.png\" \/>\n<meta name=\"twitter:card\" content=\"summary_large_image\" \/>\n<meta name=\"twitter:label1\" content=\"Tiempo de lectura\" \/>\n\t<meta name=\"twitter:data1\" content=\"1 minuto\" \/>\n<script type=\"application\/ld+json\" class=\"yoast-schema-graph\">{\"@context\":\"https:\/\/schema.org\",\"@graph\":[{\"@type\":\"WebPage\",\"@id\":\"https:\/\/www.aquanautelnido.com\/es\/cursos-padi\/especialidad\/especialidad-padi-buceo-profundo\/\",\"url\":\"https:\/\/www.aquanautelnido.com\/es\/cursos-padi\/especialidad\/especialidad-padi-buceo-profundo\/\",\"name\":\"Especialidad PADI Buceo Profundo - Aquanaut Dive Center\",\"isPartOf\":{\"@id\":\"https:\/\/www.aquanautelnido.com\/fr\/#website\"},\"primaryImageOfPage\":{\"@id\":\"https:\/\/www.aquanautelnido.com\/es\/cursos-padi\/especialidad\/especialidad-padi-buceo-profundo\/#primaryimage\"},\"image\":{\"@id\":\"https:\/\/www.aquanautelnido.com\/es\/cursos-padi\/especialidad\/especialidad-padi-buceo-profundo\/#primaryimage\"},\"thumbnailUrl\":\"http:\/\/www.aquanautelnido.com\/wp-content\/uploads\/2014\/10\/PADI_hor_T.png\",\"datePublished\":\"2015-11-28T10:15:56+00:00\",\"dateModified\":\"2025-04-09T09:38:54+00:00\",\"description\":\"Traspasa los l\u00edmites con el curso de especialidad PADI Buceo Profundo. Bucea hasta 40 metros, aprende c\u00f3mo hacer frente a la narcosis. Ven a El Nido, Filipinas.\",\"breadcrumb\":{\"@id\":\"https:\/\/www.aquanautelnido.com\/es\/cursos-padi\/especialidad\/especialidad-padi-buceo-profundo\/#breadcrumb\"},\"inLanguage\":\"es\",\"potentialAction\":[{\"@type\":\"ReadAction\",\"target\":[\"https:\/\/www.aquanautelnido.com\/es\/cursos-padi\/especialidad\/especialidad-padi-buceo-profundo\/\"]}]},{\"@type\":\"ImageObject\",\"inLanguage\":\"es\",\"@id\":\"https:\/\/www.aquanautelnido.com\/es\/cursos-padi\/especialidad\/especialidad-padi-buceo-profundo\/#primaryimage\",\"url\":\"http:\/\/www.aquanautelnido.com\/wp-content\/uploads\/2014\/10\/PADI_hor_T.png\",\"contentUrl\":\"http:\/\/www.aquanautelnido.com\/wp-content\/uploads\/2014\/10\/PADI_hor_T.png\"},{\"@type\":\"BreadcrumbList\",\"@id\":\"https:\/\/www.aquanautelnido.com\/es\/cursos-padi\/especialidad\/especialidad-padi-buceo-profundo\/#breadcrumb\",\"itemListElement\":[{\"@type\":\"ListItem\",\"position\":1,\"name\":\"Home\",\"item\":\"https:\/\/www.aquanautelnido.com\/es\/\"},{\"@type\":\"ListItem\",\"position\":2,\"name\":\"Cursos de buceo PADI\",\"item\":\"https:\/\/www.aquanautelnido.com\/padi-courses\/\"},{\"@type\":\"ListItem\",\"position\":3,\"name\":\"Cursos de Especialidad PADI\",\"item\":\"https:\/\/www.aquanautelnido.com\/padi-courses\/padi-specialties\/\"},{\"@type\":\"ListItem\",\"position\":4,\"name\":\"Especialidad PADI Buceo Profundo\"}]},{\"@type\":\"WebSite\",\"@id\":\"https:\/\/www.aquanautelnido.com\/fr\/#website\",\"url\":\"https:\/\/www.aquanautelnido.com\/fr\/\",\"name\":\"Aquanaut Dive Center\",\"description\":\"Scuba Diving in El Nido, Palawan, Philippines\",\"potentialAction\":[{\"@type\":\"SearchAction\",\"target\":{\"@type\":\"EntryPoint\",\"urlTemplate\":\"https:\/\/www.aquanautelnido.com\/fr\/?s={search_term_string}\"},\"query-input\":{\"@type\":\"PropertyValueSpecification\",\"valueRequired\":true,\"valueName\":\"search_term_string\"}}],\"inLanguage\":\"es\"}]}<\/script>\n<!-- \/ Yoast SEO plugin. -->","yoast_head_json":{"title":"Especialidad PADI Buceo Profundo - Aquanaut Dive Center","description":"Traspasa los l\u00edmites con el curso de especialidad PADI Buceo Profundo. Bucea hasta 40 metros, aprende c\u00f3mo hacer frente a la narcosis. Ven a El Nido, Filipinas.","robots":{"index":"index","follow":"follow","max-snippet":"max-snippet:-1","max-image-preview":"max-image-preview:large","max-video-preview":"max-video-preview:-1"},"canonical":"https:\/\/www.aquanautelnido.com\/es\/cursos-padi\/especialidad\/especialidad-padi-buceo-profundo\/","og_locale":"es_ES","og_type":"article","og_title":"Especialidad PADI Buceo Profundo - Aquanaut Dive Center","og_description":"Traspasa los l\u00edmites con el curso de especialidad PADI Buceo Profundo. Bucea hasta 40 metros, aprende c\u00f3mo hacer frente a la narcosis. Ven a El Nido, Filipinas.","og_url":"https:\/\/www.aquanautelnido.com\/es\/cursos-padi\/especialidad\/especialidad-padi-buceo-profundo\/","og_site_name":"Aquanaut Dive Center","article_publisher":"https:\/\/www.facebook.com\/Aquanautelnido","article_modified_time":"2025-04-09T09:38:54+00:00","og_image":[{"url":"http:\/\/www.aquanautelnido.com\/wp-content\/uploads\/2014\/10\/PADI_hor_T.png","type":"","width":"","height":""}],"twitter_card":"summary_large_image","twitter_misc":{"Tiempo de lectura":"1 minuto"},"schema":{"@context":"https:\/\/schema.org","@graph":[{"@type":"WebPage","@id":"https:\/\/www.aquanautelnido.com\/es\/cursos-padi\/especialidad\/especialidad-padi-buceo-profundo\/","url":"https:\/\/www.aquanautelnido.com\/es\/cursos-padi\/especialidad\/especialidad-padi-buceo-profundo\/","name":"Especialidad PADI Buceo Profundo - Aquanaut Dive Center","isPartOf":{"@id":"https:\/\/www.aquanautelnido.com\/fr\/#website"},"primaryImageOfPage":{"@id":"https:\/\/www.aquanautelnido.com\/es\/cursos-padi\/especialidad\/especialidad-padi-buceo-profundo\/#primaryimage"},"image":{"@id":"https:\/\/www.aquanautelnido.com\/es\/cursos-padi\/especialidad\/especialidad-padi-buceo-profundo\/#primaryimage"},"thumbnailUrl":"http:\/\/www.aquanautelnido.com\/wp-content\/uploads\/2014\/10\/PADI_hor_T.png","datePublished":"2015-11-28T10:15:56+00:00","dateModified":"2025-04-09T09:38:54+00:00","description":"Traspasa los l\u00edmites con el curso de especialidad PADI Buceo Profundo. Bucea hasta 40 metros, aprende c\u00f3mo hacer frente a la narcosis. Ven a El Nido, Filipinas.","breadcrumb":{"@id":"https:\/\/www.aquanautelnido.com\/es\/cursos-padi\/especialidad\/especialidad-padi-buceo-profundo\/#breadcrumb"},"inLanguage":"es","potentialAction":[{"@type":"ReadAction","target":["https:\/\/www.aquanautelnido.com\/es\/cursos-padi\/especialidad\/especialidad-padi-buceo-profundo\/"]}]},{"@type":"ImageObject","inLanguage":"es","@id":"https:\/\/www.aquanautelnido.com\/es\/cursos-padi\/especialidad\/especialidad-padi-buceo-profundo\/#primaryimage","url":"http:\/\/www.aquanautelnido.com\/wp-content\/uploads\/2014\/10\/PADI_hor_T.png","contentUrl":"http:\/\/www.aquanautelnido.com\/wp-content\/uploads\/2014\/10\/PADI_hor_T.png"},{"@type":"BreadcrumbList","@id":"https:\/\/www.aquanautelnido.com\/es\/cursos-padi\/especialidad\/especialidad-padi-buceo-profundo\/#breadcrumb","itemListElement":[{"@type":"ListItem","position":1,"name":"Home","item":"https:\/\/www.aquanautelnido.com\/es\/"},{"@type":"ListItem","position":2,"name":"Cursos de buceo PADI","item":"https:\/\/www.aquanautelnido.com\/padi-courses\/"},{"@type":"ListItem","position":3,"name":"Cursos de Especialidad PADI","item":"https:\/\/www.aquanautelnido.com\/padi-courses\/padi-specialties\/"},{"@type":"ListItem","position":4,"name":"Especialidad PADI Buceo Profundo"}]},{"@type":"WebSite","@id":"https:\/\/www.aquanautelnido.com\/fr\/#website","url":"https:\/\/www.aquanautelnido.com\/fr\/","name":"Aquanaut Dive Center","description":"Scuba Diving in El Nido, Palawan, Philippines","potentialAction":[{"@type":"SearchAction","target":{"@type":"EntryPoint","urlTemplate":"https:\/\/www.aquanautelnido.com\/fr\/?s={search_term_string}"},"query-input":{"@type":"PropertyValueSpecification","valueRequired":true,"valueName":"search_term_string"}}],"inLanguage":"es"}]}},"_links":{"self":[{"href":"https:\/\/www.aquanautelnido.com\/es\/wp-json\/wp\/v2\/pages\/11068","targetHints":{"allow":["GET"]}}],"collection":[{"href":"https:\/\/www.aquanautelnido.com\/es\/wp-json\/wp\/v2\/pages"}],"about":[{"href":"https:\/\/www.aquanautelnido.com\/es\/wp-json\/wp\/v2\/types\/page"}],"author":[{"embeddable":true,"href":"https:\/\/www.aquanautelnido.com\/es\/wp-json\/wp\/v2\/users\/1"}],"replies":[{"embeddable":true,"href":"https:\/\/www.aquanautelnido.com\/es\/wp-json\/wp\/v2\/comments?post=11068"}],"version-history":[{"count":7,"href":"https:\/\/www.aquanautelnido.com\/es\/wp-json\/wp\/v2\/pages\/11068\/revisions"}],"predecessor-version":[{"id":14251,"href":"https:\/\/www.aquanautelnido.com\/es\/wp-json\/wp\/v2\/pages\/11068\/revisions\/14251"}],"up":[{"embeddable":true,"href":"https:\/\/www.aquanautelnido.com\/es\/wp-json\/wp\/v2\/pages\/11215"}],"wp:attachment":[{"href":"https:\/\/www.aquanautelnido.com\/es\/wp-json\/wp\/v2\/media?parent=11068"}],"curies":[{"name":"wp","href":"https:\/\/api.w.org\/{rel}","templated":true}]}}