{"id":11082,"date":"2015-11-28T18:33:15","date_gmt":"2015-11-28T10:33:15","guid":{"rendered":"http:\/\/www.aquanautelnido.com\/es\/padi-peak-performance-bouyancy-specialty\/"},"modified":"2025-04-09T17:44:54","modified_gmt":"2025-04-09T09:44:54","slug":"especialidad-padi-dominio-flotabilidad","status":"publish","type":"page","link":"https:\/\/www.aquanautelnido.com\/es\/cursos-padi\/especialidad\/especialidad-padi-dominio-flotabilidad\/","title":{"rendered":"Especialidad PADI Dominio de la Flotabilidad"},"content":{"rendered":"<div class=\"wpb-content-wrapper\">[vc_row row_type=\u00bbsection\u00bb type=\u00bbfull_width\u00bb padding_top=\u00bb20&#8243; padding_bottom=\u00bb0&#8243;][vc_column][vc_column_text]\n<h1>Especialidad PADI Dominio de la Flotabilidad<\/h1>\n[\/vc_column_text][vc_separator type=\u00bbtransparent\u00bb up=\u00bb2&#8243; down=\u00bb4&#8243;][\/vc_column][\/vc_row][vc_row row_type=\u00bbsection\u00bb type=\u00bbfull_width\u00bb padding_top=\u00bb20&#8243; padding_bottom=\u00bb0&#8243;][vc_column width=\u00bb2\/3&#8243;][vc_separator type=\u00bbtransparent\u00bb up=\u00bb8&#8243; down=\u00bb0&#8243;][vc_separator type=\u00bbtransparent\u00bb up=\u00bb8&#8243; down=\u00bb0&#8243;][vc_column_text]<span lang=\"es\">El curso de especialidad PADI Dominio de la Flotabilidad\u00a0<\/span><span lang=\"es\">consiste en de 2 inmersiones, las cuales se llevar\u00e1n a cabo en los puntos\u00a0de buceo de El Nido. Bajo la direcci\u00f3n de tu instructor, aprender\u00e1s a respirar de manera m\u00e1s eficiente para controlar tu flotabilidad, c\u00f3mo posicionar tu cuerpo, que aleteo usar dependiendo de las condiciones de la inmersi\u00f3n, c\u00f3mo flotar sin esfuerzo en cualquier posici\u00f3n y la forma de estimar la cantidad de lastre\u00a0que necesitas.<\/span>[\/vc_column_text][vc_separator type=\u00bbtransparent\u00bb up=\u00bb4&#8243; down=\u00bb8&#8243;][vc_column_text]Lo que mejor define a un buen buceador es su control de la flotabilidad. Es \u00fatil en todo tipo de situaciones cuando buceamos: dentro de t\u00faneles para no atascarse, en fondos de\u00a0arena para no removerla, evitar\u00a0da\u00f1ar los corales y acercarse a la vida acu\u00e1tica para fotografiar\u00a0im\u00e1genes sorprendentes.[\/vc_column_text][vc_separator type=\u00bbtransparent\u00bb up=\u00bb2&#8243; down=\u00bb4&#8243;][vc_column_text]<span lang=\"es\"><a href=\"http:\/\/www.aquanautelnido.com\/es\/contacto\/\">Reserve ahora! Estamos siempre dispuestos a ayudarte.<\/a><\/span>[\/vc_column_text][\/vc_column][vc_column width=\u00bb1\/3&#8243;][vc_separator type=\u00bbtransparent\u00bb up=\u00bb4&#8243; down=\u00bb8&#8243;][vc_separator type=\u00bbtransparent\u00bb up=\u00bb4&#8243; down=\u00bb8&#8243;]<div class='q_price_table'><div class='price_table_inner'><ul><li class='prices'><div class='price_in_table'><sup class='value'>\u20b1<\/sup><span class='price'>9,000<\/span><sub class='mark'>\/mo<\/sub><\/div><\/li><li class='cell table_title'>Dominio de la Flotabilidad<\/li><img decoding=\"async\" src=\"http:\/\/www.aquanautelnido.com\/wp-content\/uploads\/2014\/10\/PADI_hor_T.png\" alt=\"\" \/><\/p>\n<p>Duraci\u00f3n: 1 D\u00eda<\/p>\n<p>Inmersiones: 2<\/p>\n<p><span lang=\"es\">Nivel m\u00ednimo requerido :\u00a0PADI Open Water o equivalente<\/span><\/p>\n<p><span lang=\"es\">Edad m\u00ednima: 10 a\u00f1os<\/span><\/p>\n<p><span lang=\"es\">Materiales PADI<\/span><\/p>\n<p><span lang=\"es\">Equipo de buceo completo<\/span><\/p>\n<p><span lang=\"es\">Comida a bordo<\/span><li class='price_button'><a class='qbutton normal' href='https:\/\/www.aquanautelnido.com\/es\/contacto\/' target='_blank'>Contacto<\/a><\/li><\/ul><\/div><\/div>[vc_column_text css=\u00bb\u00bb]\n<p style=\"text-align: center;\"><strong>RESERVE AHORA !<\/strong><\/p>\n[\/vc_column_text][vc_raw_html css=\u00bb\u00bb]JTVCYm9va2x5LXNlcnZpY2VzLWZvcm0lMjBwZWFrLXBlcmZvcm1hbmNlLWJvdXlhbmN5JTVE[\/vc_raw_html][\/vc_column][\/vc_row]\n<\/div>","protected":false},"excerpt":{"rendered":"<p>[vc_row row_type=\u00bbsection\u00bb type=\u00bbfull_width\u00bb padding_top=\u00bb20&#8243; padding_bottom=\u00bb0&#8243;][vc_column][vc_column_text] Especialidad PADI Dominio de la Flotabilidad [\/vc_column_text][vc_separator type=\u00bbtransparent\u00bb up=\u00bb2&#8243; down=\u00bb4&#8243;][\/vc_column][\/vc_row][vc_row row_type=\u00bbsection\u00bb type=\u00bbfull_width\u00bb padding_top=\u00bb20&#8243; padding_bottom=\u00bb0&#8243;][vc_column width=\u00bb2\/3&#8243;][vc_separator type=\u00bbtransparent\u00bb up=\u00bb8&#8243; down=\u00bb0&#8243;][vc_separator type=\u00bbtransparent\u00bb up=\u00bb8&#8243; down=\u00bb0&#8243;][vc_column_text]El curso de especialidad PADI Dominio de la Flotabilidad\u00a0consiste en de 2 inmersiones, las cuales&#8230;<\/p>\n","protected":false},"author":1,"featured_media":0,"parent":11215,"menu_order":3,"comment_status":"closed","ping_status":"closed","template":"","meta":{"footnotes":""},"class_list":["post-11082","page","type-page","status-publish","hentry"],"yoast_head":"<!-- This site is optimized with the Yoast SEO plugin v26.4 - https:\/\/yoast.com\/wordpress\/plugins\/seo\/ -->\n<title>Especialidad PADI Dominio de la Flotabilidad<\/title>\n<meta name=\"description\" content=\"Definete como un buen buceador con el curso de Especialidad PADI Dominio de la Flotabilidad. Ideal para evitar da\u00f1ar los corales, fotografia, cuevas, fondos de arena\" \/>\n<meta name=\"robots\" content=\"index, follow, max-snippet:-1, max-image-preview:large, max-video-preview:-1\" \/>\n<link rel=\"canonical\" href=\"https:\/\/www.aquanautelnido.com\/es\/cursos-padi\/especialidad\/especialidad-padi-dominio-flotabilidad\/\" \/>\n<meta property=\"og:locale\" content=\"es_ES\" \/>\n<meta property=\"og:type\" content=\"article\" \/>\n<meta property=\"og:title\" content=\"Especialidad PADI Dominio de la Flotabilidad\" \/>\n<meta property=\"og:description\" content=\"Definete como un buen buceador con el curso de Especialidad PADI Dominio de la Flotabilidad. Ideal para evitar da\u00f1ar los corales, fotografia, cuevas, fondos de arena\" \/>\n<meta property=\"og:url\" content=\"https:\/\/www.aquanautelnido.com\/es\/cursos-padi\/especialidad\/especialidad-padi-dominio-flotabilidad\/\" \/>\n<meta property=\"og:site_name\" content=\"Aquanaut Dive Center\" \/>\n<meta property=\"article:publisher\" content=\"https:\/\/www.facebook.com\/Aquanautelnido\" \/>\n<meta property=\"article:modified_time\" content=\"2025-04-09T09:44:54+00:00\" \/>\n<meta property=\"og:image\" content=\"http:\/\/www.aquanautelnido.com\/wp-content\/uploads\/2014\/10\/PADI_hor_T.png\" \/>\n<meta name=\"twitter:card\" content=\"summary_large_image\" \/>\n<meta name=\"twitter:label1\" content=\"Tiempo de lectura\" \/>\n\t<meta name=\"twitter:data1\" content=\"2 minutos\" \/>\n<script type=\"application\/ld+json\" class=\"yoast-schema-graph\">{\"@context\":\"https:\/\/schema.org\",\"@graph\":[{\"@type\":\"WebPage\",\"@id\":\"https:\/\/www.aquanautelnido.com\/es\/cursos-padi\/especialidad\/especialidad-padi-dominio-flotabilidad\/\",\"url\":\"https:\/\/www.aquanautelnido.com\/es\/cursos-padi\/especialidad\/especialidad-padi-dominio-flotabilidad\/\",\"name\":\"Especialidad PADI Dominio de la Flotabilidad\",\"isPartOf\":{\"@id\":\"https:\/\/www.aquanautelnido.com\/fr\/#website\"},\"primaryImageOfPage\":{\"@id\":\"https:\/\/www.aquanautelnido.com\/es\/cursos-padi\/especialidad\/especialidad-padi-dominio-flotabilidad\/#primaryimage\"},\"image\":{\"@id\":\"https:\/\/www.aquanautelnido.com\/es\/cursos-padi\/especialidad\/especialidad-padi-dominio-flotabilidad\/#primaryimage\"},\"thumbnailUrl\":\"http:\/\/www.aquanautelnido.com\/wp-content\/uploads\/2014\/10\/PADI_hor_T.png\",\"datePublished\":\"2015-11-28T10:33:15+00:00\",\"dateModified\":\"2025-04-09T09:44:54+00:00\",\"description\":\"Definete como un buen buceador con el curso de Especialidad PADI Dominio de la Flotabilidad. Ideal para evitar da\u00f1ar los corales, fotografia, cuevas, fondos de arena\",\"breadcrumb\":{\"@id\":\"https:\/\/www.aquanautelnido.com\/es\/cursos-padi\/especialidad\/especialidad-padi-dominio-flotabilidad\/#breadcrumb\"},\"inLanguage\":\"es\",\"potentialAction\":[{\"@type\":\"ReadAction\",\"target\":[\"https:\/\/www.aquanautelnido.com\/es\/cursos-padi\/especialidad\/especialidad-padi-dominio-flotabilidad\/\"]}]},{\"@type\":\"ImageObject\",\"inLanguage\":\"es\",\"@id\":\"https:\/\/www.aquanautelnido.com\/es\/cursos-padi\/especialidad\/especialidad-padi-dominio-flotabilidad\/#primaryimage\",\"url\":\"http:\/\/www.aquanautelnido.com\/wp-content\/uploads\/2014\/10\/PADI_hor_T.png\",\"contentUrl\":\"http:\/\/www.aquanautelnido.com\/wp-content\/uploads\/2014\/10\/PADI_hor_T.png\"},{\"@type\":\"BreadcrumbList\",\"@id\":\"https:\/\/www.aquanautelnido.com\/es\/cursos-padi\/especialidad\/especialidad-padi-dominio-flotabilidad\/#breadcrumb\",\"itemListElement\":[{\"@type\":\"ListItem\",\"position\":1,\"name\":\"Home\",\"item\":\"https:\/\/www.aquanautelnido.com\/es\/\"},{\"@type\":\"ListItem\",\"position\":2,\"name\":\"Cursos de buceo PADI\",\"item\":\"https:\/\/www.aquanautelnido.com\/padi-courses\/\"},{\"@type\":\"ListItem\",\"position\":3,\"name\":\"Cursos de Especialidad PADI\",\"item\":\"https:\/\/www.aquanautelnido.com\/padi-courses\/padi-specialties\/\"},{\"@type\":\"ListItem\",\"position\":4,\"name\":\"Especialidad PADI Dominio de la Flotabilidad\"}]},{\"@type\":\"WebSite\",\"@id\":\"https:\/\/www.aquanautelnido.com\/fr\/#website\",\"url\":\"https:\/\/www.aquanautelnido.com\/fr\/\",\"name\":\"Aquanaut Dive Center\",\"description\":\"Scuba Diving in El Nido, Palawan, Philippines\",\"potentialAction\":[{\"@type\":\"SearchAction\",\"target\":{\"@type\":\"EntryPoint\",\"urlTemplate\":\"https:\/\/www.aquanautelnido.com\/fr\/?s={search_term_string}\"},\"query-input\":{\"@type\":\"PropertyValueSpecification\",\"valueRequired\":true,\"valueName\":\"search_term_string\"}}],\"inLanguage\":\"es\"}]}<\/script>\n<!-- \/ Yoast SEO plugin. -->","yoast_head_json":{"title":"Especialidad PADI Dominio de la Flotabilidad","description":"Definete como un buen buceador con el curso de Especialidad PADI Dominio de la Flotabilidad. Ideal para evitar da\u00f1ar los corales, fotografia, cuevas, fondos de arena","robots":{"index":"index","follow":"follow","max-snippet":"max-snippet:-1","max-image-preview":"max-image-preview:large","max-video-preview":"max-video-preview:-1"},"canonical":"https:\/\/www.aquanautelnido.com\/es\/cursos-padi\/especialidad\/especialidad-padi-dominio-flotabilidad\/","og_locale":"es_ES","og_type":"article","og_title":"Especialidad PADI Dominio de la Flotabilidad","og_description":"Definete como un buen buceador con el curso de Especialidad PADI Dominio de la Flotabilidad. Ideal para evitar da\u00f1ar los corales, fotografia, cuevas, fondos de arena","og_url":"https:\/\/www.aquanautelnido.com\/es\/cursos-padi\/especialidad\/especialidad-padi-dominio-flotabilidad\/","og_site_name":"Aquanaut Dive Center","article_publisher":"https:\/\/www.facebook.com\/Aquanautelnido","article_modified_time":"2025-04-09T09:44:54+00:00","og_image":[{"url":"http:\/\/www.aquanautelnido.com\/wp-content\/uploads\/2014\/10\/PADI_hor_T.png","type":"","width":"","height":""}],"twitter_card":"summary_large_image","twitter_misc":{"Tiempo de lectura":"2 minutos"},"schema":{"@context":"https:\/\/schema.org","@graph":[{"@type":"WebPage","@id":"https:\/\/www.aquanautelnido.com\/es\/cursos-padi\/especialidad\/especialidad-padi-dominio-flotabilidad\/","url":"https:\/\/www.aquanautelnido.com\/es\/cursos-padi\/especialidad\/especialidad-padi-dominio-flotabilidad\/","name":"Especialidad PADI Dominio de la Flotabilidad","isPartOf":{"@id":"https:\/\/www.aquanautelnido.com\/fr\/#website"},"primaryImageOfPage":{"@id":"https:\/\/www.aquanautelnido.com\/es\/cursos-padi\/especialidad\/especialidad-padi-dominio-flotabilidad\/#primaryimage"},"image":{"@id":"https:\/\/www.aquanautelnido.com\/es\/cursos-padi\/especialidad\/especialidad-padi-dominio-flotabilidad\/#primaryimage"},"thumbnailUrl":"http:\/\/www.aquanautelnido.com\/wp-content\/uploads\/2014\/10\/PADI_hor_T.png","datePublished":"2015-11-28T10:33:15+00:00","dateModified":"2025-04-09T09:44:54+00:00","description":"Definete como un buen buceador con el curso de Especialidad PADI Dominio de la Flotabilidad. Ideal para evitar da\u00f1ar los corales, fotografia, cuevas, fondos de arena","breadcrumb":{"@id":"https:\/\/www.aquanautelnido.com\/es\/cursos-padi\/especialidad\/especialidad-padi-dominio-flotabilidad\/#breadcrumb"},"inLanguage":"es","potentialAction":[{"@type":"ReadAction","target":["https:\/\/www.aquanautelnido.com\/es\/cursos-padi\/especialidad\/especialidad-padi-dominio-flotabilidad\/"]}]},{"@type":"ImageObject","inLanguage":"es","@id":"https:\/\/www.aquanautelnido.com\/es\/cursos-padi\/especialidad\/especialidad-padi-dominio-flotabilidad\/#primaryimage","url":"http:\/\/www.aquanautelnido.com\/wp-content\/uploads\/2014\/10\/PADI_hor_T.png","contentUrl":"http:\/\/www.aquanautelnido.com\/wp-content\/uploads\/2014\/10\/PADI_hor_T.png"},{"@type":"BreadcrumbList","@id":"https:\/\/www.aquanautelnido.com\/es\/cursos-padi\/especialidad\/especialidad-padi-dominio-flotabilidad\/#breadcrumb","itemListElement":[{"@type":"ListItem","position":1,"name":"Home","item":"https:\/\/www.aquanautelnido.com\/es\/"},{"@type":"ListItem","position":2,"name":"Cursos de buceo PADI","item":"https:\/\/www.aquanautelnido.com\/padi-courses\/"},{"@type":"ListItem","position":3,"name":"Cursos de Especialidad PADI","item":"https:\/\/www.aquanautelnido.com\/padi-courses\/padi-specialties\/"},{"@type":"ListItem","position":4,"name":"Especialidad PADI Dominio de la Flotabilidad"}]},{"@type":"WebSite","@id":"https:\/\/www.aquanautelnido.com\/fr\/#website","url":"https:\/\/www.aquanautelnido.com\/fr\/","name":"Aquanaut Dive Center","description":"Scuba Diving in El Nido, Palawan, Philippines","potentialAction":[{"@type":"SearchAction","target":{"@type":"EntryPoint","urlTemplate":"https:\/\/www.aquanautelnido.com\/fr\/?s={search_term_string}"},"query-input":{"@type":"PropertyValueSpecification","valueRequired":true,"valueName":"search_term_string"}}],"inLanguage":"es"}]}},"_links":{"self":[{"href":"https:\/\/www.aquanautelnido.com\/es\/wp-json\/wp\/v2\/pages\/11082","targetHints":{"allow":["GET"]}}],"collection":[{"href":"https:\/\/www.aquanautelnido.com\/es\/wp-json\/wp\/v2\/pages"}],"about":[{"href":"https:\/\/www.aquanautelnido.com\/es\/wp-json\/wp\/v2\/types\/page"}],"author":[{"embeddable":true,"href":"https:\/\/www.aquanautelnido.com\/es\/wp-json\/wp\/v2\/users\/1"}],"replies":[{"embeddable":true,"href":"https:\/\/www.aquanautelnido.com\/es\/wp-json\/wp\/v2\/comments?post=11082"}],"version-history":[{"count":8,"href":"https:\/\/www.aquanautelnido.com\/es\/wp-json\/wp\/v2\/pages\/11082\/revisions"}],"predecessor-version":[{"id":14254,"href":"https:\/\/www.aquanautelnido.com\/es\/wp-json\/wp\/v2\/pages\/11082\/revisions\/14254"}],"up":[{"embeddable":true,"href":"https:\/\/www.aquanautelnido.com\/es\/wp-json\/wp\/v2\/pages\/11215"}],"wp:attachment":[{"href":"https:\/\/www.aquanautelnido.com\/es\/wp-json\/wp\/v2\/media?parent=11082"}],"curies":[{"name":"wp","href":"https:\/\/api.w.org\/{rel}","templated":true}]}}