{"id":11087,"date":"2015-11-28T18:44:47","date_gmt":"2015-11-28T10:44:47","guid":{"rendered":"http:\/\/www.aquanautelnido.com\/es\/project-aware-specialty\/"},"modified":"2025-04-09T17:47:27","modified_gmt":"2025-04-09T09:47:27","slug":"especialidad-project-aware","status":"publish","type":"page","link":"https:\/\/www.aquanautelnido.com\/es\/cursos-padi\/especialidad\/especialidad-project-aware\/","title":{"rendered":"Especialidad PADI Project AWARE"},"content":{"rendered":"<div class=\"wpb-content-wrapper\">[vc_row row_type=\u00bbsection\u00bb type=\u00bbfull_width\u00bb padding_top=\u00bb20&#8243; padding_bottom=\u00bb0&#8243;][vc_column width=\u00bb2\/3&#8243;][vc_column_text]\n<h1>Especialidad Project AWARE<\/h1>\n[\/vc_column_text][vc_separator type=\u00bbtransparent\u00bb up=\u00bb8&#8243; down=\u00bb0&#8243;][vc_separator type=\u00bbtransparent\u00bb up=\u00bb8&#8243; down=\u00bb0&#8243;][vc_column_text]<span lang=\"es\">Si est\u00e1s interesado en el mundo acu\u00e1tico y quieres hacer una diferencia protegiendo\u00a0los oc\u00e9anos, el curso de especialidad PADI Project AWARE te\u00a0<\/span><span lang=\"es\">ense\u00f1ar\u00e1 como hacer\u00a0<\/span><span lang=\"es\">frente a los problemas m\u00e1s acuciantes de nuestros fondos\u00a0marinos y las acciones que puedes\u00a0tomar para defenderlos.<\/span>[\/vc_column_text][vc_separator type=\u00bbtransparent\u00bb up=\u00bb2&#8243; down=\u00bb4&#8243;][vc_column_text]<span lang=\"es\">Este curso de especialidad no es de buceo, a trav\u00e9s del desarrollo de conocimientos, aprender\u00e1s la forma de colaborar con el Proyecto AWARE, para solventar\u00a0los problemas ambientales con nuestros oc\u00e9anos, los problemas de sostenibilidad en relaci\u00f3n con los arrecifes de coral y sus habitantes, y cu\u00e1l es su papel en la protecci\u00f3n del planeta azul.<\/span>[\/vc_column_text][vc_separator type=\u00bbtransparent\u00bb up=\u00bb4&#8243; down=\u00bb8&#8243;][vc_column_text]<span lang=\"es\">Aunque se trata de un curso que no es de buceo, <a href=\"http:\/\/www.aquanautelnido.com\/es\/salidas-buceo\/salidas-diarias\/\">siempre puedes unirte a nuestras inmersiones diarias<\/a> para explorar los arrecifes de coral de El Nido .<\/span>[\/vc_column_text][\/vc_column][vc_column width=\u00bb1\/3&#8243;][vc_separator type=\u00bbtransparent\u00bb up=\u00bb4&#8243; down=\u00bb8&#8243;][vc_separator type=\u00bbtransparent\u00bb up=\u00bb4&#8243; down=\u00bb8&#8243;]<div class='q_price_table'><div class='price_table_inner'><ul><li class='prices'><div class='price_in_table'><sup class='value'>\u20b1<\/sup><span class='price'>4,500<\/span><sub class='mark'>\/mo<\/sub><\/div><\/li><li class='cell table_title'>Especialidad Project AWARE<\/li><img decoding=\"async\" src=\"http:\/\/www.aquanautelnido.com\/wp-content\/uploads\/2014\/10\/PADI_hor_T.png\" alt=\"\" \/><\/p>\n<p>&nbsp;<\/p>\n<p>Duraci\u00f3n : medio d\u00eda<\/p>\n<p><span lang=\"es\">Nivel m\u00ednimo requerido :\u00a0ninguno<\/span><\/p>\n<p><span lang=\"es\">Edad m\u00ednima:\u00a0ninguna<\/span><li class='price_button'><a class='qbutton normal' href='https:\/\/www.aquanautelnido.com\/es\/contacto\/' target='_blank'>Contacto<\/a><\/li><\/ul><\/div><\/div>[vc_column_text css=\u00bb\u00bb]\n<p style=\"text-align: center;\"><strong>RESERVE AHORA !<\/strong><\/p>\n[\/vc_column_text][vc_raw_html css=\u00bb\u00bb]JTVCYm9va2x5LXNlcnZpY2VzLWZvcm0lMjBwcm9qZWN0LWF3YXJlJTVE[\/vc_raw_html][\/vc_column][\/vc_row]\n<\/div>","protected":false},"excerpt":{"rendered":"<p>[vc_row row_type=\u00bbsection\u00bb type=\u00bbfull_width\u00bb padding_top=\u00bb20&#8243; padding_bottom=\u00bb0&#8243;][vc_column width=\u00bb2\/3&#8243;][vc_column_text] Especialidad Project AWARE [\/vc_column_text][vc_separator type=\u00bbtransparent\u00bb up=\u00bb8&#8243; down=\u00bb0&#8243;][vc_separator type=\u00bbtransparent\u00bb up=\u00bb8&#8243; down=\u00bb0&#8243;][vc_column_text]Si est\u00e1s interesado en el mundo acu\u00e1tico y quieres hacer una diferencia protegiendo\u00a0los oc\u00e9anos, el curso de especialidad PADI Project AWARE te\u00a0ense\u00f1ar\u00e1 como hacer\u00a0frente a&#8230;<\/p>\n","protected":false},"author":1,"featured_media":0,"parent":11215,"menu_order":4,"comment_status":"closed","ping_status":"closed","template":"","meta":{"footnotes":""},"class_list":["post-11087","page","type-page","status-publish","hentry"],"yoast_head":"<!-- This site is optimized with the Yoast SEO plugin v26.4 - https:\/\/yoast.com\/wordpress\/plugins\/seo\/ -->\n<title>Especialidad PADI Project AWARE - Aquanaut Dive Center<\/title>\n<meta name=\"description\" content=\"Si est\u00e1s interesado en el mundo acu\u00e1tico y quieres hacer una diferencia protegiendo los oc\u00e9anos, el curso de especialidad PADI Project AWARE\" \/>\n<meta name=\"robots\" content=\"index, follow, max-snippet:-1, max-image-preview:large, max-video-preview:-1\" \/>\n<link rel=\"canonical\" href=\"https:\/\/www.aquanautelnido.com\/es\/cursos-padi\/especialidad\/especialidad-project-aware\/\" \/>\n<meta property=\"og:locale\" content=\"es_ES\" \/>\n<meta property=\"og:type\" content=\"article\" \/>\n<meta property=\"og:title\" content=\"Especialidad PADI Project AWARE - Aquanaut Dive Center\" \/>\n<meta property=\"og:description\" content=\"Si est\u00e1s interesado en el mundo acu\u00e1tico y quieres hacer una diferencia protegiendo los oc\u00e9anos, el curso de especialidad PADI Project AWARE\" \/>\n<meta property=\"og:url\" content=\"https:\/\/www.aquanautelnido.com\/es\/cursos-padi\/especialidad\/especialidad-project-aware\/\" \/>\n<meta property=\"og:site_name\" content=\"Aquanaut Dive Center\" \/>\n<meta property=\"article:publisher\" content=\"https:\/\/www.facebook.com\/Aquanautelnido\" \/>\n<meta property=\"article:modified_time\" content=\"2025-04-09T09:47:27+00:00\" \/>\n<meta property=\"og:image\" content=\"http:\/\/www.aquanautelnido.com\/wp-content\/uploads\/2014\/10\/PADI_hor_T.png\" \/>\n<meta name=\"twitter:card\" content=\"summary_large_image\" \/>\n<meta name=\"twitter:label1\" content=\"Tiempo de lectura\" \/>\n\t<meta name=\"twitter:data1\" content=\"2 minutos\" \/>\n<script type=\"application\/ld+json\" class=\"yoast-schema-graph\">{\"@context\":\"https:\/\/schema.org\",\"@graph\":[{\"@type\":\"WebPage\",\"@id\":\"https:\/\/www.aquanautelnido.com\/es\/cursos-padi\/especialidad\/especialidad-project-aware\/\",\"url\":\"https:\/\/www.aquanautelnido.com\/es\/cursos-padi\/especialidad\/especialidad-project-aware\/\",\"name\":\"Especialidad PADI Project AWARE - Aquanaut Dive Center\",\"isPartOf\":{\"@id\":\"https:\/\/www.aquanautelnido.com\/fr\/#website\"},\"primaryImageOfPage\":{\"@id\":\"https:\/\/www.aquanautelnido.com\/es\/cursos-padi\/especialidad\/especialidad-project-aware\/#primaryimage\"},\"image\":{\"@id\":\"https:\/\/www.aquanautelnido.com\/es\/cursos-padi\/especialidad\/especialidad-project-aware\/#primaryimage\"},\"thumbnailUrl\":\"http:\/\/www.aquanautelnido.com\/wp-content\/uploads\/2014\/10\/PADI_hor_T.png\",\"datePublished\":\"2015-11-28T10:44:47+00:00\",\"dateModified\":\"2025-04-09T09:47:27+00:00\",\"description\":\"Si est\u00e1s interesado en el mundo acu\u00e1tico y quieres hacer una diferencia protegiendo los oc\u00e9anos, el curso de especialidad PADI Project AWARE\",\"breadcrumb\":{\"@id\":\"https:\/\/www.aquanautelnido.com\/es\/cursos-padi\/especialidad\/especialidad-project-aware\/#breadcrumb\"},\"inLanguage\":\"es\",\"potentialAction\":[{\"@type\":\"ReadAction\",\"target\":[\"https:\/\/www.aquanautelnido.com\/es\/cursos-padi\/especialidad\/especialidad-project-aware\/\"]}]},{\"@type\":\"ImageObject\",\"inLanguage\":\"es\",\"@id\":\"https:\/\/www.aquanautelnido.com\/es\/cursos-padi\/especialidad\/especialidad-project-aware\/#primaryimage\",\"url\":\"http:\/\/www.aquanautelnido.com\/wp-content\/uploads\/2014\/10\/PADI_hor_T.png\",\"contentUrl\":\"http:\/\/www.aquanautelnido.com\/wp-content\/uploads\/2014\/10\/PADI_hor_T.png\"},{\"@type\":\"BreadcrumbList\",\"@id\":\"https:\/\/www.aquanautelnido.com\/es\/cursos-padi\/especialidad\/especialidad-project-aware\/#breadcrumb\",\"itemListElement\":[{\"@type\":\"ListItem\",\"position\":1,\"name\":\"Home\",\"item\":\"https:\/\/www.aquanautelnido.com\/es\/\"},{\"@type\":\"ListItem\",\"position\":2,\"name\":\"Cursos de buceo PADI\",\"item\":\"https:\/\/www.aquanautelnido.com\/padi-courses\/\"},{\"@type\":\"ListItem\",\"position\":3,\"name\":\"Cursos de Especialidad PADI\",\"item\":\"https:\/\/www.aquanautelnido.com\/padi-courses\/padi-specialties\/\"},{\"@type\":\"ListItem\",\"position\":4,\"name\":\"Especialidad PADI Project AWARE\"}]},{\"@type\":\"WebSite\",\"@id\":\"https:\/\/www.aquanautelnido.com\/fr\/#website\",\"url\":\"https:\/\/www.aquanautelnido.com\/fr\/\",\"name\":\"Aquanaut Dive Center\",\"description\":\"Scuba Diving in El Nido, Palawan, Philippines\",\"potentialAction\":[{\"@type\":\"SearchAction\",\"target\":{\"@type\":\"EntryPoint\",\"urlTemplate\":\"https:\/\/www.aquanautelnido.com\/fr\/?s={search_term_string}\"},\"query-input\":{\"@type\":\"PropertyValueSpecification\",\"valueRequired\":true,\"valueName\":\"search_term_string\"}}],\"inLanguage\":\"es\"}]}<\/script>\n<!-- \/ Yoast SEO plugin. -->","yoast_head_json":{"title":"Especialidad PADI Project AWARE - Aquanaut Dive Center","description":"Si est\u00e1s interesado en el mundo acu\u00e1tico y quieres hacer una diferencia protegiendo los oc\u00e9anos, el curso de especialidad PADI Project AWARE","robots":{"index":"index","follow":"follow","max-snippet":"max-snippet:-1","max-image-preview":"max-image-preview:large","max-video-preview":"max-video-preview:-1"},"canonical":"https:\/\/www.aquanautelnido.com\/es\/cursos-padi\/especialidad\/especialidad-project-aware\/","og_locale":"es_ES","og_type":"article","og_title":"Especialidad PADI Project AWARE - Aquanaut Dive Center","og_description":"Si est\u00e1s interesado en el mundo acu\u00e1tico y quieres hacer una diferencia protegiendo los oc\u00e9anos, el curso de especialidad PADI Project AWARE","og_url":"https:\/\/www.aquanautelnido.com\/es\/cursos-padi\/especialidad\/especialidad-project-aware\/","og_site_name":"Aquanaut Dive Center","article_publisher":"https:\/\/www.facebook.com\/Aquanautelnido","article_modified_time":"2025-04-09T09:47:27+00:00","og_image":[{"url":"http:\/\/www.aquanautelnido.com\/wp-content\/uploads\/2014\/10\/PADI_hor_T.png","type":"","width":"","height":""}],"twitter_card":"summary_large_image","twitter_misc":{"Tiempo de lectura":"2 minutos"},"schema":{"@context":"https:\/\/schema.org","@graph":[{"@type":"WebPage","@id":"https:\/\/www.aquanautelnido.com\/es\/cursos-padi\/especialidad\/especialidad-project-aware\/","url":"https:\/\/www.aquanautelnido.com\/es\/cursos-padi\/especialidad\/especialidad-project-aware\/","name":"Especialidad PADI Project AWARE - Aquanaut Dive Center","isPartOf":{"@id":"https:\/\/www.aquanautelnido.com\/fr\/#website"},"primaryImageOfPage":{"@id":"https:\/\/www.aquanautelnido.com\/es\/cursos-padi\/especialidad\/especialidad-project-aware\/#primaryimage"},"image":{"@id":"https:\/\/www.aquanautelnido.com\/es\/cursos-padi\/especialidad\/especialidad-project-aware\/#primaryimage"},"thumbnailUrl":"http:\/\/www.aquanautelnido.com\/wp-content\/uploads\/2014\/10\/PADI_hor_T.png","datePublished":"2015-11-28T10:44:47+00:00","dateModified":"2025-04-09T09:47:27+00:00","description":"Si est\u00e1s interesado en el mundo acu\u00e1tico y quieres hacer una diferencia protegiendo los oc\u00e9anos, el curso de especialidad PADI Project AWARE","breadcrumb":{"@id":"https:\/\/www.aquanautelnido.com\/es\/cursos-padi\/especialidad\/especialidad-project-aware\/#breadcrumb"},"inLanguage":"es","potentialAction":[{"@type":"ReadAction","target":["https:\/\/www.aquanautelnido.com\/es\/cursos-padi\/especialidad\/especialidad-project-aware\/"]}]},{"@type":"ImageObject","inLanguage":"es","@id":"https:\/\/www.aquanautelnido.com\/es\/cursos-padi\/especialidad\/especialidad-project-aware\/#primaryimage","url":"http:\/\/www.aquanautelnido.com\/wp-content\/uploads\/2014\/10\/PADI_hor_T.png","contentUrl":"http:\/\/www.aquanautelnido.com\/wp-content\/uploads\/2014\/10\/PADI_hor_T.png"},{"@type":"BreadcrumbList","@id":"https:\/\/www.aquanautelnido.com\/es\/cursos-padi\/especialidad\/especialidad-project-aware\/#breadcrumb","itemListElement":[{"@type":"ListItem","position":1,"name":"Home","item":"https:\/\/www.aquanautelnido.com\/es\/"},{"@type":"ListItem","position":2,"name":"Cursos de buceo PADI","item":"https:\/\/www.aquanautelnido.com\/padi-courses\/"},{"@type":"ListItem","position":3,"name":"Cursos de Especialidad PADI","item":"https:\/\/www.aquanautelnido.com\/padi-courses\/padi-specialties\/"},{"@type":"ListItem","position":4,"name":"Especialidad PADI Project AWARE"}]},{"@type":"WebSite","@id":"https:\/\/www.aquanautelnido.com\/fr\/#website","url":"https:\/\/www.aquanautelnido.com\/fr\/","name":"Aquanaut Dive Center","description":"Scuba Diving in El Nido, Palawan, Philippines","potentialAction":[{"@type":"SearchAction","target":{"@type":"EntryPoint","urlTemplate":"https:\/\/www.aquanautelnido.com\/fr\/?s={search_term_string}"},"query-input":{"@type":"PropertyValueSpecification","valueRequired":true,"valueName":"search_term_string"}}],"inLanguage":"es"}]}},"_links":{"self":[{"href":"https:\/\/www.aquanautelnido.com\/es\/wp-json\/wp\/v2\/pages\/11087","targetHints":{"allow":["GET"]}}],"collection":[{"href":"https:\/\/www.aquanautelnido.com\/es\/wp-json\/wp\/v2\/pages"}],"about":[{"href":"https:\/\/www.aquanautelnido.com\/es\/wp-json\/wp\/v2\/types\/page"}],"author":[{"embeddable":true,"href":"https:\/\/www.aquanautelnido.com\/es\/wp-json\/wp\/v2\/users\/1"}],"replies":[{"embeddable":true,"href":"https:\/\/www.aquanautelnido.com\/es\/wp-json\/wp\/v2\/comments?post=11087"}],"version-history":[{"count":8,"href":"https:\/\/www.aquanautelnido.com\/es\/wp-json\/wp\/v2\/pages\/11087\/revisions"}],"predecessor-version":[{"id":14256,"href":"https:\/\/www.aquanautelnido.com\/es\/wp-json\/wp\/v2\/pages\/11087\/revisions\/14256"}],"up":[{"embeddable":true,"href":"https:\/\/www.aquanautelnido.com\/es\/wp-json\/wp\/v2\/pages\/11215"}],"wp:attachment":[{"href":"https:\/\/www.aquanautelnido.com\/es\/wp-json\/wp\/v2\/media?parent=11087"}],"curies":[{"name":"wp","href":"https:\/\/api.w.org\/{rel}","templated":true}]}}