{"id":11092,"date":"2015-11-28T19:13:06","date_gmt":"2015-11-28T11:13:06","guid":{"rendered":"http:\/\/www.aquanautelnido.com\/es\/aware-coral-reef-conservation-specialty\/"},"modified":"2025-04-09T17:49:50","modified_gmt":"2025-04-09T09:49:50","slug":"especialidad-aware-conservacion-arrecifes-coral","status":"publish","type":"page","link":"https:\/\/www.aquanautelnido.com\/es\/cursos-padi\/especialidad\/especialidad-aware-conservacion-arrecifes-coral\/","title":{"rendered":"Especialidad AWARE Conservaci\u00f3n de los Arrecifes de Coral"},"content":{"rendered":"<div class=\"wpb-content-wrapper\">[vc_row row_type=\u00bbsection\u00bb type=\u00bbfull_width\u00bb padding_top=\u00bb20&#8243; padding_bottom=\u00bb0&#8243;][vc_column][vc_column_text]\n<h1>Especialidad AWARE Conservaci\u00f3n de Arrecifes de Coral<\/h1>\n[\/vc_column_text][vc_separator type=\u00bbtransparent\u00bb up=\u00bb2&#8243; down=\u00bb4&#8243;][\/vc_column][\/vc_row][vc_row row_type=\u00bbsection\u00bb type=\u00bbfull_width\u00bb padding_top=\u00bb20&#8243; padding_bottom=\u00bb0&#8243;][vc_column width=\u00bb2\/3&#8243;][vc_separator type=\u00bbtransparent\u00bb up=\u00bb8&#8243; down=\u00bb0&#8243;][vc_separator type=\u00bbtransparent\u00bb up=\u00bb8&#8243; down=\u00bb0&#8243;][vc_column_text]<span lang=\"es\">Siempre les ves cuando buceas y te preguntan si son plantas, rocas, animales&#8230; Los arrecifes de coral son el hogar de una abundancia de vida marina, y el coral tiene un papel clave en el ecosistema de los arrecifes. Si eres curioso acerca de esta complejidad y deseas aprender c\u00f3mo protegerlos, s\u00f3lo tienes que realizar\u00a0el\u00a0curso de especialidad AWARE\u00a0Conservaci\u00f3n de los Arrecifes de Corales.<\/span>[\/vc_column_text][vc_separator type=\u00bbtransparent\u00bb up=\u00bb2&#8243; down=\u00bb4&#8243;][vc_column_text]<span lang=\"es\">Este curso que es <\/span><span lang=\"es\">s\u00f3lo te\u00f3rico,\u00a0<\/span><span lang=\"es\">aprender\u00e1s como funciona la naturaleza compleja de los arrecifes de coral, por qu\u00e9 son tan importantes , por qu\u00e9 los arrecifes de coral est\u00e1n en peligro, que\u00a0puedes hacer para defenderlos\u00a0y la vinculaci\u00f3n\u00a0que tienen con los\u00a0peces y otros animales marinos.<\/span>[\/vc_column_text][vc_separator type=\u00bbtransparent\u00bb up=\u00bb2&#8243; down=\u00bb4&#8243;][vc_column_text]<span lang=\"es\">A pesar de que este es un curso te\u00f3rico, puedes unirte a nuestras Inmersiones de Observaci\u00f3n de Coral, donde te mostraremos los diferentes tipos de corales, c\u00f3mo identificarlos y su estado de salud.<\/span>[\/vc_column_text][vc_separator type=\u00bbtransparent\u00bb up=\u00bb2&#8243; down=\u00bb4&#8243;][vc_column_text]<span lang=\"es\">Cont\u00e1ctanos para\u00a0<\/span><span lang=\"es\">m\u00e1s informaci\u00f3n.<\/span>[\/vc_column_text][\/vc_column][vc_column width=\u00bb1\/3&#8243;][vc_separator type=\u00bbtransparent\u00bb up=\u00bb4&#8243; down=\u00bb8&#8243;][vc_separator type=\u00bbtransparent\u00bb up=\u00bb4&#8243; down=\u00bb8&#8243;]<div class='q_price_table'><div class='price_table_inner'><ul><li class='prices'><div class='price_in_table'><sup class='value'>\u20b1<\/sup><span class='price'>4,500<\/span><sub class='mark'>\/mo<\/sub><\/div><\/li><li class='cell table_title'>AWARE - Coral Reef Conservation<\/li><img decoding=\"async\" src=\"http:\/\/www.aquanautelnido.com\/wp-content\/uploads\/2014\/10\/PADI_hor_T.png\" alt=\"\" \/><\/p>\n<p>Nivel m\u00ednimo requerido :\u00a0ninguno<\/p>\n<p><span lang=\"es\">Edad m\u00ednima:\u00a0ninguna<\/span><\/p>\n<p><span lang=\"es\">Opci\u00f3n\u00a0s\u00f3lo\u00a0<\/span><span lang=\"es\">teor\u00eda:\u00a0<\/span>medio d\u00eda<\/p>\n<p><span lang=\"es\">Opci\u00f3n\u00a0<\/span><span lang=\"es\">teor\u00eda + Inmersi\u00f3n de Observaci\u00f3n de Corales:\u00a0<\/span><\/p>\n<p><span lang=\"es\">Precio: +6,500Php<\/span><\/p>\n<p>Duraci\u00f3n: 2 d\u00edas<\/p>\n<p>Inmersiones: 3<\/p>\n<p><span lang=\"es\">Equipo de buceo completo<\/span><\/p>\n<p><span lang=\"es\">Comida a bordo<\/span><li class='price_button'><a class='qbutton normal' href='https:\/\/www.aquanautelnido.com\/es\/contacto\/' target='_blank'>Contacto<\/a><\/li><\/ul><\/div><\/div>[vc_column_text css=\u00bb\u00bb]\n<p style=\"text-align: center;\"><strong>RESERVE AHORA !<\/strong><\/p>\n[\/vc_column_text][vc_raw_html css=\u00bb\u00bb]JTVCYm9va2x5LXNlcnZpY2VzLWZvcm0lMjBhd2FyZS1jb3JhbC1yZWVmLWNvbnNlcnZhdGlvbiU1RA==[\/vc_raw_html][\/vc_column][\/vc_row]\n<\/div>","protected":false},"excerpt":{"rendered":"<p>[vc_row row_type=\u00bbsection\u00bb type=\u00bbfull_width\u00bb padding_top=\u00bb20&#8243; padding_bottom=\u00bb0&#8243;][vc_column][vc_column_text] Especialidad AWARE Conservaci\u00f3n de Arrecifes de Coral [\/vc_column_text][vc_separator type=\u00bbtransparent\u00bb up=\u00bb2&#8243; down=\u00bb4&#8243;][\/vc_column][\/vc_row][vc_row row_type=\u00bbsection\u00bb type=\u00bbfull_width\u00bb padding_top=\u00bb20&#8243; padding_bottom=\u00bb0&#8243;][vc_column width=\u00bb2\/3&#8243;][vc_separator type=\u00bbtransparent\u00bb up=\u00bb8&#8243; down=\u00bb0&#8243;][vc_separator type=\u00bbtransparent\u00bb up=\u00bb8&#8243; down=\u00bb0&#8243;][vc_column_text]Siempre les ves cuando buceas y te preguntan si son plantas, rocas, animales&#8230; Los&#8230;<\/p>\n","protected":false},"author":1,"featured_media":0,"parent":11215,"menu_order":5,"comment_status":"closed","ping_status":"closed","template":"","meta":{"footnotes":""},"class_list":["post-11092","page","type-page","status-publish","hentry"],"yoast_head":"<!-- This site is optimized with the Yoast SEO plugin v26.4 - https:\/\/yoast.com\/wordpress\/plugins\/seo\/ -->\n<title>Especialidad AWARE Conservaci\u00f3n de los Arrecifes de Coral<\/title>\n<meta name=\"description\" content=\"Curso de Especialidad AWARE Conservaci\u00f3n de los Arrecifes de Coral en El Nido, Filipinas. Aprende la compleja naturaleza de los arrcifes de coral.\" \/>\n<meta name=\"robots\" content=\"index, follow, max-snippet:-1, max-image-preview:large, max-video-preview:-1\" \/>\n<link rel=\"canonical\" href=\"https:\/\/www.aquanautelnido.com\/es\/cursos-padi\/especialidad\/especialidad-aware-conservacion-arrecifes-coral\/\" \/>\n<meta property=\"og:locale\" content=\"es_ES\" \/>\n<meta property=\"og:type\" content=\"article\" \/>\n<meta property=\"og:title\" content=\"Especialidad AWARE Conservaci\u00f3n de los Arrecifes de Coral\" \/>\n<meta property=\"og:description\" content=\"Curso de Especialidad AWARE Conservaci\u00f3n de los Arrecifes de Coral en El Nido, Filipinas. Aprende la compleja naturaleza de los arrcifes de coral.\" \/>\n<meta property=\"og:url\" content=\"https:\/\/www.aquanautelnido.com\/es\/cursos-padi\/especialidad\/especialidad-aware-conservacion-arrecifes-coral\/\" \/>\n<meta property=\"og:site_name\" content=\"Aquanaut Dive Center\" \/>\n<meta property=\"article:publisher\" content=\"https:\/\/www.facebook.com\/Aquanautelnido\" \/>\n<meta property=\"article:modified_time\" content=\"2025-04-09T09:49:50+00:00\" \/>\n<meta property=\"og:image\" content=\"http:\/\/www.aquanautelnido.com\/wp-content\/uploads\/2014\/10\/PADI_hor_T.png\" \/>\n<meta name=\"twitter:card\" content=\"summary_large_image\" \/>\n<meta name=\"twitter:label1\" content=\"Tiempo de lectura\" \/>\n\t<meta name=\"twitter:data1\" content=\"2 minutos\" \/>\n<script type=\"application\/ld+json\" class=\"yoast-schema-graph\">{\"@context\":\"https:\/\/schema.org\",\"@graph\":[{\"@type\":\"WebPage\",\"@id\":\"https:\/\/www.aquanautelnido.com\/es\/cursos-padi\/especialidad\/especialidad-aware-conservacion-arrecifes-coral\/\",\"url\":\"https:\/\/www.aquanautelnido.com\/es\/cursos-padi\/especialidad\/especialidad-aware-conservacion-arrecifes-coral\/\",\"name\":\"Especialidad AWARE Conservaci\u00f3n de los Arrecifes de Coral\",\"isPartOf\":{\"@id\":\"https:\/\/www.aquanautelnido.com\/fr\/#website\"},\"primaryImageOfPage\":{\"@id\":\"https:\/\/www.aquanautelnido.com\/es\/cursos-padi\/especialidad\/especialidad-aware-conservacion-arrecifes-coral\/#primaryimage\"},\"image\":{\"@id\":\"https:\/\/www.aquanautelnido.com\/es\/cursos-padi\/especialidad\/especialidad-aware-conservacion-arrecifes-coral\/#primaryimage\"},\"thumbnailUrl\":\"http:\/\/www.aquanautelnido.com\/wp-content\/uploads\/2014\/10\/PADI_hor_T.png\",\"datePublished\":\"2015-11-28T11:13:06+00:00\",\"dateModified\":\"2025-04-09T09:49:50+00:00\",\"description\":\"Curso de Especialidad AWARE Conservaci\u00f3n de los Arrecifes de Coral en El Nido, Filipinas. Aprende la compleja naturaleza de los arrcifes de coral.\",\"breadcrumb\":{\"@id\":\"https:\/\/www.aquanautelnido.com\/es\/cursos-padi\/especialidad\/especialidad-aware-conservacion-arrecifes-coral\/#breadcrumb\"},\"inLanguage\":\"es\",\"potentialAction\":[{\"@type\":\"ReadAction\",\"target\":[\"https:\/\/www.aquanautelnido.com\/es\/cursos-padi\/especialidad\/especialidad-aware-conservacion-arrecifes-coral\/\"]}]},{\"@type\":\"ImageObject\",\"inLanguage\":\"es\",\"@id\":\"https:\/\/www.aquanautelnido.com\/es\/cursos-padi\/especialidad\/especialidad-aware-conservacion-arrecifes-coral\/#primaryimage\",\"url\":\"http:\/\/www.aquanautelnido.com\/wp-content\/uploads\/2014\/10\/PADI_hor_T.png\",\"contentUrl\":\"http:\/\/www.aquanautelnido.com\/wp-content\/uploads\/2014\/10\/PADI_hor_T.png\"},{\"@type\":\"BreadcrumbList\",\"@id\":\"https:\/\/www.aquanautelnido.com\/es\/cursos-padi\/especialidad\/especialidad-aware-conservacion-arrecifes-coral\/#breadcrumb\",\"itemListElement\":[{\"@type\":\"ListItem\",\"position\":1,\"name\":\"Home\",\"item\":\"https:\/\/www.aquanautelnido.com\/es\/\"},{\"@type\":\"ListItem\",\"position\":2,\"name\":\"Cursos de buceo PADI\",\"item\":\"https:\/\/www.aquanautelnido.com\/padi-courses\/\"},{\"@type\":\"ListItem\",\"position\":3,\"name\":\"Cursos de Especialidad PADI\",\"item\":\"https:\/\/www.aquanautelnido.com\/padi-courses\/padi-specialties\/\"},{\"@type\":\"ListItem\",\"position\":4,\"name\":\"Especialidad AWARE Conservaci\u00f3n de los Arrecifes de Coral\"}]},{\"@type\":\"WebSite\",\"@id\":\"https:\/\/www.aquanautelnido.com\/fr\/#website\",\"url\":\"https:\/\/www.aquanautelnido.com\/fr\/\",\"name\":\"Aquanaut Dive Center\",\"description\":\"Scuba Diving in El Nido, Palawan, Philippines\",\"potentialAction\":[{\"@type\":\"SearchAction\",\"target\":{\"@type\":\"EntryPoint\",\"urlTemplate\":\"https:\/\/www.aquanautelnido.com\/fr\/?s={search_term_string}\"},\"query-input\":{\"@type\":\"PropertyValueSpecification\",\"valueRequired\":true,\"valueName\":\"search_term_string\"}}],\"inLanguage\":\"es\"}]}<\/script>\n<!-- \/ Yoast SEO plugin. -->","yoast_head_json":{"title":"Especialidad AWARE Conservaci\u00f3n de los Arrecifes de Coral","description":"Curso de Especialidad AWARE Conservaci\u00f3n de los Arrecifes de Coral en El Nido, Filipinas. Aprende la compleja naturaleza de los arrcifes de coral.","robots":{"index":"index","follow":"follow","max-snippet":"max-snippet:-1","max-image-preview":"max-image-preview:large","max-video-preview":"max-video-preview:-1"},"canonical":"https:\/\/www.aquanautelnido.com\/es\/cursos-padi\/especialidad\/especialidad-aware-conservacion-arrecifes-coral\/","og_locale":"es_ES","og_type":"article","og_title":"Especialidad AWARE Conservaci\u00f3n de los Arrecifes de Coral","og_description":"Curso de Especialidad AWARE Conservaci\u00f3n de los Arrecifes de Coral en El Nido, Filipinas. Aprende la compleja naturaleza de los arrcifes de coral.","og_url":"https:\/\/www.aquanautelnido.com\/es\/cursos-padi\/especialidad\/especialidad-aware-conservacion-arrecifes-coral\/","og_site_name":"Aquanaut Dive Center","article_publisher":"https:\/\/www.facebook.com\/Aquanautelnido","article_modified_time":"2025-04-09T09:49:50+00:00","og_image":[{"url":"http:\/\/www.aquanautelnido.com\/wp-content\/uploads\/2014\/10\/PADI_hor_T.png","type":"","width":"","height":""}],"twitter_card":"summary_large_image","twitter_misc":{"Tiempo de lectura":"2 minutos"},"schema":{"@context":"https:\/\/schema.org","@graph":[{"@type":"WebPage","@id":"https:\/\/www.aquanautelnido.com\/es\/cursos-padi\/especialidad\/especialidad-aware-conservacion-arrecifes-coral\/","url":"https:\/\/www.aquanautelnido.com\/es\/cursos-padi\/especialidad\/especialidad-aware-conservacion-arrecifes-coral\/","name":"Especialidad AWARE Conservaci\u00f3n de los Arrecifes de Coral","isPartOf":{"@id":"https:\/\/www.aquanautelnido.com\/fr\/#website"},"primaryImageOfPage":{"@id":"https:\/\/www.aquanautelnido.com\/es\/cursos-padi\/especialidad\/especialidad-aware-conservacion-arrecifes-coral\/#primaryimage"},"image":{"@id":"https:\/\/www.aquanautelnido.com\/es\/cursos-padi\/especialidad\/especialidad-aware-conservacion-arrecifes-coral\/#primaryimage"},"thumbnailUrl":"http:\/\/www.aquanautelnido.com\/wp-content\/uploads\/2014\/10\/PADI_hor_T.png","datePublished":"2015-11-28T11:13:06+00:00","dateModified":"2025-04-09T09:49:50+00:00","description":"Curso de Especialidad AWARE Conservaci\u00f3n de los Arrecifes de Coral en El Nido, Filipinas. Aprende la compleja naturaleza de los arrcifes de coral.","breadcrumb":{"@id":"https:\/\/www.aquanautelnido.com\/es\/cursos-padi\/especialidad\/especialidad-aware-conservacion-arrecifes-coral\/#breadcrumb"},"inLanguage":"es","potentialAction":[{"@type":"ReadAction","target":["https:\/\/www.aquanautelnido.com\/es\/cursos-padi\/especialidad\/especialidad-aware-conservacion-arrecifes-coral\/"]}]},{"@type":"ImageObject","inLanguage":"es","@id":"https:\/\/www.aquanautelnido.com\/es\/cursos-padi\/especialidad\/especialidad-aware-conservacion-arrecifes-coral\/#primaryimage","url":"http:\/\/www.aquanautelnido.com\/wp-content\/uploads\/2014\/10\/PADI_hor_T.png","contentUrl":"http:\/\/www.aquanautelnido.com\/wp-content\/uploads\/2014\/10\/PADI_hor_T.png"},{"@type":"BreadcrumbList","@id":"https:\/\/www.aquanautelnido.com\/es\/cursos-padi\/especialidad\/especialidad-aware-conservacion-arrecifes-coral\/#breadcrumb","itemListElement":[{"@type":"ListItem","position":1,"name":"Home","item":"https:\/\/www.aquanautelnido.com\/es\/"},{"@type":"ListItem","position":2,"name":"Cursos de buceo PADI","item":"https:\/\/www.aquanautelnido.com\/padi-courses\/"},{"@type":"ListItem","position":3,"name":"Cursos de Especialidad PADI","item":"https:\/\/www.aquanautelnido.com\/padi-courses\/padi-specialties\/"},{"@type":"ListItem","position":4,"name":"Especialidad AWARE Conservaci\u00f3n de los Arrecifes de Coral"}]},{"@type":"WebSite","@id":"https:\/\/www.aquanautelnido.com\/fr\/#website","url":"https:\/\/www.aquanautelnido.com\/fr\/","name":"Aquanaut Dive Center","description":"Scuba Diving in El Nido, Palawan, Philippines","potentialAction":[{"@type":"SearchAction","target":{"@type":"EntryPoint","urlTemplate":"https:\/\/www.aquanautelnido.com\/fr\/?s={search_term_string}"},"query-input":{"@type":"PropertyValueSpecification","valueRequired":true,"valueName":"search_term_string"}}],"inLanguage":"es"}]}},"_links":{"self":[{"href":"https:\/\/www.aquanautelnido.com\/es\/wp-json\/wp\/v2\/pages\/11092","targetHints":{"allow":["GET"]}}],"collection":[{"href":"https:\/\/www.aquanautelnido.com\/es\/wp-json\/wp\/v2\/pages"}],"about":[{"href":"https:\/\/www.aquanautelnido.com\/es\/wp-json\/wp\/v2\/types\/page"}],"author":[{"embeddable":true,"href":"https:\/\/www.aquanautelnido.com\/es\/wp-json\/wp\/v2\/users\/1"}],"replies":[{"embeddable":true,"href":"https:\/\/www.aquanautelnido.com\/es\/wp-json\/wp\/v2\/comments?post=11092"}],"version-history":[{"count":8,"href":"https:\/\/www.aquanautelnido.com\/es\/wp-json\/wp\/v2\/pages\/11092\/revisions"}],"predecessor-version":[{"id":14258,"href":"https:\/\/www.aquanautelnido.com\/es\/wp-json\/wp\/v2\/pages\/11092\/revisions\/14258"}],"up":[{"embeddable":true,"href":"https:\/\/www.aquanautelnido.com\/es\/wp-json\/wp\/v2\/pages\/11215"}],"wp:attachment":[{"href":"https:\/\/www.aquanautelnido.com\/es\/wp-json\/wp\/v2\/media?parent=11092"}],"curies":[{"name":"wp","href":"https:\/\/api.w.org\/{rel}","templated":true}]}}