{"id":11099,"date":"2015-11-28T19:20:21","date_gmt":"2015-11-28T11:20:21","guid":{"rendered":"http:\/\/www.aquanautelnido.com\/es\/emergency-oxygen-provider\/"},"modified":"2025-04-09T17:52:31","modified_gmt":"2025-04-09T09:52:31","slug":"especialidad-proveedor-oxigeno-emergencia","status":"publish","type":"page","link":"https:\/\/www.aquanautelnido.com\/es\/cursos-padi\/especialidad\/especialidad-proveedor-oxigeno-emergencia\/","title":{"rendered":"Especialidad Proveedor de ox\u00edgeno de emergencia"},"content":{"rendered":"<div class=\"wpb-content-wrapper\">[vc_row row_type=\u00bbsection\u00bb type=\u00bbfull_width\u00bb padding_top=\u00bb20&#8243; padding_bottom=\u00bb0&#8243;][vc_column][vc_column_text]\n<h1>Especialidad Proveedor de Ox\u00edgeno de Emergencia<\/h1>\n[\/vc_column_text][vc_separator type=\u00bbtransparent\u00bb up=\u00bb2&#8243; down=\u00bb4&#8243;][\/vc_column][\/vc_row][vc_row row_type=\u00bbsection\u00bb type=\u00bbfull_width\u00bb padding_top=\u00bb20&#8243; padding_bottom=\u00bb0&#8243;][vc_column width=\u00bb2\/3&#8243;][vc_separator type=\u00bbtransparent\u00bb up=\u00bb8&#8243; down=\u00bb0&#8243;][vc_separator type=\u00bbtransparent\u00bb up=\u00bb8&#8243; down=\u00bb0&#8243;][vc_column_text]<span lang=\"es\">A trav\u00e9s de el curso de especialidad Proveedor de ox\u00edgeno de emergencia\u00a0vas\u00a0a aprender a montar y desmontar los equipos de ox\u00edgeno, la forma de administrar el ox\u00edgeno, el uso de mascarilla sin retorno, as\u00ed como la forma de aplicar una m\u00e1scara de bolsillo a\u00a0un buceador que no respirar .<\/span>[\/vc_column_text][vc_separator type=\u00bbtransparent\u00bb up=\u00bb2&#8243; down=\u00bb4&#8243;][vc_column_text]<span lang=\"es\">Este curso es adecuado para buceadores, tripulaci\u00f3n de barco, socorristas y cualquier persona que quiera estar listo para ayudar a otros. Tambi\u00e9n es un complemento perfecto para el curso PADI Rescue Diver y la formaci\u00f3n del curso de Primeros Auxilios (Emergency First Response). Adem\u00e1s, muchos centros de buceo est\u00e1n estableciendo como requisito profesional para su personal de buceo.<\/span>[\/vc_column_text][vc_separator type=\u00bbtransparent\u00bb up=\u00bb2&#8243; down=\u00bb4&#8243;][vc_column_text]<a href=\"http:\/\/www.aquanautelnido.com\/es\/contacto\/\">No dudes en ponerte en contacto con nosotros por cualquier pregunta que tengas.<\/a>[\/vc_column_text][\/vc_column][vc_column width=\u00bb1\/3&#8243;][vc_separator type=\u00bbtransparent\u00bb up=\u00bb4&#8243; down=\u00bb8&#8243;][vc_separator type=\u00bbtransparent\u00bb up=\u00bb4&#8243; down=\u00bb8&#8243;]<div class='q_price_table'><div class='price_table_inner'><ul><li class='prices'><div class='price_in_table'><sup class='value'>\u20b1<\/sup><span class='price'>6,000<\/span><sub class='mark'>\/mo<\/sub><\/div><\/li><li class='cell table_title'>Proveedor de Ox\u00edgeno de Emergencia<\/li><img decoding=\"async\" src=\"http:\/\/www.aquanautelnido.com\/wp-content\/uploads\/2014\/10\/PADI_hor_T.png\" alt=\"\" \/><\/p>\n<p>Duraci\u00f3n: medio\u00a0d\u00eda<\/p>\n<p>Nivel m\u00ednimo requerido :\u00a0ninguno<\/p>\n<p><span lang=\"es\">Edad m\u00ednima:\u00a0ninguna<\/span><li class='price_button'><a class='qbutton normal' href='https:\/\/www.aquanautelnido.com\/es\/contacto\/' target='_blank'>Contacto<\/a><\/li><\/ul><\/div><\/div>[vc_column_text css=\u00bb\u00bb]\n<p style=\"text-align: center;\"><strong>RESERVE AHORA !<\/strong><\/p>\n[\/vc_column_text][vc_raw_html css=\u00bb\u00bb]JTVCYm9va2x5LXNlcnZpY2VzLWZvcm0lMjBlbWVyZ2VuY3ktb3h5Z2VuLXByb3ZpZGVyJTVE[\/vc_raw_html][\/vc_column][\/vc_row]\n<\/div>","protected":false},"excerpt":{"rendered":"<p>[vc_row row_type=\u00bbsection\u00bb type=\u00bbfull_width\u00bb padding_top=\u00bb20&#8243; padding_bottom=\u00bb0&#8243;][vc_column][vc_column_text] Especialidad Proveedor de Ox\u00edgeno de Emergencia [\/vc_column_text][vc_separator type=\u00bbtransparent\u00bb up=\u00bb2&#8243; down=\u00bb4&#8243;][\/vc_column][\/vc_row][vc_row row_type=\u00bbsection\u00bb type=\u00bbfull_width\u00bb padding_top=\u00bb20&#8243; padding_bottom=\u00bb0&#8243;][vc_column width=\u00bb2\/3&#8243;][vc_separator type=\u00bbtransparent\u00bb up=\u00bb8&#8243; down=\u00bb0&#8243;][vc_separator type=\u00bbtransparent\u00bb up=\u00bb8&#8243; down=\u00bb0&#8243;][vc_column_text]A trav\u00e9s de el curso de especialidad Proveedor de ox\u00edgeno de emergencia\u00a0vas\u00a0a aprender a montar&#8230;<\/p>\n","protected":false},"author":1,"featured_media":0,"parent":11215,"menu_order":6,"comment_status":"closed","ping_status":"closed","template":"","meta":{"footnotes":""},"class_list":["post-11099","page","type-page","status-publish","hentry"],"yoast_head":"<!-- This site is optimized with the Yoast SEO plugin v26.4 - https:\/\/yoast.com\/wordpress\/plugins\/seo\/ -->\n<title>Especialidad Proveedor de ox\u00edgeno de emergencia<\/title>\n<meta name=\"description\" content=\"Curso de Especialidad Proveedor de ox\u00edgeno de emergencia. Aprende como administrar ox\u00edgeno en cualquier caso de emergencia.\" \/>\n<meta name=\"robots\" content=\"index, follow, max-snippet:-1, max-image-preview:large, max-video-preview:-1\" \/>\n<link rel=\"canonical\" href=\"https:\/\/www.aquanautelnido.com\/es\/cursos-padi\/especialidad\/especialidad-proveedor-oxigeno-emergencia\/\" \/>\n<meta property=\"og:locale\" content=\"es_ES\" \/>\n<meta property=\"og:type\" content=\"article\" \/>\n<meta property=\"og:title\" content=\"Especialidad Proveedor de ox\u00edgeno de emergencia\" \/>\n<meta property=\"og:description\" content=\"Curso de Especialidad Proveedor de ox\u00edgeno de emergencia. Aprende como administrar ox\u00edgeno en cualquier caso de emergencia.\" \/>\n<meta property=\"og:url\" content=\"https:\/\/www.aquanautelnido.com\/es\/cursos-padi\/especialidad\/especialidad-proveedor-oxigeno-emergencia\/\" \/>\n<meta property=\"og:site_name\" content=\"Aquanaut Dive Center\" \/>\n<meta property=\"article:publisher\" content=\"https:\/\/www.facebook.com\/Aquanautelnido\" \/>\n<meta property=\"article:modified_time\" content=\"2025-04-09T09:52:31+00:00\" \/>\n<meta property=\"og:image\" content=\"http:\/\/www.aquanautelnido.com\/wp-content\/uploads\/2014\/10\/PADI_hor_T.png\" \/>\n<meta name=\"twitter:card\" content=\"summary_large_image\" \/>\n<meta name=\"twitter:label1\" content=\"Tiempo de lectura\" \/>\n\t<meta name=\"twitter:data1\" content=\"2 minutos\" \/>\n<script type=\"application\/ld+json\" class=\"yoast-schema-graph\">{\"@context\":\"https:\/\/schema.org\",\"@graph\":[{\"@type\":\"WebPage\",\"@id\":\"https:\/\/www.aquanautelnido.com\/es\/cursos-padi\/especialidad\/especialidad-proveedor-oxigeno-emergencia\/\",\"url\":\"https:\/\/www.aquanautelnido.com\/es\/cursos-padi\/especialidad\/especialidad-proveedor-oxigeno-emergencia\/\",\"name\":\"Especialidad Proveedor de ox\u00edgeno de emergencia\",\"isPartOf\":{\"@id\":\"https:\/\/www.aquanautelnido.com\/fr\/#website\"},\"primaryImageOfPage\":{\"@id\":\"https:\/\/www.aquanautelnido.com\/es\/cursos-padi\/especialidad\/especialidad-proveedor-oxigeno-emergencia\/#primaryimage\"},\"image\":{\"@id\":\"https:\/\/www.aquanautelnido.com\/es\/cursos-padi\/especialidad\/especialidad-proveedor-oxigeno-emergencia\/#primaryimage\"},\"thumbnailUrl\":\"http:\/\/www.aquanautelnido.com\/wp-content\/uploads\/2014\/10\/PADI_hor_T.png\",\"datePublished\":\"2015-11-28T11:20:21+00:00\",\"dateModified\":\"2025-04-09T09:52:31+00:00\",\"description\":\"Curso de Especialidad Proveedor de ox\u00edgeno de emergencia. Aprende como administrar ox\u00edgeno en cualquier caso de emergencia.\",\"breadcrumb\":{\"@id\":\"https:\/\/www.aquanautelnido.com\/es\/cursos-padi\/especialidad\/especialidad-proveedor-oxigeno-emergencia\/#breadcrumb\"},\"inLanguage\":\"es\",\"potentialAction\":[{\"@type\":\"ReadAction\",\"target\":[\"https:\/\/www.aquanautelnido.com\/es\/cursos-padi\/especialidad\/especialidad-proveedor-oxigeno-emergencia\/\"]}]},{\"@type\":\"ImageObject\",\"inLanguage\":\"es\",\"@id\":\"https:\/\/www.aquanautelnido.com\/es\/cursos-padi\/especialidad\/especialidad-proveedor-oxigeno-emergencia\/#primaryimage\",\"url\":\"http:\/\/www.aquanautelnido.com\/wp-content\/uploads\/2014\/10\/PADI_hor_T.png\",\"contentUrl\":\"http:\/\/www.aquanautelnido.com\/wp-content\/uploads\/2014\/10\/PADI_hor_T.png\"},{\"@type\":\"BreadcrumbList\",\"@id\":\"https:\/\/www.aquanautelnido.com\/es\/cursos-padi\/especialidad\/especialidad-proveedor-oxigeno-emergencia\/#breadcrumb\",\"itemListElement\":[{\"@type\":\"ListItem\",\"position\":1,\"name\":\"Home\",\"item\":\"https:\/\/www.aquanautelnido.com\/es\/\"},{\"@type\":\"ListItem\",\"position\":2,\"name\":\"Cursos de buceo PADI\",\"item\":\"https:\/\/www.aquanautelnido.com\/padi-courses\/\"},{\"@type\":\"ListItem\",\"position\":3,\"name\":\"Cursos de Especialidad PADI\",\"item\":\"https:\/\/www.aquanautelnido.com\/padi-courses\/padi-specialties\/\"},{\"@type\":\"ListItem\",\"position\":4,\"name\":\"Especialidad Proveedor de ox\u00edgeno de emergencia\"}]},{\"@type\":\"WebSite\",\"@id\":\"https:\/\/www.aquanautelnido.com\/fr\/#website\",\"url\":\"https:\/\/www.aquanautelnido.com\/fr\/\",\"name\":\"Aquanaut Dive Center\",\"description\":\"Scuba Diving in El Nido, Palawan, Philippines\",\"potentialAction\":[{\"@type\":\"SearchAction\",\"target\":{\"@type\":\"EntryPoint\",\"urlTemplate\":\"https:\/\/www.aquanautelnido.com\/fr\/?s={search_term_string}\"},\"query-input\":{\"@type\":\"PropertyValueSpecification\",\"valueRequired\":true,\"valueName\":\"search_term_string\"}}],\"inLanguage\":\"es\"}]}<\/script>\n<!-- \/ Yoast SEO plugin. -->","yoast_head_json":{"title":"Especialidad Proveedor de ox\u00edgeno de emergencia","description":"Curso de Especialidad Proveedor de ox\u00edgeno de emergencia. Aprende como administrar ox\u00edgeno en cualquier caso de emergencia.","robots":{"index":"index","follow":"follow","max-snippet":"max-snippet:-1","max-image-preview":"max-image-preview:large","max-video-preview":"max-video-preview:-1"},"canonical":"https:\/\/www.aquanautelnido.com\/es\/cursos-padi\/especialidad\/especialidad-proveedor-oxigeno-emergencia\/","og_locale":"es_ES","og_type":"article","og_title":"Especialidad Proveedor de ox\u00edgeno de emergencia","og_description":"Curso de Especialidad Proveedor de ox\u00edgeno de emergencia. Aprende como administrar ox\u00edgeno en cualquier caso de emergencia.","og_url":"https:\/\/www.aquanautelnido.com\/es\/cursos-padi\/especialidad\/especialidad-proveedor-oxigeno-emergencia\/","og_site_name":"Aquanaut Dive Center","article_publisher":"https:\/\/www.facebook.com\/Aquanautelnido","article_modified_time":"2025-04-09T09:52:31+00:00","og_image":[{"url":"http:\/\/www.aquanautelnido.com\/wp-content\/uploads\/2014\/10\/PADI_hor_T.png","type":"","width":"","height":""}],"twitter_card":"summary_large_image","twitter_misc":{"Tiempo de lectura":"2 minutos"},"schema":{"@context":"https:\/\/schema.org","@graph":[{"@type":"WebPage","@id":"https:\/\/www.aquanautelnido.com\/es\/cursos-padi\/especialidad\/especialidad-proveedor-oxigeno-emergencia\/","url":"https:\/\/www.aquanautelnido.com\/es\/cursos-padi\/especialidad\/especialidad-proveedor-oxigeno-emergencia\/","name":"Especialidad Proveedor de ox\u00edgeno de emergencia","isPartOf":{"@id":"https:\/\/www.aquanautelnido.com\/fr\/#website"},"primaryImageOfPage":{"@id":"https:\/\/www.aquanautelnido.com\/es\/cursos-padi\/especialidad\/especialidad-proveedor-oxigeno-emergencia\/#primaryimage"},"image":{"@id":"https:\/\/www.aquanautelnido.com\/es\/cursos-padi\/especialidad\/especialidad-proveedor-oxigeno-emergencia\/#primaryimage"},"thumbnailUrl":"http:\/\/www.aquanautelnido.com\/wp-content\/uploads\/2014\/10\/PADI_hor_T.png","datePublished":"2015-11-28T11:20:21+00:00","dateModified":"2025-04-09T09:52:31+00:00","description":"Curso de Especialidad Proveedor de ox\u00edgeno de emergencia. Aprende como administrar ox\u00edgeno en cualquier caso de emergencia.","breadcrumb":{"@id":"https:\/\/www.aquanautelnido.com\/es\/cursos-padi\/especialidad\/especialidad-proveedor-oxigeno-emergencia\/#breadcrumb"},"inLanguage":"es","potentialAction":[{"@type":"ReadAction","target":["https:\/\/www.aquanautelnido.com\/es\/cursos-padi\/especialidad\/especialidad-proveedor-oxigeno-emergencia\/"]}]},{"@type":"ImageObject","inLanguage":"es","@id":"https:\/\/www.aquanautelnido.com\/es\/cursos-padi\/especialidad\/especialidad-proveedor-oxigeno-emergencia\/#primaryimage","url":"http:\/\/www.aquanautelnido.com\/wp-content\/uploads\/2014\/10\/PADI_hor_T.png","contentUrl":"http:\/\/www.aquanautelnido.com\/wp-content\/uploads\/2014\/10\/PADI_hor_T.png"},{"@type":"BreadcrumbList","@id":"https:\/\/www.aquanautelnido.com\/es\/cursos-padi\/especialidad\/especialidad-proveedor-oxigeno-emergencia\/#breadcrumb","itemListElement":[{"@type":"ListItem","position":1,"name":"Home","item":"https:\/\/www.aquanautelnido.com\/es\/"},{"@type":"ListItem","position":2,"name":"Cursos de buceo PADI","item":"https:\/\/www.aquanautelnido.com\/padi-courses\/"},{"@type":"ListItem","position":3,"name":"Cursos de Especialidad PADI","item":"https:\/\/www.aquanautelnido.com\/padi-courses\/padi-specialties\/"},{"@type":"ListItem","position":4,"name":"Especialidad Proveedor de ox\u00edgeno de emergencia"}]},{"@type":"WebSite","@id":"https:\/\/www.aquanautelnido.com\/fr\/#website","url":"https:\/\/www.aquanautelnido.com\/fr\/","name":"Aquanaut Dive Center","description":"Scuba Diving in El Nido, Palawan, Philippines","potentialAction":[{"@type":"SearchAction","target":{"@type":"EntryPoint","urlTemplate":"https:\/\/www.aquanautelnido.com\/fr\/?s={search_term_string}"},"query-input":{"@type":"PropertyValueSpecification","valueRequired":true,"valueName":"search_term_string"}}],"inLanguage":"es"}]}},"_links":{"self":[{"href":"https:\/\/www.aquanautelnido.com\/es\/wp-json\/wp\/v2\/pages\/11099","targetHints":{"allow":["GET"]}}],"collection":[{"href":"https:\/\/www.aquanautelnido.com\/es\/wp-json\/wp\/v2\/pages"}],"about":[{"href":"https:\/\/www.aquanautelnido.com\/es\/wp-json\/wp\/v2\/types\/page"}],"author":[{"embeddable":true,"href":"https:\/\/www.aquanautelnido.com\/es\/wp-json\/wp\/v2\/users\/1"}],"replies":[{"embeddable":true,"href":"https:\/\/www.aquanautelnido.com\/es\/wp-json\/wp\/v2\/comments?post=11099"}],"version-history":[{"count":12,"href":"https:\/\/www.aquanautelnido.com\/es\/wp-json\/wp\/v2\/pages\/11099\/revisions"}],"predecessor-version":[{"id":14260,"href":"https:\/\/www.aquanautelnido.com\/es\/wp-json\/wp\/v2\/pages\/11099\/revisions\/14260"}],"up":[{"embeddable":true,"href":"https:\/\/www.aquanautelnido.com\/es\/wp-json\/wp\/v2\/pages\/11215"}],"wp:attachment":[{"href":"https:\/\/www.aquanautelnido.com\/es\/wp-json\/wp\/v2\/media?parent=11099"}],"curies":[{"name":"wp","href":"https:\/\/api.w.org\/{rel}","templated":true}]}}