{"id":11109,"date":"2014-08-01T15:06:25","date_gmt":"2014-08-01T14:06:25","guid":{"rendered":"http:\/\/www.aquanautelnido.com\/es\/fun-dive\/"},"modified":"2017-09-24T18:14:01","modified_gmt":"2017-09-24T10:14:01","slug":"salidas-buceo","status":"publish","type":"page","link":"https:\/\/www.aquanautelnido.com\/es\/salidas-buceo\/","title":{"rendered":"Salidas de Buceo"},"content":{"rendered":"<div class=\"wpb-content-wrapper\">[vc_row row_type=\u00bbsection\u00bb padding_top=\u00bb0&#8243; padding_bottom=\u00bb20&#8243;][vc_column width=\u00bb1\/3&#8243;]\n<div class='q_icon_with_title small '><div class=\"icon_holder \" style=\" transition-delay: 200ms; -webkit-transition-delay: 200ms; -moz-transition-delay: 200ms; -o-transition-delay: 200ms;\"><span style=\"\" class=\"font_awsome_icon fa-2x \"><i class=\"fa fa-sun-o\" style=\"\"><\/i><\/span><\/div><div class=\"icon_text_holder\"><div class=\"icon_text_inner\" style=\"\"><h4 class=\"icon_title\" style=\"\">Salidas diarias de Buceo<\/h4><p style=''><\/p><\/div><\/div><\/div>\n[vc_column_text]<span lang=\"es\">Ven con nosotros en nuestras salidas diarias de buceo,\u00a0para sumergirte\u00a0en uno de los lugares m\u00e1s singulares y fascinantes del mundo, la Bah\u00eda de Bacuit en El Nido, Palawan, Filipinas. <a href=\"http:\/\/www.aquanautelnido.com\/es\/salidas-buceo\/salidas-diarias\/\">Lee m\u00e1s sobre Inmersiones diarias<\/a>.<\/span>[\/vc_column_text][\/vc_column][vc_column width=\u00bb1\/3&#8243;]\n<div class='q_icon_with_title small '><div class=\"icon_holder \" style=\" transition-delay: 200ms; -webkit-transition-delay: 200ms; -moz-transition-delay: 200ms; -o-transition-delay: 200ms;\"><span style=\"\" class=\"font_awsome_icon fa-2x \"><i class=\"fa fa-bolt\" style=\"\"><\/i><\/span><\/div><div class=\"icon_text_holder\"><div class=\"icon_text_inner\" style=\"\"><h4 class=\"icon_title\" style=\"\">Buceo Fluo<\/h4><p style=''><\/p><\/div><\/div><\/div>[vc_column_text]\n<div class=\"wpb_text_column wpb_content_element \">\n<div class=\"wpb_wrapper\">\n<p>Imag\u00ednate flotando en una discoteca insonora,\u00a0con corales y criaturas de ne\u00f3n que brillan en la oscuridad como una escena nocturna de la pel\u00edcula Avatar&#8230; esto es un Buceo Fluo! La \u00faltima experiencia en submarinismo\u00a0que te volver\u00e1 loco. <a href=\"http:\/\/www.aquanautelnido.com\/es\/salidas-buceo\/buceo-fluo\/\">Lee m\u00e1s sobre Buceo\u00a0Fluo<\/a>.<\/p>\n<\/div>\n<\/div>\n[\/vc_column_text][\/vc_column][vc_column width=\u00bb1\/3&#8243;]<div class='q_icon_with_title small '><div class=\"icon_holder \" style=\" transition-delay: 200ms; -webkit-transition-delay: 200ms; -moz-transition-delay: 200ms; -o-transition-delay: 200ms;\"><span style=\"\" class=\"font_awsome_icon fa-2x \"><i class=\"fa fa-moon-o\" style=\"\"><\/i><\/span><\/div><div class=\"icon_text_holder\"><div class=\"icon_text_inner\" style=\"\"><h4 class=\"icon_title\" style=\"\">Buceo nocturno<\/h4><p style=''><\/p><\/div><\/div><\/div>[vc_column_text]<span lang=\"es\">Cuando cae el sol y la oscuridad acecha, una gran variedad de animales marinos toma vida. Ven a bucear\u00a0con nosotros por la noche\u00a0para explorar los arrecifes de coral de El Nido. <a href=\"http:\/\/www.aquanautelnido.com\/es\/salidas-buceo\/buceo-nocturno\/\">Lee m\u00e1s sobre Buceo\u00a0nocturno<\/a>.<\/span>[\/vc_column_text][\/vc_column][\/vc_row][vc_row row_type=\u00bbsection\u00bb padding_top=\u00bb0&#8243; padding_bottom=\u00bb30&#8243;][vc_column][vc_gallery type=\u00bbimage_grid\u00bb images=\u00bb11660,10011,8342&#8243; img_size=\u00bbmedium\u00bb onclick=\u00bbcustom_link\u00bb custom_links_target=\u00bb_blank\u00bb column_number=\u00bb3&#8243; custom_links=\u00bbhttp:\/\/www.aquanautelnido.com\/fun-dive\/daily-trips\/,http:\/\/www.aquanautelnido.com\/fun-dive\/fluo-diving\/,http:\/\/www.aquanautelnido.com\/fun-dive\/night-dive\/\u00bb][\/vc_column][\/vc_row]\n[vc_row row_type=\u00bbsection\u00bb padding_bottom=\u00bb0&#8243;][vc_column width=\u00bb1\/2&#8243;]<div class=\"q_image_with_text_over \"><div class=\"shader\"><\/div><img decoding=\"async\" src=\"https:\/\/www.aquanautelnido.com\/wp-content\/uploads\/2016\/07\/PADIcourses.jpg\" alt=\"Reserva tu curso con PADI eLearning\" \/><div class=\"text\"><table><tr><td><h2 class=\"caption no_icon\" style=\"\">Reserva tu curso con PADI eLearning<\/h2><\/td><\/tr><\/table><table><tr><td><div class=\"desc\">\n<h1><a href=\"http:\/\/www.aquanautelnido.com\/es\/cursos-padi\/\">Reserva tu curso con PADI eLearning<\/a><\/h1>\n<\/div><\/td><\/tr><\/table><\/div><\/div>[\/vc_column][vc_column width=\u00bb1\/2&#8243;]<div class=\"q_image_with_text_over \"><div class=\"shader\"><\/div><img decoding=\"async\" src=\"https:\/\/www.aquanautelnido.com\/wp-content\/uploads\/2016\/07\/FunDives2.jpeg\" alt=\"Bautizo PADI, una experiencia inolvidable\" \/><div class=\"text\"><table><tr><td><h2 class=\"caption no_icon\" style=\"\">Bautizo PADI, una experiencia inolvidable<\/h2><\/td><\/tr><\/table><table><tr><td><div class=\"desc\">\n<h1><a href=\"http:\/\/www.aquanautelnido.com\/es\/cursos-padi\/bautizo-buceo\/\">Bautizo\u00a0PADI, una experiencia inolvidable<\/a><\/h1>\n<\/div><\/td><\/tr><\/table><\/div><\/div>[\/vc_column][\/vc_row][vc_row row_type=\u00bbsection\u00bb][vc_column]<div class=\"q_image_with_text_over \"><div class=\"shader\"><\/div><img decoding=\"async\" src=\"https:\/\/www.aquanautelnido.com\/wp-content\/uploads\/2016\/07\/BangkaPapaya60-scaled.jpg\" alt=\"Planifica tu viaje a El Nido, Filipinas\" \/><div class=\"text\"><table><tr><td><h2 class=\"caption no_icon\" style=\"\">Planifica tu viaje a El Nido, Filipinas<\/h2><\/td><\/tr><\/table><table><tr><td><div class=\"desc\">\n<h1><a href=\"http:\/\/www.aquanautelnido.com\/es\/planifica-viaje-el-nido\/\">Planifica tu viaje a El Nido, Filipinas<\/a><\/h1>\n<\/div><\/td><\/tr><\/table><\/div><\/div>[\/vc_column][\/vc_row]\n<\/div>","protected":false},"excerpt":{"rendered":"<p>[vc_row row_type=\u00bbsection\u00bb padding_top=\u00bb0&#8243; padding_bottom=\u00bb20&#8243;][vc_column width=\u00bb1\/3&#8243;] [vc_column_text]Ven con nosotros en nuestras salidas diarias de buceo,\u00a0para sumergirte\u00a0en uno de los lugares m\u00e1s singulares y fascinantes del mundo, la Bah\u00eda de Bacuit en El Nido, Palawan, Filipinas. Lee m\u00e1s sobre Inmersiones diarias.[\/vc_column_text][\/vc_column][vc_column width=\u00bb1\/3&#8243;]&#8230;<\/p>\n","protected":false},"author":1,"featured_media":0,"parent":0,"menu_order":3,"comment_status":"closed","ping_status":"closed","template":"","meta":{"footnotes":""},"class_list":["post-11109","page","type-page","status-publish","hentry"],"yoast_head":"<!-- This site is optimized with the Yoast SEO plugin v26.4 - https:\/\/yoast.com\/wordpress\/plugins\/seo\/ -->\n<title>Buceo El Nido, Buceo Filipinas - Aquanaut Dive Center<\/title>\n<meta name=\"description\" content=\"PADI 5 Star Resort. Buceo El Nido. Buceo Filipinas. Ofrecemos buceo Fluo, buceo nocturno y salidas diarias de buceo Palawan.\" \/>\n<meta name=\"robots\" content=\"index, follow, max-snippet:-1, max-image-preview:large, max-video-preview:-1\" \/>\n<link rel=\"canonical\" href=\"https:\/\/www.aquanautelnido.com\/es\/salidas-buceo\/\" \/>\n<meta property=\"og:locale\" content=\"es_ES\" \/>\n<meta property=\"og:type\" content=\"article\" \/>\n<meta property=\"og:title\" content=\"Buceo El Nido, Buceo Filipinas - Aquanaut Dive Center\" \/>\n<meta property=\"og:description\" content=\"PADI 5 Star Resort. Buceo El Nido. Buceo Filipinas. Ofrecemos buceo Fluo, buceo nocturno y salidas diarias de buceo Palawan.\" \/>\n<meta property=\"og:url\" content=\"https:\/\/www.aquanautelnido.com\/es\/salidas-buceo\/\" \/>\n<meta property=\"og:site_name\" content=\"Aquanaut Dive Center\" \/>\n<meta property=\"article:publisher\" content=\"https:\/\/www.facebook.com\/Aquanautelnido\" \/>\n<meta property=\"article:modified_time\" content=\"2017-09-24T10:14:01+00:00\" \/>\n<meta name=\"twitter:card\" content=\"summary_large_image\" \/>\n<meta name=\"twitter:label1\" content=\"Tiempo de lectura\" \/>\n\t<meta name=\"twitter:data1\" content=\"2 minutos\" \/>\n<script type=\"application\/ld+json\" class=\"yoast-schema-graph\">{\"@context\":\"https:\/\/schema.org\",\"@graph\":[{\"@type\":\"WebPage\",\"@id\":\"https:\/\/www.aquanautelnido.com\/es\/salidas-buceo\/\",\"url\":\"https:\/\/www.aquanautelnido.com\/es\/salidas-buceo\/\",\"name\":\"Buceo El Nido, Buceo Filipinas - Aquanaut Dive Center\",\"isPartOf\":{\"@id\":\"https:\/\/www.aquanautelnido.com\/fr\/#website\"},\"datePublished\":\"2014-08-01T14:06:25+00:00\",\"dateModified\":\"2017-09-24T10:14:01+00:00\",\"description\":\"PADI 5 Star Resort. Buceo El Nido. Buceo Filipinas. Ofrecemos buceo Fluo, buceo nocturno y salidas diarias de buceo Palawan.\",\"breadcrumb\":{\"@id\":\"https:\/\/www.aquanautelnido.com\/es\/salidas-buceo\/#breadcrumb\"},\"inLanguage\":\"es\",\"potentialAction\":[{\"@type\":\"ReadAction\",\"target\":[\"https:\/\/www.aquanautelnido.com\/es\/salidas-buceo\/\"]}]},{\"@type\":\"BreadcrumbList\",\"@id\":\"https:\/\/www.aquanautelnido.com\/es\/salidas-buceo\/#breadcrumb\",\"itemListElement\":[{\"@type\":\"ListItem\",\"position\":1,\"name\":\"Home\",\"item\":\"https:\/\/www.aquanautelnido.com\/es\/\"},{\"@type\":\"ListItem\",\"position\":2,\"name\":\"Salidas de Buceo\"}]},{\"@type\":\"WebSite\",\"@id\":\"https:\/\/www.aquanautelnido.com\/fr\/#website\",\"url\":\"https:\/\/www.aquanautelnido.com\/fr\/\",\"name\":\"Aquanaut Dive Center\",\"description\":\"Scuba Diving in El Nido, Palawan, Philippines\",\"potentialAction\":[{\"@type\":\"SearchAction\",\"target\":{\"@type\":\"EntryPoint\",\"urlTemplate\":\"https:\/\/www.aquanautelnido.com\/fr\/?s={search_term_string}\"},\"query-input\":{\"@type\":\"PropertyValueSpecification\",\"valueRequired\":true,\"valueName\":\"search_term_string\"}}],\"inLanguage\":\"es\"}]}<\/script>\n<!-- \/ Yoast SEO plugin. -->","yoast_head_json":{"title":"Buceo El Nido, Buceo Filipinas - Aquanaut Dive Center","description":"PADI 5 Star Resort. Buceo El Nido. Buceo Filipinas. Ofrecemos buceo Fluo, buceo nocturno y salidas diarias de buceo Palawan.","robots":{"index":"index","follow":"follow","max-snippet":"max-snippet:-1","max-image-preview":"max-image-preview:large","max-video-preview":"max-video-preview:-1"},"canonical":"https:\/\/www.aquanautelnido.com\/es\/salidas-buceo\/","og_locale":"es_ES","og_type":"article","og_title":"Buceo El Nido, Buceo Filipinas - Aquanaut Dive Center","og_description":"PADI 5 Star Resort. Buceo El Nido. Buceo Filipinas. Ofrecemos buceo Fluo, buceo nocturno y salidas diarias de buceo Palawan.","og_url":"https:\/\/www.aquanautelnido.com\/es\/salidas-buceo\/","og_site_name":"Aquanaut Dive Center","article_publisher":"https:\/\/www.facebook.com\/Aquanautelnido","article_modified_time":"2017-09-24T10:14:01+00:00","twitter_card":"summary_large_image","twitter_misc":{"Tiempo de lectura":"2 minutos"},"schema":{"@context":"https:\/\/schema.org","@graph":[{"@type":"WebPage","@id":"https:\/\/www.aquanautelnido.com\/es\/salidas-buceo\/","url":"https:\/\/www.aquanautelnido.com\/es\/salidas-buceo\/","name":"Buceo El Nido, Buceo Filipinas - Aquanaut Dive Center","isPartOf":{"@id":"https:\/\/www.aquanautelnido.com\/fr\/#website"},"datePublished":"2014-08-01T14:06:25+00:00","dateModified":"2017-09-24T10:14:01+00:00","description":"PADI 5 Star Resort. Buceo El Nido. Buceo Filipinas. Ofrecemos buceo Fluo, buceo nocturno y salidas diarias de buceo Palawan.","breadcrumb":{"@id":"https:\/\/www.aquanautelnido.com\/es\/salidas-buceo\/#breadcrumb"},"inLanguage":"es","potentialAction":[{"@type":"ReadAction","target":["https:\/\/www.aquanautelnido.com\/es\/salidas-buceo\/"]}]},{"@type":"BreadcrumbList","@id":"https:\/\/www.aquanautelnido.com\/es\/salidas-buceo\/#breadcrumb","itemListElement":[{"@type":"ListItem","position":1,"name":"Home","item":"https:\/\/www.aquanautelnido.com\/es\/"},{"@type":"ListItem","position":2,"name":"Salidas de Buceo"}]},{"@type":"WebSite","@id":"https:\/\/www.aquanautelnido.com\/fr\/#website","url":"https:\/\/www.aquanautelnido.com\/fr\/","name":"Aquanaut Dive Center","description":"Scuba Diving in El Nido, Palawan, Philippines","potentialAction":[{"@type":"SearchAction","target":{"@type":"EntryPoint","urlTemplate":"https:\/\/www.aquanautelnido.com\/fr\/?s={search_term_string}"},"query-input":{"@type":"PropertyValueSpecification","valueRequired":true,"valueName":"search_term_string"}}],"inLanguage":"es"}]}},"_links":{"self":[{"href":"https:\/\/www.aquanautelnido.com\/es\/wp-json\/wp\/v2\/pages\/11109","targetHints":{"allow":["GET"]}}],"collection":[{"href":"https:\/\/www.aquanautelnido.com\/es\/wp-json\/wp\/v2\/pages"}],"about":[{"href":"https:\/\/www.aquanautelnido.com\/es\/wp-json\/wp\/v2\/types\/page"}],"author":[{"embeddable":true,"href":"https:\/\/www.aquanautelnido.com\/es\/wp-json\/wp\/v2\/users\/1"}],"replies":[{"embeddable":true,"href":"https:\/\/www.aquanautelnido.com\/es\/wp-json\/wp\/v2\/comments?post=11109"}],"version-history":[{"count":7,"href":"https:\/\/www.aquanautelnido.com\/es\/wp-json\/wp\/v2\/pages\/11109\/revisions"}],"predecessor-version":[{"id":12521,"href":"https:\/\/www.aquanautelnido.com\/es\/wp-json\/wp\/v2\/pages\/11109\/revisions\/12521"}],"wp:attachment":[{"href":"https:\/\/www.aquanautelnido.com\/es\/wp-json\/wp\/v2\/media?parent=11109"}],"curies":[{"name":"wp","href":"https:\/\/api.w.org\/{rel}","templated":true}]}}