{"id":11141,"date":"2014-08-02T11:03:28","date_gmt":"2014-08-02T10:03:28","guid":{"rendered":"http:\/\/www.aquanautelnido.com\/es\/salidas-buceo\/night-dive\/"},"modified":"2022-10-23T11:07:50","modified_gmt":"2022-10-23T03:07:50","slug":"buceo-nocturno","status":"publish","type":"page","link":"https:\/\/www.aquanautelnido.com\/es\/salidas-buceo\/buceo-nocturno\/","title":{"rendered":"Buceo Nocturno"},"content":{"rendered":"<div class=\"wpb-content-wrapper\">[vc_row row_type=\u00bbsection\u00bb padding_top=\u00bb0&#8243; padding_bottom=\u00bb0&#8243;][vc_column][vc_column_text]\n<h1>Sumergete en la oscuridad con el Buceo Nocturno<\/h1>\n[\/vc_column_text][\/vc_column][\/vc_row][vc_row row_type=\u00bbsection\u00bb padding_top=\u00bb0&#8243; padding_bottom=\u00bb0&#8243;][vc_column width=\u00bb2\/3&#8243;][vc_column_text]Cuando cae el sol y la oscuridad acecha, una gran variedad de animales marinos toma vida. Ven a bucear\u00a0con nosotros por la noche\u00a0para explorar los arrecifes de coral de El Nido.[\/vc_column_text][vc_separator type=\u00bbtransparent\u00bb up=\u00bb14&#8243; down=\u00bb0&#8243;][vc_column_text]<span lang=\"es\">Ponemos a tu disposici\u00f3n el equipo completo de buceo, una linterna, caf\u00e9 o t\u00e9 caliente, y la experiencia de los mejores divemasters\u00a0filipinos, que te guiar\u00e1n a trav\u00e9s de la oscuridad y te mostrar\u00e1n las criaturas\u00a0nocturnas m\u00e1s sorprendentes .<\/span>[\/vc_column_text][vc_separator type=\u00bbtransparent\u00bb up=\u00bb14&#8243; down=\u00bb0&#8243;][vc_column_text]El requisito para disfrutar del buceo nocturno es estar certificado como PADI Open Water Diver. Tambi\u00e9n puedes aprovechar el buceo nocturno para realizar la Aventura de tu curso <a title=\"PADI Advanced Open Water Diver\" href=\"http:\/\/www.aquanautelnido.com\/es\/cursos-padi\/advanced-open-water-diver\/\">PADI Advanced Open Water Diver<\/a>.[\/vc_column_text][vc_separator type=\u00bbtransparent\u00bb up=\u00bb14&#8243; down=\u00bb0&#8243;][vc_column_text]\n<div class=\"wpb_text_column wpb_content_element \">\n<div class=\"wpb_wrapper\">\n<h4><em>Horario\u00a0(*)<\/em><\/h4>\n<p>&nbsp;<\/p>\n<ul>\n<li>18:00 Salida del centro de buceo Aquanaut desde la\u00a0bah\u00eda\u00a0de El Nido.<\/li>\n<li>18:30 Buceo Nocturno.<\/li>\n<li>19:30 Caf\u00e9 y t\u00e9.<\/li>\n<li>20:00 Desembarco en\u00a0El Nido \u2013 \u00a0compartir tu experiencia con otros buceadores en Safety Stop Bar<\/li>\n<\/ul>\n<\/div>\n<\/div>\n<div class=\"wpb_text_column wpb_content_element \">\n<div class=\"wpb_wrapper\">\n<p><em>(*) El Horario puede variar dependiendo de las condiciones climaticas y otros imprevistos.<\/em><\/p>\n<\/div>\n<\/div>\n[\/vc_column_text][vc_separator type=\u00bbtransparent\u00bb up=\u00bb14&#8243; down=\u00bb0&#8243;][vc_separator type=\u00bbtransparent\u00bb up=\u00bb14&#8243; down=\u00bb0&#8243;][vc_column_text]\n<h4 style=\"text-align: left;\">Alojamiento<\/h4>\n[\/vc_column_text][vc_separator type=\u00bbtransparent\u00bb up=\u00bb6&#8243; down=\u00bb6&#8243;][vc_row_inner][vc_column_inner width=\u00bb1\/4&#8243;][vc_single_image image=\u00bb13708&#8243; img_size=\u00bb100&#215;100&#8243; alignment=\u00bbcenter\u00bb onclick=\u00bbcustom_link\u00bb img_link_target=\u00bb_blank\u00bb link=\u00bbhttps:\/\/www.aquanautelnido.com\/diving-accommodation-package\/\u00bb][\/vc_column_inner][vc_column_inner width=\u00bb3\/4&#8243;][vc_separator type=\u00bbtransparent\u00bb up=\u00bb6&#8243; down=\u00bb6&#8243;][vc_separator type=\u00bbtransparent\u00bb up=\u00bb6&#8243; down=\u00bb6&#8243;][vc_separator type=\u00bbtransparent\u00bb up=\u00bb6&#8243; down=\u00bb6&#8243;][vc_column_text]\n<p style=\"text-align: left;\">\u00bfBuscas alojamiento en El Nido mientras disfrutas de tu actividad de buceo? \u00a1No te pierdas el <a href=\"https:\/\/www.aquanautelnido.com\/es\/buceo-alojamiento\/\">mejor paquete de Buceo y Alojamiento<\/a>!<\/p>\n[\/vc_column_text][\/vc_column_inner][\/vc_row_inner][vc_separator type=\u00bbtransparent\u00bb up=\u00bb6&#8243; down=\u00bb6&#8243;][vc_column_text]Para\u00a0m\u00e1s informaci\u00f3n <a href=\"http:\/\/www.aquanautelnido.com\/es\/contacto\/\">ponte en contacto con nosotros<\/a>.[\/vc_column_text][vc_separator type=\u00bbtransparent\u00bb up=\u00bb6&#8243; down=\u00bb6&#8243;][vc_separator type=\u00bbtransparent\u00bb up=\u00bb6&#8243; down=\u00bb6&#8243;][vc_separator type=\u00bbtransparent\u00bb up=\u00bb6&#8243; down=\u00bb6&#8243;][\/vc_column][vc_column width=\u00bb1\/3&#8243;]<div class='q_price_table'><div class='price_table_inner'><ul><li class='prices'><div class='price_in_table'><sup class='value'>\u20b1<\/sup><span class='price'>2,200<\/span><sub class='mark'>.<\/sub><\/div><\/li><li class='cell table_title'>Buceo nocturno<\/li><img decoding=\"async\" src=\"http:\/\/www.aquanautelnido.com\/wp-content\/uploads\/2014\/10\/PADI_hor_T.png\" alt=\"\" \/><\/p>\n<p><span lang=\"es\">Nivel m\u00ednimo requerido : PADI Open Water Diver<\/span><\/p>\n<p><span lang=\"es\">Edad m\u00ednima: 10 a\u00f1os<\/span><\/p>\n<p><span lang=\"es\">1 Inmersi\u00f3n<\/span><\/p>\n<p><span lang=\"es\">Equipo de buceo completo<\/span><\/p>\n<p>Caf\u00e9 \/ T\u00e9<li class='price_button'><a class='qbutton normal' href='http:\/\/www.aquanautelnido.com\/es\/contacto\/' target='_self'>Reserva ahora!<\/a><\/li><\/ul><\/div><\/div>[\/vc_column][\/vc_row]\n<\/div>","protected":false},"excerpt":{"rendered":"<p>[vc_row row_type=\u00bbsection\u00bb padding_top=\u00bb0&#8243; padding_bottom=\u00bb0&#8243;][vc_column][vc_column_text] Sumergete en la oscuridad con el Buceo Nocturno [\/vc_column_text][\/vc_column][\/vc_row][vc_row row_type=\u00bbsection\u00bb padding_top=\u00bb0&#8243; padding_bottom=\u00bb0&#8243;][vc_column width=\u00bb2\/3&#8243;][vc_column_text]Cuando cae el sol y la oscuridad acecha, una gran variedad de animales marinos toma vida. Ven a bucear\u00a0con nosotros por la noche\u00a0para explorar&#8230;<\/p>\n","protected":false},"author":1,"featured_media":0,"parent":11109,"menu_order":1,"comment_status":"closed","ping_status":"closed","template":"","meta":{"footnotes":""},"class_list":["post-11141","page","type-page","status-publish","hentry"],"yoast_head":"<!-- This site is optimized with the Yoast SEO plugin v26.4 - https:\/\/yoast.com\/wordpress\/plugins\/seo\/ -->\n<title>Buceo Nocturno El Nido - PADI 5* Dive Resort Aquanaut Dive Center<\/title>\n<meta name=\"description\" content=\"Buceo nocturno El Nido, Filipinas. Descubre otro tipo de vida marina que solo tiene actividad por la noche, en la espectacular bahia de Bacuit, El Nido.\" \/>\n<meta name=\"robots\" content=\"index, follow, max-snippet:-1, max-image-preview:large, max-video-preview:-1\" \/>\n<link rel=\"canonical\" href=\"https:\/\/www.aquanautelnido.com\/fun-dive\/night-dive\/\" \/>\n<meta property=\"og:locale\" content=\"es_ES\" \/>\n<meta property=\"og:type\" content=\"article\" \/>\n<meta property=\"og:title\" content=\"Buceo Nocturno El Nido - PADI 5* Dive Resort Aquanaut Dive Center\" \/>\n<meta property=\"og:description\" content=\"Buceo nocturno El Nido, Filipinas. Descubre otro tipo de vida marina que solo tiene actividad por la noche, en la espectacular bahia de Bacuit, El Nido.\" \/>\n<meta property=\"og:url\" content=\"https:\/\/www.aquanautelnido.com\/fun-dive\/night-dive\/\" \/>\n<meta property=\"og:site_name\" content=\"Aquanaut Dive Center\" \/>\n<meta property=\"article:publisher\" content=\"https:\/\/www.facebook.com\/Aquanautelnido\" \/>\n<meta property=\"article:modified_time\" content=\"2022-10-23T03:07:50+00:00\" \/>\n<meta property=\"og:image\" content=\"http:\/\/www.aquanautelnido.com\/wp-content\/uploads\/2014\/10\/PADI_hor_T.png\" \/>\n<meta name=\"twitter:card\" content=\"summary_large_image\" \/>\n<meta name=\"twitter:label1\" content=\"Tiempo de lectura\" \/>\n\t<meta name=\"twitter:data1\" content=\"2 minutos\" \/>\n<script type=\"application\/ld+json\" class=\"yoast-schema-graph\">{\"@context\":\"https:\/\/schema.org\",\"@graph\":[{\"@type\":\"WebPage\",\"@id\":\"https:\/\/www.aquanautelnido.com\/fun-dive\/night-dive\/\",\"url\":\"https:\/\/www.aquanautelnido.com\/fun-dive\/night-dive\/\",\"name\":\"Buceo Nocturno El Nido - PADI 5* Dive Resort Aquanaut Dive Center\",\"isPartOf\":{\"@id\":\"https:\/\/www.aquanautelnido.com\/fr\/#website\"},\"primaryImageOfPage\":{\"@id\":\"https:\/\/www.aquanautelnido.com\/fun-dive\/night-dive\/#primaryimage\"},\"image\":{\"@id\":\"https:\/\/www.aquanautelnido.com\/fun-dive\/night-dive\/#primaryimage\"},\"thumbnailUrl\":\"http:\/\/www.aquanautelnido.com\/wp-content\/uploads\/2014\/10\/PADI_hor_T.png\",\"datePublished\":\"2014-08-02T10:03:28+00:00\",\"dateModified\":\"2022-10-23T03:07:50+00:00\",\"description\":\"Buceo nocturno El Nido, Filipinas. Descubre otro tipo de vida marina que solo tiene actividad por la noche, en la espectacular bahia de Bacuit, El Nido.\",\"breadcrumb\":{\"@id\":\"https:\/\/www.aquanautelnido.com\/fun-dive\/night-dive\/#breadcrumb\"},\"inLanguage\":\"es\",\"potentialAction\":[{\"@type\":\"ReadAction\",\"target\":[\"https:\/\/www.aquanautelnido.com\/fun-dive\/night-dive\/\"]}]},{\"@type\":\"ImageObject\",\"inLanguage\":\"es\",\"@id\":\"https:\/\/www.aquanautelnido.com\/fun-dive\/night-dive\/#primaryimage\",\"url\":\"http:\/\/www.aquanautelnido.com\/wp-content\/uploads\/2014\/10\/PADI_hor_T.png\",\"contentUrl\":\"http:\/\/www.aquanautelnido.com\/wp-content\/uploads\/2014\/10\/PADI_hor_T.png\"},{\"@type\":\"BreadcrumbList\",\"@id\":\"https:\/\/www.aquanautelnido.com\/fun-dive\/night-dive\/#breadcrumb\",\"itemListElement\":[{\"@type\":\"ListItem\",\"position\":1,\"name\":\"Home\",\"item\":\"https:\/\/www.aquanautelnido.com\/es\/\"},{\"@type\":\"ListItem\",\"position\":2,\"name\":\"Salidas de Buceo\",\"item\":\"https:\/\/www.aquanautelnido.com\/es\/salidas-buceo\/\"},{\"@type\":\"ListItem\",\"position\":3,\"name\":\"Buceo Nocturno\"}]},{\"@type\":\"WebSite\",\"@id\":\"https:\/\/www.aquanautelnido.com\/fr\/#website\",\"url\":\"https:\/\/www.aquanautelnido.com\/fr\/\",\"name\":\"Aquanaut Dive Center\",\"description\":\"Scuba Diving in El Nido, Palawan, Philippines\",\"potentialAction\":[{\"@type\":\"SearchAction\",\"target\":{\"@type\":\"EntryPoint\",\"urlTemplate\":\"https:\/\/www.aquanautelnido.com\/fr\/?s={search_term_string}\"},\"query-input\":{\"@type\":\"PropertyValueSpecification\",\"valueRequired\":true,\"valueName\":\"search_term_string\"}}],\"inLanguage\":\"es\"}]}<\/script>\n<!-- \/ Yoast SEO plugin. -->","yoast_head_json":{"title":"Buceo Nocturno El Nido - PADI 5* Dive Resort Aquanaut Dive Center","description":"Buceo nocturno El Nido, Filipinas. Descubre otro tipo de vida marina que solo tiene actividad por la noche, en la espectacular bahia de Bacuit, El Nido.","robots":{"index":"index","follow":"follow","max-snippet":"max-snippet:-1","max-image-preview":"max-image-preview:large","max-video-preview":"max-video-preview:-1"},"canonical":"https:\/\/www.aquanautelnido.com\/fun-dive\/night-dive\/","og_locale":"es_ES","og_type":"article","og_title":"Buceo Nocturno El Nido - PADI 5* Dive Resort Aquanaut Dive Center","og_description":"Buceo nocturno El Nido, Filipinas. Descubre otro tipo de vida marina que solo tiene actividad por la noche, en la espectacular bahia de Bacuit, El Nido.","og_url":"https:\/\/www.aquanautelnido.com\/fun-dive\/night-dive\/","og_site_name":"Aquanaut Dive Center","article_publisher":"https:\/\/www.facebook.com\/Aquanautelnido","article_modified_time":"2022-10-23T03:07:50+00:00","og_image":[{"url":"http:\/\/www.aquanautelnido.com\/wp-content\/uploads\/2014\/10\/PADI_hor_T.png","type":"","width":"","height":""}],"twitter_card":"summary_large_image","twitter_misc":{"Tiempo de lectura":"2 minutos"},"schema":{"@context":"https:\/\/schema.org","@graph":[{"@type":"WebPage","@id":"https:\/\/www.aquanautelnido.com\/fun-dive\/night-dive\/","url":"https:\/\/www.aquanautelnido.com\/fun-dive\/night-dive\/","name":"Buceo Nocturno El Nido - PADI 5* Dive Resort Aquanaut Dive Center","isPartOf":{"@id":"https:\/\/www.aquanautelnido.com\/fr\/#website"},"primaryImageOfPage":{"@id":"https:\/\/www.aquanautelnido.com\/fun-dive\/night-dive\/#primaryimage"},"image":{"@id":"https:\/\/www.aquanautelnido.com\/fun-dive\/night-dive\/#primaryimage"},"thumbnailUrl":"http:\/\/www.aquanautelnido.com\/wp-content\/uploads\/2014\/10\/PADI_hor_T.png","datePublished":"2014-08-02T10:03:28+00:00","dateModified":"2022-10-23T03:07:50+00:00","description":"Buceo nocturno El Nido, Filipinas. Descubre otro tipo de vida marina que solo tiene actividad por la noche, en la espectacular bahia de Bacuit, El Nido.","breadcrumb":{"@id":"https:\/\/www.aquanautelnido.com\/fun-dive\/night-dive\/#breadcrumb"},"inLanguage":"es","potentialAction":[{"@type":"ReadAction","target":["https:\/\/www.aquanautelnido.com\/fun-dive\/night-dive\/"]}]},{"@type":"ImageObject","inLanguage":"es","@id":"https:\/\/www.aquanautelnido.com\/fun-dive\/night-dive\/#primaryimage","url":"http:\/\/www.aquanautelnido.com\/wp-content\/uploads\/2014\/10\/PADI_hor_T.png","contentUrl":"http:\/\/www.aquanautelnido.com\/wp-content\/uploads\/2014\/10\/PADI_hor_T.png"},{"@type":"BreadcrumbList","@id":"https:\/\/www.aquanautelnido.com\/fun-dive\/night-dive\/#breadcrumb","itemListElement":[{"@type":"ListItem","position":1,"name":"Home","item":"https:\/\/www.aquanautelnido.com\/es\/"},{"@type":"ListItem","position":2,"name":"Salidas de Buceo","item":"https:\/\/www.aquanautelnido.com\/es\/salidas-buceo\/"},{"@type":"ListItem","position":3,"name":"Buceo Nocturno"}]},{"@type":"WebSite","@id":"https:\/\/www.aquanautelnido.com\/fr\/#website","url":"https:\/\/www.aquanautelnido.com\/fr\/","name":"Aquanaut Dive Center","description":"Scuba Diving in El Nido, Palawan, Philippines","potentialAction":[{"@type":"SearchAction","target":{"@type":"EntryPoint","urlTemplate":"https:\/\/www.aquanautelnido.com\/fr\/?s={search_term_string}"},"query-input":{"@type":"PropertyValueSpecification","valueRequired":true,"valueName":"search_term_string"}}],"inLanguage":"es"}]}},"_links":{"self":[{"href":"https:\/\/www.aquanautelnido.com\/es\/wp-json\/wp\/v2\/pages\/11141","targetHints":{"allow":["GET"]}}],"collection":[{"href":"https:\/\/www.aquanautelnido.com\/es\/wp-json\/wp\/v2\/pages"}],"about":[{"href":"https:\/\/www.aquanautelnido.com\/es\/wp-json\/wp\/v2\/types\/page"}],"author":[{"embeddable":true,"href":"https:\/\/www.aquanautelnido.com\/es\/wp-json\/wp\/v2\/users\/1"}],"replies":[{"embeddable":true,"href":"https:\/\/www.aquanautelnido.com\/es\/wp-json\/wp\/v2\/comments?post=11141"}],"version-history":[{"count":9,"href":"https:\/\/www.aquanautelnido.com\/es\/wp-json\/wp\/v2\/pages\/11141\/revisions"}],"predecessor-version":[{"id":11562,"href":"https:\/\/www.aquanautelnido.com\/es\/wp-json\/wp\/v2\/pages\/11141\/revisions\/11562"}],"up":[{"embeddable":true,"href":"https:\/\/www.aquanautelnido.com\/es\/wp-json\/wp\/v2\/pages\/11109"}],"wp:attachment":[{"href":"https:\/\/www.aquanautelnido.com\/es\/wp-json\/wp\/v2\/media?parent=11141"}],"curies":[{"name":"wp","href":"https:\/\/api.w.org\/{rel}","templated":true}]}}