{"id":11225,"date":"2014-10-06T17:52:24","date_gmt":"2014-10-06T16:52:24","guid":{"rendered":"http:\/\/www.aquanautelnido.com\/es\/inmersiones\/general-information\/"},"modified":"2016-07-10T02:29:13","modified_gmt":"2016-07-09T18:29:13","slug":"informacion-general-buceo-el-nido","status":"publish","type":"page","link":"https:\/\/www.aquanautelnido.com\/es\/inmersiones\/informacion-general-buceo-el-nido\/","title":{"rendered":"Informaci\u00f3n General de Buceo en El Nido"},"content":{"rendered":"<div class=\"wpb-content-wrapper\">[vc_row row_type=\u00bbsection\u00bb type=\u00bbgrid\u00bb text_align=\u00bbleft\u00bb padding_bottom=\u00bb0&#8243; padding_top=\u00bb0&#8243;][vc_column width=\u00bb1\/2&#8243;]\n[vc_separator type=\u00bbtransparent\u00bb position=\u00bbcenter\u00bb up=\u00bb20&#8243; down=\u00bb0&#8243;]\n<div class='q_icon_with_title small '><div class=\"icon_holder \" style=\" \"><span style=\"\" class=\"font_awsome_icon fa-2x \"><i class=\"fa fa-picture-o\" style=\"\"><\/i><\/span><\/div><div class=\"icon_text_holder\"><div class=\"icon_text_inner\" style=\"\"><h4 class=\"icon_title\" style=\"\">Topograf\u00eda<\/h4><p style=''>Las inmersiones en El Nido se extienden en la Bah\u00eda Bacuit, una impresionante combinaci\u00f3n de piedra caliza y formaci\u00f3n de rocosa en el Mar del Sur de China. Estas se encuentran a una distancia de El Nido de entre 15 y 60 minutos. Arrecifes de coral, arenales, paredes, t\u00faneles y cuevas son la topolog\u00eda de las inmersiones.<\/p><\/div><\/div><\/div>\n[vc_column_text]\n<p style=\"padding-left: 40px;\">El escenario\u00a0no puede ser mejor, tanto bajo el agua como\u00a0en la superficie, con m\u00e1s de 40 islas y m\u00e1s de 16 inmersiones\u00a0para explorar con nuestros salidas\u00a0diarias de buceo o simplemente para realizar\u00a0un curso PADI.<\/p>\n[\/vc_column_text]\n[vc_separator type=\u00bbtransparent\u00bb position=\u00bbcenter\u00bb up=\u00bb20&#8243; down=\u00bb0&#8243;]\n<div class='q_icon_with_title small '><div class=\"icon_holder \" style=\" \"><span style=\"\" class=\"font_awsome_icon fa-2x \"><i class=\"fa fa-thumbs-o-up\" style=\"\"><\/i><\/span><\/div><div class=\"icon_text_holder\"><div class=\"icon_text_inner\" style=\"\"><h4 class=\"icon_title\" style=\"\">Temporada de Buceo<\/h4><p style=''>Debido a las condiciones del mar que se describen al lado, la mejor temporada para bucear en El Nido es de abril a diciembre, siendo los mejores meses de abril a junio, cuando las aguas est\u00e1n en calma, la visibilidad alcanza su pico m\u00e1ximo, y la temperatura es ideal para bucear incluso con un traje corto o lycra.<\/p><\/div><\/div><\/div>\n[vc_separator type=\u00bbtransparent\u00bb position=\u00bbcenter\u00bb up=\u00bb20&#8243; down=\u00bb0&#8243;]\n<div class='q_icon_with_title tiny '><div class=\"icon_holder \" style=\" \"><span style=\"\" class=\"font_awsome_icon fa-lg \"><i class=\"fa fa-info-circle\" style=\"\"><\/i><\/span><\/div><div class=\"icon_text_holder\"><div class=\"icon_text_inner\" style=\"\"><h4 class=\"icon_title\" style=\"\">Inmersiones de El Nido<\/h4><p style=''><\/p><\/div><\/div><\/div>[vc_column_text]\n<p style=\"padding-left: 40px;\">M\u00e1s informacion detallada de <a href=\"http:\/\/www.aquanautelnido.com\/es\/inmersiones\/\">las\u00a0inmersiones de El Nido\u00a0aqui<\/a>.<\/p>\n[\/vc_column_text][vc_separator type=\u00bbtransparent\u00bb position=\u00bbcenter\u00bb up=\u00bb20&#8243; down=\u00bb0&#8243;][\/vc_column][vc_column width=\u00bb1\/2&#8243;]\n[vc_separator type=\u00bbtransparent\u00bb position=\u00bbcenter\u00bb up=\u00bb20&#8243; down=\u00bb0&#8243;]\n<div class='q_icon_with_title small '><div class=\"icon_holder \" style=\" \"><span style=\"\" class=\"font_awsome_icon fa-2x \"><i class=\"fa fa-bar-chart-o\" style=\"\"><\/i><\/span><\/div><div class=\"icon_text_holder\"><div class=\"icon_text_inner\" style=\"\"><h4 class=\"icon_title\" style=\"\">Temperatura del Agua<\/h4><p style=''>Tiene una oscilaci\u00f3n anual de entre 22\u00b0 C a 33\u00b0 C, siendo la temperatura m\u00e1s baja en los meses de enero y febrero, y la m\u00e1s caliente e ideal para el buceo entre los meses de mayo a julio. Luego va disminuyendo de nuevo hasta acabar el ciclo. Recomendamos un traje h\u00famedo de 3 mm.<\/p><\/div><\/div><\/div>\n[vc_separator type=\u00bbtransparent\u00bb position=\u00bbcenter\u00bb up=\u00bb20&#8243; down=\u00bb0&#8243;]\n<div class='q_icon_with_title small '><div class=\"icon_holder \" style=\" \"><span style=\"\" class=\"font_awsome_icon fa-2x \"><i class=\"fa fa-camera-retro\" style=\"\"><\/i><\/span><\/div><div class=\"icon_text_holder\"><div class=\"icon_text_inner\" style=\"\"><h4 class=\"icon_title\" style=\"\">Visibilidad<\/h4><p style=''>Puede variar de 3 a 30 metros. A medida que llega la temporada de plancton, son los meses de enero y febrero los que tienen de 3 a 10 metros de visibilidad, de marzo a junio se incrementa de 10 a 30 metros, donde los meses de abril a junio, la visibilidad alcanza su mejor pico. De julio a diciembre la visibilidad disminuye nuevamente de 30 a 10 metros.<\/p><\/div><\/div><\/div>\n[vc_separator type=\u00bbtransparent\u00bb position=\u00bbcenter\u00bb up=\u00bb20&#8243; down=\u00bb0&#8243;]\n<div class='q_icon_with_title small '><div class=\"icon_holder \" style=\" \"><span style=\"\" class=\"font_awsome_icon fa-2x \"><i class=\"fa fa-refresh\" style=\"\"><\/i><\/span><\/div><div class=\"icon_text_holder\"><div class=\"icon_text_inner\" style=\"\"><h4 class=\"icon_title\" style=\"\">Corriente<\/h4><p style=''>Var\u00eda dependiendo de las condiciones de la marea y la direcci\u00f3n en la que sopla el viento, por lo que difiere en cada inmersi\u00f3n. La corriente es por lo general muy manejable, tanto bajo el agua como en la superficie.<\/p><\/div><\/div><\/div>\n[\/vc_column][\/vc_row]\n[vc_row row_type=\u00bbsection\u00bb padding_bottom=\u00bb0&#8243;][vc_column width=\u00bb1\/2&#8243;]<div class=\"q_image_with_text_over \"><div class=\"shader\"><\/div><img decoding=\"async\" src=\"https:\/\/www.aquanautelnido.com\/wp-content\/uploads\/2016\/07\/PADIcourses.jpg\" alt=\"Reserva tu curso eLearning PADI Open Water Diver\" \/><div class=\"text\"><table><tr><td><h2 class=\"caption no_icon\" style=\"\">Reserva tu curso eLearning PADI Open Water Diver<\/h2><\/td><\/tr><\/table><table><tr><td><div class=\"desc\">\n<h1><a href=\"http:\/\/www.aquanautelnido.com\/es\/cursos-padi\/open-water-diver\/\">Reserva tu curso eLearning PADI Open Water Diver<\/a><\/h1>\n<\/div><\/td><\/tr><\/table><\/div><\/div>[\/vc_column][vc_column width=\u00bb1\/2&#8243;]<div class=\"q_image_with_text_over \"><div class=\"shader\"><\/div><img decoding=\"async\" src=\"https:\/\/www.aquanautelnido.com\/wp-content\/uploads\/2016\/07\/FunDives2.jpeg\" alt=\"Inmersiones Diarias, Nocturnas y Buceo Fluorescente\" \/><div class=\"text\"><table><tr><td><h2 class=\"caption no_icon\" style=\"\">Inmersiones Diarias, Nocturnas y Buceo Fluorescente<\/h2><\/td><\/tr><\/table><table><tr><td><div class=\"desc\">\n<h1><a href=\"http:\/\/www.aquanautelnido.com\/es\/salidas-buceo\/\">Inmersiones Diarias, Nocturnas y Buceo Fluorescente<\/a><\/h1>\n<\/div><\/td><\/tr><\/table><\/div><\/div>[\/vc_column][\/vc_row][vc_row row_type=\u00bbsection\u00bb][vc_column]<div class=\"q_image_with_text_over \"><div class=\"shader\"><\/div><img decoding=\"async\" src=\"https:\/\/www.aquanautelnido.com\/wp-content\/uploads\/2016\/07\/BangkaPapaya60-scaled.jpg\" alt=\"Planifica tu viaje a El Nido, Filipinas\" \/><div class=\"text\"><table><tr><td><h2 class=\"caption no_icon\" style=\"\">Planifica tu viaje a El Nido, Filipinas<\/h2><\/td><\/tr><\/table><table><tr><td><div class=\"desc\">\n<h1><a href=\"http:\/\/www.aquanautelnido.com\/es\/planifica-viaje-el-nido\/\">Planifica tu viaje a El Nido, Filipinas<\/a><\/h1>\n<\/div><\/td><\/tr><\/table><\/div><\/div>[\/vc_column][\/vc_row]\n<\/div>","protected":false},"excerpt":{"rendered":"<p>[vc_row row_type=\u00bbsection\u00bb type=\u00bbgrid\u00bb text_align=\u00bbleft\u00bb padding_bottom=\u00bb0&#8243; padding_top=\u00bb0&#8243;][vc_column width=\u00bb1\/2&#8243;] [vc_separator type=\u00bbtransparent\u00bb position=\u00bbcenter\u00bb up=\u00bb20&#8243; down=\u00bb0&#8243;] [vc_column_text] El escenario\u00a0no puede ser mejor, tanto bajo el agua como\u00a0en la superficie, con m\u00e1s de 40 islas y m\u00e1s de 16 inmersiones\u00a0para explorar con nuestros salidas\u00a0diarias de&#8230;<\/p>\n","protected":false},"author":1,"featured_media":0,"parent":11147,"menu_order":0,"comment_status":"closed","ping_status":"closed","template":"","meta":{"footnotes":""},"class_list":["post-11225","page","type-page","status-publish","hentry"],"yoast_head":"<!-- This site is optimized with the Yoast SEO plugin v26.4 - https:\/\/yoast.com\/wordpress\/plugins\/seo\/ -->\n<title>Informacion general de buceo en El Nido - Aquanaut Dive Center<\/title>\n<meta name=\"description\" content=\"Informacion general de buceo en El Nido. Topografia de las inmersiones, cual es la mejor temporada de buceo, tempratura del agua, visibilidad, corriente.\" \/>\n<meta name=\"robots\" content=\"index, follow, max-snippet:-1, max-image-preview:large, max-video-preview:-1\" \/>\n<link rel=\"canonical\" href=\"https:\/\/www.aquanautelnido.com\/es\/inmersiones\/informacion-general-buceo-el-nido\/\" \/>\n<meta property=\"og:locale\" content=\"es_ES\" \/>\n<meta property=\"og:type\" content=\"article\" \/>\n<meta property=\"og:title\" content=\"Informacion general de buceo en El Nido - Aquanaut Dive Center\" \/>\n<meta property=\"og:description\" content=\"Informacion general de buceo en El Nido. Topografia de las inmersiones, cual es la mejor temporada de buceo, tempratura del agua, visibilidad, corriente.\" \/>\n<meta property=\"og:url\" content=\"https:\/\/www.aquanautelnido.com\/es\/inmersiones\/informacion-general-buceo-el-nido\/\" \/>\n<meta property=\"og:site_name\" content=\"Aquanaut Dive Center\" \/>\n<meta property=\"article:publisher\" content=\"https:\/\/www.facebook.com\/Aquanautelnido\" \/>\n<meta property=\"article:modified_time\" content=\"2016-07-09T18:29:13+00:00\" \/>\n<meta name=\"twitter:card\" content=\"summary_large_image\" \/>\n<meta name=\"twitter:label1\" content=\"Tiempo de lectura\" \/>\n\t<meta name=\"twitter:data1\" content=\"4 minutos\" \/>\n<script type=\"application\/ld+json\" class=\"yoast-schema-graph\">{\"@context\":\"https:\/\/schema.org\",\"@graph\":[{\"@type\":\"WebPage\",\"@id\":\"https:\/\/www.aquanautelnido.com\/es\/inmersiones\/informacion-general-buceo-el-nido\/\",\"url\":\"https:\/\/www.aquanautelnido.com\/es\/inmersiones\/informacion-general-buceo-el-nido\/\",\"name\":\"Informacion general de buceo en El Nido - Aquanaut Dive Center\",\"isPartOf\":{\"@id\":\"https:\/\/www.aquanautelnido.com\/fr\/#website\"},\"datePublished\":\"2014-10-06T16:52:24+00:00\",\"dateModified\":\"2016-07-09T18:29:13+00:00\",\"description\":\"Informacion general de buceo en El Nido. Topografia de las inmersiones, cual es la mejor temporada de buceo, tempratura del agua, visibilidad, corriente.\",\"breadcrumb\":{\"@id\":\"https:\/\/www.aquanautelnido.com\/es\/inmersiones\/informacion-general-buceo-el-nido\/#breadcrumb\"},\"inLanguage\":\"es\",\"potentialAction\":[{\"@type\":\"ReadAction\",\"target\":[\"https:\/\/www.aquanautelnido.com\/es\/inmersiones\/informacion-general-buceo-el-nido\/\"]}]},{\"@type\":\"BreadcrumbList\",\"@id\":\"https:\/\/www.aquanautelnido.com\/es\/inmersiones\/informacion-general-buceo-el-nido\/#breadcrumb\",\"itemListElement\":[{\"@type\":\"ListItem\",\"position\":1,\"name\":\"Home\",\"item\":\"https:\/\/www.aquanautelnido.com\/es\/\"},{\"@type\":\"ListItem\",\"position\":2,\"name\":\"Inmersiones de El Nido\",\"item\":\"https:\/\/www.aquanautelnido.com\/es\/inmersiones\/\"},{\"@type\":\"ListItem\",\"position\":3,\"name\":\"Informaci\u00f3n General de Buceo en El Nido\"}]},{\"@type\":\"WebSite\",\"@id\":\"https:\/\/www.aquanautelnido.com\/fr\/#website\",\"url\":\"https:\/\/www.aquanautelnido.com\/fr\/\",\"name\":\"Aquanaut Dive Center\",\"description\":\"Scuba Diving in El Nido, Palawan, Philippines\",\"potentialAction\":[{\"@type\":\"SearchAction\",\"target\":{\"@type\":\"EntryPoint\",\"urlTemplate\":\"https:\/\/www.aquanautelnido.com\/fr\/?s={search_term_string}\"},\"query-input\":{\"@type\":\"PropertyValueSpecification\",\"valueRequired\":true,\"valueName\":\"search_term_string\"}}],\"inLanguage\":\"es\"}]}<\/script>\n<!-- \/ Yoast SEO plugin. -->","yoast_head_json":{"title":"Informacion general de buceo en El Nido - Aquanaut Dive Center","description":"Informacion general de buceo en El Nido. Topografia de las inmersiones, cual es la mejor temporada de buceo, tempratura del agua, visibilidad, corriente.","robots":{"index":"index","follow":"follow","max-snippet":"max-snippet:-1","max-image-preview":"max-image-preview:large","max-video-preview":"max-video-preview:-1"},"canonical":"https:\/\/www.aquanautelnido.com\/es\/inmersiones\/informacion-general-buceo-el-nido\/","og_locale":"es_ES","og_type":"article","og_title":"Informacion general de buceo en El Nido - Aquanaut Dive Center","og_description":"Informacion general de buceo en El Nido. Topografia de las inmersiones, cual es la mejor temporada de buceo, tempratura del agua, visibilidad, corriente.","og_url":"https:\/\/www.aquanautelnido.com\/es\/inmersiones\/informacion-general-buceo-el-nido\/","og_site_name":"Aquanaut Dive Center","article_publisher":"https:\/\/www.facebook.com\/Aquanautelnido","article_modified_time":"2016-07-09T18:29:13+00:00","twitter_card":"summary_large_image","twitter_misc":{"Tiempo de lectura":"4 minutos"},"schema":{"@context":"https:\/\/schema.org","@graph":[{"@type":"WebPage","@id":"https:\/\/www.aquanautelnido.com\/es\/inmersiones\/informacion-general-buceo-el-nido\/","url":"https:\/\/www.aquanautelnido.com\/es\/inmersiones\/informacion-general-buceo-el-nido\/","name":"Informacion general de buceo en El Nido - Aquanaut Dive Center","isPartOf":{"@id":"https:\/\/www.aquanautelnido.com\/fr\/#website"},"datePublished":"2014-10-06T16:52:24+00:00","dateModified":"2016-07-09T18:29:13+00:00","description":"Informacion general de buceo en El Nido. Topografia de las inmersiones, cual es la mejor temporada de buceo, tempratura del agua, visibilidad, corriente.","breadcrumb":{"@id":"https:\/\/www.aquanautelnido.com\/es\/inmersiones\/informacion-general-buceo-el-nido\/#breadcrumb"},"inLanguage":"es","potentialAction":[{"@type":"ReadAction","target":["https:\/\/www.aquanautelnido.com\/es\/inmersiones\/informacion-general-buceo-el-nido\/"]}]},{"@type":"BreadcrumbList","@id":"https:\/\/www.aquanautelnido.com\/es\/inmersiones\/informacion-general-buceo-el-nido\/#breadcrumb","itemListElement":[{"@type":"ListItem","position":1,"name":"Home","item":"https:\/\/www.aquanautelnido.com\/es\/"},{"@type":"ListItem","position":2,"name":"Inmersiones de El Nido","item":"https:\/\/www.aquanautelnido.com\/es\/inmersiones\/"},{"@type":"ListItem","position":3,"name":"Informaci\u00f3n General de Buceo en El Nido"}]},{"@type":"WebSite","@id":"https:\/\/www.aquanautelnido.com\/fr\/#website","url":"https:\/\/www.aquanautelnido.com\/fr\/","name":"Aquanaut Dive Center","description":"Scuba Diving in El Nido, Palawan, Philippines","potentialAction":[{"@type":"SearchAction","target":{"@type":"EntryPoint","urlTemplate":"https:\/\/www.aquanautelnido.com\/fr\/?s={search_term_string}"},"query-input":{"@type":"PropertyValueSpecification","valueRequired":true,"valueName":"search_term_string"}}],"inLanguage":"es"}]}},"_links":{"self":[{"href":"https:\/\/www.aquanautelnido.com\/es\/wp-json\/wp\/v2\/pages\/11225","targetHints":{"allow":["GET"]}}],"collection":[{"href":"https:\/\/www.aquanautelnido.com\/es\/wp-json\/wp\/v2\/pages"}],"about":[{"href":"https:\/\/www.aquanautelnido.com\/es\/wp-json\/wp\/v2\/types\/page"}],"author":[{"embeddable":true,"href":"https:\/\/www.aquanautelnido.com\/es\/wp-json\/wp\/v2\/users\/1"}],"replies":[{"embeddable":true,"href":"https:\/\/www.aquanautelnido.com\/es\/wp-json\/wp\/v2\/comments?post=11225"}],"version-history":[{"count":12,"href":"https:\/\/www.aquanautelnido.com\/es\/wp-json\/wp\/v2\/pages\/11225\/revisions"}],"predecessor-version":[{"id":11567,"href":"https:\/\/www.aquanautelnido.com\/es\/wp-json\/wp\/v2\/pages\/11225\/revisions\/11567"}],"up":[{"embeddable":true,"href":"https:\/\/www.aquanautelnido.com\/es\/wp-json\/wp\/v2\/pages\/11147"}],"wp:attachment":[{"href":"https:\/\/www.aquanautelnido.com\/es\/wp-json\/wp\/v2\/media?parent=11225"}],"curies":[{"name":"wp","href":"https:\/\/api.w.org\/{rel}","templated":true}]}}