{"id":11240,"date":"2014-08-01T16:10:59","date_gmt":"2014-08-01T15:10:59","guid":{"rendered":"http:\/\/www.aquanautelnido.com\/es\/photo-gallery-picture\/"},"modified":"2016-07-03T05:50:47","modified_gmt":"2016-07-02T21:50:47","slug":"galeria-fotos","status":"publish","type":"page","link":"https:\/\/www.aquanautelnido.com\/es\/el-nido\/galeria-fotos\/","title":{"rendered":"Galer\u00eda de fotos"},"content":{"rendered":"<div class=\"wpb-content-wrapper\">[vc_row][vc_column][vc_gallery type=\u00bbimage_grid\u00bb images=\u00bb9535,8314,8328,8340,8342,8344,8345,8350,8346,8352,8361,8365,8449,8454,9323,9325,9451,9336,8459,8458&#8243; img_size=\u00bbmedium\u00bb column_number=\u00bb3&#8243;][vc_separator type=\u00bbtransparent\u00bb up=\u00bb20&#8243; down=\u00bb20&#8243;][vc_single_image image=\u00bb9565&#8243; img_size=\u00bbfull\u00bb alignment=\u00bbcenter\u00bb style=\u00bbvc_box_rounded\u00bb img_link=\u00bbhttp:\/\/www.aquanautelnido.com\/padi-courses\/\u00bb][\/vc_column][\/vc_row]\n<\/div>","protected":false},"excerpt":{"rendered":"<p>[vc_row][vc_column][vc_gallery type=\u00bbimage_grid\u00bb images=\u00bb9535,8314,8328,8340,8342,8344,8345,8350,8346,8352,8361,8365,8449,8454,9323,9325,9451,9336,8459,8458&#8243; img_size=\u00bbmedium\u00bb column_number=\u00bb3&#8243;][vc_separator type=\u00bbtransparent\u00bb up=\u00bb20&#8243; down=\u00bb20&#8243;][vc_single_image image=\u00bb9565&#8243; img_size=\u00bbfull\u00bb alignment=\u00bbcenter\u00bb style=\u00bbvc_box_rounded\u00bb img_link=\u00bbhttp:\/\/www.aquanautelnido.com\/padi-courses\/\u00bb][\/vc_column][\/vc_row]<\/p>\n","protected":false},"author":1,"featured_media":0,"parent":13346,"menu_order":4,"comment_status":"closed","ping_status":"closed","template":"","meta":{"footnotes":""},"class_list":["post-11240","page","type-page","status-publish","hentry"],"yoast_head":"<!-- This site is optimized with the Yoast SEO plugin v26.4 - https:\/\/yoast.com\/wordpress\/plugins\/seo\/ -->\n<title>Galer\u00eda de fotos de El Nido - Aquanaut Dive Center<\/title>\n<meta name=\"description\" content=\"Galer\u00eda de fotos de El Nido, en la isla de Palawan, Filipinas. Buceo en El Nido, cursos PADI, playas, islas, ven al para\u00edso!\" \/>\n<meta name=\"robots\" content=\"index, follow, max-snippet:-1, max-image-preview:large, max-video-preview:-1\" \/>\n<link rel=\"canonical\" href=\"https:\/\/www.aquanautelnido.com\/el-nido\/photo-gallery-picture\/\" \/>\n<meta property=\"og:locale\" content=\"es_ES\" \/>\n<meta property=\"og:type\" content=\"article\" \/>\n<meta property=\"og:title\" content=\"Galer\u00eda de fotos de El Nido - Aquanaut Dive Center\" \/>\n<meta property=\"og:description\" content=\"Galer\u00eda de fotos de El Nido, en la isla de Palawan, Filipinas. Buceo en El Nido, cursos PADI, playas, islas, ven al para\u00edso!\" \/>\n<meta property=\"og:url\" content=\"https:\/\/www.aquanautelnido.com\/el-nido\/photo-gallery-picture\/\" \/>\n<meta property=\"og:site_name\" content=\"Aquanaut Dive Center\" \/>\n<meta property=\"article:publisher\" content=\"https:\/\/www.facebook.com\/Aquanautelnido\" \/>\n<meta property=\"article:modified_time\" content=\"2016-07-02T21:50:47+00:00\" \/>\n<meta name=\"twitter:card\" content=\"summary_large_image\" \/>\n<script type=\"application\/ld+json\" class=\"yoast-schema-graph\">{\"@context\":\"https:\/\/schema.org\",\"@graph\":[{\"@type\":\"WebPage\",\"@id\":\"https:\/\/www.aquanautelnido.com\/el-nido\/photo-gallery-picture\/\",\"url\":\"https:\/\/www.aquanautelnido.com\/el-nido\/photo-gallery-picture\/\",\"name\":\"Galer\u00eda de fotos de El Nido - Aquanaut Dive Center\",\"isPartOf\":{\"@id\":\"https:\/\/www.aquanautelnido.com\/fr\/#website\"},\"datePublished\":\"2014-08-01T15:10:59+00:00\",\"dateModified\":\"2016-07-02T21:50:47+00:00\",\"description\":\"Galer\u00eda de fotos de El Nido, en la isla de Palawan, Filipinas. Buceo en El Nido, cursos PADI, playas, islas, ven al para\u00edso!\",\"breadcrumb\":{\"@id\":\"https:\/\/www.aquanautelnido.com\/el-nido\/photo-gallery-picture\/#breadcrumb\"},\"inLanguage\":\"es\",\"potentialAction\":[{\"@type\":\"ReadAction\",\"target\":[\"https:\/\/www.aquanautelnido.com\/el-nido\/photo-gallery-picture\/\"]}]},{\"@type\":\"BreadcrumbList\",\"@id\":\"https:\/\/www.aquanautelnido.com\/el-nido\/photo-gallery-picture\/#breadcrumb\",\"itemListElement\":[{\"@type\":\"ListItem\",\"position\":1,\"name\":\"Home\",\"item\":\"https:\/\/www.aquanautelnido.com\/es\/\"},{\"@type\":\"ListItem\",\"position\":2,\"name\":\"El Nido\",\"item\":\"https:\/\/www.aquanautelnido.com\/el-nido\/\"},{\"@type\":\"ListItem\",\"position\":3,\"name\":\"Galer\u00eda de fotos\"}]},{\"@type\":\"WebSite\",\"@id\":\"https:\/\/www.aquanautelnido.com\/fr\/#website\",\"url\":\"https:\/\/www.aquanautelnido.com\/fr\/\",\"name\":\"Aquanaut Dive Center\",\"description\":\"Scuba Diving in El Nido, Palawan, Philippines\",\"potentialAction\":[{\"@type\":\"SearchAction\",\"target\":{\"@type\":\"EntryPoint\",\"urlTemplate\":\"https:\/\/www.aquanautelnido.com\/fr\/?s={search_term_string}\"},\"query-input\":{\"@type\":\"PropertyValueSpecification\",\"valueRequired\":true,\"valueName\":\"search_term_string\"}}],\"inLanguage\":\"es\"}]}<\/script>\n<!-- \/ Yoast SEO plugin. -->","yoast_head_json":{"title":"Galer\u00eda de fotos de El Nido - Aquanaut Dive Center","description":"Galer\u00eda de fotos de El Nido, en la isla de Palawan, Filipinas. Buceo en El Nido, cursos PADI, playas, islas, ven al para\u00edso!","robots":{"index":"index","follow":"follow","max-snippet":"max-snippet:-1","max-image-preview":"max-image-preview:large","max-video-preview":"max-video-preview:-1"},"canonical":"https:\/\/www.aquanautelnido.com\/el-nido\/photo-gallery-picture\/","og_locale":"es_ES","og_type":"article","og_title":"Galer\u00eda de fotos de El Nido - Aquanaut Dive Center","og_description":"Galer\u00eda de fotos de El Nido, en la isla de Palawan, Filipinas. Buceo en El Nido, cursos PADI, playas, islas, ven al para\u00edso!","og_url":"https:\/\/www.aquanautelnido.com\/el-nido\/photo-gallery-picture\/","og_site_name":"Aquanaut Dive Center","article_publisher":"https:\/\/www.facebook.com\/Aquanautelnido","article_modified_time":"2016-07-02T21:50:47+00:00","twitter_card":"summary_large_image","schema":{"@context":"https:\/\/schema.org","@graph":[{"@type":"WebPage","@id":"https:\/\/www.aquanautelnido.com\/el-nido\/photo-gallery-picture\/","url":"https:\/\/www.aquanautelnido.com\/el-nido\/photo-gallery-picture\/","name":"Galer\u00eda de fotos de El Nido - Aquanaut Dive Center","isPartOf":{"@id":"https:\/\/www.aquanautelnido.com\/fr\/#website"},"datePublished":"2014-08-01T15:10:59+00:00","dateModified":"2016-07-02T21:50:47+00:00","description":"Galer\u00eda de fotos de El Nido, en la isla de Palawan, Filipinas. Buceo en El Nido, cursos PADI, playas, islas, ven al para\u00edso!","breadcrumb":{"@id":"https:\/\/www.aquanautelnido.com\/el-nido\/photo-gallery-picture\/#breadcrumb"},"inLanguage":"es","potentialAction":[{"@type":"ReadAction","target":["https:\/\/www.aquanautelnido.com\/el-nido\/photo-gallery-picture\/"]}]},{"@type":"BreadcrumbList","@id":"https:\/\/www.aquanautelnido.com\/el-nido\/photo-gallery-picture\/#breadcrumb","itemListElement":[{"@type":"ListItem","position":1,"name":"Home","item":"https:\/\/www.aquanautelnido.com\/es\/"},{"@type":"ListItem","position":2,"name":"El Nido","item":"https:\/\/www.aquanautelnido.com\/el-nido\/"},{"@type":"ListItem","position":3,"name":"Galer\u00eda de fotos"}]},{"@type":"WebSite","@id":"https:\/\/www.aquanautelnido.com\/fr\/#website","url":"https:\/\/www.aquanautelnido.com\/fr\/","name":"Aquanaut Dive Center","description":"Scuba Diving in El Nido, Palawan, Philippines","potentialAction":[{"@type":"SearchAction","target":{"@type":"EntryPoint","urlTemplate":"https:\/\/www.aquanautelnido.com\/fr\/?s={search_term_string}"},"query-input":{"@type":"PropertyValueSpecification","valueRequired":true,"valueName":"search_term_string"}}],"inLanguage":"es"}]}},"_links":{"self":[{"href":"https:\/\/www.aquanautelnido.com\/es\/wp-json\/wp\/v2\/pages\/11240","targetHints":{"allow":["GET"]}}],"collection":[{"href":"https:\/\/www.aquanautelnido.com\/es\/wp-json\/wp\/v2\/pages"}],"about":[{"href":"https:\/\/www.aquanautelnido.com\/es\/wp-json\/wp\/v2\/types\/page"}],"author":[{"embeddable":true,"href":"https:\/\/www.aquanautelnido.com\/es\/wp-json\/wp\/v2\/users\/1"}],"replies":[{"embeddable":true,"href":"https:\/\/www.aquanautelnido.com\/es\/wp-json\/wp\/v2\/comments?post=11240"}],"version-history":[{"count":4,"href":"https:\/\/www.aquanautelnido.com\/es\/wp-json\/wp\/v2\/pages\/11240\/revisions"}],"predecessor-version":[{"id":11244,"href":"https:\/\/www.aquanautelnido.com\/es\/wp-json\/wp\/v2\/pages\/11240\/revisions\/11244"}],"up":[{"embeddable":true,"href":"https:\/\/www.aquanautelnido.com\/es\/wp-json\/wp\/v2\/pages\/13346"}],"wp:attachment":[{"href":"https:\/\/www.aquanautelnido.com\/es\/wp-json\/wp\/v2\/media?parent=11240"}],"curies":[{"name":"wp","href":"https:\/\/api.w.org\/{rel}","templated":true}]}}