{"id":11248,"date":"2014-08-01T03:29:27","date_gmt":"2014-08-01T02:29:27","guid":{"rendered":"http:\/\/www.aquanautelnido.com\/es\/plan-your-trip\/"},"modified":"2022-10-23T12:34:51","modified_gmt":"2022-10-23T04:34:51","slug":"planifica-viaje-el-nido","status":"publish","type":"page","link":"https:\/\/www.aquanautelnido.com\/es\/el-nido\/planifica-viaje-el-nido\/","title":{"rendered":"Planifica tu viaje a El Nido"},"content":{"rendered":"<div class=\"wpb-content-wrapper\">[vc_row row_type=\u00bbsection\u00bb][vc_column][vc_column_text]\n<h1>El pin en el mapa<\/h1>\n<div class=\"wpb_text_column wpb_content_element \"><\/div>\n<div class=\"wpb_text_column wpb_content_element \"><\/div>\n[\/vc_column_text][vc_separator type=\u00bbtransparent\u00bb up=\u00bb0&#8243;][vc_column_text]El Nido se encuentra en la provincia norte\u00f1a de Palawan, isla de Filipinas. Rodeada por el mar del sur de China desde el oeste y el mar de Sulu desde el este, tiene una rica diversidad de fauna y flora, as\u00ed como de vida marina.[\/vc_column_text][vc_separator type=\u00bbtransparent\u00bb up=\u00bb0&#8243;][vc_column_text]La localidad de El Nido se encuentra en la sorprendente bah\u00eda de Bacuit; un grupo de islas e islotes, donde la formaci\u00f3n de roca y piedras calizas se origin\u00f3 hace m\u00e1s de 200 millones de a\u00f1os. Estas formaciones rocosas sedimentarias est\u00e1n compuestas de fragmentos de f\u00f3siles de vida marina como el coral, que es donde se encuentran todas las inmersiones.[\/vc_column_text][\/vc_column][\/vc_row][vc_row row_type=\u00bbsection\u00bb anchor=\u00bbget_there\u00bb padding_top=\u00bb0&#8243; padding_bottom=\u00bb0&#8243;][vc_column width=\u00bb1\/2&#8243;][vc_column_text]\n<h1>C\u00f3mo llegar<\/h1>\n[\/vc_column_text][vc_separator type=\u00bbtransparent\u00bb up=\u00bb0&#8243;][vc_accordion style=\u00bbaccordion_with_icon\u00bb][vc_accordion_tab title=\u00bbCon avi\u00f3n\u00bb icon=\u00bbfa-plane\u00bb title_tag=\u00bbh4&#8243;][vc_column_text]\n<h5>Desde Manila\/Cebu a El Nido :<\/h5>\n<p><a href=\"http:\/\/www.air-swift.com\">AirSWIFT<\/a>\u00a0ofrece vuelos directos desde Manila, Clark, Cebu, Bohol y Puerto Princesa hacia El Nido, asi como de vuelta.[\/vc_column_text][vc_separator type=\u00bbtransparent\u00bb up=\u00bb0&#8243;][vc_column_text]\n<h5>Desde Manila a Puerto Princesa :<\/h5>\n<p>Puedes comprar vuelos con <a href=\"https:\/\/www.cebupacificair.com\/\">\u00a0Cebu Pacific Air<\/a>\u00a0o <a href=\"http:\/\/www.airasia.com\" target=\"_blank\">Air Asia<\/a> desde Manila a Puerto Princesa. Una vez en Puerto Princesa debes de venir por carretera (<em>vease siguiente informaci\u00f3n<\/em>).[\/vc_column_text][\/vc_accordion_tab][vc_accordion_tab title=\u00bbPor carretera\u00bb icon=\u00bbfa-road\u00bb title_tag=\u00bbh4&#8243;][vc_column_text]\n<h5>Con autobus<\/h5>\n<p><span data-sheets-value=\"[null,2,&quot;Desde la terminal de autobuses de San Jose, en Puerto Princesa, puedes coger el RORO (Roll On Roll Off) o Cherry Bus. Los dos sonROROs are basic and it is the cheapest Filipino mode of transport, however it is slow. It departs at XXX takes around 7 hours to arrive in El Nido. The Cherry Bus departs every two hours, starting at XXX and take XXX and most have aircon.&quot;]\" data-sheets-userformat=\"[null,null,14652,null,null,[null,[[null,2,0,null,null,[null,2,0]],[null,0,0,3],[null,1,0,null,1]]],[null,[[null,2,0,null,null,[null,2,0]],[null,0,0,3],[null,1,0,null,1]]],[null,[[null,2,0,null,null,[null,2,0]],[null,0,0,3],[null,1,0,null,1]]],[null,[[null,2,0,null,null,[null,2,0]],[null,0,0,3],[null,1,0,null,1]]],null,null,1,null,null,[null,2,0],&quot;calibri,arial,sans,sans-serif&quot;,10]\">Desde la terminal de autobuses de San Jose, en Puerto Princesa, puedes coger el RORO (Roll On Roll Off) o Cherry Bus. Los ROROs son la forma m\u00e1s b\u00e1sica y econ\u00f3mica de viajar para los filipinos, pero es un transporte lento (7 horas de trayecto).<\/span>[\/vc_column_text][vc_separator type=\u00bbtransparent\u00bb up=\u00bb0&#8243;][vc_column_text]\n<h5>Con Van<\/h5>\n<p>Hay vans desde Puerto Princesa a El Nido. Puedes reservar en el aeropuerto de Puerto Princesa, o directamente a trav\u00e9s de tu hotel o en la terminal de autobuses de San Jos\u00e9 en Puerto Princesa. La duraci\u00f3n del trayecto es de 5 horas.[\/vc_column_text][vc_separator type=\u00bbtransparent\u00bb up=\u00bb0&#8243;][vc_column_text]\n<h5>Alquiler de coche o motocicleta<\/h5>\n<p>Mucho m\u00e1s caro, pero m\u00e1s aventurero, es la opci\u00f3n de alquilar un coche o una moto en Puerto Princesa. La duraci\u00f3n del trayecto es de 6 horas. A pesar de que la carretera est\u00e1 a\u00fan en construcci\u00f3n, las condiciones son buenas. Existen diferentes proveedores que puedes encontrar en google.[\/vc_column_text][\/vc_accordion_tab][vc_accordion_tab title=\u00bbEn barco\u00bb icon=\u00bbfa-anchor\u00bb title_tag=\u00bbh4&#8243;][vc_column_text]\n<h5>Desde Manila a El Nido<\/h5>\n<p>Hay algunas l\u00edneas de ferry que ofrecen este trayecto. San Nicol\u00e1s ( 632 243 2830 ) y Atienza Navieras ( + 632-242 8845 ). Recomendamos esta opci\u00f3n s\u00f3lo si tienes una gran cantidad de tiempo y no te importa la comodidad, ya que se tarda alrededor de 3 d\u00edas para llegar a El Nido.[\/vc_column_text][vc_separator type=\u00bbtransparent\u00bb up=\u00bb0&#8243;][vc_column_text]\n<h5>Desde Coron a El Nido<\/h5>\n<p>Puedes reservar a trav\u00e9s de cualquier agencia de viajes en El Nido o en Coron una Ferry. Tiene una duraci\u00f3n de alrededor de 5 horas y va en funci\u00f3n de las condiciones clim\u00e1ticas.<br \/>\n[\/vc_column_text][\/vc_accordion_tab][\/vc_accordion][\/vc_column][vc_column width=\u00bb1\/2&#8243;][vc_column_text]\n<h1>Alojamiento<\/h1>\n[\/vc_column_text][vc_separator type=\u00bbtransparent\u00bb up=\u00bb8&#8243;][vc_column_text]\n<p style=\"padding-left: 40px;\">En Aquanaut Dive Center <a href=\"https:\/\/www.aquanautelnido.com\/es\/buceo-alojamiento\/\">ofrecemos Paquetes de Buceo y Alojamiento<\/a> tanto si vas a hacer tu <a href=\"https:\/\/www.aquanautelnido.com\/es\/cursos-padi\/open-water-diver\/\">curso PAD<\/a>I como si ya eres <a href=\"https:\/\/www.aquanautelnido.com\/es\/salidas-buceo\/\">buceador certificado<\/a>.\u201d<\/p>\n[\/vc_column_text][vc_separator type=\u00bbtransparent\u00bb up=\u00bb8&#8243;][vc_column_text]\n<p style=\"padding-left: 40px;\">Puedes leer mas <a href=\"https:\/\/www.aquanautelnido.com\/es\/el-nido\/\">informacion important sobre El Nido aqui<\/a> o\u00a0<a title=\"Cont\u00e1ctanos\" href=\"http:\/\/www.aquanautelnido.com\/es\/contacto\/\">Cont\u00e1ctanos<\/a> para m\u00e1s informaci\u00f3n.<\/p>\n[\/vc_column_text][\/vc_column][\/vc_row][vc_row][vc_column][vc_column_text]\n[\/vc_column_text][\/vc_column][\/vc_row][vc_row row_type=\u00bbsection\u00bb padding_bottom=\u00bb0&#8243;][vc_column width=\u00bb1\/2&#8243;]<div class=\"q_image_with_text_over \"><div class=\"shader\"><\/div><img decoding=\"async\" src=\"https:\/\/www.aquanautelnido.com\/wp-content\/uploads\/2016\/07\/PADIcourses.jpg\" alt=\"Reserva tu curso PADI eLearning\" \/><div class=\"text\"><table><tr><td><h2 class=\"caption no_icon\" style=\"\">Reserva tu curso PADI eLearning<\/h2><\/td><\/tr><\/table><table><tr><td><div class=\"desc\">\n<h1><a href=\"http:\/\/www.aquanautelnido.com\/es\/cursos-padi\/\">Reserva tu curso PADI eLearning<\/a><\/h1>\n<\/div><\/td><\/tr><\/table><\/div><\/div>[\/vc_column][vc_column width=\u00bb1\/2&#8243;]<div class=\"q_image_with_text_over \"><div class=\"shader\"><\/div><img decoding=\"async\" src=\"https:\/\/www.aquanautelnido.com\/wp-content\/uploads\/2016\/07\/FunDives2.jpeg\" alt=\"Inmersiones Diarias, Nocturnas y Buceo Fluorescente\" \/><div class=\"text\"><table><tr><td><h2 class=\"caption no_icon\" style=\"\">Inmersiones Diarias, Nocturnas y Buceo Fluorescente<\/h2><\/td><\/tr><\/table><table><tr><td><div class=\"desc\">\n<h1><a href=\"http:\/\/www.aquanautelnido.com\/es\/salidas-buceo\/\">Inmersiones Diarias, Nocturnas y Buceo Fluorescente<\/a><\/h1>\n<\/div><\/td><\/tr><\/table><\/div><\/div>[\/vc_column][\/vc_row]\n<\/div>","protected":false},"excerpt":{"rendered":"<p>[vc_row row_type=\u00bbsection\u00bb][vc_column][vc_column_text] El pin en el mapa [\/vc_column_text][vc_separator type=\u00bbtransparent\u00bb up=\u00bb0&#8243;][vc_column_text]El Nido se encuentra en la provincia norte\u00f1a de Palawan, isla de Filipinas. Rodeada por el mar del sur de China desde el oeste y el mar de Sulu desde el&#8230;<\/p>\n","protected":false},"author":1,"featured_media":0,"parent":13346,"menu_order":0,"comment_status":"open","ping_status":"closed","template":"","meta":{"footnotes":""},"class_list":["post-11248","page","type-page","status-publish","hentry"],"yoast_head":"<!-- This site is optimized with the Yoast SEO plugin v26.4 - https:\/\/yoast.com\/wordpress\/plugins\/seo\/ -->\n<title>Como llegar: planifica tu viaje a El Nido<\/title>\n<meta name=\"description\" content=\"Planifica tu viaje a El Nido, Palawan, Filipinas. Como llegar, estancia, tiempo, facilidades medicas, como moverte, dinero en efectivo, etc.\" \/>\n<meta name=\"robots\" content=\"index, follow, max-snippet:-1, max-image-preview:large, max-video-preview:-1\" \/>\n<link rel=\"canonical\" href=\"https:\/\/www.aquanautelnido.com\/el-nido\/plan-your-trip\/\" \/>\n<meta property=\"og:locale\" content=\"es_ES\" \/>\n<meta property=\"og:type\" content=\"article\" \/>\n<meta property=\"og:title\" content=\"Como llegar: planifica tu viaje a El Nido\" \/>\n<meta property=\"og:description\" content=\"Planifica tu viaje a El Nido, Palawan, Filipinas. Como llegar, estancia, tiempo, facilidades medicas, como moverte, dinero en efectivo, etc.\" \/>\n<meta property=\"og:url\" content=\"https:\/\/www.aquanautelnido.com\/el-nido\/plan-your-trip\/\" \/>\n<meta property=\"og:site_name\" content=\"Aquanaut Dive Center\" \/>\n<meta property=\"article:publisher\" content=\"https:\/\/www.facebook.com\/Aquanautelnido\" \/>\n<meta property=\"article:modified_time\" content=\"2022-10-23T04:34:51+00:00\" \/>\n<meta name=\"twitter:card\" content=\"summary_large_image\" \/>\n<meta name=\"twitter:label1\" content=\"Tiempo de lectura\" \/>\n\t<meta name=\"twitter:data1\" content=\"4 minutos\" \/>\n<script type=\"application\/ld+json\" class=\"yoast-schema-graph\">{\"@context\":\"https:\/\/schema.org\",\"@graph\":[{\"@type\":\"WebPage\",\"@id\":\"https:\/\/www.aquanautelnido.com\/el-nido\/plan-your-trip\/\",\"url\":\"https:\/\/www.aquanautelnido.com\/el-nido\/plan-your-trip\/\",\"name\":\"Como llegar: planifica tu viaje a El Nido\",\"isPartOf\":{\"@id\":\"https:\/\/www.aquanautelnido.com\/fr\/#website\"},\"datePublished\":\"2014-08-01T02:29:27+00:00\",\"dateModified\":\"2022-10-23T04:34:51+00:00\",\"description\":\"Planifica tu viaje a El Nido, Palawan, Filipinas. Como llegar, estancia, tiempo, facilidades medicas, como moverte, dinero en efectivo, etc.\",\"breadcrumb\":{\"@id\":\"https:\/\/www.aquanautelnido.com\/el-nido\/plan-your-trip\/#breadcrumb\"},\"inLanguage\":\"es\",\"potentialAction\":[{\"@type\":\"ReadAction\",\"target\":[\"https:\/\/www.aquanautelnido.com\/el-nido\/plan-your-trip\/\"]}]},{\"@type\":\"BreadcrumbList\",\"@id\":\"https:\/\/www.aquanautelnido.com\/el-nido\/plan-your-trip\/#breadcrumb\",\"itemListElement\":[{\"@type\":\"ListItem\",\"position\":1,\"name\":\"Home\",\"item\":\"https:\/\/www.aquanautelnido.com\/es\/\"},{\"@type\":\"ListItem\",\"position\":2,\"name\":\"El Nido\",\"item\":\"https:\/\/www.aquanautelnido.com\/el-nido\/\"},{\"@type\":\"ListItem\",\"position\":3,\"name\":\"Planifica tu viaje a El Nido\"}]},{\"@type\":\"WebSite\",\"@id\":\"https:\/\/www.aquanautelnido.com\/fr\/#website\",\"url\":\"https:\/\/www.aquanautelnido.com\/fr\/\",\"name\":\"Aquanaut Dive Center\",\"description\":\"Scuba Diving in El Nido, Palawan, Philippines\",\"potentialAction\":[{\"@type\":\"SearchAction\",\"target\":{\"@type\":\"EntryPoint\",\"urlTemplate\":\"https:\/\/www.aquanautelnido.com\/fr\/?s={search_term_string}\"},\"query-input\":{\"@type\":\"PropertyValueSpecification\",\"valueRequired\":true,\"valueName\":\"search_term_string\"}}],\"inLanguage\":\"es\"}]}<\/script>\n<!-- \/ Yoast SEO plugin. -->","yoast_head_json":{"title":"Como llegar: planifica tu viaje a El Nido","description":"Planifica tu viaje a El Nido, Palawan, Filipinas. Como llegar, estancia, tiempo, facilidades medicas, como moverte, dinero en efectivo, etc.","robots":{"index":"index","follow":"follow","max-snippet":"max-snippet:-1","max-image-preview":"max-image-preview:large","max-video-preview":"max-video-preview:-1"},"canonical":"https:\/\/www.aquanautelnido.com\/el-nido\/plan-your-trip\/","og_locale":"es_ES","og_type":"article","og_title":"Como llegar: planifica tu viaje a El Nido","og_description":"Planifica tu viaje a El Nido, Palawan, Filipinas. Como llegar, estancia, tiempo, facilidades medicas, como moverte, dinero en efectivo, etc.","og_url":"https:\/\/www.aquanautelnido.com\/el-nido\/plan-your-trip\/","og_site_name":"Aquanaut Dive Center","article_publisher":"https:\/\/www.facebook.com\/Aquanautelnido","article_modified_time":"2022-10-23T04:34:51+00:00","twitter_card":"summary_large_image","twitter_misc":{"Tiempo de lectura":"4 minutos"},"schema":{"@context":"https:\/\/schema.org","@graph":[{"@type":"WebPage","@id":"https:\/\/www.aquanautelnido.com\/el-nido\/plan-your-trip\/","url":"https:\/\/www.aquanautelnido.com\/el-nido\/plan-your-trip\/","name":"Como llegar: planifica tu viaje a El Nido","isPartOf":{"@id":"https:\/\/www.aquanautelnido.com\/fr\/#website"},"datePublished":"2014-08-01T02:29:27+00:00","dateModified":"2022-10-23T04:34:51+00:00","description":"Planifica tu viaje a El Nido, Palawan, Filipinas. Como llegar, estancia, tiempo, facilidades medicas, como moverte, dinero en efectivo, etc.","breadcrumb":{"@id":"https:\/\/www.aquanautelnido.com\/el-nido\/plan-your-trip\/#breadcrumb"},"inLanguage":"es","potentialAction":[{"@type":"ReadAction","target":["https:\/\/www.aquanautelnido.com\/el-nido\/plan-your-trip\/"]}]},{"@type":"BreadcrumbList","@id":"https:\/\/www.aquanautelnido.com\/el-nido\/plan-your-trip\/#breadcrumb","itemListElement":[{"@type":"ListItem","position":1,"name":"Home","item":"https:\/\/www.aquanautelnido.com\/es\/"},{"@type":"ListItem","position":2,"name":"El Nido","item":"https:\/\/www.aquanautelnido.com\/el-nido\/"},{"@type":"ListItem","position":3,"name":"Planifica tu viaje a El Nido"}]},{"@type":"WebSite","@id":"https:\/\/www.aquanautelnido.com\/fr\/#website","url":"https:\/\/www.aquanautelnido.com\/fr\/","name":"Aquanaut Dive Center","description":"Scuba Diving in El Nido, Palawan, Philippines","potentialAction":[{"@type":"SearchAction","target":{"@type":"EntryPoint","urlTemplate":"https:\/\/www.aquanautelnido.com\/fr\/?s={search_term_string}"},"query-input":{"@type":"PropertyValueSpecification","valueRequired":true,"valueName":"search_term_string"}}],"inLanguage":"es"}]}},"_links":{"self":[{"href":"https:\/\/www.aquanautelnido.com\/es\/wp-json\/wp\/v2\/pages\/11248","targetHints":{"allow":["GET"]}}],"collection":[{"href":"https:\/\/www.aquanautelnido.com\/es\/wp-json\/wp\/v2\/pages"}],"about":[{"href":"https:\/\/www.aquanautelnido.com\/es\/wp-json\/wp\/v2\/types\/page"}],"author":[{"embeddable":true,"href":"https:\/\/www.aquanautelnido.com\/es\/wp-json\/wp\/v2\/users\/1"}],"replies":[{"embeddable":true,"href":"https:\/\/www.aquanautelnido.com\/es\/wp-json\/wp\/v2\/comments?post=11248"}],"version-history":[{"count":12,"href":"https:\/\/www.aquanautelnido.com\/es\/wp-json\/wp\/v2\/pages\/11248\/revisions"}],"predecessor-version":[{"id":13909,"href":"https:\/\/www.aquanautelnido.com\/es\/wp-json\/wp\/v2\/pages\/11248\/revisions\/13909"}],"up":[{"embeddable":true,"href":"https:\/\/www.aquanautelnido.com\/es\/wp-json\/wp\/v2\/pages\/13346"}],"wp:attachment":[{"href":"https:\/\/www.aquanautelnido.com\/es\/wp-json\/wp\/v2\/media?parent=11248"}],"curies":[{"name":"wp","href":"https:\/\/api.w.org\/{rel}","templated":true}]}}