{"id":11631,"date":"2014-08-01T04:17:49","date_gmt":"2014-08-01T03:17:49","guid":{"rendered":"http:\/\/www.aquanautelnido.com\/es\/cursos-padi\/open-water-diver\/"},"modified":"2025-04-09T17:22:08","modified_gmt":"2025-04-09T09:22:08","slug":"open-water-diver","status":"publish","type":"page","link":"https:\/\/www.aquanautelnido.com\/es\/cursos-padi\/open-water-diver\/","title":{"rendered":"Curso PADI Open Water Diver"},"content":{"rendered":"<div class=\"wpb-content-wrapper\">[vc_row row_type=\u00bbsection\u00bb padding_top=\u00bb0&#8243; padding_bottom=\u00bb0&#8243;][vc_column][vc_column_text]\n<h1><span lang=\"es\">Tu curso de buceo PADI Open Water en El Nido<\/span><\/h1>\n[\/vc_column_text][\/vc_column][\/vc_row][vc_row row_type=\u00bbsection\u00bb padding_top=\u00bb0&#8243; padding_bottom=\u00bb0&#8243;][vc_column width=\u00bb2\/3&#8243;][vc_separator type=\u00bbtransparent\u00bb up=\u00bb4&#8243; down=\u00bb8&#8243;][vc_column_text]La certificaci\u00f3n PADI Open Water es el nivel de buceo m\u00e1s reconocido del mundo. Como buceador PADI Open Water, se te permitir\u00e1 bucear con un compa\u00f1ero a una profundidad m\u00e1xima de 18 metros \/ 60 pies en cualquier parte del mundo.[\/vc_column_text][vc_separator type=\u00bbtransparent\u00bb up=\u00bb4&#8243; down=\u00bb8&#8243;][vc_column_text]El curso PADI Open Water es un curso de entrada al mundo del buceo dise\u00f1ado para principiantes y cualquier persona de 10 a\u00f1os de edad o mayor y que pueda nadar al menos 200 metros y flotar durante 10 minutos.[\/vc_column_text][vc_separator type=\u00bbtransparent\u00bb up=\u00bb4&#8243; down=\u00bb8&#8243;][vc_column_text]Durante el curso PADI Open Water Diver tu instructor te ayudar\u00e1 a dominar tanto la teor\u00eda como las practicas en aguas del mundo del buceo.[\/vc_column_text][vc_separator type=\u00bbtransparent\u00bb up=\u00bb4&#8243; down=\u00bb8&#8243;][vc_separator type=\u00bbtransparent\u00bb up=\u00bb4&#8243; down=\u00bb8&#8243;][vc_column_text]\n<h4>Teor\u00eda\u00a0con\u00a0PADI eLearning<\/h4>\n[\/vc_column_text][vc_separator type=\u00bbtransparent\u00bb up=\u00bb4&#8243; down=\u00bb8&#8243;][vc_column_text]La teor\u00eda es un desarrollo de conocimientos realizado online, a trav\u00e9s de PADI eLearning, a tu propio ritmo y desde tu hogar antes de llegar a El Nido, para que tengas m\u00e1s tiempo para disfrutar de tus vacaciones en Filipinas. En cualquier caso, estaremos encantados de ofrecerte asistencia durante tu estudio online, en caso de que la necesites.[\/vc_column_text][vc_separator type=\u00bbtransparent\u00bb up=\u00bb4&#8243; down=\u00bb8&#8243;][vc_column_text]La teor\u00eda PADI eLearning est\u00e1 dividida en 5 secciones y es esencial para comprender los diferentes temas relacionados con el buceo, tales como el funcionamiento del equipo, c\u00f3mo el buceo afecta nuestro cuerpo, c\u00f3mo respirar bajo el agua, etc. de cada secci\u00f3n, debe realizrse los repasos de conocimientos, las pruebas y un examen final antes de llegar a El Nido.[\/vc_column_text][vc_separator type=\u00bbtransparent\u00bb up=\u00bb4&#8243; down=\u00bb8&#8243;][vc_column_text]Cuando llegues a El Nido, el primer d\u00eda conocer\u00e1s a tu instructor PADI a las 6 de la tarde, quien reforzar\u00e1 tus conocimientos aprendidos online y tambi\u00e9n te ense\u00f1ar\u00e1 algunos ejercicios en superficie, como familiarizarse con el equipo de buceo, c\u00f3mo montarlo, etc.[\/vc_column_text][vc_separator type=\u00bbtransparent\u00bb up=\u00bb4&#8243; down=\u00bb8&#8243;][vc_separator type=\u00bbtransparent\u00bb up=\u00bb4&#8243; down=\u00bb8&#8243;][vc_column_text]<strong>Pr\u00e1cticas en aguas en El Nido<\/strong>[\/vc_column_text][vc_separator type=\u00bbtransparent\u00bb up=\u00bb4&#8243; down=\u00bb8&#8243;][vc_column_text]En el segundo y tercer d\u00eda de tu curso PADI Open Water, comenzar\u00e1s las pr\u00e1cticas en aguas. Hay 5 sesiones en aguas confinadas, que tienen lugar en la playa, y 4 sesiones en aguas abiertas. En las sesiones de aguas confinadas y abiertas, aprender\u00e1s los ejercicios b\u00e1sicos de buceo y c\u00f3mo ponerlos en pr\u00e1ctica durante las inmersiones.[\/vc_column_text][vc_separator type=\u00bbtransparent\u00bb up=\u00bb4&#8243; down=\u00bb8&#8243;][vc_column_text]Con el apoyo constante de tu instructor, gradualmente ganar\u00e1s confianza en los ejercicios de buceo. Adem\u00e1s, nuestros instructores PADI pueden ense\u00f1ar en diferentes idiomas como tagalog, ingl\u00e9s, franc\u00e9s, espa\u00f1ol y alem\u00e1n. Cuando hagas la resrva de tu curso, especifica el idioma con el que te gustar\u00eda aprender.[\/vc_column_text][vc_separator type=\u00bbtransparent\u00bb up=\u00bb4&#8243; down=\u00bb8&#8243;][vc_column_text]<a href=\"https:\/\/www.aquanautelnido.com\/es\/contacto\/\">Cont\u00e1ctanos y estaremos encantados de ayudarte a reservar tu curso de buceo PADI Open Water.<\/a>[\/vc_column_text][vc_separator type=\u00bbtransparent\u00bb up=\u00bb4&#8243; down=\u00bb8&#8243;][vc_separator type=\u00bbtransparent\u00bb up=\u00bb4&#8243; down=\u00bb8&#8243;][vc_column_text]\n<h4>Programa\u00a0<em>(*)<\/em><\/h4>\n<p>&nbsp;<\/p>\n<h4>D\u00eda 1<\/h4>\n<ul>\n<li>18:00 Conoce a tu instructor PADI en el\u00a0centro de buceo Aquanaut\u00a0para reforzar tus conocimientos te\u00f3ricos y empezar con los ejercicios en superficie.<\/li>\n<\/ul>\n<p>&nbsp;<\/p>\n<h4>D\u00eda 2<\/h4>\n<ul>\n<li>8:00 Salida desde el centro de buceo Aquanaut en\u00a0la\u00a0bah\u00eda\u00a0de El Nido.<\/li>\n<li>9:00 Sessiones de Aguas Confinadas\u00a0#1, 2 y 3.<\/li>\n<li>10:30 Caf\u00e9, t\u00e9 y\u00a0frutas.<\/li>\n<li>11:30 Sesi\u00f3n Aguas Abiertas\u00a0#1.<\/li>\n<li>12:30 Deliciosa comida filipina en el barco o en la playa.<\/li>\n<li>13:45 Sesi\u00f3n Aguas Abiertas\u00a0#2.<\/li>\n<li>15:00 Navegando hacia\u00a0El Nido \u2013 disfruta de una de las mejores vistas del mundo.<\/li>\n<li>16:00 Desembarco en\u00a0El Nido \u2013\u00a0\u00a0comparte\u00a0tu experiencia con otros buceadores.<\/li>\n<\/ul>\n<p>&nbsp;<\/p>\n<h4>D\u00eda 3<\/h4>\n<ul>\n<li>8:00 Salida desde el centro de buceo Aquanaut en\u00a0la\u00a0bah\u00eda\u00a0de El Nido.<\/li>\n<li>9:00 Sessiones de Aguas Confinadas\u00a0#4 y 5.<\/li>\n<li>10:30 Caf\u00e9, t\u00e9 y\u00a0frutas.<\/li>\n<li>11:30 Sesi\u00f3n Aguas Abiertas\u00a0#3.<\/li>\n<li>12:30 Deliciosa comida filipina en el barco o en la playa.<\/li>\n<li>13:45 Sesi\u00f3n Aguas Abiertas\u00a0#4.<\/li>\n<li>15:00 Navegando hacia\u00a0El Nido.<\/li>\n<li>16:00 Desembarco en\u00a0El Nido \u2013\u00a0 registra tus inmersiones y\u00a0comparte\u00a0tu experiencia con otros buceadores. Felicidades! ya eres\u00a0un buceador PADI\u00a0certificado.<\/li>\n<\/ul>\n<p>&nbsp;<\/p>\n[\/vc_column_text][vc_separator type=\u00bbtransparent\u00bb up=\u00bb6&#8243; down=\u00bb6&#8243;][vc_column_text]<em>(*) El horario puede variar dependiendo de las condiciones clim\u00e1ticas y otros imprevistos.<\/em>[\/vc_column_text][vc_separator type=\u00bbtransparent\u00bb up=\u00bb6&#8243; down=\u00bb6&#8243;][vc_separator type=\u00bbtransparent\u00bb up=\u00bb6&#8243; down=\u00bb6&#8243;][vc_column_text]\n<h4 style=\"text-align: left;\">Alojamiento<\/h4>\n[\/vc_column_text][vc_separator type=\u00bbtransparent\u00bb up=\u00bb6&#8243; down=\u00bb6&#8243;][vc_row_inner][vc_column_inner width=\u00bb1\/4&#8243;][vc_single_image image=\u00bb13708&#8243; img_size=\u00bb100&#215;100&#8243; alignment=\u00bbcenter\u00bb onclick=\u00bbcustom_link\u00bb img_link_target=\u00bb_blank\u00bb link=\u00bbhttps:\/\/www.aquanautelnido.com\/diving-accommodation-package\/\u00bb][\/vc_column_inner][vc_column_inner width=\u00bb3\/4&#8243;][vc_separator type=\u00bbtransparent\u00bb up=\u00bb6&#8243; down=\u00bb6&#8243;][vc_separator type=\u00bbtransparent\u00bb up=\u00bb6&#8243; down=\u00bb6&#8243;][vc_separator type=\u00bbtransparent\u00bb up=\u00bb6&#8243; down=\u00bb6&#8243;][vc_column_text]\n<p style=\"text-align: left;\">\u00bfBuscas alojamiento en El Nido mientras disfrutas de tu actividad de buceo? \u00a1No te pierdas el <a href=\"https:\/\/www.aquanautelnido.com\/es\/buceo-alojamiento\/\">mejor paquete de Buceo y Alojamiento<\/a>!<\/p>\n[\/vc_column_text][\/vc_column_inner][\/vc_row_inner][vc_separator type=\u00bbtransparent\u00bb up=\u00bb6&#8243; down=\u00bb6&#8243;][vc_separator type=\u00bbtransparent\u00bb up=\u00bb6&#8243; down=\u00bb6&#8243;][\/vc_column][vc_column width=\u00bb1\/3&#8243; css=\u00bb.vc_custom_1540468424762{margin-top: 20px !important;margin-right: 20px !important;background-color: #f7f7f7 !important;border-radius: 1px !important;}\u00bb][vc_single_image image=\u00bb8386&#8243; img_size=\u00bbmedium\u00bb alignment=\u00bbcenter\u00bb][vc_column_text]\n<h3 style=\"text-align: center;\">Curso Open Water Diver<\/h3>\n[\/vc_column_text][vc_column_text css=\u00bb\u00bb]\n<h1 style=\"text-align: center;\">23,000<sup class=\"value\">\u20b1<\/sup><\/h1>\n[\/vc_column_text][vc_separator up=\u00bb6&#8243; down=\u00bb6&#8243;][vc_column_text]\n<h4 style=\"text-align: center;\">Incluye<\/h4>\n[\/vc_column_text][vc_separator up=\u00bb6&#8243; down=\u00bb6&#8243;][vc_column_text]\n<p style=\"text-align: center;\">Duraci\u00f3n : media tarde teoria + 2 D\u00edas en agua<\/p>\n<p style=\"text-align: center;\">5 Sesiones de aguas confinadas<\/p>\n<p style=\"text-align: center;\">4 Sesiones de aguas abiertas<\/p>\n<p style=\"text-align: center;\">Materiales PADI<\/p>\n<p style=\"text-align: center;\">Instructor PADI<\/p>\n<p style=\"text-align: center;\">Certificaci\u00f3n PADI<\/p>\n<p style=\"text-align: center;\">Equipo de buceo completo<\/p>\n<p style=\"text-align: center;\">Diario de Buceo<\/p>\n<p style=\"text-align: center;\"><span lang=\"es\">Comida a bordo<\/span><\/p>\n<p style=\"text-align: center;\">Seguridad y diversion<\/p>\n[\/vc_column_text][vc_separator up=\u00bb6&#8243; down=\u00bb6&#8243;][vc_column_text]\n<h4 style=\"text-align: center;\">Requerimientos<\/h4>\n[\/vc_column_text][vc_separator up=\u00bb6&#8243; down=\u00bb6&#8243;][vc_column_text]\n<p style=\"text-align: center;\">Edad m\u00ednima: 10 a\u00f1os<\/p>\n[\/vc_column_text][vc_separator type=\u00bbtransparent\u00bb up=\u00bb6&#8243; down=\u00bb6&#8243;][vc_separator type=\u00bbtransparent\u00bb up=\u00bb6&#8243; down=\u00bb6&#8243;][vc_separator type=\u00bbtransparent\u00bb up=\u00bb6&#8243; down=\u00bb6&#8243;][vc_row_inner content_placement=\u00bbmiddle\u00bb row_type=\u00bbsection\u00bb text_align=\u00bbcenter\u00bb][vc_column_inner][vc_column_text css=\u00bb\u00bb]\n<p style=\"text-align: center;\"><strong>RESERVE AHORA !<\/strong><\/p>\n[\/vc_column_text][vc_raw_html css=\u00bb\u00bb]JTVCYm9va2x5LXNlcnZpY2VzLWZvcm0lMjBvcGVuLXdhdGVyLWRpdmVyJTVE[\/vc_raw_html][\/vc_column_inner][\/vc_row_inner][\/vc_column][\/vc_row]\n<\/div>","protected":false},"excerpt":{"rendered":"<p>[vc_row row_type=\u00bbsection\u00bb padding_top=\u00bb0&#8243; padding_bottom=\u00bb0&#8243;][vc_column][vc_column_text] Tu curso de buceo PADI Open Water en El Nido [\/vc_column_text][\/vc_column][\/vc_row][vc_row row_type=\u00bbsection\u00bb padding_top=\u00bb0&#8243; padding_bottom=\u00bb0&#8243;][vc_column width=\u00bb2\/3&#8243;][vc_separator type=\u00bbtransparent\u00bb up=\u00bb4&#8243; down=\u00bb8&#8243;][vc_column_text]La certificaci\u00f3n PADI Open Water es el nivel de buceo m\u00e1s reconocido del mundo. Como buceador PADI Open Water,&#8230;<\/p>\n","protected":false},"author":1,"featured_media":0,"parent":10266,"menu_order":2,"comment_status":"closed","ping_status":"closed","template":"","meta":{"footnotes":""},"class_list":["post-11631","page","type-page","status-publish","hentry"],"yoast_head":"<!-- This site is optimized with the Yoast SEO plugin v26.4 - https:\/\/yoast.com\/wordpress\/plugins\/seo\/ -->\n<title>Curso PADI Open Water Diver - Aquanaut Dive Center<\/title>\n<meta name=\"description\" content=\"Tu curso PADI Open Water Diver eLearning en El Nido, Filipinas. Consigue el primer nivel de certificaci\u00f3n para bucear en todo el mundo.\" \/>\n<meta name=\"robots\" content=\"index, follow, max-snippet:-1, max-image-preview:large, max-video-preview:-1\" \/>\n<link rel=\"canonical\" href=\"https:\/\/www.aquanautelnido.com\/es\/cursos-padi\/open-water-diver\/\" \/>\n<meta property=\"og:locale\" content=\"es_ES\" \/>\n<meta property=\"og:type\" content=\"article\" \/>\n<meta property=\"og:title\" content=\"Curso PADI Open Water Diver - Aquanaut Dive Center\" \/>\n<meta property=\"og:description\" content=\"Tu curso PADI Open Water Diver eLearning en El Nido, Filipinas. Consigue el primer nivel de certificaci\u00f3n para bucear en todo el mundo.\" \/>\n<meta property=\"og:url\" content=\"https:\/\/www.aquanautelnido.com\/es\/cursos-padi\/open-water-diver\/\" \/>\n<meta property=\"og:site_name\" content=\"Aquanaut Dive Center\" \/>\n<meta property=\"article:publisher\" content=\"https:\/\/www.facebook.com\/Aquanautelnido\" \/>\n<meta property=\"article:modified_time\" content=\"2025-04-09T09:22:08+00:00\" \/>\n<meta name=\"twitter:card\" content=\"summary_large_image\" \/>\n<meta name=\"twitter:label1\" content=\"Tiempo de lectura\" \/>\n\t<meta name=\"twitter:data1\" content=\"4 minutos\" \/>\n<script type=\"application\/ld+json\" class=\"yoast-schema-graph\">{\"@context\":\"https:\/\/schema.org\",\"@graph\":[{\"@type\":\"WebPage\",\"@id\":\"https:\/\/www.aquanautelnido.com\/es\/cursos-padi\/open-water-diver\/\",\"url\":\"https:\/\/www.aquanautelnido.com\/es\/cursos-padi\/open-water-diver\/\",\"name\":\"Curso PADI Open Water Diver - Aquanaut Dive Center\",\"isPartOf\":{\"@id\":\"https:\/\/www.aquanautelnido.com\/fr\/#website\"},\"datePublished\":\"2014-08-01T03:17:49+00:00\",\"dateModified\":\"2025-04-09T09:22:08+00:00\",\"description\":\"Tu curso PADI Open Water Diver eLearning en El Nido, Filipinas. Consigue el primer nivel de certificaci\u00f3n para bucear en todo el mundo.\",\"breadcrumb\":{\"@id\":\"https:\/\/www.aquanautelnido.com\/es\/cursos-padi\/open-water-diver\/#breadcrumb\"},\"inLanguage\":\"es\",\"potentialAction\":[{\"@type\":\"ReadAction\",\"target\":[\"https:\/\/www.aquanautelnido.com\/es\/cursos-padi\/open-water-diver\/\"]}]},{\"@type\":\"BreadcrumbList\",\"@id\":\"https:\/\/www.aquanautelnido.com\/es\/cursos-padi\/open-water-diver\/#breadcrumb\",\"itemListElement\":[{\"@type\":\"ListItem\",\"position\":1,\"name\":\"Home\",\"item\":\"https:\/\/www.aquanautelnido.com\/es\/\"},{\"@type\":\"ListItem\",\"position\":2,\"name\":\"Cursos de buceo PADI\",\"item\":\"https:\/\/www.aquanautelnido.com\/padi-courses\/\"},{\"@type\":\"ListItem\",\"position\":3,\"name\":\"Curso PADI Open Water Diver\"}]},{\"@type\":\"WebSite\",\"@id\":\"https:\/\/www.aquanautelnido.com\/fr\/#website\",\"url\":\"https:\/\/www.aquanautelnido.com\/fr\/\",\"name\":\"Aquanaut Dive Center\",\"description\":\"Scuba Diving in El Nido, Palawan, Philippines\",\"potentialAction\":[{\"@type\":\"SearchAction\",\"target\":{\"@type\":\"EntryPoint\",\"urlTemplate\":\"https:\/\/www.aquanautelnido.com\/fr\/?s={search_term_string}\"},\"query-input\":{\"@type\":\"PropertyValueSpecification\",\"valueRequired\":true,\"valueName\":\"search_term_string\"}}],\"inLanguage\":\"es\"}]}<\/script>\n<!-- \/ Yoast SEO plugin. -->","yoast_head_json":{"title":"Curso PADI Open Water Diver - Aquanaut Dive Center","description":"Tu curso PADI Open Water Diver eLearning en El Nido, Filipinas. Consigue el primer nivel de certificaci\u00f3n para bucear en todo el mundo.","robots":{"index":"index","follow":"follow","max-snippet":"max-snippet:-1","max-image-preview":"max-image-preview:large","max-video-preview":"max-video-preview:-1"},"canonical":"https:\/\/www.aquanautelnido.com\/es\/cursos-padi\/open-water-diver\/","og_locale":"es_ES","og_type":"article","og_title":"Curso PADI Open Water Diver - Aquanaut Dive Center","og_description":"Tu curso PADI Open Water Diver eLearning en El Nido, Filipinas. Consigue el primer nivel de certificaci\u00f3n para bucear en todo el mundo.","og_url":"https:\/\/www.aquanautelnido.com\/es\/cursos-padi\/open-water-diver\/","og_site_name":"Aquanaut Dive Center","article_publisher":"https:\/\/www.facebook.com\/Aquanautelnido","article_modified_time":"2025-04-09T09:22:08+00:00","twitter_card":"summary_large_image","twitter_misc":{"Tiempo de lectura":"4 minutos"},"schema":{"@context":"https:\/\/schema.org","@graph":[{"@type":"WebPage","@id":"https:\/\/www.aquanautelnido.com\/es\/cursos-padi\/open-water-diver\/","url":"https:\/\/www.aquanautelnido.com\/es\/cursos-padi\/open-water-diver\/","name":"Curso PADI Open Water Diver - Aquanaut Dive Center","isPartOf":{"@id":"https:\/\/www.aquanautelnido.com\/fr\/#website"},"datePublished":"2014-08-01T03:17:49+00:00","dateModified":"2025-04-09T09:22:08+00:00","description":"Tu curso PADI Open Water Diver eLearning en El Nido, Filipinas. Consigue el primer nivel de certificaci\u00f3n para bucear en todo el mundo.","breadcrumb":{"@id":"https:\/\/www.aquanautelnido.com\/es\/cursos-padi\/open-water-diver\/#breadcrumb"},"inLanguage":"es","potentialAction":[{"@type":"ReadAction","target":["https:\/\/www.aquanautelnido.com\/es\/cursos-padi\/open-water-diver\/"]}]},{"@type":"BreadcrumbList","@id":"https:\/\/www.aquanautelnido.com\/es\/cursos-padi\/open-water-diver\/#breadcrumb","itemListElement":[{"@type":"ListItem","position":1,"name":"Home","item":"https:\/\/www.aquanautelnido.com\/es\/"},{"@type":"ListItem","position":2,"name":"Cursos de buceo PADI","item":"https:\/\/www.aquanautelnido.com\/padi-courses\/"},{"@type":"ListItem","position":3,"name":"Curso PADI Open Water Diver"}]},{"@type":"WebSite","@id":"https:\/\/www.aquanautelnido.com\/fr\/#website","url":"https:\/\/www.aquanautelnido.com\/fr\/","name":"Aquanaut Dive Center","description":"Scuba Diving in El Nido, Palawan, Philippines","potentialAction":[{"@type":"SearchAction","target":{"@type":"EntryPoint","urlTemplate":"https:\/\/www.aquanautelnido.com\/fr\/?s={search_term_string}"},"query-input":{"@type":"PropertyValueSpecification","valueRequired":true,"valueName":"search_term_string"}}],"inLanguage":"es"}]}},"_links":{"self":[{"href":"https:\/\/www.aquanautelnido.com\/es\/wp-json\/wp\/v2\/pages\/11631","targetHints":{"allow":["GET"]}}],"collection":[{"href":"https:\/\/www.aquanautelnido.com\/es\/wp-json\/wp\/v2\/pages"}],"about":[{"href":"https:\/\/www.aquanautelnido.com\/es\/wp-json\/wp\/v2\/types\/page"}],"author":[{"embeddable":true,"href":"https:\/\/www.aquanautelnido.com\/es\/wp-json\/wp\/v2\/users\/1"}],"replies":[{"embeddable":true,"href":"https:\/\/www.aquanautelnido.com\/es\/wp-json\/wp\/v2\/comments?post=11631"}],"version-history":[{"count":63,"href":"https:\/\/www.aquanautelnido.com\/es\/wp-json\/wp\/v2\/pages\/11631\/revisions"}],"predecessor-version":[{"id":14239,"href":"https:\/\/www.aquanautelnido.com\/es\/wp-json\/wp\/v2\/pages\/11631\/revisions\/14239"}],"up":[{"embeddable":true,"href":"https:\/\/www.aquanautelnido.com\/es\/wp-json\/wp\/v2\/pages\/10266"}],"wp:attachment":[{"href":"https:\/\/www.aquanautelnido.com\/es\/wp-json\/wp\/v2\/media?parent=11631"}],"curies":[{"name":"wp","href":"https:\/\/api.w.org\/{rel}","templated":true}]}}