{"id":13744,"date":"2020-03-11T14:19:25","date_gmt":"2020-03-11T06:19:25","guid":{"rendered":"https:\/\/www.aquanautelnido.com\/diving-accommodation-package\/"},"modified":"2022-10-14T12:24:22","modified_gmt":"2022-10-14T04:24:22","slug":"buceo-alojamiento","status":"publish","type":"page","link":"https:\/\/www.aquanautelnido.com\/es\/buceo-alojamiento\/","title":{"rendered":"Paquete de buceo y alojamiento"},"content":{"rendered":"<div class=\"wpb-content-wrapper\">[vc_row][vc_column][vc_column_text]\n<h1>Buceo y Alojamiento en El Nido: \u00a1la mejor oferta!<\/h1>\n[\/vc_column_text][\/vc_column][\/vc_row][vc_row][vc_column width=\u00bb2\/3&#8243;][vc_separator type=\u00bbtransparent\u00bb up=\u00bb14&#8243; down=\u00bb0&#8243;][vc_column_text]<span style=\"font-weight: 400;\">\u00bfBuscas alojamiento en El Nido? En Aquanaut Dive Center ofrecemos Paquetes de Buceo y Alojamiento tanto si vas a hacer tu <a href=\"https:\/\/www.aquanautelnido.com\/es\/cursos-padi\/\">curso PADI<\/a> como si ya eres <a href=\"https:\/\/www.aquanautelnido.com\/es\/inmersiones\/\">buceador certificado<\/a>.<\/span>[\/vc_column_text][vc_separator type=\u00bbtransparent\u00bb up=\u00bb12&#8243; down=\u00bb0&#8243;][vc_column_text]\n<h4>The Bangka Hostel<\/h4>\n[\/vc_column_text][vc_separator type=\u00bbtransparent\u00bb up=\u00bb12&#8243; down=\u00bb0&#8243;][vc_column_text]<span style=\"font-weight: 400;\">El alojamiento es en The Bangka Hostel, ubicado justo encima del centro de buceo Aquanaut, lo que te facilita despertarte y prepararte para tu d\u00eda de buceo. Es el lugar perfecto para hacer nuevos amigos en todo el mundo y unirse a nuestra comunidad de buceo.<\/span>[\/vc_column_text][vc_separator type=\u00bbtransparent\u00bb up=\u00bb12&#8243; down=\u00bb0&#8243;][vc_single_image image=\u00bb13679&#8243; img_size=\u00bbfull\u00bb alignment=\u00bbcenter\u00bb][vc_separator type=\u00bbtransparent\u00bb up=\u00bb12&#8243; down=\u00bb0&#8243;][vc_column_text]<span style=\"font-weight: 400;\">Las m\u00e1gicas vistas a la bah\u00eda y nuestro buen ambiente hacen de nuestro hostel la mejor opci\u00f3n para <a href=\"https:\/\/www.aquanautelnido.com\/fr\/el-nido\/\">pasar tus d\u00edas en El Nido<\/a> mientras buceas o haces tu curso PADI.<\/span>[\/vc_column_text][vc_separator type=\u00bbtransparent\u00bb up=\u00bb12&#8243; down=\u00bb0&#8243;][vc_column_text]<b>Te ofrecemos diferentes tipos de alojamiento:<\/b><\/p>\n<p>&nbsp;<\/p>\n<ul>\n<li><strong>Crew Room<\/strong>: <span style=\"font-weight: 400;\">6 literas con aire acondicionado, 6 taquillas individuales y ba\u00f1o compartido con agua caliente.<\/span><\/li>\n<\/ul>\n<p>&nbsp;<\/p>\n<ul>\n<li><strong>Guide Room<\/strong>: <span style=\"font-weight: 400;\">4 literas con ventilador, 4 taquillas individuales y ba\u00f1o compartido con agua caliente.<\/span><\/li>\n<\/ul>\n[\/vc_column_text][vc_separator type=\u00bbtransparent\u00bb up=\u00bb12&#8243; down=\u00bb0&#8243;][vc_single_image image=\u00bb13487&#8243; img_size=\u00bbfull\u00bb alignment=\u00bbcenter\u00bb][vc_separator type=\u00bbtransparent\u00bb up=\u00bb12&#8243; down=\u00bb0&#8243;][vc_column_text]\n<ul>\n<li><strong>Officer Room<\/strong>:\u00a0<span style=\"font-weight: 400;\">Habitaci\u00f3n privada individual con ventilador, taquilla y ba\u00f1o compartido con agua caliente.<\/span><\/li>\n<\/ul>\n<p>&nbsp;<\/p>\n<ul>\n<li><strong>Captain Room<\/strong>: Habitaci\u00f3n doble privada con ventilador, taquilla, con impresionantes vistas frente a la Bah\u00eda de Bacuit y ba\u00f1o compartido con ducha de agua caliente.<\/li>\n<\/ul>\n[\/vc_column_text][vc_separator type=\u00bbtransparent\u00bb up=\u00bb12&#8243; down=\u00bb0&#8243;][vc_single_image image=\u00bb13673&#8243; img_size=\u00bbfull\u00bb alignment=\u00bbcenter\u00bb][vc_separator type=\u00bbtransparent\u00bb up=\u00bb6&#8243; down=\u00bb6&#8243;][vc_single_image image=\u00bb13642&#8243; img_size=\u00bbfull\u00bb alignment=\u00bbcenter\u00bb][vc_separator type=\u00bbtransparent\u00bb up=\u00bb6&#8243; down=\u00bb6&#8243;][vc_single_image image=\u00bb13663&#8243; img_size=\u00bbfull\u00bb alignment=\u00bbcenter\u00bb][vc_separator type=\u00bbtransparent\u00bb up=\u00bb6&#8243; down=\u00bb6&#8243;][vc_column_text]\n<h4>Safety Stop Bar<\/h4>\n[\/vc_column_text][vc_separator type=\u00bbtransparent\u00bb up=\u00bb6&#8243; down=\u00bb6&#8243;][vc_column_text]<span style=\"font-weight: 400;\">Nuestro albergue tambi\u00e9n cuenta con un incre\u00edble bar, Safety Stop, con las vistas m\u00e1s excepcionales de la isla Cadlao, donde puedes registrar tus inmersiones mientras disfrutas de una bebida fr\u00eda y compartes tus aventuras de buceo relaj\u00e1ndote con otras personas.<\/span>[\/vc_column_text][vc_separator type=\u00bbtransparent\u00bb up=\u00bb6&#8243; down=\u00bb6&#8243;][vc_single_image image=\u00bb13492&#8243; img_size=\u00bbfull\u00bb alignment=\u00bbcenter\u00bb][vc_separator type=\u00bbtransparent\u00bb up=\u00bb6&#8243; down=\u00bb6&#8243;][vc_single_image image=\u00bb13653&#8243; img_size=\u00bbfull\u00bb alignment=\u00bbcenter\u00bb][vc_separator type=\u00bbtransparent\u00bb up=\u00bb6&#8243; down=\u00bb6&#8243;][vc_column_text]<span style=\"font-weight: 400;\">Simplemente <a href=\"https:\/\/www.aquanautelnido.com\/es\/contacto\/\">env\u00edanos un correo electr\u00f3nico<\/a> con tu actividad de buceo, tipo de habitaci\u00f3n y fechas y te informaremos sobre los precios especiales solo para este paquete de buceo y alojamiento en El Nido.<\/span>[\/vc_column_text][vc_separator type=\u00bbtransparent\u00bb up=\u00bb6&#8243; down=\u00bb6&#8243;][vc_column_text]<span style=\"font-weight: 400;\">No dudes en contactarnos tambi\u00e9n si vienes con un amigo que no sea buceador, ya que todos son bienvenidos y tienen un lugar en The Bangka Hostel.<\/span>[\/vc_column_text][vc_separator type=\u00bbtransparent\u00bb up=\u00bb6&#8243; down=\u00bb6&#8243;][vc_separator type=\u00bbtransparent\u00bb up=\u00bb6&#8243; down=\u00bb6&#8243;][vc_separator type=\u00bbtransparent\u00bb up=\u00bb6&#8243; down=\u00bb6&#8243;][\/vc_column][vc_column width=\u00bb1\/3&#8243; css=\u00bb.vc_custom_1540468424762{margin-top: 20px !important;margin-right: 20px !important;background-color: #f7f7f7 !important;border-radius: 1px !important;}\u00bb][vc_single_image image=\u00bb13647&#8243; img_size=\u00bbmedium\u00bb alignment=\u00bbcenter\u00bb][vc_separator up=\u00bb6&#8243; down=\u00bb6&#8243;][vc_column_text]\n<h3 style=\"text-align: center;\">\u00a0Paquete de buceo y alojamiento<\/h3>\n<h3 style=\"text-align: center;\"><\/h3>\n[\/vc_column_text][vc_separator up=\u00bb6&#8243; down=\u00bb6&#8243;][vc_column_text]\n<h4 style=\"text-align: center;\">Incluido<\/h4>\n[\/vc_column_text][vc_separator up=\u00bb6&#8243; down=\u00bb6&#8243;][vc_column_text]\n<p style=\"text-align: center;\">Noches para tu buceo<\/p>\n<p style=\"text-align: center;\">Habitaci\u00f3n compartida, sencilla o doble<\/p>\n<p style=\"text-align: center;\">Aire acondicionado o ventilador<\/p>\n<p style=\"text-align: center;\">Ropa de cama y toalla<\/p>\n<p style=\"text-align: center;\">Wi-Fi gratis<\/p>\n<p style=\"text-align: center;\">Curso PADI:<\/p>\n<p style=\"text-align: center;\">Equipo de buceo<\/p>\n<p style=\"text-align: center;\">Instructor PADI\/DM<\/p>\n<p style=\"text-align: center;\">Comida a bordo<\/p>\n<p style=\"text-align: center;\">Safety and Fun<\/p>\n[\/vc_column_text][vc_separator up=\u00bb6&#8243; down=\u00bb6&#8243;][vc_column_text]\n<h4 style=\"text-align: center;\">Requirements<\/h4>\n[\/vc_column_text][vc_separator up=\u00bb6&#8243; down=\u00bb6&#8243;][vc_column_text]\n<p style=\"text-align: center;\">Minimum age: 10 years old<\/p>\n[\/vc_column_text][vc_separator type=\u00bbtransparent\u00bb up=\u00bb6&#8243; down=\u00bb6&#8243;][vc_separator type=\u00bbtransparent\u00bb up=\u00bb6&#8243; down=\u00bb6&#8243;][vc_separator type=\u00bbtransparent\u00bb up=\u00bb6&#8243; down=\u00bb6&#8243;][vc_row_inner content_placement=\u00bbmiddle\u00bb row_type=\u00bbsection\u00bb text_align=\u00bbcenter\u00bb][vc_column_inner][vc_icon icon_fontawesome=\u00bbfa fa-envelope-o\u00bb color=\u00bbblack\u00bb background_style=\u00bbrounded\u00bb background_color=\u00bbsky\u00bb align=\u00bbcenter\u00bb link=\u00bburl:http%3A%2F%2Fwww.aquanautelnido.com%2Fcontact%2F|title:contact%20us|target:%20_blank|\u00bb][\/vc_column_inner][\/vc_row_inner][\/vc_column][\/vc_row]\n<\/div>","protected":false},"excerpt":{"rendered":"<p>[vc_row][vc_column][vc_column_text] Buceo y Alojamiento en El Nido: \u00a1la mejor oferta! [\/vc_column_text][\/vc_column][\/vc_row][vc_row][vc_column width=\u00bb2\/3&#8243;][vc_separator type=\u00bbtransparent\u00bb up=\u00bb14&#8243; down=\u00bb0&#8243;][vc_column_text]\u00bfBuscas alojamiento en El Nido? En Aquanaut Dive Center ofrecemos Paquetes de Buceo y Alojamiento tanto si vas a hacer tu curso PADI como si ya&#8230;<\/p>\n","protected":false},"author":1,"featured_media":0,"parent":0,"menu_order":0,"comment_status":"closed","ping_status":"closed","template":"","meta":{"footnotes":""},"class_list":["post-13744","page","type-page","status-publish","hentry"],"yoast_head":"<!-- This site is optimized with the Yoast SEO plugin v26.4 - https:\/\/yoast.com\/wordpress\/plugins\/seo\/ -->\n<title>Paquete de buceo y alojamiento en El Nido<\/title>\n<meta name=\"description\" content=\"\u00bfBuscas alojamiento en El Nido? En Aquanaut Dive Center ofrecemos la mejor oferta de Buceo y Alojamiento para todos los buceadores.\" \/>\n<meta name=\"robots\" content=\"index, follow, max-snippet:-1, max-image-preview:large, max-video-preview:-1\" \/>\n<link rel=\"canonical\" href=\"https:\/\/www.aquanautelnido.com\/es\/buceo-alojamiento\/\" \/>\n<meta property=\"og:locale\" content=\"es_ES\" \/>\n<meta property=\"og:type\" content=\"article\" \/>\n<meta property=\"og:title\" content=\"Paquete de buceo y alojamiento en El Nido\" \/>\n<meta property=\"og:description\" content=\"\u00bfBuscas alojamiento en El Nido? En Aquanaut Dive Center ofrecemos la mejor oferta de Buceo y Alojamiento para todos los buceadores.\" \/>\n<meta property=\"og:url\" content=\"https:\/\/www.aquanautelnido.com\/es\/buceo-alojamiento\/\" \/>\n<meta property=\"og:site_name\" content=\"Aquanaut Dive Center\" \/>\n<meta property=\"article:publisher\" content=\"https:\/\/www.facebook.com\/Aquanautelnido\" \/>\n<meta property=\"article:modified_time\" content=\"2022-10-14T04:24:22+00:00\" \/>\n<meta name=\"twitter:card\" content=\"summary_large_image\" \/>\n<meta name=\"twitter:label1\" content=\"Tiempo de lectura\" \/>\n\t<meta name=\"twitter:data1\" content=\"4 minutos\" \/>\n<script type=\"application\/ld+json\" class=\"yoast-schema-graph\">{\"@context\":\"https:\/\/schema.org\",\"@graph\":[{\"@type\":\"WebPage\",\"@id\":\"https:\/\/www.aquanautelnido.com\/es\/buceo-alojamiento\/\",\"url\":\"https:\/\/www.aquanautelnido.com\/es\/buceo-alojamiento\/\",\"name\":\"Paquete de buceo y alojamiento en El Nido\",\"isPartOf\":{\"@id\":\"https:\/\/www.aquanautelnido.com\/fr\/#website\"},\"datePublished\":\"2020-03-11T06:19:25+00:00\",\"dateModified\":\"2022-10-14T04:24:22+00:00\",\"description\":\"\u00bfBuscas alojamiento en El Nido? En Aquanaut Dive Center ofrecemos la mejor oferta de Buceo y Alojamiento para todos los buceadores.\",\"breadcrumb\":{\"@id\":\"https:\/\/www.aquanautelnido.com\/es\/buceo-alojamiento\/#breadcrumb\"},\"inLanguage\":\"es\",\"potentialAction\":[{\"@type\":\"ReadAction\",\"target\":[\"https:\/\/www.aquanautelnido.com\/es\/buceo-alojamiento\/\"]}]},{\"@type\":\"BreadcrumbList\",\"@id\":\"https:\/\/www.aquanautelnido.com\/es\/buceo-alojamiento\/#breadcrumb\",\"itemListElement\":[{\"@type\":\"ListItem\",\"position\":1,\"name\":\"Home\",\"item\":\"https:\/\/www.aquanautelnido.com\/es\/\"},{\"@type\":\"ListItem\",\"position\":2,\"name\":\"Paquete de buceo y alojamiento\"}]},{\"@type\":\"WebSite\",\"@id\":\"https:\/\/www.aquanautelnido.com\/fr\/#website\",\"url\":\"https:\/\/www.aquanautelnido.com\/fr\/\",\"name\":\"Aquanaut Dive Center\",\"description\":\"Scuba Diving in El Nido, Palawan, Philippines\",\"potentialAction\":[{\"@type\":\"SearchAction\",\"target\":{\"@type\":\"EntryPoint\",\"urlTemplate\":\"https:\/\/www.aquanautelnido.com\/fr\/?s={search_term_string}\"},\"query-input\":{\"@type\":\"PropertyValueSpecification\",\"valueRequired\":true,\"valueName\":\"search_term_string\"}}],\"inLanguage\":\"es\"}]}<\/script>\n<!-- \/ Yoast SEO plugin. -->","yoast_head_json":{"title":"Paquete de buceo y alojamiento en El Nido","description":"\u00bfBuscas alojamiento en El Nido? En Aquanaut Dive Center ofrecemos la mejor oferta de Buceo y Alojamiento para todos los buceadores.","robots":{"index":"index","follow":"follow","max-snippet":"max-snippet:-1","max-image-preview":"max-image-preview:large","max-video-preview":"max-video-preview:-1"},"canonical":"https:\/\/www.aquanautelnido.com\/es\/buceo-alojamiento\/","og_locale":"es_ES","og_type":"article","og_title":"Paquete de buceo y alojamiento en El Nido","og_description":"\u00bfBuscas alojamiento en El Nido? En Aquanaut Dive Center ofrecemos la mejor oferta de Buceo y Alojamiento para todos los buceadores.","og_url":"https:\/\/www.aquanautelnido.com\/es\/buceo-alojamiento\/","og_site_name":"Aquanaut Dive Center","article_publisher":"https:\/\/www.facebook.com\/Aquanautelnido","article_modified_time":"2022-10-14T04:24:22+00:00","twitter_card":"summary_large_image","twitter_misc":{"Tiempo de lectura":"4 minutos"},"schema":{"@context":"https:\/\/schema.org","@graph":[{"@type":"WebPage","@id":"https:\/\/www.aquanautelnido.com\/es\/buceo-alojamiento\/","url":"https:\/\/www.aquanautelnido.com\/es\/buceo-alojamiento\/","name":"Paquete de buceo y alojamiento en El Nido","isPartOf":{"@id":"https:\/\/www.aquanautelnido.com\/fr\/#website"},"datePublished":"2020-03-11T06:19:25+00:00","dateModified":"2022-10-14T04:24:22+00:00","description":"\u00bfBuscas alojamiento en El Nido? En Aquanaut Dive Center ofrecemos la mejor oferta de Buceo y Alojamiento para todos los buceadores.","breadcrumb":{"@id":"https:\/\/www.aquanautelnido.com\/es\/buceo-alojamiento\/#breadcrumb"},"inLanguage":"es","potentialAction":[{"@type":"ReadAction","target":["https:\/\/www.aquanautelnido.com\/es\/buceo-alojamiento\/"]}]},{"@type":"BreadcrumbList","@id":"https:\/\/www.aquanautelnido.com\/es\/buceo-alojamiento\/#breadcrumb","itemListElement":[{"@type":"ListItem","position":1,"name":"Home","item":"https:\/\/www.aquanautelnido.com\/es\/"},{"@type":"ListItem","position":2,"name":"Paquete de buceo y alojamiento"}]},{"@type":"WebSite","@id":"https:\/\/www.aquanautelnido.com\/fr\/#website","url":"https:\/\/www.aquanautelnido.com\/fr\/","name":"Aquanaut Dive Center","description":"Scuba Diving in El Nido, Palawan, Philippines","potentialAction":[{"@type":"SearchAction","target":{"@type":"EntryPoint","urlTemplate":"https:\/\/www.aquanautelnido.com\/fr\/?s={search_term_string}"},"query-input":{"@type":"PropertyValueSpecification","valueRequired":true,"valueName":"search_term_string"}}],"inLanguage":"es"}]}},"_links":{"self":[{"href":"https:\/\/www.aquanautelnido.com\/es\/wp-json\/wp\/v2\/pages\/13744","targetHints":{"allow":["GET"]}}],"collection":[{"href":"https:\/\/www.aquanautelnido.com\/es\/wp-json\/wp\/v2\/pages"}],"about":[{"href":"https:\/\/www.aquanautelnido.com\/es\/wp-json\/wp\/v2\/types\/page"}],"author":[{"embeddable":true,"href":"https:\/\/www.aquanautelnido.com\/es\/wp-json\/wp\/v2\/users\/1"}],"replies":[{"embeddable":true,"href":"https:\/\/www.aquanautelnido.com\/es\/wp-json\/wp\/v2\/comments?post=13744"}],"version-history":[{"count":3,"href":"https:\/\/www.aquanautelnido.com\/es\/wp-json\/wp\/v2\/pages\/13744\/revisions"}],"predecessor-version":[{"id":13794,"href":"https:\/\/www.aquanautelnido.com\/es\/wp-json\/wp\/v2\/pages\/13744\/revisions\/13794"}],"wp:attachment":[{"href":"https:\/\/www.aquanautelnido.com\/es\/wp-json\/wp\/v2\/media?parent=13744"}],"curies":[{"name":"wp","href":"https:\/\/api.w.org\/{rel}","templated":true}]}}