{"id":11361,"date":"2014-09-01T07:15:40","date_gmt":"2014-08-31T23:15:40","guid":{"rendered":"http:\/\/www.aquanautelnido.com\/es\/rates-and-booking\/sin%20categorizar\/salidas-diarias-de-buceo\/"},"modified":"2017-07-02T16:15:35","modified_gmt":"2017-07-02T08:15:35","slug":"salidas-diarias-de-buceo","status":"publish","type":"product","link":"https:\/\/www.aquanautelnido.com\/es\/rates-and-booking\/salidas-de-buceo\/salidas-diarias-de-buceo\/","title":{"rendered":"Salidas Diarias de Buceo"},"content":{"rendered":"<p>&nbsp;<\/p>\n<p>Duraci\u00f3n : 1 D\u00eda<br \/>\nNivel m\u00ednimo requerido : PADI Open Water o equivalente<br \/>\nEdad m\u00ednima: 10 a\u00f1os<br \/>\nInmersiones: 3<br \/>\nEquipo de buceo completo<br \/>\nComida bordo<br \/>\nIce Tea Bar Safety Stop<\/p>\n<p><a href=\"http:\/\/www.aquanautelnido.com\/es\/salidas-buceo\/salidas-diarias\/\">M\u00e1s informaci\u00f3n aqu\u00ed<\/a><\/p>\n","protected":false},"excerpt":{"rendered":"<p>&nbsp; Duraci\u00f3n : 1 D\u00eda Nivel m\u00ednimo requerido : PADI Open Water o equivalente Edad m\u00ednima: 10 a\u00f1os Inmersiones: 3 Equipo de buceo completo Comida bordo Ice Tea Bar Safety Stop M\u00e1s informaci\u00f3n aqu\u00ed<\/p>\n","protected":false},"featured_media":10485,"template":"","meta":[],"product_brand":[],"product_cat":[114],"product_tag":[],"class_list":{"0":"post-11361","1":"product","2":"type-product","3":"status-publish","4":"has-post-thumbnail","6":"product_cat-salidas-de-buceo","8":"first","9":"instock","10":"virtual","11":"purchasable","12":"product-type-simple"},"yoast_head":"<!-- This site is optimized with the Yoast SEO plugin v26.4 - https:\/\/yoast.com\/wordpress\/plugins\/seo\/ -->\n<title>Salidas Diarias de Buceo - Aquanaut Dive Center<\/title>\n<meta name=\"description\" content=\"Salidas Diarias de Buceo en El Nido, Filipinas. Tres inmersiones en la Bahia de Bacuit!\" \/>\n<meta name=\"robots\" content=\"index, follow, max-snippet:-1, max-image-preview:large, max-video-preview:-1\" \/>\n<link rel=\"canonical\" href=\"https:\/\/www.aquanautelnido.com\/?post_type=product&p=8191\/\" \/>\n<meta property=\"og:locale\" content=\"es_ES\" \/>\n<meta property=\"og:type\" content=\"article\" \/>\n<meta property=\"og:title\" content=\"Salidas Diarias de Buceo - Aquanaut Dive Center\" \/>\n<meta property=\"og:description\" content=\"Salidas Diarias de Buceo en El Nido, Filipinas. Tres inmersiones en la Bahia de Bacuit!\" \/>\n<meta property=\"og:url\" content=\"https:\/\/www.aquanautelnido.com\/?post_type=product&amp;p=8191\/\" \/>\n<meta property=\"og:site_name\" content=\"Aquanaut Dive Center\" \/>\n<meta property=\"article:publisher\" content=\"https:\/\/www.facebook.com\/Aquanautelnido\" \/>\n<meta property=\"article:modified_time\" content=\"2017-07-02T08:15:35+00:00\" \/>\n<meta property=\"og:image\" content=\"https:\/\/www.aquanautelnido.com\/wp-content\/uploads\/2014\/10\/HawksbillTurtle.jpg\" \/>\n\t<meta property=\"og:image:width\" content=\"1920\" \/>\n\t<meta property=\"og:image:height\" content=\"1280\" \/>\n\t<meta property=\"og:image:type\" content=\"image\/jpeg\" \/>\n<meta name=\"twitter:card\" content=\"summary_large_image\" \/>\n<script type=\"application\/ld+json\" class=\"yoast-schema-graph\">{\"@context\":\"https:\/\/schema.org\",\"@graph\":[{\"@type\":\"WebPage\",\"@id\":\"https:\/\/www.aquanautelnido.com\/?post_type=product&p=8191\/\",\"url\":\"https:\/\/www.aquanautelnido.com\/?post_type=product&p=8191\/\",\"name\":\"Salidas Diarias de Buceo - Aquanaut Dive Center\",\"isPartOf\":{\"@id\":\"https:\/\/www.aquanautelnido.com\/fr\/#website\"},\"primaryImageOfPage\":{\"@id\":\"https:\/\/www.aquanautelnido.com\/?post_type=product&p=8191\/#primaryimage\"},\"image\":{\"@id\":\"https:\/\/www.aquanautelnido.com\/?post_type=product&p=8191\/#primaryimage\"},\"thumbnailUrl\":\"https:\/\/www.aquanautelnido.com\/wp-content\/uploads\/2014\/10\/HawksbillTurtle.jpg\",\"datePublished\":\"2014-08-31T23:15:40+00:00\",\"dateModified\":\"2017-07-02T08:15:35+00:00\",\"description\":\"Salidas Diarias de Buceo en El Nido, Filipinas. Tres inmersiones en la Bahia de Bacuit!\",\"breadcrumb\":{\"@id\":\"https:\/\/www.aquanautelnido.com\/?post_type=product&p=8191\/#breadcrumb\"},\"inLanguage\":\"es\",\"potentialAction\":[{\"@type\":\"ReadAction\",\"target\":[\"https:\/\/www.aquanautelnido.com\/?post_type=product&p=8191\/\"]}]},{\"@type\":\"ImageObject\",\"inLanguage\":\"es\",\"@id\":\"https:\/\/www.aquanautelnido.com\/?post_type=product&p=8191\/#primaryimage\",\"url\":\"https:\/\/www.aquanautelnido.com\/wp-content\/uploads\/2014\/10\/HawksbillTurtle.jpg\",\"contentUrl\":\"https:\/\/www.aquanautelnido.com\/wp-content\/uploads\/2014\/10\/HawksbillTurtle.jpg\",\"width\":1920,\"height\":1280},{\"@type\":\"BreadcrumbList\",\"@id\":\"https:\/\/www.aquanautelnido.com\/?post_type=product&p=8191\/#breadcrumb\",\"itemListElement\":[{\"@type\":\"ListItem\",\"position\":1,\"name\":\"Home\",\"item\":\"https:\/\/www.aquanautelnido.com\/es\/\"},{\"@type\":\"ListItem\",\"position\":2,\"name\":\"Boutique\",\"item\":\"https:\/\/www.aquanautelnido.com\/boutique\/\"},{\"@type\":\"ListItem\",\"position\":3,\"name\":\"Salidas Diarias de Buceo\"}]},{\"@type\":\"WebSite\",\"@id\":\"https:\/\/www.aquanautelnido.com\/fr\/#website\",\"url\":\"https:\/\/www.aquanautelnido.com\/fr\/\",\"name\":\"Aquanaut Dive Center\",\"description\":\"Scuba Diving in El Nido, Palawan, Philippines\",\"potentialAction\":[{\"@type\":\"SearchAction\",\"target\":{\"@type\":\"EntryPoint\",\"urlTemplate\":\"https:\/\/www.aquanautelnido.com\/fr\/?s={search_term_string}\"},\"query-input\":{\"@type\":\"PropertyValueSpecification\",\"valueRequired\":true,\"valueName\":\"search_term_string\"}}],\"inLanguage\":\"es\"}]}<\/script>\n<!-- \/ Yoast SEO plugin. -->","yoast_head_json":{"title":"Salidas Diarias de Buceo - Aquanaut Dive Center","description":"Salidas Diarias de Buceo en El Nido, Filipinas. Tres inmersiones en la Bahia de Bacuit!","robots":{"index":"index","follow":"follow","max-snippet":"max-snippet:-1","max-image-preview":"max-image-preview:large","max-video-preview":"max-video-preview:-1"},"canonical":"https:\/\/www.aquanautelnido.com\/?post_type=product&p=8191\/","og_locale":"es_ES","og_type":"article","og_title":"Salidas Diarias de Buceo - Aquanaut Dive Center","og_description":"Salidas Diarias de Buceo en El Nido, Filipinas. Tres inmersiones en la Bahia de Bacuit!","og_url":"https:\/\/www.aquanautelnido.com\/?post_type=product&p=8191\/","og_site_name":"Aquanaut Dive Center","article_publisher":"https:\/\/www.facebook.com\/Aquanautelnido","article_modified_time":"2017-07-02T08:15:35+00:00","og_image":[{"width":1920,"height":1280,"url":"https:\/\/www.aquanautelnido.com\/wp-content\/uploads\/2014\/10\/HawksbillTurtle.jpg","type":"image\/jpeg"}],"twitter_card":"summary_large_image","schema":{"@context":"https:\/\/schema.org","@graph":[{"@type":"WebPage","@id":"https:\/\/www.aquanautelnido.com\/?post_type=product&p=8191\/","url":"https:\/\/www.aquanautelnido.com\/?post_type=product&p=8191\/","name":"Salidas Diarias de Buceo - Aquanaut Dive Center","isPartOf":{"@id":"https:\/\/www.aquanautelnido.com\/fr\/#website"},"primaryImageOfPage":{"@id":"https:\/\/www.aquanautelnido.com\/?post_type=product&p=8191\/#primaryimage"},"image":{"@id":"https:\/\/www.aquanautelnido.com\/?post_type=product&p=8191\/#primaryimage"},"thumbnailUrl":"https:\/\/www.aquanautelnido.com\/wp-content\/uploads\/2014\/10\/HawksbillTurtle.jpg","datePublished":"2014-08-31T23:15:40+00:00","dateModified":"2017-07-02T08:15:35+00:00","description":"Salidas Diarias de Buceo en El Nido, Filipinas. Tres inmersiones en la Bahia de Bacuit!","breadcrumb":{"@id":"https:\/\/www.aquanautelnido.com\/?post_type=product&p=8191\/#breadcrumb"},"inLanguage":"es","potentialAction":[{"@type":"ReadAction","target":["https:\/\/www.aquanautelnido.com\/?post_type=product&p=8191\/"]}]},{"@type":"ImageObject","inLanguage":"es","@id":"https:\/\/www.aquanautelnido.com\/?post_type=product&p=8191\/#primaryimage","url":"https:\/\/www.aquanautelnido.com\/wp-content\/uploads\/2014\/10\/HawksbillTurtle.jpg","contentUrl":"https:\/\/www.aquanautelnido.com\/wp-content\/uploads\/2014\/10\/HawksbillTurtle.jpg","width":1920,"height":1280},{"@type":"BreadcrumbList","@id":"https:\/\/www.aquanautelnido.com\/?post_type=product&p=8191\/#breadcrumb","itemListElement":[{"@type":"ListItem","position":1,"name":"Home","item":"https:\/\/www.aquanautelnido.com\/es\/"},{"@type":"ListItem","position":2,"name":"Boutique","item":"https:\/\/www.aquanautelnido.com\/boutique\/"},{"@type":"ListItem","position":3,"name":"Salidas Diarias de Buceo"}]},{"@type":"WebSite","@id":"https:\/\/www.aquanautelnido.com\/fr\/#website","url":"https:\/\/www.aquanautelnido.com\/fr\/","name":"Aquanaut Dive Center","description":"Scuba Diving in El Nido, Palawan, Philippines","potentialAction":[{"@type":"SearchAction","target":{"@type":"EntryPoint","urlTemplate":"https:\/\/www.aquanautelnido.com\/fr\/?s={search_term_string}"},"query-input":{"@type":"PropertyValueSpecification","valueRequired":true,"valueName":"search_term_string"}}],"inLanguage":"es"}]}},"_links":{"self":[{"href":"https:\/\/www.aquanautelnido.com\/es\/wp-json\/wp\/v2\/product\/11361","targetHints":{"allow":["GET"]}}],"collection":[{"href":"https:\/\/www.aquanautelnido.com\/es\/wp-json\/wp\/v2\/product"}],"about":[{"href":"https:\/\/www.aquanautelnido.com\/es\/wp-json\/wp\/v2\/types\/product"}],"wp:featuredmedia":[{"embeddable":true,"href":"https:\/\/www.aquanautelnido.com\/es\/wp-json\/wp\/v2\/media\/10485"}],"wp:attachment":[{"href":"https:\/\/www.aquanautelnido.com\/es\/wp-json\/wp\/v2\/media?parent=11361"}],"wp:term":[{"taxonomy":"product_brand","embeddable":true,"href":"https:\/\/www.aquanautelnido.com\/es\/wp-json\/wp\/v2\/product_brand?post=11361"},{"taxonomy":"product_cat","embeddable":true,"href":"https:\/\/www.aquanautelnido.com\/es\/wp-json\/wp\/v2\/product_cat?post=11361"},{"taxonomy":"product_tag","embeddable":true,"href":"https:\/\/www.aquanautelnido.com\/es\/wp-json\/wp\/v2\/product_tag?post=11361"}],"curies":[{"name":"wp","href":"https:\/\/api.w.org\/{rel}","templated":true}]}}