{"id":11944,"date":"2014-08-01T03:29:27","date_gmt":"2014-08-01T02:29:27","guid":{"rendered":"http:\/\/www.aquanautelnido.com\/fr\/plan-your-trip\/"},"modified":"2022-10-23T12:30:40","modified_gmt":"2022-10-23T04:30:40","slug":"comment-sy-rendre-a-el-nido","status":"publish","type":"page","link":"https:\/\/www.aquanautelnido.com\/fr\/el-nido\/comment-sy-rendre-a-el-nido\/","title":{"rendered":"Planifiez votre voyage \u00e0 El Nido"},"content":{"rendered":"<div class=\"wpb-content-wrapper\">[vc_row row_type=\u00a0\u00bbsection\u00a0\u00bb][vc_column][vc_column_text]\n<h1>Point le sur la carte<\/h1>\n<div class=\"wpb_text_column wpb_content_element \"><\/div>\n<div class=\"wpb_text_column wpb_content_element \"><\/div>\n[\/vc_column_text][vc_separator type=\u00a0\u00bbtransparent\u00a0\u00bb up=\u00a0\u00bb0&Prime;][vc_column_text]El Nido est situ\u00e9e au nord de la province de Palawan, aux Philippines. Elle se trouve entre le sud de la mer Chine et la mer de Sulu, elle a une riche diversit\u00e9 de faune et de flore, ainsi que de vie marine.[\/vc_column_text][vc_separator type=\u00a0\u00bbtransparent\u00a0\u00bb up=\u00a0\u00bb0&Prime;][vc_column_text]La ville d&rsquo;El Nido est situ\u00e9 dans l&rsquo;\u00e9tonnante Bacuit Bay ; un groupe d&rsquo;\u00eeles et d&rsquo;\u00eelots, o\u00f9 la formation rocheuse et calcaire est n\u00e9e il y a plus de 200 millions d\u2019ann\u00e9es. Les roches impressionnantes de El Nido et ceux appartenant \u00e0 Bacuit Bay sont des roches s\u00e9dimentaires compos\u00e9es des fragments de squelette de vie marine tels que les coraux, ces roches sont appel\u00e9es \u2018Lime stones\u2019, qui est l&rsquo;endroit o\u00f9 se trouvent tous les sites de plong\u00e9e.[\/vc_column_text][\/vc_column][\/vc_row][vc_row row_type=\u00a0\u00bbsection\u00a0\u00bb anchor=\u00a0\u00bbget_there\u00a0\u00bb padding_top=\u00a0\u00bb0&Prime; padding_bottom=\u00a0\u00bb0&Prime;][vc_column width=\u00a0\u00bb1\/2&Prime;][vc_column_text]\n<h1>Comment nous rejoindre<\/h1>\n[\/vc_column_text][vc_separator type=\u00a0\u00bbtransparent\u00a0\u00bb up=\u00a0\u00bb0&Prime;][vc_accordion style=\u00a0\u00bbaccordion_with_icon\u00a0\u00bb][vc_accordion_tab title=\u00a0\u00bbEn avion\u00a0\u00bb icon=\u00a0\u00bbfa-plane\u00a0\u00bb title_tag=\u00a0\u00bbh4&Prime;][vc_column_text]\n<h5>De Manila\/Cebu\/Clark\/Caticlan \u00e0 El Nido :<\/h5>\n<p><a href=\"http:\/\/www.air-swift.com\">AirSWIFT<\/a>\u00a0offre des vols quotidiens de Manille, Cebu, Clark ou Caticlan jusqu\u2019\u00e0 El Nido [\/vc_column_text][vc_separator type=\u00a0\u00bbtransparent\u00a0\u00bb up=\u00a0\u00bb0&Prime;][vc_column_text]\n<h5>De Manille \u00e0 Puerto Princesa<\/h5>\n<p>Vous pouvez aussi prendre un billet d\u2019avion avec <a href=\"https:\/\/www.cebupacificair.com\/\">\u00a0Cebu Pacific Air<\/a>\u00a0ou <a href=\"http:\/\/www.airasia.com\" target=\"_blank\">Air Asia<\/a> de manille \u00e0 Puerto Princesa. Une fois \u00e0 l\u2019a\u00e9roport d\u2019arriv\u00e9 vous devez prendre la route (<em>voir information ci-dessous<\/em>).[\/vc_column_text][\/vc_accordion_tab][vc_accordion_tab title=\u00a0\u00bbPar la route\u00a0\u00bb icon=\u00a0\u00bbfa-road\u00a0\u00bb title_tag=\u00a0\u00bbh4&Prime;][vc_column_text]\n<h5>Par Bus<\/h5>\n<p><span data-sheets-value=\"[null,2,&quot;Du terminal de bus de San Jose \u00e0 Puerto Princesa jusqu\u2019\u00e0 El Nido vous pouvez prendre le bus RORO ou le bus Cherry. Le bus est le transport de base, le moins cher mais le plus lent (v\u00e9rifiez les heures de d\u00e9part au terminal). Il vous faudra environ 7 heures pour arriver \u00e0 El Nido. La compagnie Cherry part toutes les deux heures et offre des transports avec air conditionn\u00e9.&quot;]\" data-sheets-userformat=\"[null,null,14652,null,null,[null,[[null,2,0,null,null,[null,2,0]],[null,0,0,3],[null,1,0,null,1]]],[null,[[null,2,0,null,null,[null,2,0]],[null,0,0,3],[null,1,0,null,1]]],[null,[[null,2,0,null,null,[null,2,0]],[null,0,0,3],[null,1,0,null,1]]],[null,[[null,2,0,null,null,[null,2,0]],[null,0,0,3],[null,1,0,null,1]]],null,null,1,null,null,[null,2,0],&quot;calibri,arial,sans,sans-serif&quot;,10]\">Du terminal de bus de San Jose \u00e0 Puerto Princesa jusqu\u2019\u00e0 El Nido vous pouvez prendre le bus RORO ou le bus Cherry. Le bus est le transport de base, le moins cher mais le plus lent (v\u00e9rifiez les heures de d\u00e9part au terminal). Il vous faudra environ 7 heures pour arriver \u00e0 El Nido. La compagnie Cherry part toutes les deux heures et offre des transports avec air conditionn\u00e9.<\/span>[\/vc_column_text][vc_separator type=\u00a0\u00bbtransparent\u00a0\u00bb up=\u00a0\u00bb0&Prime;][vc_column_text]\n<h5>En Van<\/h5>\n<p>Vous pouvez transf\u00e9rer de Puerto Princesa \u00e0 El Nido cela prend environ 5 heures. Vous pouvez trouver ces Vans soit \u00e0 l\u2019a\u00e9roport de Puerto Princesa en arrivant ou vous pouvez les r\u00e9server directement \u00e0 votre h\u00f4tel ou au terminal de Bus de San Jose \u00e0 Puerto Princesa.[\/vc_column_text][vc_separator type=\u00a0\u00bbtransparent\u00a0\u00bb up=\u00a0\u00bb0&Prime;][vc_column_text]\n<h5>Rent a car or motorbike<\/h5>\n<p>Much more expensive but more adventurous, you have the option to rent a car or motorbike in Puerto Princesa. It will take you 6 hours aproximately to arrive to El Nido. Keep in mind that\u00a0the road is still under\u00a0construction and the conditions are not perfect. There are different suppliers. Please feel free to google them.[\/vc_column_text][\/vc_accordion_tab][vc_accordion_tab title=\u00a0\u00bbEn Bateau\u00a0\u00bb icon=\u00a0\u00bbfa-anchor\u00a0\u00bb title_tag=\u00a0\u00bbh4&Prime;][vc_column_text]\n<h5>De Manille \u00e0 El Nido<\/h5>\n<p>Il y a quelques Ferries qui offre des travers\u00e9s, San Nicholas Lines (+632\u00a0243 2830) et Atienza Shipping Lines (+62\u00a0242 8845). Nous vous conseillons se trajet que si vous n\u2019etes pas press\u00e9 car la travers\u00e9 est de 3 jours pour arriver \u00e0 El Nido et ne vous attendez pas \u00e0 un ferry de luxe.[\/vc_column_text][vc_separator type=\u00a0\u00bbtransparent\u00a0\u00bb up=\u00a0\u00bb0&Prime;][vc_column_text]\n<h5>De Coron \u00e0 El Nido<\/h5>\n<p>Vous avez la possibilit\u00e9 de r\u00e9server dans les agences touristique d\u2019El Nido ou de Coron avec Montenegro ou Bonzo. Suivant les conditions m\u00e9t\u00e9orologique la travers\u00e9 prend entre 6 et 8 heures. Une nouvelle ligne vient d\u2019ouvrir, utilisant des Speed Boat le trajet est r\u00e9duit \u00e0 3 heures et demi.[\/vc_column_text][\/vc_accordion_tab][\/vc_accordion][\/vc_column][vc_column width=\u00a0\u00bb1\/2&Prime;][vc_column_text]\n<h1>H\u00e9bergement<\/h1>\n[\/vc_column_text][vc_separator type=\u00a0\u00bbtransparent\u00a0\u00bb up=\u00a0\u00bb8&Prime;][vc_column_text]\n<p style=\"padding-left: 40px;\">Au centre de plong\u00e9e Aquanaut, nous proposons <a href=\"https:\/\/www.aquanautelnido.com\/fr\/plongee-et-hebergement\/\">un forfait plong\u00e9e et h\u00e9bergement<\/a>, que vous suiviez votre cours PADI ou que vous soyez d\u00e9j\u00e0 un plongeur certifi\u00e9.\u201d<\/p>\n[\/vc_column_text][vc_separator type=\u00a0\u00bbtransparent\u00a0\u00bb up=\u00a0\u00bb8&Prime;][\/vc_column][\/vc_row][vc_row][vc_column][vc_column_text]\n[\/vc_column_text][\/vc_column][\/vc_row][vc_row row_type=\u00a0\u00bbsection\u00a0\u00bb padding_bottom=\u00a0\u00bb0&Prime;][vc_column width=\u00a0\u00bb1\/2&Prime;]<div class=\"q_image_with_text_over \"><div class=\"shader\"><\/div><img decoding=\"async\" src=\"https:\/\/www.aquanautelnido.com\/wp-content\/uploads\/2016\/07\/PADIcourses.jpg\" alt=\"R\u00e9servez maintenant votre PADI Open Water cours avec th\u00e9orie en ligne (eLearning)\" \/><div class=\"text\"><table><tr><td><h2 class=\"caption no_icon\" style=\"\">R\u00e9servez maintenant votre PADI Open Water cours avec th\u00e9orie en ligne (eLearning)<\/h2><\/td><\/tr><\/table><table><tr><td><div class=\"desc\">\n<h1><a href=\"http:\/\/www.aquanautelnido.com\/fr\/cours-padi\/\">R\u00e9servez maintenant votre PADI Open Water cours avec th\u00e9orie en ligne (eLearning)<\/a><\/h1>\n<\/div><\/td><\/tr><\/table><\/div><\/div>[\/vc_column][vc_column width=\u00a0\u00bb1\/2&Prime;]<div class=\"q_image_with_text_over \"><div class=\"shader\"><\/div><img decoding=\"async\" src=\"https:\/\/www.aquanautelnido.com\/wp-content\/uploads\/2016\/07\/FunDives2.jpeg\" alt=\"R\u00e9servez maintenant votre excursions, plong\u00e9e de nuit et plong\u00e9e fluorescente\" \/><div class=\"text\"><table><tr><td><h2 class=\"caption no_icon\" style=\"\">R\u00e9servez maintenant votre excursions, plong\u00e9e de nuit et plong\u00e9e fluorescente<\/h2><\/td><\/tr><\/table><table><tr><td><div class=\"desc\">\n<h1><a href=\"http:\/\/www.aquanautelnido.com\/fr\/plongee\/\">R\u00e9servez maintenant votre excursions, plong\u00e9e de nuit et plong\u00e9e fluorescente<\/a><\/h1>\n<\/div><\/td><\/tr><\/table><\/div><\/div>[\/vc_column][\/vc_row]\n<\/div>","protected":false},"excerpt":{"rendered":"<p>[vc_row row_type=\u00a0\u00bbsection\u00a0\u00bb][vc_column][vc_column_text] Point le sur la carte [\/vc_column_text][vc_separator type=\u00a0\u00bbtransparent\u00a0\u00bb up=\u00a0\u00bb0&Prime;][vc_column_text]El Nido est situ\u00e9e au nord de la province de Palawan, aux Philippines. Elle se trouve entre le sud de la mer Chine et la mer de Sulu, elle a une&#8230;<\/p>\n","protected":false},"author":1,"featured_media":0,"parent":13369,"menu_order":0,"comment_status":"open","ping_status":"closed","template":"","meta":{"footnotes":""},"class_list":["post-11944","page","type-page","status-publish","hentry"],"yoast_head":"<!-- This site is optimized with the Yoast SEO plugin v26.4 - https:\/\/yoast.com\/wordpress\/plugins\/seo\/ -->\n<title>Comment s&#039;y rendre \u00e0 El Nido, Palawan, Philipines<\/title>\n<meta name=\"description\" content=\"Comment s&#039;y rendre \u00e0 El Nido: planifiez votre voyage \u00e0 El Nido. M\u00e9t\u00e9o, argent, faits importants, transport, m\u00e9dical,tout ce que vous devez savoir\" \/>\n<meta name=\"robots\" content=\"index, follow, max-snippet:-1, max-image-preview:large, max-video-preview:-1\" \/>\n<link rel=\"canonical\" href=\"https:\/\/www.aquanautelnido.com\/el-nido\/plan-your-trip\/\" \/>\n<meta property=\"og:locale\" content=\"fr_FR\" \/>\n<meta property=\"og:type\" content=\"article\" \/>\n<meta property=\"og:title\" content=\"Comment s&#039;y rendre \u00e0 El Nido, Palawan, Philipines\" \/>\n<meta property=\"og:description\" content=\"Comment s&#039;y rendre \u00e0 El Nido: planifiez votre voyage \u00e0 El Nido. M\u00e9t\u00e9o, argent, faits importants, transport, m\u00e9dical,tout ce que vous devez savoir\" \/>\n<meta property=\"og:url\" content=\"https:\/\/www.aquanautelnido.com\/el-nido\/plan-your-trip\/\" \/>\n<meta property=\"og:site_name\" content=\"Aquanaut Dive Center\" \/>\n<meta property=\"article:publisher\" content=\"https:\/\/www.facebook.com\/Aquanautelnido\" \/>\n<meta property=\"article:modified_time\" content=\"2022-10-23T04:30:40+00:00\" \/>\n<meta name=\"twitter:card\" content=\"summary_large_image\" \/>\n<meta name=\"twitter:label1\" content=\"Dur\u00e9e de lecture estim\u00e9e\" \/>\n\t<meta name=\"twitter:data1\" content=\"4 minutes\" \/>\n<script type=\"application\/ld+json\" class=\"yoast-schema-graph\">{\"@context\":\"https:\/\/schema.org\",\"@graph\":[{\"@type\":\"WebPage\",\"@id\":\"https:\/\/www.aquanautelnido.com\/el-nido\/plan-your-trip\/\",\"url\":\"https:\/\/www.aquanautelnido.com\/el-nido\/plan-your-trip\/\",\"name\":\"Comment s'y rendre \u00e0 El Nido, Palawan, Philipines\",\"isPartOf\":{\"@id\":\"https:\/\/www.aquanautelnido.com\/fr\/#website\"},\"datePublished\":\"2014-08-01T02:29:27+00:00\",\"dateModified\":\"2022-10-23T04:30:40+00:00\",\"description\":\"Comment s'y rendre \u00e0 El Nido: planifiez votre voyage \u00e0 El Nido. M\u00e9t\u00e9o, argent, faits importants, transport, m\u00e9dical,tout ce que vous devez savoir\",\"breadcrumb\":{\"@id\":\"https:\/\/www.aquanautelnido.com\/el-nido\/plan-your-trip\/#breadcrumb\"},\"inLanguage\":\"fr-FR\",\"potentialAction\":[{\"@type\":\"ReadAction\",\"target\":[\"https:\/\/www.aquanautelnido.com\/el-nido\/plan-your-trip\/\"]}]},{\"@type\":\"BreadcrumbList\",\"@id\":\"https:\/\/www.aquanautelnido.com\/el-nido\/plan-your-trip\/#breadcrumb\",\"itemListElement\":[{\"@type\":\"ListItem\",\"position\":1,\"name\":\"Home\",\"item\":\"https:\/\/www.aquanautelnido.com\/fr\/\"},{\"@type\":\"ListItem\",\"position\":2,\"name\":\"El Nido\",\"item\":\"https:\/\/www.aquanautelnido.com\/el-nido\/\"},{\"@type\":\"ListItem\",\"position\":3,\"name\":\"Planifiez votre voyage \u00e0 El Nido\"}]},{\"@type\":\"WebSite\",\"@id\":\"https:\/\/www.aquanautelnido.com\/fr\/#website\",\"url\":\"https:\/\/www.aquanautelnido.com\/fr\/\",\"name\":\"Aquanaut Dive Center\",\"description\":\"Scuba Diving in El Nido, Palawan, Philippines\",\"potentialAction\":[{\"@type\":\"SearchAction\",\"target\":{\"@type\":\"EntryPoint\",\"urlTemplate\":\"https:\/\/www.aquanautelnido.com\/fr\/?s={search_term_string}\"},\"query-input\":{\"@type\":\"PropertyValueSpecification\",\"valueRequired\":true,\"valueName\":\"search_term_string\"}}],\"inLanguage\":\"fr-FR\"}]}<\/script>\n<!-- \/ Yoast SEO plugin. -->","yoast_head_json":{"title":"Comment s'y rendre \u00e0 El Nido, Palawan, Philipines","description":"Comment s'y rendre \u00e0 El Nido: planifiez votre voyage \u00e0 El Nido. M\u00e9t\u00e9o, argent, faits importants, transport, m\u00e9dical,tout ce que vous devez savoir","robots":{"index":"index","follow":"follow","max-snippet":"max-snippet:-1","max-image-preview":"max-image-preview:large","max-video-preview":"max-video-preview:-1"},"canonical":"https:\/\/www.aquanautelnido.com\/el-nido\/plan-your-trip\/","og_locale":"fr_FR","og_type":"article","og_title":"Comment s'y rendre \u00e0 El Nido, Palawan, Philipines","og_description":"Comment s'y rendre \u00e0 El Nido: planifiez votre voyage \u00e0 El Nido. M\u00e9t\u00e9o, argent, faits importants, transport, m\u00e9dical,tout ce que vous devez savoir","og_url":"https:\/\/www.aquanautelnido.com\/el-nido\/plan-your-trip\/","og_site_name":"Aquanaut Dive Center","article_publisher":"https:\/\/www.facebook.com\/Aquanautelnido","article_modified_time":"2022-10-23T04:30:40+00:00","twitter_card":"summary_large_image","twitter_misc":{"Dur\u00e9e de lecture estim\u00e9e":"4 minutes"},"schema":{"@context":"https:\/\/schema.org","@graph":[{"@type":"WebPage","@id":"https:\/\/www.aquanautelnido.com\/el-nido\/plan-your-trip\/","url":"https:\/\/www.aquanautelnido.com\/el-nido\/plan-your-trip\/","name":"Comment s'y rendre \u00e0 El Nido, Palawan, Philipines","isPartOf":{"@id":"https:\/\/www.aquanautelnido.com\/fr\/#website"},"datePublished":"2014-08-01T02:29:27+00:00","dateModified":"2022-10-23T04:30:40+00:00","description":"Comment s'y rendre \u00e0 El Nido: planifiez votre voyage \u00e0 El Nido. M\u00e9t\u00e9o, argent, faits importants, transport, m\u00e9dical,tout ce que vous devez savoir","breadcrumb":{"@id":"https:\/\/www.aquanautelnido.com\/el-nido\/plan-your-trip\/#breadcrumb"},"inLanguage":"fr-FR","potentialAction":[{"@type":"ReadAction","target":["https:\/\/www.aquanautelnido.com\/el-nido\/plan-your-trip\/"]}]},{"@type":"BreadcrumbList","@id":"https:\/\/www.aquanautelnido.com\/el-nido\/plan-your-trip\/#breadcrumb","itemListElement":[{"@type":"ListItem","position":1,"name":"Home","item":"https:\/\/www.aquanautelnido.com\/fr\/"},{"@type":"ListItem","position":2,"name":"El Nido","item":"https:\/\/www.aquanautelnido.com\/el-nido\/"},{"@type":"ListItem","position":3,"name":"Planifiez votre voyage \u00e0 El Nido"}]},{"@type":"WebSite","@id":"https:\/\/www.aquanautelnido.com\/fr\/#website","url":"https:\/\/www.aquanautelnido.com\/fr\/","name":"Aquanaut Dive Center","description":"Scuba Diving in El Nido, Palawan, Philippines","potentialAction":[{"@type":"SearchAction","target":{"@type":"EntryPoint","urlTemplate":"https:\/\/www.aquanautelnido.com\/fr\/?s={search_term_string}"},"query-input":{"@type":"PropertyValueSpecification","valueRequired":true,"valueName":"search_term_string"}}],"inLanguage":"fr-FR"}]}},"_links":{"self":[{"href":"https:\/\/www.aquanautelnido.com\/fr\/wp-json\/wp\/v2\/pages\/11944","targetHints":{"allow":["GET"]}}],"collection":[{"href":"https:\/\/www.aquanautelnido.com\/fr\/wp-json\/wp\/v2\/pages"}],"about":[{"href":"https:\/\/www.aquanautelnido.com\/fr\/wp-json\/wp\/v2\/types\/page"}],"author":[{"embeddable":true,"href":"https:\/\/www.aquanautelnido.com\/fr\/wp-json\/wp\/v2\/users\/1"}],"replies":[{"embeddable":true,"href":"https:\/\/www.aquanautelnido.com\/fr\/wp-json\/wp\/v2\/comments?post=11944"}],"version-history":[{"count":12,"href":"https:\/\/www.aquanautelnido.com\/fr\/wp-json\/wp\/v2\/pages\/11944\/revisions"}],"predecessor-version":[{"id":13907,"href":"https:\/\/www.aquanautelnido.com\/fr\/wp-json\/wp\/v2\/pages\/11944\/revisions\/13907"}],"up":[{"embeddable":true,"href":"https:\/\/www.aquanautelnido.com\/fr\/wp-json\/wp\/v2\/pages\/13369"}],"wp:attachment":[{"href":"https:\/\/www.aquanautelnido.com\/fr\/wp-json\/wp\/v2\/media?parent=11944"}],"curies":[{"name":"wp","href":"https:\/\/api.w.org\/{rel}","templated":true}]}}