{"id":12138,"date":"2017-06-30T02:37:30","date_gmt":"2017-06-29T18:37:30","guid":{"rendered":"http:\/\/www.aquanautelnido.com\/cours-padi\/bapteme-de-plongee-padi\/"},"modified":"2025-04-07T22:59:12","modified_gmt":"2025-04-07T14:59:12","slug":"bapteme-de-plongee-padi","status":"publish","type":"page","link":"https:\/\/www.aquanautelnido.com\/fr\/cours-padi\/bapteme-de-plongee-padi\/","title":{"rendered":"Bapt\u00eame de plong\u00e9e PADI"},"content":{"rendered":"<div class=\"wpb-content-wrapper\">[vc_row row_type=\u00a0\u00bbsection\u00a0\u00bb padding_top=\u00a0\u00bb0&Prime; padding_bottom=\u00a0\u00bb0&Prime;][vc_column][vc_column_text]\n<h1>La meilleure exp\u00e9rience de votre vie commence ici.<\/h1>\n[\/vc_column_text][\/vc_column][\/vc_row][vc_row row_type=\u00a0\u00bbsection\u00a0\u00bb padding_top=\u00a0\u00bb0&Prime; padding_bottom=\u00a0\u00bb0&Prime;][vc_column width=\u00a0\u00bb2\/3&Prime;][vc_separator type=\u00a0\u00bbtransparent\u00a0\u00bb up=\u00a0\u00bb6&Prime; down=\u00a0\u00bb6&Prime;][vc_column_text]Le programme Discover Scuba Diving ou Bapt\u00eame de plong\u00e9e PADI est une introduction \u00e0 la plong\u00e9e sous-marine. Ceci n\u2019est pas une certification, mais est con\u00e7u pour d\u00e9couvrir de nouvelles sensations.[\/vc_column_text][vc_separator type=\u00a0\u00bbtransparent\u00a0\u00bb up=\u00a0\u00bb6&Prime; down=\u00a0\u00bb6&Prime;][vc_column_text]En seulement un jour vous apprendrez les bases de la plong\u00e9 de fa\u00e7on simple, joyeuse, tout en mettant un point d\u2019honneur sur la s\u00e9curit\u00e9. Votre instructeur prendra soin de vous durant l\u2019int\u00e9gralit\u00e9 du programme pendant que vous profiterez de la beaut\u00e9 des fonds marins.[\/vc_column_text][vc_separator type=\u00a0\u00bbtransparent\u00a0\u00bb up=\u00a0\u00bb6&Prime; down=\u00a0\u00bb6&Prime;][vc_column_text]Comme le bapt\u00eame compte aussi pour le\u00a0<a title=\"Open Water Diver\" href=\"http:\/\/www.aquanautelnido.com\/fr\/cours-padi\/cours-padi-open-water-diver\/\">cours du PADI Open Water Diver cours<\/a>, pourquoi ne pas penser \u00e0 la prochaine \u00e9tape\u00a0? Continuez avec ce cours de plong\u00e9e et en un rien de temps, vous serez capable de faire des excursions subaquatiques ind\u00e9pendamment dans n\u2019importe quel oc\u00e9ans de notre belle plan\u00e8te.[\/vc_column_text][vc_separator type=\u00a0\u00bbtransparent\u00a0\u00bb up=\u00a0\u00bb6&Prime; down=\u00a0\u00bb6&Prime;][vc_column_text]\n<h4>Programme <em>(*)<\/em><\/h4>\n<p>&nbsp;<\/p>\n<ul>\n<li>8:00 D\u00e9part du centre de plong\u00e9e Aquanaut situ\u00e9 dans la baie de El Nido.<\/li>\n<li>9:00 Plong\u00e9e en milieu prot\u00e9g\u00e9 \u2013 d\u00e9couverte de la plong\u00e9e<\/li>\n<li>10:30\u00a0Pica pica + caf\u00e9 + th\u00e9.<\/li>\n<li>11:30 Plong\u00e9e en eau profonde\u00a01 \u2013 volez au paradis.<\/li>\n<li>12:30 Repas philippins traditionnel sur le bateau ou sur une plage.<\/li>\n<li>13:45 Plong\u00e9e en eau profonde 2.<\/li>\n<li>15:00 Retour sur El Nido- profitez d\u2019une des vues les plus belles au monde<\/li>\n<li>16:00 Arriv\u00e9 \u00e0 El Nido-\u00a0 \u00a0partager et enregistrer votre exp\u00e9rience au Safety Stop Bar.<\/li>\n<\/ul>\n[\/vc_column_text][vc_separator type=\u00a0\u00bbtransparent\u00a0\u00bb up=\u00a0\u00bb6&Prime; down=\u00a0\u00bb6&Prime;][vc_column_text]<em>(*) L\u2019emploi du temps peut varier en fonction de la m\u00e9t\u00e9o ou d\u2019\u00e9v\u00e9nements non pr\u00e9vue<\/em>[\/vc_column_text][vc_separator type=\u00a0\u00bbtransparent\u00a0\u00bb up=\u00a0\u00bb6&Prime; down=\u00a0\u00bb6&Prime;][vc_separator type=\u00a0\u00bbtransparent\u00a0\u00bb up=\u00a0\u00bb6&Prime; down=\u00a0\u00bb6&Prime;][vc_column_text]\n<h4 style=\"text-align: left;\">Logement<\/h4>\n[\/vc_column_text][vc_separator type=\u00a0\u00bbtransparent\u00a0\u00bb up=\u00a0\u00bb6&Prime; down=\u00a0\u00bb6&Prime;][vc_row_inner][vc_column_inner width=\u00a0\u00bb1\/4&Prime;][vc_single_image image=\u00a0\u00bb13708&Prime; img_size=\u00a0\u00bb100&#215;100&Prime; alignment=\u00a0\u00bbcenter\u00a0\u00bb onclick=\u00a0\u00bbcustom_link\u00a0\u00bb img_link_target=\u00a0\u00bb_blank\u00a0\u00bb link=\u00a0\u00bbhttps:\/\/www.aquanautelnido.com\/diving-accommodation-package\/\u00a0\u00bb][\/vc_column_inner][vc_column_inner width=\u00a0\u00bb3\/4&Prime;][vc_separator type=\u00a0\u00bbtransparent\u00a0\u00bb up=\u00a0\u00bb6&Prime; down=\u00a0\u00bb6&Prime;][vc_separator type=\u00a0\u00bbtransparent\u00a0\u00bb up=\u00a0\u00bb6&Prime; down=\u00a0\u00bb6&Prime;][vc_separator type=\u00a0\u00bbtransparent\u00a0\u00bb up=\u00a0\u00bb6&Prime; down=\u00a0\u00bb6&Prime;][vc_column_text]\n<p style=\"text-align: left;\">Vous cherchez un logement \u00e0 El Nido pendant que vous profitez de votre activit\u00e9 de plong\u00e9e ? Ne manquez pas le <a href=\"https:\/\/www.aquanautelnido.com\/fr\/plongee-et-hebergement\/\">meilleur forfait Plong\u00e9e et H\u00e9bergement<\/a> !<\/p>\n[\/vc_column_text][\/vc_column_inner][\/vc_row_inner][vc_separator type=\u00a0\u00bbtransparent\u00a0\u00bb up=\u00a0\u00bb6&Prime; down=\u00a0\u00bb6&Prime;][vc_column_text]V\u00e9rifiez nos <a title=\"Tarifs\" href=\"http:\/\/www.aquanautelnido.com\/fr\/contact\/\"> tarifs et r\u00e9servez en ligne<\/a> ou contactez nous, nous serons ravie de vous r\u00e9pondre.[\/vc_column_text][vc_separator type=\u00a0\u00bbtransparent\u00a0\u00bb up=\u00a0\u00bb6&Prime; down=\u00a0\u00bb6&Prime;][vc_separator type=\u00a0\u00bbtransparent\u00a0\u00bb up=\u00a0\u00bb6&Prime; down=\u00a0\u00bb6&Prime;][vc_separator type=\u00a0\u00bbtransparent\u00a0\u00bb up=\u00a0\u00bb6&Prime; down=\u00a0\u00bb6&Prime;][\/vc_column][vc_column width=\u00a0\u00bb1\/3&Prime; css=\u00a0\u00bb.vc_custom_1540468424762{margin-top: 20px !important;margin-right: 20px !important;background-color: #f7f7f7 !important;border-radius: 1px !important;}\u00a0\u00bb][vc_single_image image=\u00a0\u00bb8386&Prime; img_size=\u00a0\u00bbmedium\u00a0\u00bb alignment=\u00a0\u00bbcenter\u00a0\u00bb][vc_column_text]\n<h3 style=\"text-align: center;\">Bapt\u00eame de plong\u00e9e<\/h3>\n[\/vc_column_text][vc_column_text]\n<h1 style=\"font-size: 400%; text-align: center;\">6,200<sup class=\"value\">\u20b1<\/sup><\/h1>\n[\/vc_column_text][vc_separator up=\u00a0\u00bb6&Prime; down=\u00a0\u00bb6&Prime;][vc_column_text]\n<h4 style=\"text-align: center;\">Compris<\/h4>\n[\/vc_column_text][vc_separator up=\u00a0\u00bb6&Prime; down=\u00a0\u00bb6&Prime;][vc_column_text]\n<p style=\"text-align: center;\">3 plong\u00e9es<\/p>\n<p style=\"text-align: center;\">Mat\u00e9riaux PADI<\/p>\n<p style=\"text-align: center;\">\u00c9quipement de plong\u00e9e<\/p>\n<p style=\"text-align: center;\">Repas \u00e0 bord<\/p>\n<p style=\"text-align: center;\">Instructeur PADI dans votre langue<\/p>\n<p style=\"text-align: center;\">(selon disponibilit\u00e9)<\/p>\n[\/vc_column_text][vc_separator up=\u00a0\u00bb6&Prime; down=\u00a0\u00bb6&Prime;][vc_column_text]\n<h4 style=\"text-align: center;\">Conditions Requises<\/h4>\n[\/vc_column_text][vc_separator up=\u00a0\u00bb6&Prime; down=\u00a0\u00bb6&Prime;][vc_column_text]\n<p style=\"text-align: center;\">Age minimum: 10 ans<\/p>\n[\/vc_column_text][vc_separator type=\u00a0\u00bbtransparent\u00a0\u00bb up=\u00a0\u00bb6&Prime; down=\u00a0\u00bb6&Prime;][vc_separator type=\u00a0\u00bbtransparent\u00a0\u00bb up=\u00a0\u00bb6&Prime; down=\u00a0\u00bb6&Prime;][vc_separator type=\u00a0\u00bbtransparent\u00a0\u00bb up=\u00a0\u00bb6&Prime; down=\u00a0\u00bb6&Prime;][vc_row_inner content_placement=\u00a0\u00bbmiddle\u00a0\u00bb row_type=\u00a0\u00bbsection\u00a0\u00bb text_align=\u00a0\u00bbcenter\u00a0\u00bb][vc_column_inner][vc_column_text css=\u00a0\u00bb\u00a0\u00bb]\n<p style=\"text-align: center;\"><strong>R\u00c9SERVE MAINTENANT !<\/strong><\/p>\n[\/vc_column_text][vc_raw_html css=\u00a0\u00bb\u00a0\u00bb]JTVCYm9va2x5LXNlcnZpY2VzLWZvcm0lMjBkaXNjb3Zlci1zY3ViYS1kaXZpbmclNUQ=[\/vc_raw_html][\/vc_column_inner][\/vc_row_inner][\/vc_column][\/vc_row]\n<\/div>","protected":false},"excerpt":{"rendered":"<p>[vc_row row_type=\u00a0\u00bbsection\u00a0\u00bb padding_top=\u00a0\u00bb0&Prime; padding_bottom=\u00a0\u00bb0&Prime;][vc_column][vc_column_text] La meilleure exp\u00e9rience de votre vie commence ici. [\/vc_column_text][\/vc_column][\/vc_row][vc_row row_type=\u00a0\u00bbsection\u00a0\u00bb padding_top=\u00a0\u00bb0&Prime; padding_bottom=\u00a0\u00bb0&Prime;][vc_column width=\u00a0\u00bb2\/3&Prime;][vc_separator type=\u00a0\u00bbtransparent\u00a0\u00bb up=\u00a0\u00bb6&Prime; down=\u00a0\u00bb6&Prime;][vc_column_text]Le programme Discover Scuba Diving ou Bapt\u00eame de plong\u00e9e PADI est une introduction \u00e0 la plong\u00e9e sous-marine. Ceci n\u2019est pas une&#8230;<\/p>\n","protected":false},"author":1,"featured_media":0,"parent":11950,"menu_order":1,"comment_status":"closed","ping_status":"closed","template":"","meta":{"footnotes":""},"class_list":["post-12138","page","type-page","status-publish","hentry"],"yoast_head":"<!-- This site is optimized with the Yoast SEO plugin v26.4 - https:\/\/yoast.com\/wordpress\/plugins\/seo\/ -->\n<title>Bapt\u00eame de plong\u00e9e PADI - Aquanaut Dive Center<\/title>\n<meta name=\"description\" content=\"Le Bapt\u00eame de plong\u00e9e PADI est une introduction \u00e0 la plong\u00e9e sous-marine ici \u00e0 El Nido, Philippines\" \/>\n<meta name=\"robots\" content=\"index, follow, max-snippet:-1, max-image-preview:large, max-video-preview:-1\" \/>\n<link rel=\"canonical\" href=\"https:\/\/www.aquanautelnido.com\/fr\/cours-padi\/bapteme-de-plongee-padi\/\" \/>\n<meta property=\"og:locale\" content=\"fr_FR\" \/>\n<meta property=\"og:type\" content=\"article\" \/>\n<meta property=\"og:title\" content=\"Bapt\u00eame de plong\u00e9e PADI - Aquanaut Dive Center\" \/>\n<meta property=\"og:description\" content=\"Le Bapt\u00eame de plong\u00e9e PADI est une introduction \u00e0 la plong\u00e9e sous-marine ici \u00e0 El Nido, Philippines\" \/>\n<meta property=\"og:url\" content=\"https:\/\/www.aquanautelnido.com\/fr\/cours-padi\/bapteme-de-plongee-padi\/\" \/>\n<meta property=\"og:site_name\" content=\"Aquanaut Dive Center\" \/>\n<meta property=\"article:publisher\" content=\"https:\/\/www.facebook.com\/Aquanautelnido\" \/>\n<meta property=\"article:modified_time\" content=\"2025-04-07T14:59:12+00:00\" \/>\n<meta name=\"twitter:card\" content=\"summary_large_image\" \/>\n<meta name=\"twitter:label1\" content=\"Dur\u00e9e de lecture estim\u00e9e\" \/>\n\t<meta name=\"twitter:data1\" content=\"3 minutes\" \/>\n<script type=\"application\/ld+json\" class=\"yoast-schema-graph\">{\"@context\":\"https:\/\/schema.org\",\"@graph\":[{\"@type\":\"WebPage\",\"@id\":\"https:\/\/www.aquanautelnido.com\/fr\/cours-padi\/bapteme-de-plongee-padi\/\",\"url\":\"https:\/\/www.aquanautelnido.com\/fr\/cours-padi\/bapteme-de-plongee-padi\/\",\"name\":\"Bapt\u00eame de plong\u00e9e PADI - Aquanaut Dive Center\",\"isPartOf\":{\"@id\":\"https:\/\/www.aquanautelnido.com\/fr\/#website\"},\"datePublished\":\"2017-06-29T18:37:30+00:00\",\"dateModified\":\"2025-04-07T14:59:12+00:00\",\"description\":\"Le Bapt\u00eame de plong\u00e9e PADI est une introduction \u00e0 la plong\u00e9e sous-marine ici \u00e0 El Nido, Philippines\",\"breadcrumb\":{\"@id\":\"https:\/\/www.aquanautelnido.com\/fr\/cours-padi\/bapteme-de-plongee-padi\/#breadcrumb\"},\"inLanguage\":\"fr-FR\",\"potentialAction\":[{\"@type\":\"ReadAction\",\"target\":[\"https:\/\/www.aquanautelnido.com\/fr\/cours-padi\/bapteme-de-plongee-padi\/\"]}]},{\"@type\":\"BreadcrumbList\",\"@id\":\"https:\/\/www.aquanautelnido.com\/fr\/cours-padi\/bapteme-de-plongee-padi\/#breadcrumb\",\"itemListElement\":[{\"@type\":\"ListItem\",\"position\":1,\"name\":\"Home\",\"item\":\"https:\/\/www.aquanautelnido.com\/fr\/\"},{\"@type\":\"ListItem\",\"position\":2,\"name\":\"Cours PADI\",\"item\":\"https:\/\/www.aquanautelnido.com\/padi-courses\/\"},{\"@type\":\"ListItem\",\"position\":3,\"name\":\"Bapt\u00eame de plong\u00e9e PADI\"}]},{\"@type\":\"WebSite\",\"@id\":\"https:\/\/www.aquanautelnido.com\/fr\/#website\",\"url\":\"https:\/\/www.aquanautelnido.com\/fr\/\",\"name\":\"Aquanaut Dive Center\",\"description\":\"Scuba Diving in El Nido, Palawan, Philippines\",\"potentialAction\":[{\"@type\":\"SearchAction\",\"target\":{\"@type\":\"EntryPoint\",\"urlTemplate\":\"https:\/\/www.aquanautelnido.com\/fr\/?s={search_term_string}\"},\"query-input\":{\"@type\":\"PropertyValueSpecification\",\"valueRequired\":true,\"valueName\":\"search_term_string\"}}],\"inLanguage\":\"fr-FR\"}]}<\/script>\n<!-- \/ Yoast SEO plugin. -->","yoast_head_json":{"title":"Bapt\u00eame de plong\u00e9e PADI - Aquanaut Dive Center","description":"Le Bapt\u00eame de plong\u00e9e PADI est une introduction \u00e0 la plong\u00e9e sous-marine ici \u00e0 El Nido, Philippines","robots":{"index":"index","follow":"follow","max-snippet":"max-snippet:-1","max-image-preview":"max-image-preview:large","max-video-preview":"max-video-preview:-1"},"canonical":"https:\/\/www.aquanautelnido.com\/fr\/cours-padi\/bapteme-de-plongee-padi\/","og_locale":"fr_FR","og_type":"article","og_title":"Bapt\u00eame de plong\u00e9e PADI - Aquanaut Dive Center","og_description":"Le Bapt\u00eame de plong\u00e9e PADI est une introduction \u00e0 la plong\u00e9e sous-marine ici \u00e0 El Nido, Philippines","og_url":"https:\/\/www.aquanautelnido.com\/fr\/cours-padi\/bapteme-de-plongee-padi\/","og_site_name":"Aquanaut Dive Center","article_publisher":"https:\/\/www.facebook.com\/Aquanautelnido","article_modified_time":"2025-04-07T14:59:12+00:00","twitter_card":"summary_large_image","twitter_misc":{"Dur\u00e9e de lecture estim\u00e9e":"3 minutes"},"schema":{"@context":"https:\/\/schema.org","@graph":[{"@type":"WebPage","@id":"https:\/\/www.aquanautelnido.com\/fr\/cours-padi\/bapteme-de-plongee-padi\/","url":"https:\/\/www.aquanautelnido.com\/fr\/cours-padi\/bapteme-de-plongee-padi\/","name":"Bapt\u00eame de plong\u00e9e PADI - Aquanaut Dive Center","isPartOf":{"@id":"https:\/\/www.aquanautelnido.com\/fr\/#website"},"datePublished":"2017-06-29T18:37:30+00:00","dateModified":"2025-04-07T14:59:12+00:00","description":"Le Bapt\u00eame de plong\u00e9e PADI est une introduction \u00e0 la plong\u00e9e sous-marine ici \u00e0 El Nido, Philippines","breadcrumb":{"@id":"https:\/\/www.aquanautelnido.com\/fr\/cours-padi\/bapteme-de-plongee-padi\/#breadcrumb"},"inLanguage":"fr-FR","potentialAction":[{"@type":"ReadAction","target":["https:\/\/www.aquanautelnido.com\/fr\/cours-padi\/bapteme-de-plongee-padi\/"]}]},{"@type":"BreadcrumbList","@id":"https:\/\/www.aquanautelnido.com\/fr\/cours-padi\/bapteme-de-plongee-padi\/#breadcrumb","itemListElement":[{"@type":"ListItem","position":1,"name":"Home","item":"https:\/\/www.aquanautelnido.com\/fr\/"},{"@type":"ListItem","position":2,"name":"Cours PADI","item":"https:\/\/www.aquanautelnido.com\/padi-courses\/"},{"@type":"ListItem","position":3,"name":"Bapt\u00eame de plong\u00e9e PADI"}]},{"@type":"WebSite","@id":"https:\/\/www.aquanautelnido.com\/fr\/#website","url":"https:\/\/www.aquanautelnido.com\/fr\/","name":"Aquanaut Dive Center","description":"Scuba Diving in El Nido, Palawan, Philippines","potentialAction":[{"@type":"SearchAction","target":{"@type":"EntryPoint","urlTemplate":"https:\/\/www.aquanautelnido.com\/fr\/?s={search_term_string}"},"query-input":{"@type":"PropertyValueSpecification","valueRequired":true,"valueName":"search_term_string"}}],"inLanguage":"fr-FR"}]}},"_links":{"self":[{"href":"https:\/\/www.aquanautelnido.com\/fr\/wp-json\/wp\/v2\/pages\/12138","targetHints":{"allow":["GET"]}}],"collection":[{"href":"https:\/\/www.aquanautelnido.com\/fr\/wp-json\/wp\/v2\/pages"}],"about":[{"href":"https:\/\/www.aquanautelnido.com\/fr\/wp-json\/wp\/v2\/types\/page"}],"author":[{"embeddable":true,"href":"https:\/\/www.aquanautelnido.com\/fr\/wp-json\/wp\/v2\/users\/1"}],"replies":[{"embeddable":true,"href":"https:\/\/www.aquanautelnido.com\/fr\/wp-json\/wp\/v2\/comments?post=12138"}],"version-history":[{"count":47,"href":"https:\/\/www.aquanautelnido.com\/fr\/wp-json\/wp\/v2\/pages\/12138\/revisions"}],"predecessor-version":[{"id":14216,"href":"https:\/\/www.aquanautelnido.com\/fr\/wp-json\/wp\/v2\/pages\/12138\/revisions\/14216"}],"up":[{"embeddable":true,"href":"https:\/\/www.aquanautelnido.com\/fr\/wp-json\/wp\/v2\/pages\/11950"}],"wp:attachment":[{"href":"https:\/\/www.aquanautelnido.com\/fr\/wp-json\/wp\/v2\/media?parent=12138"}],"curies":[{"name":"wp","href":"https:\/\/api.w.org\/{rel}","templated":true}]}}