{"id":12147,"date":"2017-06-30T02:52:40","date_gmt":"2017-06-29T18:52:40","guid":{"rendered":"http:\/\/www.aquanautelnido.com\/cours-padi\/cours-padi-open-water-diver\/"},"modified":"2025-04-07T22:48:57","modified_gmt":"2025-04-07T14:48:57","slug":"cours-padi-open-water-diver","status":"publish","type":"page","link":"https:\/\/www.aquanautelnido.com\/fr\/cours-padi\/cours-padi-open-water-diver\/","title":{"rendered":"Cours PADI Open Water Diver"},"content":{"rendered":"<div class=\"wpb-content-wrapper\">[vc_row row_type=\u00a0\u00bbsection\u00a0\u00bb padding_top=\u00a0\u00bb0&Prime; padding_bottom=\u00a0\u00bb0&Prime;][vc_column][vc_column_text]\n<h1>Comment devenir un plongeur PADI Open Water.<\/h1>\n[\/vc_column_text][\/vc_column][\/vc_row][vc_row row_type=\u00a0\u00bbsection\u00a0\u00bb padding_top=\u00a0\u00bb0&Prime; padding_bottom=\u00a0\u00bb0&Prime;][vc_column width=\u00a0\u00bb2\/3&Prime;][vc_separator type=\u00a0\u00bbtransparent\u00a0\u00bb up=\u00a0\u00bb4&Prime; down=\u00a0\u00bb8&Prime;][vc_column_text]Durant ce cours, votre instructeur vous aidera \u00e0 maitriser les 3 diff\u00e9rentes sections du cours PADI Open Water\u00a0: connaissances, sessions en milieu prot\u00e9g\u00e9 et session en eau profonde.[\/vc_column_text][vc_separator type=\u00a0\u00bbtransparent\u00a0\u00bb up=\u00a0\u00bb4&Prime; down=\u00a0\u00bb8&Prime;][vc_column_text]La partie connaissance est essentielle pour maitriser les diff\u00e9rents sujets abord\u00e9s pendant la pratique, comprendre comment l\u2019\u00e9quipement fonctionne, comment la plong\u00e9e affecte votre corps quand vous respirez sous l\u2019eau, etc\u2026 Vous avez l\u2019option d\u2019effectuer cette section ici \u00e0 El Nido au centre de plong\u00e9e Aquanaut avec le manuel PADI ou depuis chez vous <strong>avec le programme PADI eLearning, qui s\u2019effectue en ligne \u00e0 votre rythme avant de venir \u00e0 El Nido<\/strong>, cela vous permet de gagner du temps et de profiter pleinement de vos vacances.[\/vc_column_text][vc_separator type=\u00a0\u00bbtransparent\u00a0\u00bb up=\u00a0\u00bb4&Prime; down=\u00a0\u00bb8&Prime;][vc_column_text]Pendant les sessions en milieu prot\u00e9g\u00e9e et en eau profonde vous apprendrez les bases de la plong\u00e9e loisir, et comment utiliser ces connaissances pendant vos plong\u00e9es. Vous serez constamment encadr\u00e9 par un instructeur de plong\u00e9e qui vous aidera tout au long du cursus et vous fera gagner en confiance et exp\u00e9rience.[\/vc_column_text][vc_separator type=\u00a0\u00bbtransparent\u00a0\u00bb up=\u00a0\u00bb4&Prime; down=\u00a0\u00bb8&Prime;][vc_column_text]\n<h4>Programme<em>(*)<\/em><\/h4>\n<p>&nbsp;<\/p>\n<h5><span style=\"line-height: 1.5;\">Day 1<\/span><\/h5>\n<ul>\n<li>8:00 D\u00e9part du centre de plong\u00e9e Aquanaut situ\u00e9 dans la baie de El Nido.<\/li>\n<li>9:00 Plong\u00e9e en milieu prot\u00e9g\u00e9 #1, 2 et 3.<\/li>\n<li>10:30\u00a0Fruits + caf\u00e9 + th\u00e9.<\/li>\n<li>11:30 Plong\u00e9e en eau profonde #1.<\/li>\n<li>12:30 Repas philippins traditionnel sur le bateau ou sur une plage.<\/li>\n<li>13:45 Plong\u00e9e en eau profonde #2.<\/li>\n<li>15:00 Retour sur El Nido- profitez d\u2019une des vues les plus belles au monde.<\/li>\n<li>16:00 Arriv\u00e9 \u00e0 El Nido- Partager et enregistrer votre exp\u00e9rience.<\/li>\n<\/ul>\n<p>&nbsp;<\/p>\n<h5><span style=\"line-height: 1.5;\">Day 2<\/span><\/h5>\n<ul>\n<li>8:00 D\u00e9part du centre de plong\u00e9e Aquanaut.<\/li>\n<li>9:00 Plong\u00e9e en milieu prot\u00e9g\u00e9 #4 et 5.<\/li>\n<li>10:30\u00a0Fruits + caf\u00e9 + th\u00e9.<\/li>\n<li>11:30 Plong\u00e9e en eau profonde #3.<\/li>\n<li>12:30 Repas philippins traditionnel sur le bateau ou sur une plage.<\/li>\n<li>13:45 Plong\u00e9e en eau profonde #4.<\/li>\n<li>15:00 Retour sur El Nido.<\/li>\n<li>16:00 Arriv\u00e9 \u00e0 El Nido- Partager et enregistrer votre exp\u00e9rience.<\/li>\n<\/ul>\n<p>&nbsp;<\/p>\n<pre><em>(*) L\u2019emploi du temps peut varier en fonction de la m\u00e9t\u00e9o ou d\u2019\u00e9v\u00e9nements non pr\u00e9vue\r\n\r\n<\/em><\/pre>\n[\/vc_column_text][vc_separator type=\u00a0\u00bbtransparent\u00a0\u00bb up=\u00a0\u00bb4&Prime; down=\u00a0\u00bb8&Prime;][vc_separator type=\u00a0\u00bbtransparent\u00a0\u00bb up=\u00a0\u00bb4&Prime; down=\u00a0\u00bb8&Prime;][vc_column_text]\n<h4 style=\"text-align: left;\">Logement<\/h4>\n[\/vc_column_text][vc_separator type=\u00a0\u00bbtransparent\u00a0\u00bb up=\u00a0\u00bb4&Prime; down=\u00a0\u00bb8&Prime;][vc_row_inner][vc_column_inner width=\u00a0\u00bb1\/4&Prime;][vc_single_image image=\u00a0\u00bb13708&Prime; img_size=\u00a0\u00bb100&#215;100&Prime; alignment=\u00a0\u00bbcenter\u00a0\u00bb onclick=\u00a0\u00bbcustom_link\u00a0\u00bb img_link_target=\u00a0\u00bb_blank\u00a0\u00bb link=\u00a0\u00bbhttps:\/\/www.aquanautelnido.com\/diving-accommodation-package\/\u00a0\u00bb][\/vc_column_inner][vc_column_inner width=\u00a0\u00bb3\/4&Prime;][vc_separator type=\u00a0\u00bbtransparent\u00a0\u00bb up=\u00a0\u00bb6&Prime; down=\u00a0\u00bb6&Prime;][vc_separator type=\u00a0\u00bbtransparent\u00a0\u00bb up=\u00a0\u00bb6&Prime; down=\u00a0\u00bb6&Prime;][vc_separator type=\u00a0\u00bbtransparent\u00a0\u00bb up=\u00a0\u00bb6&Prime; down=\u00a0\u00bb6&Prime;][vc_column_text]\n<p style=\"text-align: left;\">Vous cherchez un logement \u00e0 El Nido pendant que vous profitez de votre activit\u00e9 de plong\u00e9e ? Ne manquez pas le <a href=\"https:\/\/www.aquanautelnido.com\/fr\/plongee-et-hebergement\/\">meilleur forfait Plong\u00e9e et H\u00e9bergement<\/a> !<\/p>\n[\/vc_column_text][\/vc_column_inner][\/vc_row_inner][vc_separator type=\u00a0\u00bbtransparent\u00a0\u00bb up=\u00a0\u00bb4&Prime; down=\u00a0\u00bb8&Prime;][vc_column_text]Si vous ne trouvez pas ce que vous \u00eates venue chercher <a title=\"Contact\" href=\"www.aquanautelnido.com\/fr\/contact\">n\u2019h\u00e9sitez pas \u00e0 nous contacter<\/a> nous sommes l\u00e0 pour r\u00e9pondre \u00e0 toutes vos questions.[\/vc_column_text][vc_separator type=\u00a0\u00bbtransparent\u00a0\u00bb up=\u00a0\u00bb6&Prime; down=\u00a0\u00bb6&Prime;][vc_separator type=\u00a0\u00bbtransparent\u00a0\u00bb up=\u00a0\u00bb6&Prime; down=\u00a0\u00bb6&Prime;][vc_separator type=\u00a0\u00bbtransparent\u00a0\u00bb up=\u00a0\u00bb6&Prime; down=\u00a0\u00bb6&Prime;][\/vc_column][vc_column width=\u00a0\u00bb1\/3&Prime; css=\u00a0\u00bb.vc_custom_1540468424762{margin-top: 20px !important;margin-right: 20px !important;background-color: #f7f7f7 !important;border-radius: 1px !important;}\u00a0\u00bb][vc_single_image image=\u00a0\u00bb8386&Prime; img_size=\u00a0\u00bbmedium\u00a0\u00bb alignment=\u00a0\u00bbcenter\u00a0\u00bb][vc_column_text]\n<h3 style=\"text-align: center;\">Open Water Diver course<\/h3>\n[\/vc_column_text][vc_column_text css=\u00a0\u00bb\u00a0\u00bb]\n<h1 style=\"font-size: 400%; text-align: center;\">23,000<sup class=\"value\">\u20b1<\/sup><\/h1>\n[\/vc_column_text][vc_separator up=\u00a0\u00bb6&Prime; down=\u00a0\u00bb6&Prime;][vc_column_text]\n<h4 style=\"text-align: center;\">Compris<\/h4>\n[\/vc_column_text][vc_separator up=\u00a0\u00bb6&Prime; down=\u00a0\u00bb6&Prime;][vc_column_text]\n<p style=\"text-align: center;\">Dur\u00e9e minimum: 2 jours<\/p>\n<p style=\"text-align: center;\">5 sessions en eau confin\u00e9es<\/p>\n<p style=\"text-align: center;\">4 Plong\u00e9es en eaux large<\/p>\n<p style=\"text-align: center;\">\u00c9quipement de plong\u00e9e<\/p>\n<p style=\"text-align: center;\">Repas \u00e0 bord<\/p>\n<p style=\"text-align: center;\">Mat\u00e9riaux PADI<\/p>\n<p style=\"text-align: center;\">Instructeur PADI dans votre langue<\/p>\n<p style=\"text-align: center;\">(selon disponibilit\u00e9)<\/p>\n[\/vc_column_text][vc_separator up=\u00a0\u00bb6&Prime; down=\u00a0\u00bb6&Prime;][vc_column_text]\n<h4 style=\"text-align: center;\">Conditions Requises<\/h4>\n[\/vc_column_text][vc_separator up=\u00a0\u00bb6&Prime; down=\u00a0\u00bb6&Prime;][vc_column_text]\n<p style=\"text-align: center;\">Age minimum: 10 ans<\/p>\n[\/vc_column_text][vc_separator type=\u00a0\u00bbtransparent\u00a0\u00bb up=\u00a0\u00bb6&Prime; down=\u00a0\u00bb6&Prime;][vc_separator type=\u00a0\u00bbtransparent\u00a0\u00bb up=\u00a0\u00bb6&Prime; down=\u00a0\u00bb6&Prime;][vc_separator type=\u00a0\u00bbtransparent\u00a0\u00bb up=\u00a0\u00bb6&Prime; down=\u00a0\u00bb6&Prime;][vc_row_inner content_placement=\u00a0\u00bbmiddle\u00a0\u00bb row_type=\u00a0\u00bbsection\u00a0\u00bb text_align=\u00a0\u00bbcenter\u00a0\u00bb][vc_column_inner][vc_column_text css=\u00a0\u00bb\u00a0\u00bb]\n<p style=\"text-align: center;\"><strong>R\u00c9SERVE MAINTENANT !<\/strong><\/p>\n[\/vc_column_text][vc_raw_html css=\u00a0\u00bb\u00a0\u00bb]JTVCYm9va2x5LXNlcnZpY2VzLWZvcm0lMjBvcGVuLXdhdGVyLWRpdmVyJTVE[\/vc_raw_html][\/vc_column_inner][\/vc_row_inner][\/vc_column][\/vc_row]\n<\/div>","protected":false},"excerpt":{"rendered":"<p>[vc_row row_type=\u00a0\u00bbsection\u00a0\u00bb padding_top=\u00a0\u00bb0&Prime; padding_bottom=\u00a0\u00bb0&Prime;][vc_column][vc_column_text] Comment devenir un plongeur PADI Open Water. [\/vc_column_text][\/vc_column][\/vc_row][vc_row row_type=\u00a0\u00bbsection\u00a0\u00bb padding_top=\u00a0\u00bb0&Prime; padding_bottom=\u00a0\u00bb0&Prime;][vc_column width=\u00a0\u00bb2\/3&Prime;][vc_separator type=\u00a0\u00bbtransparent\u00a0\u00bb up=\u00a0\u00bb4&Prime; down=\u00a0\u00bb8&Prime;][vc_column_text]Durant ce cours, votre instructeur vous aidera \u00e0 maitriser les 3 diff\u00e9rentes sections du cours PADI Open Water\u00a0: connaissances, sessions en milieu&#8230;<\/p>\n","protected":false},"author":1,"featured_media":0,"parent":11950,"menu_order":2,"comment_status":"closed","ping_status":"closed","template":"","meta":{"footnotes":""},"class_list":["post-12147","page","type-page","status-publish","hentry"],"yoast_head":"<!-- This site is optimized with the Yoast SEO plugin v26.4 - https:\/\/yoast.com\/wordpress\/plugins\/seo\/ -->\n<title>Cours PADI Open Water Diver - Aquanaut Dive Center<\/title>\n<meta name=\"description\" content=\"Comment devenir un plongeur avec le cours PADI Open Water Diver ici \u00e0 El Nido, Philippines\" \/>\n<meta name=\"robots\" content=\"index, follow, max-snippet:-1, max-image-preview:large, max-video-preview:-1\" \/>\n<link rel=\"canonical\" href=\"https:\/\/www.aquanautelnido.com\/fr\/cours-padi\/cours-padi-open-water-diver\/\" \/>\n<meta property=\"og:locale\" content=\"fr_FR\" \/>\n<meta property=\"og:type\" content=\"article\" \/>\n<meta property=\"og:title\" content=\"Cours PADI Open Water Diver - Aquanaut Dive Center\" \/>\n<meta property=\"og:description\" content=\"Comment devenir un plongeur avec le cours PADI Open Water Diver ici \u00e0 El Nido, Philippines\" \/>\n<meta property=\"og:url\" content=\"https:\/\/www.aquanautelnido.com\/fr\/cours-padi\/cours-padi-open-water-diver\/\" \/>\n<meta property=\"og:site_name\" content=\"Aquanaut Dive Center\" \/>\n<meta property=\"article:publisher\" content=\"https:\/\/www.facebook.com\/Aquanautelnido\" \/>\n<meta property=\"article:modified_time\" content=\"2025-04-07T14:48:57+00:00\" \/>\n<meta name=\"twitter:card\" content=\"summary_large_image\" \/>\n<meta name=\"twitter:label1\" content=\"Dur\u00e9e de lecture estim\u00e9e\" \/>\n\t<meta name=\"twitter:data1\" content=\"3 minutes\" \/>\n<script type=\"application\/ld+json\" class=\"yoast-schema-graph\">{\"@context\":\"https:\/\/schema.org\",\"@graph\":[{\"@type\":\"WebPage\",\"@id\":\"https:\/\/www.aquanautelnido.com\/fr\/cours-padi\/cours-padi-open-water-diver\/\",\"url\":\"https:\/\/www.aquanautelnido.com\/fr\/cours-padi\/cours-padi-open-water-diver\/\",\"name\":\"Cours PADI Open Water Diver - Aquanaut Dive Center\",\"isPartOf\":{\"@id\":\"https:\/\/www.aquanautelnido.com\/fr\/#website\"},\"datePublished\":\"2017-06-29T18:52:40+00:00\",\"dateModified\":\"2025-04-07T14:48:57+00:00\",\"description\":\"Comment devenir un plongeur avec le cours PADI Open Water Diver ici \u00e0 El Nido, Philippines\",\"breadcrumb\":{\"@id\":\"https:\/\/www.aquanautelnido.com\/fr\/cours-padi\/cours-padi-open-water-diver\/#breadcrumb\"},\"inLanguage\":\"fr-FR\",\"potentialAction\":[{\"@type\":\"ReadAction\",\"target\":[\"https:\/\/www.aquanautelnido.com\/fr\/cours-padi\/cours-padi-open-water-diver\/\"]}]},{\"@type\":\"BreadcrumbList\",\"@id\":\"https:\/\/www.aquanautelnido.com\/fr\/cours-padi\/cours-padi-open-water-diver\/#breadcrumb\",\"itemListElement\":[{\"@type\":\"ListItem\",\"position\":1,\"name\":\"Home\",\"item\":\"https:\/\/www.aquanautelnido.com\/fr\/\"},{\"@type\":\"ListItem\",\"position\":2,\"name\":\"Cours PADI\",\"item\":\"https:\/\/www.aquanautelnido.com\/padi-courses\/\"},{\"@type\":\"ListItem\",\"position\":3,\"name\":\"Cours PADI Open Water Diver\"}]},{\"@type\":\"WebSite\",\"@id\":\"https:\/\/www.aquanautelnido.com\/fr\/#website\",\"url\":\"https:\/\/www.aquanautelnido.com\/fr\/\",\"name\":\"Aquanaut Dive Center\",\"description\":\"Scuba Diving in El Nido, Palawan, Philippines\",\"potentialAction\":[{\"@type\":\"SearchAction\",\"target\":{\"@type\":\"EntryPoint\",\"urlTemplate\":\"https:\/\/www.aquanautelnido.com\/fr\/?s={search_term_string}\"},\"query-input\":{\"@type\":\"PropertyValueSpecification\",\"valueRequired\":true,\"valueName\":\"search_term_string\"}}],\"inLanguage\":\"fr-FR\"}]}<\/script>\n<!-- \/ Yoast SEO plugin. -->","yoast_head_json":{"title":"Cours PADI Open Water Diver - Aquanaut Dive Center","description":"Comment devenir un plongeur avec le cours PADI Open Water Diver ici \u00e0 El Nido, Philippines","robots":{"index":"index","follow":"follow","max-snippet":"max-snippet:-1","max-image-preview":"max-image-preview:large","max-video-preview":"max-video-preview:-1"},"canonical":"https:\/\/www.aquanautelnido.com\/fr\/cours-padi\/cours-padi-open-water-diver\/","og_locale":"fr_FR","og_type":"article","og_title":"Cours PADI Open Water Diver - Aquanaut Dive Center","og_description":"Comment devenir un plongeur avec le cours PADI Open Water Diver ici \u00e0 El Nido, Philippines","og_url":"https:\/\/www.aquanautelnido.com\/fr\/cours-padi\/cours-padi-open-water-diver\/","og_site_name":"Aquanaut Dive Center","article_publisher":"https:\/\/www.facebook.com\/Aquanautelnido","article_modified_time":"2025-04-07T14:48:57+00:00","twitter_card":"summary_large_image","twitter_misc":{"Dur\u00e9e de lecture estim\u00e9e":"3 minutes"},"schema":{"@context":"https:\/\/schema.org","@graph":[{"@type":"WebPage","@id":"https:\/\/www.aquanautelnido.com\/fr\/cours-padi\/cours-padi-open-water-diver\/","url":"https:\/\/www.aquanautelnido.com\/fr\/cours-padi\/cours-padi-open-water-diver\/","name":"Cours PADI Open Water Diver - Aquanaut Dive Center","isPartOf":{"@id":"https:\/\/www.aquanautelnido.com\/fr\/#website"},"datePublished":"2017-06-29T18:52:40+00:00","dateModified":"2025-04-07T14:48:57+00:00","description":"Comment devenir un plongeur avec le cours PADI Open Water Diver ici \u00e0 El Nido, Philippines","breadcrumb":{"@id":"https:\/\/www.aquanautelnido.com\/fr\/cours-padi\/cours-padi-open-water-diver\/#breadcrumb"},"inLanguage":"fr-FR","potentialAction":[{"@type":"ReadAction","target":["https:\/\/www.aquanautelnido.com\/fr\/cours-padi\/cours-padi-open-water-diver\/"]}]},{"@type":"BreadcrumbList","@id":"https:\/\/www.aquanautelnido.com\/fr\/cours-padi\/cours-padi-open-water-diver\/#breadcrumb","itemListElement":[{"@type":"ListItem","position":1,"name":"Home","item":"https:\/\/www.aquanautelnido.com\/fr\/"},{"@type":"ListItem","position":2,"name":"Cours PADI","item":"https:\/\/www.aquanautelnido.com\/padi-courses\/"},{"@type":"ListItem","position":3,"name":"Cours PADI Open Water Diver"}]},{"@type":"WebSite","@id":"https:\/\/www.aquanautelnido.com\/fr\/#website","url":"https:\/\/www.aquanautelnido.com\/fr\/","name":"Aquanaut Dive Center","description":"Scuba Diving in El Nido, Palawan, Philippines","potentialAction":[{"@type":"SearchAction","target":{"@type":"EntryPoint","urlTemplate":"https:\/\/www.aquanautelnido.com\/fr\/?s={search_term_string}"},"query-input":{"@type":"PropertyValueSpecification","valueRequired":true,"valueName":"search_term_string"}}],"inLanguage":"fr-FR"}]}},"_links":{"self":[{"href":"https:\/\/www.aquanautelnido.com\/fr\/wp-json\/wp\/v2\/pages\/12147","targetHints":{"allow":["GET"]}}],"collection":[{"href":"https:\/\/www.aquanautelnido.com\/fr\/wp-json\/wp\/v2\/pages"}],"about":[{"href":"https:\/\/www.aquanautelnido.com\/fr\/wp-json\/wp\/v2\/types\/page"}],"author":[{"embeddable":true,"href":"https:\/\/www.aquanautelnido.com\/fr\/wp-json\/wp\/v2\/users\/1"}],"replies":[{"embeddable":true,"href":"https:\/\/www.aquanautelnido.com\/fr\/wp-json\/wp\/v2\/comments?post=12147"}],"version-history":[{"count":21,"href":"https:\/\/www.aquanautelnido.com\/fr\/wp-json\/wp\/v2\/pages\/12147\/revisions"}],"predecessor-version":[{"id":14204,"href":"https:\/\/www.aquanautelnido.com\/fr\/wp-json\/wp\/v2\/pages\/12147\/revisions\/14204"}],"up":[{"embeddable":true,"href":"https:\/\/www.aquanautelnido.com\/fr\/wp-json\/wp\/v2\/pages\/11950"}],"wp:attachment":[{"href":"https:\/\/www.aquanautelnido.com\/fr\/wp-json\/wp\/v2\/media?parent=12147"}],"curies":[{"name":"wp","href":"https:\/\/api.w.org\/{rel}","templated":true}]}}