{"id":12170,"date":"2017-06-30T03:39:57","date_gmt":"2017-06-29T19:39:57","guid":{"rendered":"http:\/\/www.aquanautelnido.com\/cours-padi\/cours-padi-divemaster\/"},"modified":"2022-10-23T11:47:13","modified_gmt":"2022-10-23T03:47:13","slug":"cours-padi-divemaster","status":"publish","type":"page","link":"https:\/\/www.aquanautelnido.com\/fr\/cours-padi\/cours-padi-divemaster\/","title":{"rendered":"Cours PADI Divemaster"},"content":{"rendered":"<div class=\"wpb-content-wrapper\">[vc_row row_type=\u00a0\u00bbsection\u00a0\u00bb padding_top=\u00a0\u00bb0&Prime; padding_bottom=\u00a0\u00bb0&Prime;][vc_column width=\u00a0\u00bb2\/3&Prime;][vc_column_text]\n<h1>Le professionnel PADI Divemaster<\/h1>\n[\/vc_column_text][vc_separator type=\u00a0\u00bbtransparent\u00a0\u00bb up=\u00a0\u00bb4&Prime; down=\u00a0\u00bb8&Prime;][vc_column_text]Le cours PADI Divemaster se d\u00e9roule comme un stage et dure environ 30 jours. Le stage commence par de la th\u00e9orie, ce qui vous permettra d\u2019\u00e9tendre vos connaissances sur tous les aspects de la plong\u00e9e allant de l\u2019entretient de l\u2019\u00e9quipement jusqu\u2019au fonctionnement d\u2019un centre de plong\u00e9. [\/vc_column_text][vc_separator type=\u00a0\u00bbtransparent\u00a0\u00bb up=\u00a0\u00bb4&Prime; down=\u00a0\u00bb8&Prime;][vc_column_text]Votre instructeur vous guidera progressivement pour enfin devenir un maitre dans l\u2019art de la plong\u00e9. Au fur et \u00e0 mesure que vos connaissances s\u2019\u00e9tendent et votre qualit\u00e9 en plong\u00e9e augmentent, vous gagnerez en confiance. Durant nos sorties quotidiennes vous assisterez des plongeurs professionnels (Instructeurs et Dive Masters).[\/vc_column_text][vc_separator type=\u00a0\u00bbtransparent\u00a0\u00bb up=\u00a0\u00bb4&Prime; down=\u00a0\u00bb8&Prime;][vc_column_text]Vous prendrez place dans l\u2019\u00e9quipe Aquanaut et travaillerez main dans la main avec le reste de l\u2019\u00e9quipe . Vous serez amen\u00e9 \u00e0 interagir avec les clients et quand vous vous sentirez assez confiant avec vos qualit\u00e9s de plongeur, ce sera alors \u00e0 votre tour de guider et de faire d\u00e9couvrir la beaut\u00e9 des fonds marins de l\u2019\u00e9poustouflante Baie des Bacuits.[\/vc_column_text][vc_separator type=\u00a0\u00bbtransparent\u00a0\u00bb up=\u00a0\u00bb4&Prime; down=\u00a0\u00bb8&Prime;][vc_column_text]Durant le stage Divemaster vous b\u00e9n\u00e9ficierez d\u2019un nombre illimit\u00e9 de plong\u00e9es. Votre lieux de travaille est la <a title=\"Dive Sites Map\" href=\"http:\/\/www.aquanautelnido.com\/fr\/les-sites\/\">Baie de Bacuit elle-m\u00eame. Vous profiterez de nombreux sites de plong\u00e9es<\/a>, de repas traditionnels sur le bateau ou sur une des nombreuses plages paradisiaques qui nous entourent.[\/vc_column_text][vc_separator type=\u00a0\u00bbtransparent\u00a0\u00bb up=\u00a0\u00bb4&Prime; down=\u00a0\u00bb8&Prime;][vc_column_text]Quand vous serez certifi\u00e9, les portes du monde aquatiques vous seront ouvertes partout dans le monde. Vous deviendrez alors un professionnel de la randonn\u00e9e subaquatique, avec une attitude exemplaire\u00a0 et vous deviendrez un mod\u00e8le pour les autres plongeurs. Vous aurez enfin l\u2019opportunit\u00e9 de travailler comme guide de palanqu\u00e9e tout autour du monde.[\/vc_column_text][vc_separator type=\u00a0\u00bbtransparent\u00a0\u00bb up=\u00a0\u00bb4&Prime; down=\u00a0\u00bb8&Prime;][vc_column_text]\u00ab\u00a0It is more fun in the philippines\u00a0\u00bb et quand <a title=\"Comment arriver \u00e0 El Nido\" href=\"http:\/\/www.aquanautelnido.com\/fr\/comment-sy-rendre-a-el-nido\/\">arriverez ici<\/a> vous comprendrez que cette terre \u00e0 beaucoup \u00e0 vous offrir. En tant que membre de notre team, vous rencontrez des personnes venant des quatre coins du monde.[\/vc_column_text][vc_separator type=\u00a0\u00bbtransparent\u00a0\u00bb up=\u00a0\u00bb4&Prime; down=\u00a0\u00bb8&Prime;][vc_separator type=\u00a0\u00bbtransparent\u00a0\u00bb up=\u00a0\u00bb4&Prime; down=\u00a0\u00bb8&Prime;][vc_separator type=\u00a0\u00bbtransparent\u00a0\u00bb up=\u00a0\u00bb4&Prime; down=\u00a0\u00bb8&Prime;][\/vc_column][vc_column width=\u00a0\u00bb1\/3&Prime;][vc_separator type=\u00a0\u00bbtransparent\u00a0\u00bb up=\u00a0\u00bb2&Prime; down=\u00a0\u00bb4&Prime;][vc_separator type=\u00a0\u00bbtransparent\u00a0\u00bb up=\u00a0\u00bb2&Prime; down=\u00a0\u00bb4&Prime;][vc_separator type=\u00a0\u00bbtransparent\u00a0\u00bb up=\u00a0\u00bb2&Prime; down=\u00a0\u00bb4&Prime;]<div class='q_price_table'><div class='price_table_inner acitve_price'><ul><li class='prices'><div class='price_in_table'><sup class='value'>\u20b1<\/sup><span class='price'>80,000<\/span><sub class='mark'>.<\/sub><\/div><\/li><li class='cell table_title'>Cours Divemaster<\/li><img decoding=\"async\" src=\"http:\/\/www.aquanautelnido.com\/wp-content\/uploads\/2014\/10\/PADI_hor_T.png\" alt=\"\" \/><\/p>\n<ul>\n<li>Dur\u00e9e minimum: 30 jours<\/li>\n<li>Niveau minimum requis: PADI Rescue Diver et\u00a0EFR ou \u00e9quivalent<\/li>\n<li>40 plong\u00e9es enregistr\u00e9es<\/li>\n<li><a class=\"anchor\" href=\"#requirements\">Voir les pr\u00e9requis et experience<\/a><\/li>\n<\/ul>\n<li class='price_button'><a class='qbutton normal' href='http:\/\/www.aquanautelnido.com\/fr\/contact\/' target='_self'>R\u00e9servez maintenant!<\/a><\/li><\/ul><\/div><\/div>[\/vc_column][\/vc_row][vc_row row_type=\u00a0\u00bbsection\u00a0\u00bb padding_top=\u00a0\u00bb30&Prime; padding_bottom=\u00a0\u00bb0&Prime;][vc_column width=\u00a0\u00bb1\/2&Prime;][vc_column_text]\n<h3>Ce que vous devez emmener<\/h3>\n[\/vc_column_text][vc_separator type=\u00a0\u00bbtransparent\u00a0\u00bb up=\u00a0\u00bb2&Prime; down=\u00a0\u00bb4&Prime;][vc_column_text]\n<ul>\n<li>Votre \u00e9quipement de plong\u00e9(*) :<\/li>\n<li>Une paire de palme, un masque et une combinaison de plong\u00e9 (de 3 \u00e0 5 mm recommand\u00e9.<\/li>\n<li><span style=\"line-height: 1.5;\">Un gilet stabilisateur<\/span><\/li>\n<li>Un d\u00e9tendeur (avec source principal et secondaire, manom\u00e8tre et gauge de profondeur)<\/li>\n<li>Un ordinateur de plong\u00e9e et une boussole de plong\u00e9e<\/li>\n<li>Marqueur de surface et un sifflet<\/li>\n<li>Lunette de soleil, tong et cr\u00e8me solaire<\/li>\n<li>De la motivation et un gros sourire<\/li>\n<\/ul>\n[\/vc_column_text][vc_separator type=\u00a0\u00bbtransparent\u00a0\u00bb up=\u00a0\u00bb4&Prime; down=\u00a0\u00bb8&Prime;][vc_column_text](*)\u00a0En ce qui est de votre \u00e9quipement, si il vous en manque, ne vous inqui\u00e9tez pas nous pouvons vous fournir des r\u00e9ductions sur tout \u00e9quipement achet\u00e9 ou vous louer du mat\u00e9riel. [\/vc_column_text][\/vc_column][vc_column width=\u00a0\u00bb1\/2&Prime;][vc_column_text]\n<h3>Ce qui est inclue<\/h3>\n[\/vc_column_text][vc_separator type=\u00a0\u00bbtransparent\u00a0\u00bb up=\u00a0\u00bb2&Prime; down=\u00a0\u00bb4&Prime;][vc_column_text]\n<ul>\n<li>Plong\u00e9 illimit\u00e9 pour la dur\u00e9e de votre stage<\/li>\n<li><a href=\"http:\/\/www.aquanautelnido.com\/fr\/cours-padi\/specialite-padi\/specialite-padi-air-enrichi\/\">Sp\u00e9cialit\u00e9 PADI Air Enrichi<\/a> (Nitrox)<\/li>\n<li>% de r\u00e9duction sur tout \u00e9quipement achet\u00e9<\/li>\n<li>Supports PAI n\u00e9cessaires au cours Divemaster<\/li>\n<li>D\u00e9jeuner inclue sur tous les excursions de plong\u00e9e<\/li>\n<li>% de r\u00e9duction sur notre bar Safety Stop<\/li>\n<\/ul>\n<p><em>Non-inclue dans le pack\u00a0: le co\u00fbt de l\u2019adhesion PADI annuel.<\/em>[\/vc_column_text][\/vc_column][\/vc_row][vc_row row_type=\u00a0\u00bbsection\u00a0\u00bb anchor=\u00a0\u00bbrequirements\u00a0\u00bb padding_top=\u00a0\u00bb30&Prime; padding_bottom=\u00a0\u00bb0&Prime;][vc_column width=\u00a0\u00bb1\/2&Prime;][vc_column_text]\n<h3>Pr\u00e9requis et experience<\/h3>\n[\/vc_column_text][vc_separator type=\u00a0\u00bbtransparent\u00a0\u00bb up=\u00a0\u00bb2&Prime; down=\u00a0\u00bb4&Prime;][vc_column_text]\n<ul>\n<li>Etre certifi\u00e9 PADI Rescue Diver ou un niveau \u00e9quivalent<\/li>\n<li>Etre certifi\u00e9 Emergency First Response Primary and Secondary Care compl\u00e9t\u00e9 dans les dernier 24 mois<\/li>\n<li>Un certificat m\u00e9dical de moins de 12 mois certifiant que vous \u00eates apte \u00e0 la pratique de la plong\u00e9e sous-marine<\/li>\n<li>Un minimum de 40 plong\u00e9s<\/li>\n<li>Avoir 18 ans<\/li>\n<\/ul>\n<p>&nbsp;<\/p>\n<p>&nbsp;<\/p>\n[\/vc_column_text][vc_separator type=\u00a0\u00bbtransparent\u00a0\u00bb up=\u00a0\u00bb6&Prime; down=\u00a0\u00bb6&Prime;][vc_separator type=\u00a0\u00bbtransparent\u00a0\u00bb up=\u00a0\u00bb6&Prime; down=\u00a0\u00bb6&Prime;][vc_column_text]\n<h3 style=\"text-align: left;\">Logement<\/h3>\n[\/vc_column_text][vc_separator type=\u00a0\u00bbtransparent\u00a0\u00bb up=\u00a0\u00bb6&Prime; down=\u00a0\u00bb6&Prime;][vc_row_inner][vc_column_inner width=\u00a0\u00bb1\/4&Prime;][vc_single_image image=\u00a0\u00bb13708&Prime; img_size=\u00a0\u00bb100&#215;100&Prime; alignment=\u00a0\u00bbcenter\u00a0\u00bb onclick=\u00a0\u00bbcustom_link\u00a0\u00bb img_link_target=\u00a0\u00bb_blank\u00a0\u00bb link=\u00a0\u00bbhttps:\/\/www.aquanautelnido.com\/diving-accommodation-package\/\u00a0\u00bb][\/vc_column_inner][vc_column_inner width=\u00a0\u00bb3\/4&Prime;][vc_separator type=\u00a0\u00bbtransparent\u00a0\u00bb up=\u00a0\u00bb6&Prime; down=\u00a0\u00bb6&Prime;][vc_separator type=\u00a0\u00bbtransparent\u00a0\u00bb up=\u00a0\u00bb6&Prime; down=\u00a0\u00bb6&Prime;][vc_separator type=\u00a0\u00bbtransparent\u00a0\u00bb up=\u00a0\u00bb6&Prime; down=\u00a0\u00bb6&Prime;][vc_column_text]\n<p style=\"text-align: left;\">Vous cherchez un logement \u00e0 El Nido pendant que vous profitez de votre activit\u00e9 de plong\u00e9e ? Ne manquez pas le <a href=\"https:\/\/www.aquanautelnido.com\/fr\/plongee-et-hebergement\/\">meilleur forfait Plong\u00e9e et H\u00e9bergement<\/a> !<\/p>\n[\/vc_column_text][\/vc_column_inner][\/vc_row_inner][vc_separator type=\u00a0\u00bbtransparent\u00a0\u00bb up=\u00a0\u00bb6&Prime; down=\u00a0\u00bb6&Prime;][\/vc_column][vc_column width=\u00a0\u00bb1\/2&Prime;][vc_separator type=\u00a0\u00bbtransparent\u00a0\u00bb up=\u00a0\u00bb40&Prime; down=\u00a0\u00bb4&Prime;][vc_column_text]Si vous n\u2019avez pas 40 plong\u00e9s enregistr\u00e9es ou qu\u2019il vous manque un niveau pour compl\u00e9ter les pr\u00e9requis, vous pouvez le faire avec nous. Joignez-vous \u00e0 nous sur nos excursions quotidiennes pour augmenter votre exp\u00e9rience et nombre de plong\u00e9es, ou finir vos cours PADI avec Aquanaut.[\/vc_column_text][vc_separator type=\u00a0\u00bbtransparent\u00a0\u00bb up=\u00a0\u00bb10&Prime; down=\u00a0\u00bb0&Prime;][vc_column_text]Le stage de Divemaster peux s\u2019adapter \u00e0 vos besoin et \u00e0 votre calendrier, n\u2019h\u00e9sitez pas \u00e0 nous contacter pour plus d\u2019informations.[\/vc_column_text][\/vc_column][\/vc_row][vc_column width=\u00a0\u00bb1\/3&Prime;][\/vc_column]\n<\/div>","protected":false},"excerpt":{"rendered":"<p>[vc_row row_type=\u00a0\u00bbsection\u00a0\u00bb padding_top=\u00a0\u00bb0&Prime; padding_bottom=\u00a0\u00bb0&Prime;][vc_column width=\u00a0\u00bb2\/3&Prime;][vc_column_text] Le professionnel PADI Divemaster [\/vc_column_text][vc_separator type=\u00a0\u00bbtransparent\u00a0\u00bb up=\u00a0\u00bb4&Prime; down=\u00a0\u00bb8&Prime;][vc_column_text]Le cours PADI Divemaster se d\u00e9roule comme un stage et dure environ 30 jours. Le stage commence par de la th\u00e9orie, ce qui vous permettra d\u2019\u00e9tendre vos connaissances&#8230;<\/p>\n","protected":false},"author":1,"featured_media":0,"parent":11950,"menu_order":6,"comment_status":"closed","ping_status":"closed","template":"","meta":{"footnotes":""},"class_list":["post-12170","page","type-page","status-publish","hentry"],"yoast_head":"<!-- This site is optimized with the Yoast SEO plugin v26.4 - https:\/\/yoast.com\/wordpress\/plugins\/seo\/ -->\n<title>PADI Divemaster Stage Aquanaut 5 Star PADI Dive Resort<\/title>\n<meta name=\"description\" content=\"Le cours PADI Divemaster se d\u00e9roule comme un stage et dure environ 30 jours de plongee ici a El Nido, Philippines. Devenir un profesionele du PADI et un guide sous l&#039;eau\" \/>\n<meta name=\"robots\" content=\"index, follow, max-snippet:-1, max-image-preview:large, max-video-preview:-1\" \/>\n<link rel=\"canonical\" href=\"https:\/\/www.aquanautelnido.com\/padi-courses\/divemaster\/\" \/>\n<meta property=\"og:locale\" content=\"fr_FR\" \/>\n<meta property=\"og:type\" content=\"article\" \/>\n<meta property=\"og:title\" content=\"PADI Divemaster Stage Aquanaut 5 Star PADI Dive Resort\" \/>\n<meta property=\"og:description\" content=\"Le cours PADI Divemaster se d\u00e9roule comme un stage et dure environ 30 jours de plongee ici a El Nido, Philippines. Devenir un profesionele du PADI et un guide sous l&#039;eau\" \/>\n<meta property=\"og:url\" content=\"https:\/\/www.aquanautelnido.com\/padi-courses\/divemaster\/\" \/>\n<meta property=\"og:site_name\" content=\"Aquanaut Dive Center\" \/>\n<meta property=\"article:publisher\" content=\"https:\/\/www.facebook.com\/Aquanautelnido\" \/>\n<meta property=\"article:modified_time\" content=\"2022-10-23T03:47:13+00:00\" \/>\n<meta property=\"og:image\" content=\"http:\/\/www.aquanautelnido.com\/wp-content\/uploads\/2014\/10\/PADI_hor_T.png\" \/>\n<meta name=\"twitter:card\" content=\"summary_large_image\" \/>\n<meta name=\"twitter:label1\" content=\"Dur\u00e9e de lecture estim\u00e9e\" \/>\n\t<meta name=\"twitter:data1\" content=\"5 minutes\" \/>\n<script type=\"application\/ld+json\" class=\"yoast-schema-graph\">{\"@context\":\"https:\/\/schema.org\",\"@graph\":[{\"@type\":\"WebPage\",\"@id\":\"https:\/\/www.aquanautelnido.com\/padi-courses\/divemaster\/\",\"url\":\"https:\/\/www.aquanautelnido.com\/padi-courses\/divemaster\/\",\"name\":\"PADI Divemaster Stage Aquanaut 5 Star PADI Dive Resort\",\"isPartOf\":{\"@id\":\"https:\/\/www.aquanautelnido.com\/fr\/#website\"},\"primaryImageOfPage\":{\"@id\":\"https:\/\/www.aquanautelnido.com\/padi-courses\/divemaster\/#primaryimage\"},\"image\":{\"@id\":\"https:\/\/www.aquanautelnido.com\/padi-courses\/divemaster\/#primaryimage\"},\"thumbnailUrl\":\"http:\/\/www.aquanautelnido.com\/wp-content\/uploads\/2014\/10\/PADI_hor_T.png\",\"datePublished\":\"2017-06-29T19:39:57+00:00\",\"dateModified\":\"2022-10-23T03:47:13+00:00\",\"description\":\"Le cours PADI Divemaster se d\u00e9roule comme un stage et dure environ 30 jours de plongee ici a El Nido, Philippines. Devenir un profesionele du PADI et un guide sous l'eau\",\"breadcrumb\":{\"@id\":\"https:\/\/www.aquanautelnido.com\/padi-courses\/divemaster\/#breadcrumb\"},\"inLanguage\":\"fr-FR\",\"potentialAction\":[{\"@type\":\"ReadAction\",\"target\":[\"https:\/\/www.aquanautelnido.com\/padi-courses\/divemaster\/\"]}]},{\"@type\":\"ImageObject\",\"inLanguage\":\"fr-FR\",\"@id\":\"https:\/\/www.aquanautelnido.com\/padi-courses\/divemaster\/#primaryimage\",\"url\":\"http:\/\/www.aquanautelnido.com\/wp-content\/uploads\/2014\/10\/PADI_hor_T.png\",\"contentUrl\":\"http:\/\/www.aquanautelnido.com\/wp-content\/uploads\/2014\/10\/PADI_hor_T.png\"},{\"@type\":\"BreadcrumbList\",\"@id\":\"https:\/\/www.aquanautelnido.com\/padi-courses\/divemaster\/#breadcrumb\",\"itemListElement\":[{\"@type\":\"ListItem\",\"position\":1,\"name\":\"Home\",\"item\":\"https:\/\/www.aquanautelnido.com\/fr\/\"},{\"@type\":\"ListItem\",\"position\":2,\"name\":\"Cours PADI\",\"item\":\"https:\/\/www.aquanautelnido.com\/padi-courses\/\"},{\"@type\":\"ListItem\",\"position\":3,\"name\":\"Cours PADI Divemaster\"}]},{\"@type\":\"WebSite\",\"@id\":\"https:\/\/www.aquanautelnido.com\/fr\/#website\",\"url\":\"https:\/\/www.aquanautelnido.com\/fr\/\",\"name\":\"Aquanaut Dive Center\",\"description\":\"Scuba Diving in El Nido, Palawan, Philippines\",\"potentialAction\":[{\"@type\":\"SearchAction\",\"target\":{\"@type\":\"EntryPoint\",\"urlTemplate\":\"https:\/\/www.aquanautelnido.com\/fr\/?s={search_term_string}\"},\"query-input\":{\"@type\":\"PropertyValueSpecification\",\"valueRequired\":true,\"valueName\":\"search_term_string\"}}],\"inLanguage\":\"fr-FR\"}]}<\/script>\n<!-- \/ Yoast SEO plugin. -->","yoast_head_json":{"title":"PADI Divemaster Stage Aquanaut 5 Star PADI Dive Resort","description":"Le cours PADI Divemaster se d\u00e9roule comme un stage et dure environ 30 jours de plongee ici a El Nido, Philippines. Devenir un profesionele du PADI et un guide sous l'eau","robots":{"index":"index","follow":"follow","max-snippet":"max-snippet:-1","max-image-preview":"max-image-preview:large","max-video-preview":"max-video-preview:-1"},"canonical":"https:\/\/www.aquanautelnido.com\/padi-courses\/divemaster\/","og_locale":"fr_FR","og_type":"article","og_title":"PADI Divemaster Stage Aquanaut 5 Star PADI Dive Resort","og_description":"Le cours PADI Divemaster se d\u00e9roule comme un stage et dure environ 30 jours de plongee ici a El Nido, Philippines. Devenir un profesionele du PADI et un guide sous l'eau","og_url":"https:\/\/www.aquanautelnido.com\/padi-courses\/divemaster\/","og_site_name":"Aquanaut Dive Center","article_publisher":"https:\/\/www.facebook.com\/Aquanautelnido","article_modified_time":"2022-10-23T03:47:13+00:00","og_image":[{"url":"http:\/\/www.aquanautelnido.com\/wp-content\/uploads\/2014\/10\/PADI_hor_T.png","type":"","width":"","height":""}],"twitter_card":"summary_large_image","twitter_misc":{"Dur\u00e9e de lecture estim\u00e9e":"5 minutes"},"schema":{"@context":"https:\/\/schema.org","@graph":[{"@type":"WebPage","@id":"https:\/\/www.aquanautelnido.com\/padi-courses\/divemaster\/","url":"https:\/\/www.aquanautelnido.com\/padi-courses\/divemaster\/","name":"PADI Divemaster Stage Aquanaut 5 Star PADI Dive Resort","isPartOf":{"@id":"https:\/\/www.aquanautelnido.com\/fr\/#website"},"primaryImageOfPage":{"@id":"https:\/\/www.aquanautelnido.com\/padi-courses\/divemaster\/#primaryimage"},"image":{"@id":"https:\/\/www.aquanautelnido.com\/padi-courses\/divemaster\/#primaryimage"},"thumbnailUrl":"http:\/\/www.aquanautelnido.com\/wp-content\/uploads\/2014\/10\/PADI_hor_T.png","datePublished":"2017-06-29T19:39:57+00:00","dateModified":"2022-10-23T03:47:13+00:00","description":"Le cours PADI Divemaster se d\u00e9roule comme un stage et dure environ 30 jours de plongee ici a El Nido, Philippines. Devenir un profesionele du PADI et un guide sous l'eau","breadcrumb":{"@id":"https:\/\/www.aquanautelnido.com\/padi-courses\/divemaster\/#breadcrumb"},"inLanguage":"fr-FR","potentialAction":[{"@type":"ReadAction","target":["https:\/\/www.aquanautelnido.com\/padi-courses\/divemaster\/"]}]},{"@type":"ImageObject","inLanguage":"fr-FR","@id":"https:\/\/www.aquanautelnido.com\/padi-courses\/divemaster\/#primaryimage","url":"http:\/\/www.aquanautelnido.com\/wp-content\/uploads\/2014\/10\/PADI_hor_T.png","contentUrl":"http:\/\/www.aquanautelnido.com\/wp-content\/uploads\/2014\/10\/PADI_hor_T.png"},{"@type":"BreadcrumbList","@id":"https:\/\/www.aquanautelnido.com\/padi-courses\/divemaster\/#breadcrumb","itemListElement":[{"@type":"ListItem","position":1,"name":"Home","item":"https:\/\/www.aquanautelnido.com\/fr\/"},{"@type":"ListItem","position":2,"name":"Cours PADI","item":"https:\/\/www.aquanautelnido.com\/padi-courses\/"},{"@type":"ListItem","position":3,"name":"Cours PADI Divemaster"}]},{"@type":"WebSite","@id":"https:\/\/www.aquanautelnido.com\/fr\/#website","url":"https:\/\/www.aquanautelnido.com\/fr\/","name":"Aquanaut Dive Center","description":"Scuba Diving in El Nido, Palawan, Philippines","potentialAction":[{"@type":"SearchAction","target":{"@type":"EntryPoint","urlTemplate":"https:\/\/www.aquanautelnido.com\/fr\/?s={search_term_string}"},"query-input":{"@type":"PropertyValueSpecification","valueRequired":true,"valueName":"search_term_string"}}],"inLanguage":"fr-FR"}]}},"_links":{"self":[{"href":"https:\/\/www.aquanautelnido.com\/fr\/wp-json\/wp\/v2\/pages\/12170","targetHints":{"allow":["GET"]}}],"collection":[{"href":"https:\/\/www.aquanautelnido.com\/fr\/wp-json\/wp\/v2\/pages"}],"about":[{"href":"https:\/\/www.aquanautelnido.com\/fr\/wp-json\/wp\/v2\/types\/page"}],"author":[{"embeddable":true,"href":"https:\/\/www.aquanautelnido.com\/fr\/wp-json\/wp\/v2\/users\/1"}],"replies":[{"embeddable":true,"href":"https:\/\/www.aquanautelnido.com\/fr\/wp-json\/wp\/v2\/comments?post=12170"}],"version-history":[{"count":32,"href":"https:\/\/www.aquanautelnido.com\/fr\/wp-json\/wp\/v2\/pages\/12170\/revisions"}],"predecessor-version":[{"id":13894,"href":"https:\/\/www.aquanautelnido.com\/fr\/wp-json\/wp\/v2\/pages\/12170\/revisions\/13894"}],"up":[{"embeddable":true,"href":"https:\/\/www.aquanautelnido.com\/fr\/wp-json\/wp\/v2\/pages\/11950"}],"wp:attachment":[{"href":"https:\/\/www.aquanautelnido.com\/fr\/wp-json\/wp\/v2\/media?parent=12170"}],"curies":[{"name":"wp","href":"https:\/\/api.w.org\/{rel}","templated":true}]}}