{"id":12213,"date":"2017-06-30T03:50:03","date_gmt":"2017-06-29T19:50:03","guid":{"rendered":"http:\/\/www.aquanautelnido.com\/cours-padi\/padi-specialties\/padi-deep-diver-specialty\/"},"modified":"2025-04-07T23:12:10","modified_gmt":"2025-04-07T15:12:10","slug":"specialite-padi-plongee-profonde","status":"publish","type":"page","link":"https:\/\/www.aquanautelnido.com\/fr\/cours-padi\/specialite-padi\/specialite-padi-plongee-profonde\/","title":{"rendered":"Sp\u00e9cialit\u00e9 PADI Plong\u00e9 Profonde"},"content":{"rendered":"<div class=\"wpb-content-wrapper\">[vc_row row_type=\u00a0\u00bbsection\u00a0\u00bb type=\u00a0\u00bbfull_width\u00a0\u00bb text_align=\u00a0\u00bbleft\u00a0\u00bb padding_top=\u00a0\u00bb20&Prime; padding_bottom=\u00a0\u00bb0&Prime;][vc_column width=\u00a0\u00bb1\/1&Prime;][vc_column_text]\n<h1>Sp\u00e9cialit\u00e9 PADI Plong\u00e9e Profonde<\/h1>\n[\/vc_column_text][\/vc_column][\/vc_row][vc_row row_type=\u00a0\u00bbsection\u00a0\u00bb type=\u00a0\u00bbfull_width\u00a0\u00bb text_align=\u00a0\u00bbleft\u00a0\u00bb padding_top=\u00a0\u00bb20&Prime; padding_bottom=\u00a0\u00bb0&Prime;][vc_column width=\u00a0\u00bb2\/3&Prime;][vc_separator type=\u00a0\u00bbtransparent\u00a0\u00bb position=\u00a0\u00bbcenter\u00a0\u00bb up=\u00a0\u00bb8&Prime; down=\u00a0\u00bb0&Prime;][vc_column_text]D\u00e9passez vos limites avec PADI deep dive sp\u00e9cialit\u00e9, cela vous autorisera \u00e0 plonger en toute s\u00e9curit\u00e9 jusqu\u2019\u00e0 <strong>40 m\u00e8tres<\/strong>. Pendant ces 2 jours, vous apprendrez comment la pression affecte votre corps, comment g\u00e9rer un cas de narcose a l\u2019azote, comment planifier une plong\u00e9e profonde mais aussi comment g\u00e9rer votre r\u00e9serve d\u2019air.[\/vc_column_text][vc_separator type=\u00a0\u00bbtransparent\u00a0\u00bb position=\u00a0\u00bbcenter\u00a0\u00bb up=\u00a0\u00bb4&Prime; down=\u00a0\u00bb8&Prime;][vc_column_text]Vous et votre instructeur ex\u00e9cuterez 4 plong\u00e9es dans les eaux profondes et myst\u00e9rieuses de El Nido tout en suivant les r\u00e8gles de s\u00e9curit\u00e9s et les \u00e9tapes d\u2019une plong\u00e9e profonde. Sur le bateau la formidable \u00e9quipe d\u2019Aquanaut vous aidera \u00e0 vous sentir confortable et vous mettra \u00e0 vos aises pour \u00eatre sur que votre journ\u00e9e soit un succ\u00e8s.[\/vc_column_text][vc_separator type=\u00a0\u00bbtransparent\u00a0\u00bb position=\u00a0\u00bbcenter\u00a0\u00bb up=\u00a0\u00bb2&Prime; down=\u00a0\u00bb4&Prime;][vc_column_text]Entrez dans le monde \u00e9nigmatique des profondeurs et enregistrez-vous en ligne maintenant. Nous sommes \u00e0 votre enti\u00e8re disposition, si vous avez de questions n\u2019h\u00e9sitez pas \u00e0 nous envoyer un Email.[\/vc_column_text][\/vc_column][vc_column width=\u00a0\u00bb1\/3&Prime;][vc_separator type=\u00a0\u00bbtransparent\u00a0\u00bb position=\u00a0\u00bbcenter\u00a0\u00bb up=\u00a0\u00bb4&Prime; down=\u00a0\u00bb8&Prime;][vc_separator type=\u00a0\u00bbtransparent\u00a0\u00bb position=\u00a0\u00bbcenter\u00a0\u00bb up=\u00a0\u00bb4&Prime; down=\u00a0\u00bb8&Prime;]<div class='q_price_table'><div class='price_table_inner'><ul><li class='prices'><div class='price_in_table'><sup class='value'>\u20b1<\/sup><span class='price'>12,000<\/span><sub class='mark'> <\/sub><\/div><\/li><li class='cell table_title'>Sp\u00e9cialit\u00e9 Plong\u00e9 Profonde<\/li><img decoding=\"async\" src=\"http:\/\/www.aquanautelnido.com\/wp-content\/uploads\/2014\/10\/PADI_hor_T.png\" alt=\"\" \/><\/p>\n<p>Dur\u00e9e minimum: 2 jours<br \/>\nNiveau minimum requis: PADI\u00a0Adventure Diver<br \/>\nAge minimum: 15\u00a0ans<br \/>\nMat\u00e8riaux PADI<br \/>\nEquipement de plong\u00e9e complet<br \/>\nRepas et cookies a bord<\/p>\n[bookly-services-form deep-diver]\n<li class='price_button'><a class='qbutton normal' href='https:\/\/www.aquanautelnido.com\/fr\/contact\/' target='_blank'>Contact<\/a><\/li><\/ul><\/div><\/div>[\/vc_column][\/vc_row]\n<\/div>","protected":false},"excerpt":{"rendered":"<p>[vc_row row_type=\u00a0\u00bbsection\u00a0\u00bb type=\u00a0\u00bbfull_width\u00a0\u00bb text_align=\u00a0\u00bbleft\u00a0\u00bb padding_top=\u00a0\u00bb20&Prime; padding_bottom=\u00a0\u00bb0&Prime;][vc_column width=\u00a0\u00bb1\/1&Prime;][vc_column_text] Sp\u00e9cialit\u00e9 PADI Plong\u00e9e Profonde [\/vc_column_text][\/vc_column][\/vc_row][vc_row row_type=\u00a0\u00bbsection\u00a0\u00bb type=\u00a0\u00bbfull_width\u00a0\u00bb text_align=\u00a0\u00bbleft\u00a0\u00bb padding_top=\u00a0\u00bb20&Prime; padding_bottom=\u00a0\u00bb0&Prime;][vc_column width=\u00a0\u00bb2\/3&Prime;][vc_separator type=\u00a0\u00bbtransparent\u00a0\u00bb position=\u00a0\u00bbcenter\u00a0\u00bb up=\u00a0\u00bb8&Prime; down=\u00a0\u00bb0&Prime;][vc_column_text]D\u00e9passez vos limites avec PADI deep dive sp\u00e9cialit\u00e9, cela vous autorisera \u00e0 plonger en toute s\u00e9curit\u00e9 jusqu\u2019\u00e0 40 m\u00e8tres&#8230;.<\/p>\n","protected":false},"author":1,"featured_media":0,"parent":12193,"menu_order":1,"comment_status":"closed","ping_status":"closed","template":"","meta":{"footnotes":""},"class_list":["post-12213","page","type-page","status-publish","hentry"],"yoast_head":"<!-- This site is optimized with the Yoast SEO plugin v26.4 - https:\/\/yoast.com\/wordpress\/plugins\/seo\/ -->\n<title>Sp\u00e9cialit\u00e9 PADI Plong\u00e9 Profonde - Aquanaut Dive Center<\/title>\n<meta name=\"description\" content=\"Sp\u00e9cialit\u00e9 PADI Plong\u00e9 Profonde El Nido Philippines plonger 40 metres\" \/>\n<meta name=\"robots\" content=\"index, follow, max-snippet:-1, max-image-preview:large, max-video-preview:-1\" \/>\n<link rel=\"canonical\" href=\"https:\/\/www.aquanautelnido.com\/fr\/cours-padi\/specialite-padi\/specialite-padi-plongee-profonde\/\" \/>\n<meta property=\"og:locale\" content=\"fr_FR\" \/>\n<meta property=\"og:type\" content=\"article\" \/>\n<meta property=\"og:title\" content=\"Sp\u00e9cialit\u00e9 PADI Plong\u00e9 Profonde - Aquanaut Dive Center\" \/>\n<meta property=\"og:description\" content=\"Sp\u00e9cialit\u00e9 PADI Plong\u00e9 Profonde El Nido Philippines plonger 40 metres\" \/>\n<meta property=\"og:url\" content=\"https:\/\/www.aquanautelnido.com\/fr\/cours-padi\/specialite-padi\/specialite-padi-plongee-profonde\/\" \/>\n<meta property=\"og:site_name\" content=\"Aquanaut Dive Center\" \/>\n<meta property=\"article:publisher\" content=\"https:\/\/www.facebook.com\/Aquanautelnido\" \/>\n<meta property=\"article:modified_time\" content=\"2025-04-07T15:12:10+00:00\" \/>\n<meta property=\"og:image\" content=\"http:\/\/www.aquanautelnido.com\/wp-content\/uploads\/2014\/10\/PADI_hor_T.png\" \/>\n<meta name=\"twitter:card\" content=\"summary_large_image\" \/>\n<meta name=\"twitter:label1\" content=\"Dur\u00e9e de lecture estim\u00e9e\" \/>\n\t<meta name=\"twitter:data1\" content=\"2 minutes\" \/>\n<script type=\"application\/ld+json\" class=\"yoast-schema-graph\">{\"@context\":\"https:\/\/schema.org\",\"@graph\":[{\"@type\":\"WebPage\",\"@id\":\"https:\/\/www.aquanautelnido.com\/fr\/cours-padi\/specialite-padi\/specialite-padi-plongee-profonde\/\",\"url\":\"https:\/\/www.aquanautelnido.com\/fr\/cours-padi\/specialite-padi\/specialite-padi-plongee-profonde\/\",\"name\":\"Sp\u00e9cialit\u00e9 PADI Plong\u00e9 Profonde - Aquanaut Dive Center\",\"isPartOf\":{\"@id\":\"https:\/\/www.aquanautelnido.com\/fr\/#website\"},\"primaryImageOfPage\":{\"@id\":\"https:\/\/www.aquanautelnido.com\/fr\/cours-padi\/specialite-padi\/specialite-padi-plongee-profonde\/#primaryimage\"},\"image\":{\"@id\":\"https:\/\/www.aquanautelnido.com\/fr\/cours-padi\/specialite-padi\/specialite-padi-plongee-profonde\/#primaryimage\"},\"thumbnailUrl\":\"http:\/\/www.aquanautelnido.com\/wp-content\/uploads\/2014\/10\/PADI_hor_T.png\",\"datePublished\":\"2017-06-29T19:50:03+00:00\",\"dateModified\":\"2025-04-07T15:12:10+00:00\",\"description\":\"Sp\u00e9cialit\u00e9 PADI Plong\u00e9 Profonde El Nido Philippines plonger 40 metres\",\"breadcrumb\":{\"@id\":\"https:\/\/www.aquanautelnido.com\/fr\/cours-padi\/specialite-padi\/specialite-padi-plongee-profonde\/#breadcrumb\"},\"inLanguage\":\"fr-FR\",\"potentialAction\":[{\"@type\":\"ReadAction\",\"target\":[\"https:\/\/www.aquanautelnido.com\/fr\/cours-padi\/specialite-padi\/specialite-padi-plongee-profonde\/\"]}]},{\"@type\":\"ImageObject\",\"inLanguage\":\"fr-FR\",\"@id\":\"https:\/\/www.aquanautelnido.com\/fr\/cours-padi\/specialite-padi\/specialite-padi-plongee-profonde\/#primaryimage\",\"url\":\"http:\/\/www.aquanautelnido.com\/wp-content\/uploads\/2014\/10\/PADI_hor_T.png\",\"contentUrl\":\"http:\/\/www.aquanautelnido.com\/wp-content\/uploads\/2014\/10\/PADI_hor_T.png\"},{\"@type\":\"BreadcrumbList\",\"@id\":\"https:\/\/www.aquanautelnido.com\/fr\/cours-padi\/specialite-padi\/specialite-padi-plongee-profonde\/#breadcrumb\",\"itemListElement\":[{\"@type\":\"ListItem\",\"position\":1,\"name\":\"Home\",\"item\":\"https:\/\/www.aquanautelnido.com\/fr\/\"},{\"@type\":\"ListItem\",\"position\":2,\"name\":\"Cours PADI\",\"item\":\"https:\/\/www.aquanautelnido.com\/padi-courses\/\"},{\"@type\":\"ListItem\",\"position\":3,\"name\":\"PADI Specialties\",\"item\":\"https:\/\/www.aquanautelnido.com\/fr\/cours-padi\/specialite-padi\/\"},{\"@type\":\"ListItem\",\"position\":4,\"name\":\"Sp\u00e9cialit\u00e9 PADI Plong\u00e9 Profonde\"}]},{\"@type\":\"WebSite\",\"@id\":\"https:\/\/www.aquanautelnido.com\/fr\/#website\",\"url\":\"https:\/\/www.aquanautelnido.com\/fr\/\",\"name\":\"Aquanaut Dive Center\",\"description\":\"Scuba Diving in El Nido, Palawan, Philippines\",\"potentialAction\":[{\"@type\":\"SearchAction\",\"target\":{\"@type\":\"EntryPoint\",\"urlTemplate\":\"https:\/\/www.aquanautelnido.com\/fr\/?s={search_term_string}\"},\"query-input\":{\"@type\":\"PropertyValueSpecification\",\"valueRequired\":true,\"valueName\":\"search_term_string\"}}],\"inLanguage\":\"fr-FR\"}]}<\/script>\n<!-- \/ Yoast SEO plugin. -->","yoast_head_json":{"title":"Sp\u00e9cialit\u00e9 PADI Plong\u00e9 Profonde - Aquanaut Dive Center","description":"Sp\u00e9cialit\u00e9 PADI Plong\u00e9 Profonde El Nido Philippines plonger 40 metres","robots":{"index":"index","follow":"follow","max-snippet":"max-snippet:-1","max-image-preview":"max-image-preview:large","max-video-preview":"max-video-preview:-1"},"canonical":"https:\/\/www.aquanautelnido.com\/fr\/cours-padi\/specialite-padi\/specialite-padi-plongee-profonde\/","og_locale":"fr_FR","og_type":"article","og_title":"Sp\u00e9cialit\u00e9 PADI Plong\u00e9 Profonde - Aquanaut Dive Center","og_description":"Sp\u00e9cialit\u00e9 PADI Plong\u00e9 Profonde El Nido Philippines plonger 40 metres","og_url":"https:\/\/www.aquanautelnido.com\/fr\/cours-padi\/specialite-padi\/specialite-padi-plongee-profonde\/","og_site_name":"Aquanaut Dive Center","article_publisher":"https:\/\/www.facebook.com\/Aquanautelnido","article_modified_time":"2025-04-07T15:12:10+00:00","og_image":[{"url":"http:\/\/www.aquanautelnido.com\/wp-content\/uploads\/2014\/10\/PADI_hor_T.png","type":"","width":"","height":""}],"twitter_card":"summary_large_image","twitter_misc":{"Dur\u00e9e de lecture estim\u00e9e":"2 minutes"},"schema":{"@context":"https:\/\/schema.org","@graph":[{"@type":"WebPage","@id":"https:\/\/www.aquanautelnido.com\/fr\/cours-padi\/specialite-padi\/specialite-padi-plongee-profonde\/","url":"https:\/\/www.aquanautelnido.com\/fr\/cours-padi\/specialite-padi\/specialite-padi-plongee-profonde\/","name":"Sp\u00e9cialit\u00e9 PADI Plong\u00e9 Profonde - Aquanaut Dive Center","isPartOf":{"@id":"https:\/\/www.aquanautelnido.com\/fr\/#website"},"primaryImageOfPage":{"@id":"https:\/\/www.aquanautelnido.com\/fr\/cours-padi\/specialite-padi\/specialite-padi-plongee-profonde\/#primaryimage"},"image":{"@id":"https:\/\/www.aquanautelnido.com\/fr\/cours-padi\/specialite-padi\/specialite-padi-plongee-profonde\/#primaryimage"},"thumbnailUrl":"http:\/\/www.aquanautelnido.com\/wp-content\/uploads\/2014\/10\/PADI_hor_T.png","datePublished":"2017-06-29T19:50:03+00:00","dateModified":"2025-04-07T15:12:10+00:00","description":"Sp\u00e9cialit\u00e9 PADI Plong\u00e9 Profonde El Nido Philippines plonger 40 metres","breadcrumb":{"@id":"https:\/\/www.aquanautelnido.com\/fr\/cours-padi\/specialite-padi\/specialite-padi-plongee-profonde\/#breadcrumb"},"inLanguage":"fr-FR","potentialAction":[{"@type":"ReadAction","target":["https:\/\/www.aquanautelnido.com\/fr\/cours-padi\/specialite-padi\/specialite-padi-plongee-profonde\/"]}]},{"@type":"ImageObject","inLanguage":"fr-FR","@id":"https:\/\/www.aquanautelnido.com\/fr\/cours-padi\/specialite-padi\/specialite-padi-plongee-profonde\/#primaryimage","url":"http:\/\/www.aquanautelnido.com\/wp-content\/uploads\/2014\/10\/PADI_hor_T.png","contentUrl":"http:\/\/www.aquanautelnido.com\/wp-content\/uploads\/2014\/10\/PADI_hor_T.png"},{"@type":"BreadcrumbList","@id":"https:\/\/www.aquanautelnido.com\/fr\/cours-padi\/specialite-padi\/specialite-padi-plongee-profonde\/#breadcrumb","itemListElement":[{"@type":"ListItem","position":1,"name":"Home","item":"https:\/\/www.aquanautelnido.com\/fr\/"},{"@type":"ListItem","position":2,"name":"Cours PADI","item":"https:\/\/www.aquanautelnido.com\/padi-courses\/"},{"@type":"ListItem","position":3,"name":"PADI Specialties","item":"https:\/\/www.aquanautelnido.com\/fr\/cours-padi\/specialite-padi\/"},{"@type":"ListItem","position":4,"name":"Sp\u00e9cialit\u00e9 PADI Plong\u00e9 Profonde"}]},{"@type":"WebSite","@id":"https:\/\/www.aquanautelnido.com\/fr\/#website","url":"https:\/\/www.aquanautelnido.com\/fr\/","name":"Aquanaut Dive Center","description":"Scuba Diving in El Nido, Palawan, Philippines","potentialAction":[{"@type":"SearchAction","target":{"@type":"EntryPoint","urlTemplate":"https:\/\/www.aquanautelnido.com\/fr\/?s={search_term_string}"},"query-input":{"@type":"PropertyValueSpecification","valueRequired":true,"valueName":"search_term_string"}}],"inLanguage":"fr-FR"}]}},"_links":{"self":[{"href":"https:\/\/www.aquanautelnido.com\/fr\/wp-json\/wp\/v2\/pages\/12213","targetHints":{"allow":["GET"]}}],"collection":[{"href":"https:\/\/www.aquanautelnido.com\/fr\/wp-json\/wp\/v2\/pages"}],"about":[{"href":"https:\/\/www.aquanautelnido.com\/fr\/wp-json\/wp\/v2\/types\/page"}],"author":[{"embeddable":true,"href":"https:\/\/www.aquanautelnido.com\/fr\/wp-json\/wp\/v2\/users\/1"}],"replies":[{"embeddable":true,"href":"https:\/\/www.aquanautelnido.com\/fr\/wp-json\/wp\/v2\/comments?post=12213"}],"version-history":[{"count":10,"href":"https:\/\/www.aquanautelnido.com\/fr\/wp-json\/wp\/v2\/pages\/12213\/revisions"}],"predecessor-version":[{"id":14220,"href":"https:\/\/www.aquanautelnido.com\/fr\/wp-json\/wp\/v2\/pages\/12213\/revisions\/14220"}],"up":[{"embeddable":true,"href":"https:\/\/www.aquanautelnido.com\/fr\/wp-json\/wp\/v2\/pages\/12193"}],"wp:attachment":[{"href":"https:\/\/www.aquanautelnido.com\/fr\/wp-json\/wp\/v2\/media?parent=12213"}],"curies":[{"name":"wp","href":"https:\/\/api.w.org\/{rel}","templated":true}]}}