{"id":12220,"date":"2017-06-30T03:51:24","date_gmt":"2017-06-29T19:51:24","guid":{"rendered":"http:\/\/www.aquanautelnido.com\/cours-padi\/padi-specialties\/padi-peak-performance-bouyancy-specialty\/"},"modified":"2025-04-09T15:54:15","modified_gmt":"2025-04-09T07:54:15","slug":"specialite-padi-maitrise-de-la-flottabilite","status":"publish","type":"page","link":"https:\/\/www.aquanautelnido.com\/fr\/cours-padi\/specialite-padi\/specialite-padi-maitrise-de-la-flottabilite\/","title":{"rendered":"Sp\u00e9cialit\u00e9 PADI Maitrise de la flottabilit\u00e9"},"content":{"rendered":"<div class=\"wpb-content-wrapper\">[vc_row row_type=\u00a0\u00bbsection\u00a0\u00bb type=\u00a0\u00bbfull_width\u00a0\u00bb text_align=\u00a0\u00bbleft\u00a0\u00bb padding_top=\u00a0\u00bb20&Prime; padding_bottom=\u00a0\u00bb0&Prime;][vc_column width=\u00a0\u00bb2\/3&Prime;][vc_column_text]\n<h1>Sp\u00e9cialit\u00e9 PADI Maitrise de la flottabilit\u00e9<\/h1>\n[\/vc_column_text][vc_separator type=\u00a0\u00bbtransparent\u00a0\u00bb position=\u00a0\u00bbcenter\u00a0\u00bb up=\u00a0\u00bb8&Prime; down=\u00a0\u00bb0&Prime;][vc_separator type=\u00a0\u00bbtransparent\u00a0\u00bb position=\u00a0\u00bbcenter\u00a0\u00bb up=\u00a0\u00bb8&Prime; down=\u00a0\u00bb0&Prime;][vc_column_text]Qu\u2019est ce qui d\u00e9finit le mieux un plongeur si ce n\u2019est le control de sa flottabilit\u00e9. Cela est pratique dans tout type de plong\u00e9 comme une plong\u00e9 dans un tunnel sans se retrouv\u00e9 au plafond, palmer pr\u00e8s du fond sans remuer le sable, \u00e9viter d\u2019endommager le corail, et de s\u2019approcher au plus pr\u00e8s de la vie aquatique pour prendre la photo parfaite.[\/vc_column_text][vc_separator type=\u00a0\u00bbtransparent\u00a0\u00bb position=\u00a0\u00bbcenter\u00a0\u00bb up=\u00a0\u00bb4&Prime; down=\u00a0\u00bb8&Prime;][vc_column_text]L\u2019entrainement se passe sur deux plong\u00e9s, qui se passent sur les sites d\u2019El Nido, sous la supervision d\u2019un instructeur de plong\u00e9e PADI, vous apprendrez \u00e0 respirer plus efficacement pour contr\u00f4ler votre flottabilit\u00e9, \u00e0 avoir une meilleur position sous l\u2019eau, palmer de diff\u00e9rente mani\u00e8re suivant les conditions de plong\u00e9e, comment l\u00e9viter sans effort et dans n\u2019importe quelle position mais aussi vous allez estimer le nombre de poids qui vous est ad\u00e9quat pour un meilleur control et confort.[\/vc_column_text][vc_separator type=\u00a0\u00bbtransparent\u00a0\u00bb position=\u00a0\u00bbcenter\u00a0\u00bb up=\u00a0\u00bb2&Prime; down=\u00a0\u00bb4&Prime;][vc_column_text]R\u00e9servez en ligne maintenant ! Pour plus d\u2019informations n\u2019h\u00e9sitez pas \u00e0 nous contacter. [\/vc_column_text][\/vc_column][vc_column width=\u00a0\u00bb1\/3&Prime;][vc_separator type=\u00a0\u00bbtransparent\u00a0\u00bb position=\u00a0\u00bbcenter\u00a0\u00bb up=\u00a0\u00bb4&Prime; down=\u00a0\u00bb8&Prime;][vc_separator type=\u00a0\u00bbtransparent\u00a0\u00bb position=\u00a0\u00bbcenter\u00a0\u00bb up=\u00a0\u00bb4&Prime; down=\u00a0\u00bb8&Prime;]<div class='q_price_table'><div class='price_table_inner'><ul><li class='prices'><div class='price_in_table'><sup class='value'>\u20b1<\/sup><span class='price'>9,000<\/span><sub class='mark'> <\/sub><\/div><\/li><li class='cell table_title'>Peak Performance Buoyancy<\/li><img decoding=\"async\" src=\"http:\/\/www.aquanautelnido.com\/wp-content\/uploads\/2014\/10\/PADI_hor_T.png\" alt=\"\" \/><\/p>\n<p>Dur\u00e9e minimum: 1 jour<br \/>Niveau minimum requis: PADI Open Water ou \u00e9quivalent<br \/>Age minimum: 10 ans<br \/>2 plong\u00e9es<br \/>Equipement de plong\u00e9e complet<br \/>Repas et cookies a bord<br \/>Boisson \u00e0 Safety Stop Bar<\/p>\n<li class='price_button'><a class='qbutton normal' href='https:\/\/www.aquanautelnido.com\/fr\/contact' target='_blank'>Contact<\/a><\/li><\/ul><\/div><\/div>[\/vc_column][\/vc_row]\n\n<script type=\"text\/javascript\">\n    (function (win, fn) {\n        var done = false, top = true,\n            doc = win.document,\n            root = doc.documentElement,\n            modern = doc.addEventListener,\n            add = modern ? 'addEventListener' : 'attachEvent',\n            rem = modern ? 'removeEventListener' : 'detachEvent',\n            pre = modern ? '' : 'on',\n            init = function (e) {\n                if (e.type == 'readystatechange') if (doc.readyState != 'complete') return;\n                (e.type == 'load' ? win : doc)[rem](pre + e.type, init, false);\n                if (!done) {\n                    done = true;\n                    fn.call(win, e.type || e);\n                }\n            },\n            poll = function () {\n                try {\n                    root.doScroll('left');\n                } catch (e) {\n                    setTimeout(poll, 50);\n                    return;\n                }\n                init('poll');\n            };\n        if (doc.readyState == 'complete') fn.call(win, 'lazy');\n        else {\n            if (!modern) if (root.doScroll) {\n                try {\n                    top = !win.frameElement;\n                } catch (e) {\n                }\n                if (top) poll();\n            }\n            doc[add](pre + 'DOMContentLoaded', init, false);\n            doc[add](pre + 'readystatechange', init, false);\n            win[add](pre + 'load', init, false);\n        }\n    })(window, function () {\n        window.BooklyServicesForm.showForm(\"bookly-services-form-peak-performance-bouyancy\", \"bookly-services-form-peak-performance-bouyancy-69e370435f923\", {\"main_color\":\"#81d1ef\",\"service_card_width\":260,\"service_header_height\":120,\"staff_card_width\":260,\"hide_borders\":false,\"show_book_more\":true,\"show_qr_code\":true,\"show_calendar\":true,\"show_services_filter\":false,\"show_staff_filter\":false,\"show_staff_rating\":false,\"show_timezone\":false,\"show_receipt_on_cart\":true,\"show_receipt_on_payment\":true,\"skip_cart_step\":false,\"use_cart_local_storage\":true,\"default_service\":null,\"default_staff\":null,\"service_card_show_badge\":true,\"package_card_show_badge\":true,\"gift_card_show_badge\":true,\"services_fields_order\":[\"service\",\"duration\",\"price\",\"staff\"],\"services_fields_show\":[\"service\",\"duration\",\"price\"],\"packages_fields_order\":[\"package\",\"service\",\"duration\",\"price\",\"staff\"],\"packages_fields_show\":[\"package\",\"service\",\"duration\",\"price\"],\"gift_cards_fields_order\":[\"title\",\"price\"],\"gift_cards_fields_show\":[\"title\",\"price\"],\"show_first_slot_only\":false,\"show_gift_cards\":true,\"show_add_to_calendar\":false,\"show_slot_info\":false,\"sell_services\":true,\"sell_gift_cards\":false,\"full_name_required\":true,\"first_name_required\":false,\"last_name_required\":false,\"email_required\":true,\"phone_required\":true,\"address_required\":false,\"birthday_required\":true,\"verify_credentials\":false,\"show_summary_service\":true,\"show_summary_staff\":false,\"show_summary_date\":true,\"show_summary_price\":true,\"show_blocked_slots\":false,\"show_change_date\":false,\"initial_view\":\"form\",\"hidden_services\":[],\"hidden_gift_cards\":[],\"details_fields_order\":[\"text\",\"full_name\",\"first_name\",\"last_name\",\"email\",\"phone\",\"address\",\"notes\",\"birthday\",\"terms\",\"google_maps\",\"custom_fields\"],\"details_fields_width\":{\"text\":12,\"full_name\":12,\"first_name\":6,\"last_name\":6,\"email\":6,\"phone\":6,\"google_maps\":12,\"address\":12,\"notes\":12,\"birthday\":12,\"terms\":12,\"custom_fields\":[]},\"details_fields_show\":[\"text\",\"email\",\"phone\",\"custom_fields\",\"full_name\",\"notes\",\"birthday\"],\"cards_display_mode\":\"with_slots\",\"available_dates\":\"with_slots\",\"show_services_mode\":\"no_any\",\"address\":{\"order\":[\"country\",\"state\",\"postcode\",\"city\",\"street\",\"street_number\",\"additional_address\"],\"show\":[\"country\",\"state\",\"postcode\",\"city\",\"street\",\"street_number\",\"additional_address\"],\"labels\":{\"country\":\"Pays\",\"state\":\"\\u00c9tat\\\/R\\u00e9gion\",\"postcode\":\"Code Postal\",\"city\":\"Ville\",\"street\":\"Adresse\",\"street_number\":\"N\\u00b0 de rue\",\"additional_address\":\"Adresse compl\\u00e9mentaire\"}},\"l10n\":{\"steps\":{\"calendar\":\"Commencer\",\"extras\":\"Suppl\\u00e9ments\",\"slots\":\"Heure\",\"cart\":\"Panier\",\"details\":\"D\\u00e9tails\",\"payment\":\"Paiement\",\"done\":\"Terminer\"},\"steps_descriptions\":{\"calendar\":\"Choisir service\",\"extras\":\"Ajouter des suppl\\u00e9ments\",\"slots\":\"S\\u00e9lectionnez un cr\\u00e9neau horaire\",\"cart\":\"V\\u00e9rifier le panier\",\"details\":\"Vos coordonn\\u00e9es\",\"payment\":\"Effectuer un achat\",\"done\":\"Termin\\u00e9\"},\"address_label\":\"Adresse\",\"address_placeholders\":{\"country\":\"Pays\",\"state\":\"\\u00c9tat\\\/R\\u00e9gion\",\"postcode\":\"Code Postal\",\"city\":\"Ville\",\"street\":\"Adresse\",\"street_number\":\"N\\u00b0 de rue\",\"additional_address\":\"Adresse compl\\u00e9mentaire\"},\"notes\":\"English, french, ... \\\/ Diabetes, heart problems, ...\",\"birthday\":\"Birthday\",\"staff\":\"Equipe\",\"any_staff\":\"Tous\",\"service\":\"Service\",\"gift_card\":\"Carte cadeau\",\"gift_card_title\":\"Carte cadeau\",\"date\":\"Appointment\",\"time\":\"Heure\",\"price\":\"Price\",\"next\":\"Suivant\",\"back\":\"Back\",\"select_service\":\"Choisir service\",\"select_staff\":\"Tous\",\"book_now\":\"Book now\",\"buy_now\":\"Acheter maintenant\",\"book_more\":\"Book more\",\"close\":\"Close\",\"full_name\":\"Full name\",\"full_name_error_required\":\"Requis\",\"first_name\":\"Pr\\u00e9nom\",\"first_name_error_required\":\"Requis\",\"last_name\":\"Nom\",\"last_name_error_required\":\"Requis\",\"email\":\"E-mail\",\"email_error_required\":\"Requis\",\"phone\":\"Phone number\",\"phone_error_required\":\"Requis\",\"address_field_required\":\"Requis\",\"birthday_error_required\":\"Requis\",\"no_slots\":\"No time slots available\",\"slot_not_available\":\"Slot already booked\",\"no_results\":\"No results found\",\"nop\":\"Number of people\",\"booking_success\":\"Thank you!\",\"booking_error\":\"Oups !\",\"booking_completed\":\"Your reservation is now complete.\",\"order_id\":\"Votre num\\u00e9ro de commande\",\"gift_card_booking_completed\":\"Votre carte cadeau a \\u00e9t\\u00e9 cr\\u00e9\\u00e9e.\",\"processing\":\"Votre paiement a \\u00e9t\\u00e9 accept\\u00e9 et est en cours de traitement.\",\"group_skip_payment\":\"Le paiement a \\u00e9t\\u00e9 saut\\u00e9.\",\"payment_impossible\":\"Aucune m\\u00e9thode de paiement n'est disponible. Veuillez contacter votre fournisseur de services.\",\"appointments_limit_reached\":\"Vous essayez d'utiliser ce service trop souvent. Veuillez nous contacter pour effectuer une r\\u00e9servation.\",\"terms_text\":\"J'accepte les conditions d'utilisation\",\"text_calendar\":\"Please select a service below\",\"text_extras\":\"S\\u00e9lectionnez les Suppl\\u00e9ments que vous souhaitez (S\\u00e9lection multiple)\",\"text_slots\":\"Click on a time slot to make a reservation\",\"text_details\":\"Please let us know:\\n- in which language you'd like to do the activity, and \\n- if there's any important information we should know about you before the dive.\",\"text_payment\":\"Veuillez nous indiquer comment vous souhaitez payer\",\"gift_card_label\":\"Carte cadeau\",\"gift_card_button\":\"Appliquer\",\"gift_card_text\":\"Votre code de carte cadeau si vous en avez un\",\"gift_card_expired\":\"Cette carte cadeau a expir\\u00e9\",\"gift_card_invalid\":\"Cette carte cadeau ne peut pas \\u00eatre utilis\\u00e9e pour la commande en cours\",\"gift_card_low_balance\":\"Le solde de la carte cadeau n'est pas suffisant\",\"gift_card_not_found\":\"Carte cadeau non trouv\\u00e9e\",\"timezone\":\"Votre fuseau horaire\",\"select_city\":\"S\\u00e9lectionnez une ville\",\"add_to_calendar\":\"Add to calendar\",\"total\":\"Total\",\"sub_total\":\"Sous-total\",\"discount\":\"Remise\",\"to_pay\":\"Montant \\u00e0 payer\",\"verify_code\":\"Verification code\",\"verify_email\":\"Saisissez le code de v\\u00e9rification figurant dans l'e-mail\",\"verify_phone\":\"Saisissez le code de v\\u00e9rification figurant dans le SMS\",\"verify_resend\":\"Renvoyer le code\",\"verify_apply\":\"Appliquer\",\"verify_code_incorrect\":\"Incorrect verification code\",\"cart_item_not_available\":\"L'heure s\\u00e9lectionn\\u00e9e n'est plus disponible\",\"initial_view_button_title\":\"Voir\",\"capacity\":\"Capacit\\u00e9\",\"capacity_busy\":\"Occup\\u00e9\",\"capacity_free\":\"Libre\",\"categories\":\"Cat\\u00e9gories\",\"text_categories\":\"Veuillez s\\u00e9lectionner une cat\\u00e9gorie\",\"text_services\":\"Veuillez choisir un service\",\"more\":\"+%d plus\",\"payment_system_local\":\"Je paie sur place\"},\"type\":\"services-form\",\"show_nop\":true,\"show_nop_on_slots\":false,\"category_card_width\":260,\"category_header_height\":120,\"category_body_height\":240,\"step_service_card_width\":260,\"step_service_card_header_height\":120,\"step_service_card_body_height\":240,\"categories_list\":null,\"services_list\":[\"9\"],\"skip_categories_step\":true,\"skip_services_step\":true,\"services_any\":false,\"staff_any\":false,\"name\":\"Peak Performance Bouyancy\",\"custom_css\":\"\",\"token\":\"peak-performance-bouyancy\"});\n    });\n    var ajaxurl = \"https:\/\/www.aquanautelnido.com\/wp-admin\/admin-ajax.php?lang=fr\";\n<\/script>\n<style>\n    .bookly-services-form-peak-performance-bouyancy-69e370435f923 {\n        --bookly-color: #81d1ef;\n    }\n\n    :root {\n        --bookly-flags-url: url(https:\/\/www.aquanautelnido.com\/wp-content\/plugins\/bookly-responsive-appointment-booking-tool\/frontend\/resources\/images\/flags.png);\n        --bookly-flags2x-url: url(https:\/\/www.aquanautelnido.com\/wp-content\/plugins\/bookly-responsive-appointment-booking-tool\/frontend\/resources\/images\/flags@2x.png);\n        --rtl-phone-align: left;\n    }\n<\/style>\n<div id=\"bookly-services-form-peak-performance-bouyancy-69e370435f923\" class=\"bookly-services-form-container bookly-services-form-peak-performance-bouyancy-69e370435f923\"><\/div>\n<\/div>","protected":false},"excerpt":{"rendered":"<p>[vc_row row_type=\u00a0\u00bbsection\u00a0\u00bb type=\u00a0\u00bbfull_width\u00a0\u00bb text_align=\u00a0\u00bbleft\u00a0\u00bb padding_top=\u00a0\u00bb20&Prime; padding_bottom=\u00a0\u00bb0&Prime;][vc_column width=\u00a0\u00bb2\/3&Prime;][vc_column_text] Sp\u00e9cialit\u00e9 PADI Maitrise de la flottabilit\u00e9 [\/vc_column_text][vc_separator type=\u00a0\u00bbtransparent\u00a0\u00bb position=\u00a0\u00bbcenter\u00a0\u00bb up=\u00a0\u00bb8&Prime; down=\u00a0\u00bb0&Prime;][vc_separator type=\u00a0\u00bbtransparent\u00a0\u00bb position=\u00a0\u00bbcenter\u00a0\u00bb up=\u00a0\u00bb8&Prime; down=\u00a0\u00bb0&Prime;][vc_column_text]Qu\u2019est ce qui d\u00e9finit le mieux un plongeur si ce n\u2019est le control de sa flottabilit\u00e9. Cela est pratique&#8230;<\/p>\n","protected":false},"author":1,"featured_media":0,"parent":12193,"menu_order":3,"comment_status":"closed","ping_status":"closed","template":"","meta":{"footnotes":""},"class_list":["post-12220","page","type-page","status-publish","hentry"],"yoast_head":"<!-- This site is optimized with the Yoast SEO plugin v26.4 - https:\/\/yoast.com\/wordpress\/plugins\/seo\/ -->\n<title>Sp\u00e9cialit\u00e9 PADI Maitrise de la flottabilit\u00e9 - Aquanaut<\/title>\n<meta name=\"description\" content=\"Sp\u00e9cialit\u00e9 PADI Maitrise de la flottabilit\u00e9 El Nido Philippines. Qu\u2019est ce qui d\u00e9finit le mieux un plongeur si ce n\u2019est le control de sa flottabilit\u00e9\" \/>\n<meta name=\"robots\" content=\"index, follow, max-snippet:-1, max-image-preview:large, max-video-preview:-1\" \/>\n<link rel=\"canonical\" href=\"https:\/\/www.aquanautelnido.com\/fr\/cours-padi\/specialite-padi\/specialite-padi-maitrise-de-la-flottabilite\/\" \/>\n<meta property=\"og:locale\" content=\"fr_FR\" \/>\n<meta property=\"og:type\" content=\"article\" \/>\n<meta property=\"og:title\" content=\"Sp\u00e9cialit\u00e9 PADI Maitrise de la flottabilit\u00e9 - Aquanaut\" \/>\n<meta property=\"og:description\" content=\"Sp\u00e9cialit\u00e9 PADI Maitrise de la flottabilit\u00e9 El Nido Philippines. Qu\u2019est ce qui d\u00e9finit le mieux un plongeur si ce n\u2019est le control de sa flottabilit\u00e9\" \/>\n<meta property=\"og:url\" content=\"https:\/\/www.aquanautelnido.com\/fr\/cours-padi\/specialite-padi\/specialite-padi-maitrise-de-la-flottabilite\/\" \/>\n<meta property=\"og:site_name\" content=\"Aquanaut Dive Center\" \/>\n<meta property=\"article:publisher\" content=\"https:\/\/www.facebook.com\/Aquanautelnido\" \/>\n<meta property=\"article:modified_time\" content=\"2025-04-09T07:54:15+00:00\" \/>\n<meta property=\"og:image\" content=\"http:\/\/www.aquanautelnido.com\/wp-content\/uploads\/2014\/10\/PADI_hor_T.png\" \/>\n<meta name=\"twitter:card\" content=\"summary_large_image\" \/>\n<meta name=\"twitter:label1\" content=\"Dur\u00e9e de lecture estim\u00e9e\" \/>\n\t<meta name=\"twitter:data1\" content=\"2 minutes\" \/>\n<script type=\"application\/ld+json\" class=\"yoast-schema-graph\">{\"@context\":\"https:\/\/schema.org\",\"@graph\":[{\"@type\":\"WebPage\",\"@id\":\"https:\/\/www.aquanautelnido.com\/fr\/cours-padi\/specialite-padi\/specialite-padi-maitrise-de-la-flottabilite\/\",\"url\":\"https:\/\/www.aquanautelnido.com\/fr\/cours-padi\/specialite-padi\/specialite-padi-maitrise-de-la-flottabilite\/\",\"name\":\"Sp\u00e9cialit\u00e9 PADI Maitrise de la flottabilit\u00e9 - Aquanaut\",\"isPartOf\":{\"@id\":\"https:\/\/www.aquanautelnido.com\/fr\/#website\"},\"primaryImageOfPage\":{\"@id\":\"https:\/\/www.aquanautelnido.com\/fr\/cours-padi\/specialite-padi\/specialite-padi-maitrise-de-la-flottabilite\/#primaryimage\"},\"image\":{\"@id\":\"https:\/\/www.aquanautelnido.com\/fr\/cours-padi\/specialite-padi\/specialite-padi-maitrise-de-la-flottabilite\/#primaryimage\"},\"thumbnailUrl\":\"http:\/\/www.aquanautelnido.com\/wp-content\/uploads\/2014\/10\/PADI_hor_T.png\",\"datePublished\":\"2017-06-29T19:51:24+00:00\",\"dateModified\":\"2025-04-09T07:54:15+00:00\",\"description\":\"Sp\u00e9cialit\u00e9 PADI Maitrise de la flottabilit\u00e9 El Nido Philippines. Qu\u2019est ce qui d\u00e9finit le mieux un plongeur si ce n\u2019est le control de sa flottabilit\u00e9\",\"breadcrumb\":{\"@id\":\"https:\/\/www.aquanautelnido.com\/fr\/cours-padi\/specialite-padi\/specialite-padi-maitrise-de-la-flottabilite\/#breadcrumb\"},\"inLanguage\":\"fr-FR\",\"potentialAction\":[{\"@type\":\"ReadAction\",\"target\":[\"https:\/\/www.aquanautelnido.com\/fr\/cours-padi\/specialite-padi\/specialite-padi-maitrise-de-la-flottabilite\/\"]}]},{\"@type\":\"ImageObject\",\"inLanguage\":\"fr-FR\",\"@id\":\"https:\/\/www.aquanautelnido.com\/fr\/cours-padi\/specialite-padi\/specialite-padi-maitrise-de-la-flottabilite\/#primaryimage\",\"url\":\"http:\/\/www.aquanautelnido.com\/wp-content\/uploads\/2014\/10\/PADI_hor_T.png\",\"contentUrl\":\"http:\/\/www.aquanautelnido.com\/wp-content\/uploads\/2014\/10\/PADI_hor_T.png\"},{\"@type\":\"BreadcrumbList\",\"@id\":\"https:\/\/www.aquanautelnido.com\/fr\/cours-padi\/specialite-padi\/specialite-padi-maitrise-de-la-flottabilite\/#breadcrumb\",\"itemListElement\":[{\"@type\":\"ListItem\",\"position\":1,\"name\":\"Home\",\"item\":\"https:\/\/www.aquanautelnido.com\/fr\/\"},{\"@type\":\"ListItem\",\"position\":2,\"name\":\"Cours PADI\",\"item\":\"https:\/\/www.aquanautelnido.com\/padi-courses\/\"},{\"@type\":\"ListItem\",\"position\":3,\"name\":\"PADI Specialties\",\"item\":\"https:\/\/www.aquanautelnido.com\/fr\/cours-padi\/specialite-padi\/\"},{\"@type\":\"ListItem\",\"position\":4,\"name\":\"Sp\u00e9cialit\u00e9 PADI Maitrise de la flottabilit\u00e9\"}]},{\"@type\":\"WebSite\",\"@id\":\"https:\/\/www.aquanautelnido.com\/fr\/#website\",\"url\":\"https:\/\/www.aquanautelnido.com\/fr\/\",\"name\":\"Aquanaut Dive Center\",\"description\":\"Scuba Diving in El Nido, Palawan, Philippines\",\"potentialAction\":[{\"@type\":\"SearchAction\",\"target\":{\"@type\":\"EntryPoint\",\"urlTemplate\":\"https:\/\/www.aquanautelnido.com\/fr\/?s={search_term_string}\"},\"query-input\":{\"@type\":\"PropertyValueSpecification\",\"valueRequired\":true,\"valueName\":\"search_term_string\"}}],\"inLanguage\":\"fr-FR\"}]}<\/script>\n<!-- \/ Yoast SEO plugin. -->","yoast_head_json":{"title":"Sp\u00e9cialit\u00e9 PADI Maitrise de la flottabilit\u00e9 - Aquanaut","description":"Sp\u00e9cialit\u00e9 PADI Maitrise de la flottabilit\u00e9 El Nido Philippines. Qu\u2019est ce qui d\u00e9finit le mieux un plongeur si ce n\u2019est le control de sa flottabilit\u00e9","robots":{"index":"index","follow":"follow","max-snippet":"max-snippet:-1","max-image-preview":"max-image-preview:large","max-video-preview":"max-video-preview:-1"},"canonical":"https:\/\/www.aquanautelnido.com\/fr\/cours-padi\/specialite-padi\/specialite-padi-maitrise-de-la-flottabilite\/","og_locale":"fr_FR","og_type":"article","og_title":"Sp\u00e9cialit\u00e9 PADI Maitrise de la flottabilit\u00e9 - Aquanaut","og_description":"Sp\u00e9cialit\u00e9 PADI Maitrise de la flottabilit\u00e9 El Nido Philippines. Qu\u2019est ce qui d\u00e9finit le mieux un plongeur si ce n\u2019est le control de sa flottabilit\u00e9","og_url":"https:\/\/www.aquanautelnido.com\/fr\/cours-padi\/specialite-padi\/specialite-padi-maitrise-de-la-flottabilite\/","og_site_name":"Aquanaut Dive Center","article_publisher":"https:\/\/www.facebook.com\/Aquanautelnido","article_modified_time":"2025-04-09T07:54:15+00:00","og_image":[{"url":"http:\/\/www.aquanautelnido.com\/wp-content\/uploads\/2014\/10\/PADI_hor_T.png","type":"","width":"","height":""}],"twitter_card":"summary_large_image","twitter_misc":{"Dur\u00e9e de lecture estim\u00e9e":"2 minutes"},"schema":{"@context":"https:\/\/schema.org","@graph":[{"@type":"WebPage","@id":"https:\/\/www.aquanautelnido.com\/fr\/cours-padi\/specialite-padi\/specialite-padi-maitrise-de-la-flottabilite\/","url":"https:\/\/www.aquanautelnido.com\/fr\/cours-padi\/specialite-padi\/specialite-padi-maitrise-de-la-flottabilite\/","name":"Sp\u00e9cialit\u00e9 PADI Maitrise de la flottabilit\u00e9 - Aquanaut","isPartOf":{"@id":"https:\/\/www.aquanautelnido.com\/fr\/#website"},"primaryImageOfPage":{"@id":"https:\/\/www.aquanautelnido.com\/fr\/cours-padi\/specialite-padi\/specialite-padi-maitrise-de-la-flottabilite\/#primaryimage"},"image":{"@id":"https:\/\/www.aquanautelnido.com\/fr\/cours-padi\/specialite-padi\/specialite-padi-maitrise-de-la-flottabilite\/#primaryimage"},"thumbnailUrl":"http:\/\/www.aquanautelnido.com\/wp-content\/uploads\/2014\/10\/PADI_hor_T.png","datePublished":"2017-06-29T19:51:24+00:00","dateModified":"2025-04-09T07:54:15+00:00","description":"Sp\u00e9cialit\u00e9 PADI Maitrise de la flottabilit\u00e9 El Nido Philippines. Qu\u2019est ce qui d\u00e9finit le mieux un plongeur si ce n\u2019est le control de sa flottabilit\u00e9","breadcrumb":{"@id":"https:\/\/www.aquanautelnido.com\/fr\/cours-padi\/specialite-padi\/specialite-padi-maitrise-de-la-flottabilite\/#breadcrumb"},"inLanguage":"fr-FR","potentialAction":[{"@type":"ReadAction","target":["https:\/\/www.aquanautelnido.com\/fr\/cours-padi\/specialite-padi\/specialite-padi-maitrise-de-la-flottabilite\/"]}]},{"@type":"ImageObject","inLanguage":"fr-FR","@id":"https:\/\/www.aquanautelnido.com\/fr\/cours-padi\/specialite-padi\/specialite-padi-maitrise-de-la-flottabilite\/#primaryimage","url":"http:\/\/www.aquanautelnido.com\/wp-content\/uploads\/2014\/10\/PADI_hor_T.png","contentUrl":"http:\/\/www.aquanautelnido.com\/wp-content\/uploads\/2014\/10\/PADI_hor_T.png"},{"@type":"BreadcrumbList","@id":"https:\/\/www.aquanautelnido.com\/fr\/cours-padi\/specialite-padi\/specialite-padi-maitrise-de-la-flottabilite\/#breadcrumb","itemListElement":[{"@type":"ListItem","position":1,"name":"Home","item":"https:\/\/www.aquanautelnido.com\/fr\/"},{"@type":"ListItem","position":2,"name":"Cours PADI","item":"https:\/\/www.aquanautelnido.com\/padi-courses\/"},{"@type":"ListItem","position":3,"name":"PADI Specialties","item":"https:\/\/www.aquanautelnido.com\/fr\/cours-padi\/specialite-padi\/"},{"@type":"ListItem","position":4,"name":"Sp\u00e9cialit\u00e9 PADI Maitrise de la flottabilit\u00e9"}]},{"@type":"WebSite","@id":"https:\/\/www.aquanautelnido.com\/fr\/#website","url":"https:\/\/www.aquanautelnido.com\/fr\/","name":"Aquanaut Dive Center","description":"Scuba Diving in El Nido, Palawan, Philippines","potentialAction":[{"@type":"SearchAction","target":{"@type":"EntryPoint","urlTemplate":"https:\/\/www.aquanautelnido.com\/fr\/?s={search_term_string}"},"query-input":{"@type":"PropertyValueSpecification","valueRequired":true,"valueName":"search_term_string"}}],"inLanguage":"fr-FR"}]}},"_links":{"self":[{"href":"https:\/\/www.aquanautelnido.com\/fr\/wp-json\/wp\/v2\/pages\/12220","targetHints":{"allow":["GET"]}}],"collection":[{"href":"https:\/\/www.aquanautelnido.com\/fr\/wp-json\/wp\/v2\/pages"}],"about":[{"href":"https:\/\/www.aquanautelnido.com\/fr\/wp-json\/wp\/v2\/types\/page"}],"author":[{"embeddable":true,"href":"https:\/\/www.aquanautelnido.com\/fr\/wp-json\/wp\/v2\/users\/1"}],"replies":[{"embeddable":true,"href":"https:\/\/www.aquanautelnido.com\/fr\/wp-json\/wp\/v2\/comments?post=12220"}],"version-history":[{"count":8,"href":"https:\/\/www.aquanautelnido.com\/fr\/wp-json\/wp\/v2\/pages\/12220\/revisions"}],"predecessor-version":[{"id":14226,"href":"https:\/\/www.aquanautelnido.com\/fr\/wp-json\/wp\/v2\/pages\/12220\/revisions\/14226"}],"up":[{"embeddable":true,"href":"https:\/\/www.aquanautelnido.com\/fr\/wp-json\/wp\/v2\/pages\/12193"}],"wp:attachment":[{"href":"https:\/\/www.aquanautelnido.com\/fr\/wp-json\/wp\/v2\/media?parent=12220"}],"curies":[{"name":"wp","href":"https:\/\/api.w.org\/{rel}","templated":true}]}}