{"id":12234,"date":"2017-06-30T03:59:10","date_gmt":"2017-06-29T19:59:10","guid":{"rendered":"http:\/\/www.aquanautelnido.com\/sites-de-plongee-a-el-nido\/"},"modified":"2017-12-13T13:28:34","modified_gmt":"2017-12-13T05:28:34","slug":"les-sites","status":"publish","type":"page","link":"https:\/\/www.aquanautelnido.com\/fr\/les-sites\/","title":{"rendered":"Les Sites de plong\u00e9e \u00e0 El Nido"},"content":{"rendered":"<div class=\"wpb-content-wrapper\">[vc_row][vc_column]<div class='projects_holder_outer v3'><div class='filter_outer'><div class='filter_holder'>\n\t\t\t\t\t\t<ul>\n\t\t\t\t\t\n\t\t\t\t\t\t<li class='filter' data-filter='all'><span>Tous<\/span><\/li><li class='filter' data-filter='avance'><span>Avanc\u00e9<\/span><\/li><li class='filter' data-filter='debutant'><span>D\u00e9butant<\/span><\/li><li class='filter' data-filter='intermediaire'><span>Interm\u00e9diaire<\/span><\/li><\/ul><\/div><\/div><div class='projects_holder clearfix v3 hover_text no_space'>\n<article class='mix avance debutant intermediaire '><div class='image_holder'><span class='image'><img decoding=\"async\" width=\"1920\" height=\"1280\" src=\"https:\/\/www.aquanautelnido.com\/wp-content\/uploads\/2014\/10\/Seahorse.jpg\" class=\"attachment-full size-full wp-post-image\" alt=\"Seahorse found in Nat Nat, El Nido\" srcset=\"https:\/\/www.aquanautelnido.com\/wp-content\/uploads\/2014\/10\/Seahorse.jpg 1920w, https:\/\/www.aquanautelnido.com\/wp-content\/uploads\/2014\/10\/Seahorse-540x360.jpg 540w\" sizes=\"(max-width: 1920px) 100vw, 1920px\" \/><\/span><div class='hover_feature_holder'><span class=\"hover_feature_holder_icons\"><span class=\"hover_feature_holder_icons_outer\"><span class=\"hover_feature_holder_icons_inner\"><a class='lightbox' title='Nat Nat' href='https:\/\/www.aquanautelnido.com\/wp-content\/uploads\/2014\/10\/Seahorse.jpg' data-rel='prettyPhoto[pretty_photo_gallery]'><i class='fa fa-search fa-2x'><\/i><\/a><a class='preview' target='_self' href='https:\/\/www.aquanautelnido.com\/fr\/portfolio_page\/nat-nat\/'><i class='fa fa-link fa-2x'><\/i><\/a><span class='portfolio_like'><a style='font-size:9px;' class=\"qode-like\" id=\"qode-like-12324\" title=\"Like this\"><i class=\"fa fa-heart fa-2x\"><\/i><span class=\"qode-like-count\">3<\/span><\/a><\/span><\/span><\/span><\/span><div class=\"hover_feature_holder_title\"><div class=\"hover_feature_holder_title_inner\"><h4 class=\"portfolio_title\"><a href=\"https:\/\/www.aquanautelnido.com\/fr\/portfolio_page\/nat-nat\/\" target=\"_self\">Nat Nat<\/a><\/h4><span class=\"project_category\">Avanc\u00e9, D\u00e9butant, Interm\u00e9diaire<\/span><\/div><\/div><\/div><\/div><\/article>\n<article class='mix avance debutant intermediaire '><div class='image_holder'><span class='image'><img decoding=\"async\" width=\"1920\" height=\"1280\" src=\"https:\/\/www.aquanautelnido.com\/wp-content\/uploads\/2014\/10\/FalseClownfish2.jpg\" class=\"attachment-full size-full wp-post-image\" alt=\"False Clownfish spotted in South Entalula, El Nido\" srcset=\"https:\/\/www.aquanautelnido.com\/wp-content\/uploads\/2014\/10\/FalseClownfish2.jpg 1920w, https:\/\/www.aquanautelnido.com\/wp-content\/uploads\/2014\/10\/FalseClownfish2-540x360.jpg 540w\" sizes=\"(max-width: 1920px) 100vw, 1920px\" \/><\/span><div class='hover_feature_holder'><span class=\"hover_feature_holder_icons\"><span class=\"hover_feature_holder_icons_outer\"><span class=\"hover_feature_holder_icons_inner\"><a class='lightbox' title='Paradise Beach' href='https:\/\/www.aquanautelnido.com\/wp-content\/uploads\/2014\/10\/FalseClownfish2.jpg' data-rel='prettyPhoto[pretty_photo_gallery]'><i class='fa fa-search fa-2x'><\/i><\/a><a class='preview' target='_self' href='https:\/\/www.aquanautelnido.com\/fr\/portfolio_page\/paradise-beach\/'><i class='fa fa-link fa-2x'><\/i><\/a><span class='portfolio_like'><a style='font-size:9px;' class=\"qode-like\" id=\"qode-like-12323\" title=\"Like this\"><i class=\"fa fa-heart fa-2x\"><\/i><span class=\"qode-like-count\">3<\/span><\/a><\/span><\/span><\/span><\/span><div class=\"hover_feature_holder_title\"><div class=\"hover_feature_holder_title_inner\"><h4 class=\"portfolio_title\"><a href=\"https:\/\/www.aquanautelnido.com\/fr\/portfolio_page\/paradise-beach\/\" target=\"_self\">Paradise Beach<\/a><\/h4><span class=\"project_category\">Avanc\u00e9, D\u00e9butant, Interm\u00e9diaire<\/span><\/div><\/div><\/div><\/div><\/article>\n<article class='mix avance debutant intermediaire '><div class='image_holder'><span class='image'><img decoding=\"async\" width=\"1920\" height=\"1280\" src=\"https:\/\/www.aquanautelnido.com\/wp-content\/uploads\/2014\/10\/GreenSeaTurtle.jpg\" class=\"attachment-full size-full wp-post-image\" alt=\"\" srcset=\"https:\/\/www.aquanautelnido.com\/wp-content\/uploads\/2014\/10\/GreenSeaTurtle.jpg 1920w, https:\/\/www.aquanautelnido.com\/wp-content\/uploads\/2014\/10\/GreenSeaTurtle-540x360.jpg 540w\" sizes=\"(max-width: 1920px) 100vw, 1920px\" \/><\/span><div class='hover_feature_holder'><span class=\"hover_feature_holder_icons\"><span class=\"hover_feature_holder_icons_outer\"><span class=\"hover_feature_holder_icons_inner\"><a class='lightbox' title='Dilumacad Island' href='https:\/\/www.aquanautelnido.com\/wp-content\/uploads\/2014\/10\/GreenSeaTurtle.jpg' data-rel='prettyPhoto[pretty_photo_gallery]'><i class='fa fa-search fa-2x'><\/i><\/a><a class='preview' target='_self' href='https:\/\/www.aquanautelnido.com\/fr\/portfolio_page\/dilumacad-island\/'><i class='fa fa-link fa-2x'><\/i><\/a><span class='portfolio_like'><a style='font-size:9px;' class=\"qode-like\" id=\"qode-like-12322\" title=\"Like this\"><i class=\"fa fa-heart fa-2x\"><\/i><span class=\"qode-like-count\">15<\/span><\/a><\/span><\/span><\/span><\/span><div class=\"hover_feature_holder_title\"><div class=\"hover_feature_holder_title_inner\"><h4 class=\"portfolio_title\"><a href=\"https:\/\/www.aquanautelnido.com\/fr\/portfolio_page\/dilumacad-island\/\" target=\"_self\">Dilumacad Island<\/a><\/h4><span class=\"project_category\">Avanc\u00e9, D\u00e9butant, Interm\u00e9diaire<\/span><\/div><\/div><\/div><\/div><\/article>\n<article class='mix avance '><div class='image_holder'><span class='image'><img decoding=\"async\" width=\"1920\" height=\"1280\" src=\"https:\/\/www.aquanautelnido.com\/wp-content\/uploads\/2014\/10\/StarPufferfish.jpg\" class=\"attachment-full size-full wp-post-image\" alt=\"\" srcset=\"https:\/\/www.aquanautelnido.com\/wp-content\/uploads\/2014\/10\/StarPufferfish.jpg 1920w, https:\/\/www.aquanautelnido.com\/wp-content\/uploads\/2014\/10\/StarPufferfish-540x360.jpg 540w\" sizes=\"(max-width: 1920px) 100vw, 1920px\" \/><\/span><div class='hover_feature_holder'><span class=\"hover_feature_holder_icons\"><span class=\"hover_feature_holder_icons_outer\"><span class=\"hover_feature_holder_icons_inner\"><a class='lightbox' title='The Tunnel' href='https:\/\/www.aquanautelnido.com\/wp-content\/uploads\/2014\/10\/StarPufferfish.jpg' data-rel='prettyPhoto[pretty_photo_gallery]'><i class='fa fa-search fa-2x'><\/i><\/a><a class='preview' target='_self' href='https:\/\/www.aquanautelnido.com\/fr\/portfolio_page\/the-tunnel\/'><i class='fa fa-link fa-2x'><\/i><\/a><span class='portfolio_like'><a style='font-size:9px;' class=\"qode-like\" id=\"qode-like-12321\" title=\"Like this\"><i class=\"fa fa-heart fa-2x\"><\/i><span class=\"qode-like-count\">8<\/span><\/a><\/span><\/span><\/span><\/span><div class=\"hover_feature_holder_title\"><div class=\"hover_feature_holder_title_inner\"><h4 class=\"portfolio_title\"><a href=\"https:\/\/www.aquanautelnido.com\/fr\/portfolio_page\/the-tunnel\/\" target=\"_self\">The Tunnel<\/a><\/h4><span class=\"project_category\">Avanc\u00e9<\/span><\/div><\/div><\/div><\/div><\/article>\n<article class='mix avance intermediaire '><div class='image_holder'><span class='image'><img decoding=\"async\" width=\"1920\" height=\"1280\" src=\"https:\/\/www.aquanautelnido.com\/wp-content\/uploads\/2014\/10\/OrnateGhostPipefishJokjok.jpg\" class=\"attachment-full size-full wp-post-image\" alt=\"\" srcset=\"https:\/\/www.aquanautelnido.com\/wp-content\/uploads\/2014\/10\/OrnateGhostPipefishJokjok.jpg 1920w, https:\/\/www.aquanautelnido.com\/wp-content\/uploads\/2014\/10\/OrnateGhostPipefishJokjok-540x360.jpg 540w\" sizes=\"(max-width: 1920px) 100vw, 1920px\" \/><\/span><div class='hover_feature_holder'><span class=\"hover_feature_holder_icons\"><span class=\"hover_feature_holder_icons_outer\"><span class=\"hover_feature_holder_icons_inner\"><a class='lightbox' title='Pacanayas' href='https:\/\/www.aquanautelnido.com\/wp-content\/uploads\/2014\/10\/OrnateGhostPipefishJokjok.jpg' data-rel='prettyPhoto[pretty_photo_gallery]'><i class='fa fa-search fa-2x'><\/i><\/a><a class='preview' target='_self' href='https:\/\/www.aquanautelnido.com\/fr\/portfolio_page\/pacanayas\/'><i class='fa fa-link fa-2x'><\/i><\/a><span class='portfolio_like'><a style='font-size:9px;' class=\"qode-like\" id=\"qode-like-12320\" title=\"Like this\"><i class=\"fa fa-heart fa-2x\"><\/i><span class=\"qode-like-count\">3<\/span><\/a><\/span><\/span><\/span><\/span><div class=\"hover_feature_holder_title\"><div class=\"hover_feature_holder_title_inner\"><h4 class=\"portfolio_title\"><a href=\"https:\/\/www.aquanautelnido.com\/fr\/portfolio_page\/pacanayas\/\" target=\"_self\">Pacanayas<\/a><\/h4><span class=\"project_category\">Avanc\u00e9, Interm\u00e9diaire<\/span><\/div><\/div><\/div><\/div><\/article>\n<article class='mix avance intermediaire '><div class='image_holder'><span class='image'><img decoding=\"async\" width=\"1920\" height=\"1280\" src=\"https:\/\/www.aquanautelnido.com\/wp-content\/uploads\/2014\/10\/SpadefishGang.jpg\" class=\"attachment-full size-full wp-post-image\" alt=\"\" srcset=\"https:\/\/www.aquanautelnido.com\/wp-content\/uploads\/2014\/10\/SpadefishGang.jpg 1920w, https:\/\/www.aquanautelnido.com\/wp-content\/uploads\/2014\/10\/SpadefishGang-540x360.jpg 540w\" sizes=\"(max-width: 1920px) 100vw, 1920px\" \/><\/span><div class='hover_feature_holder'><span class=\"hover_feature_holder_icons\"><span class=\"hover_feature_holder_icons_outer\"><span class=\"hover_feature_holder_icons_inner\"><a class='lightbox' title='North Rock' href='https:\/\/www.aquanautelnido.com\/wp-content\/uploads\/2014\/10\/SpadefishGang.jpg' data-rel='prettyPhoto[pretty_photo_gallery]'><i class='fa fa-search fa-2x'><\/i><\/a><a class='preview' target='_self' href='https:\/\/www.aquanautelnido.com\/fr\/portfolio_page\/north-rock\/'><i class='fa fa-link fa-2x'><\/i><\/a><span class='portfolio_like'><a style='font-size:9px;' class=\"qode-like\" id=\"qode-like-12319\" title=\"Like this\"><i class=\"fa fa-heart fa-2x\"><\/i><span class=\"qode-like-count\">4<\/span><\/a><\/span><\/span><\/span><\/span><div class=\"hover_feature_holder_title\"><div class=\"hover_feature_holder_title_inner\"><h4 class=\"portfolio_title\"><a href=\"https:\/\/www.aquanautelnido.com\/fr\/portfolio_page\/north-rock\/\" target=\"_self\">North Rock<\/a><\/h4><span class=\"project_category\">Avanc\u00e9, Interm\u00e9diaire<\/span><\/div><\/div><\/div><\/div><\/article>\n<article class='mix avance debutant intermediaire '><div class='image_holder'><span class='image'><img decoding=\"async\" width=\"1920\" height=\"1280\" src=\"https:\/\/www.aquanautelnido.com\/wp-content\/uploads\/2014\/10\/BlueSpottedStingray.jpg\" class=\"attachment-full size-full wp-post-image\" alt=\"\" srcset=\"https:\/\/www.aquanautelnido.com\/wp-content\/uploads\/2014\/10\/BlueSpottedStingray.jpg 1920w, https:\/\/www.aquanautelnido.com\/wp-content\/uploads\/2014\/10\/BlueSpottedStingray-540x360.jpg 540w\" sizes=\"(max-width: 1920px) 100vw, 1920px\" \/><\/span><div class='hover_feature_holder'><span class=\"hover_feature_holder_icons\"><span class=\"hover_feature_holder_icons_outer\"><span class=\"hover_feature_holder_icons_inner\"><a class='lightbox' title='Twin Rocks' href='https:\/\/www.aquanautelnido.com\/wp-content\/uploads\/2014\/10\/BlueSpottedStingray.jpg' data-rel='prettyPhoto[pretty_photo_gallery]'><i class='fa fa-search fa-2x'><\/i><\/a><a class='preview' target='_self' href='https:\/\/www.aquanautelnido.com\/fr\/portfolio_page\/twin-rocks\/'><i class='fa fa-link fa-2x'><\/i><\/a><span class='portfolio_like'><a style='font-size:9px;' class=\"qode-like\" id=\"qode-like-12325\" title=\"Like this\"><i class=\"fa fa-heart fa-2x\"><\/i><span class=\"qode-like-count\">2<\/span><\/a><\/span><\/span><\/span><\/span><div class=\"hover_feature_holder_title\"><div class=\"hover_feature_holder_title_inner\"><h4 class=\"portfolio_title\"><a href=\"https:\/\/www.aquanautelnido.com\/fr\/portfolio_page\/twin-rocks\/\" target=\"_self\">Twin Rocks<\/a><\/h4><span class=\"project_category\">Avanc\u00e9, D\u00e9butant, Interm\u00e9diaire<\/span><\/div><\/div><\/div><\/div><\/article>\n<article class='mix avance intermediaire '><div class='image_holder'><span class='image'><img decoding=\"async\" width=\"1920\" height=\"1280\" src=\"https:\/\/www.aquanautelnido.com\/wp-content\/uploads\/2014\/10\/YellowScad.jpg\" class=\"attachment-full size-full wp-post-image\" alt=\"\" srcset=\"https:\/\/www.aquanautelnido.com\/wp-content\/uploads\/2014\/10\/YellowScad.jpg 1920w, https:\/\/www.aquanautelnido.com\/wp-content\/uploads\/2014\/10\/YellowScad-540x360.jpg 540w\" sizes=\"(max-width: 1920px) 100vw, 1920px\" \/><\/span><div class='hover_feature_holder'><span class=\"hover_feature_holder_icons\"><span class=\"hover_feature_holder_icons_outer\"><span class=\"hover_feature_holder_icons_inner\"><a class='lightbox' title='South Miniloc' href='https:\/\/www.aquanautelnido.com\/wp-content\/uploads\/2014\/10\/YellowScad.jpg' data-rel='prettyPhoto[pretty_photo_gallery]'><i class='fa fa-search fa-2x'><\/i><\/a><a class='preview' target='_self' href='https:\/\/www.aquanautelnido.com\/fr\/portfolio_page\/south-miniloc\/'><i class='fa fa-link fa-2x'><\/i><\/a><span class='portfolio_like'><a style='font-size:9px;' class=\"qode-like\" id=\"qode-like-12317\" title=\"Like this\"><i class=\"fa fa-heart fa-2x\"><\/i><span class=\"qode-like-count\">2<\/span><\/a><\/span><\/span><\/span><\/span><div class=\"hover_feature_holder_title\"><div class=\"hover_feature_holder_title_inner\"><h4 class=\"portfolio_title\"><a href=\"https:\/\/www.aquanautelnido.com\/fr\/portfolio_page\/south-miniloc\/\" target=\"_self\">South Miniloc<\/a><\/h4><span class=\"project_category\">Avanc\u00e9, Interm\u00e9diaire<\/span><\/div><\/div><\/div><\/div><\/article>\n<article class='mix avance debutant intermediaire '><div class='image_holder'><span class='image'><img decoding=\"async\" width=\"1920\" height=\"1280\" src=\"https:\/\/www.aquanautelnido.com\/wp-content\/uploads\/2014\/10\/Lionfish.jpg\" class=\"attachment-full size-full wp-post-image\" alt=\"\" srcset=\"https:\/\/www.aquanautelnido.com\/wp-content\/uploads\/2014\/10\/Lionfish.jpg 1920w, https:\/\/www.aquanautelnido.com\/wp-content\/uploads\/2014\/10\/Lionfish-540x360.jpg 540w\" sizes=\"(max-width: 1920px) 100vw, 1920px\" \/><\/span><div class='hover_feature_holder'><span class=\"hover_feature_holder_icons\"><span class=\"hover_feature_holder_icons_outer\"><span class=\"hover_feature_holder_icons_inner\"><a class='lightbox' title='West Entalula' href='https:\/\/www.aquanautelnido.com\/wp-content\/uploads\/2014\/10\/Lionfish.jpg' data-rel='prettyPhoto[pretty_photo_gallery]'><i class='fa fa-search fa-2x'><\/i><\/a><a class='preview' target='_self' href='https:\/\/www.aquanautelnido.com\/fr\/portfolio_page\/west-entalula\/'><i class='fa fa-link fa-2x'><\/i><\/a><span class='portfolio_like'><a style='font-size:9px;' class=\"qode-like\" id=\"qode-like-12316\" title=\"Like this\"><i class=\"fa fa-heart fa-2x\"><\/i><span class=\"qode-like-count\">3<\/span><\/a><\/span><\/span><\/span><\/span><div class=\"hover_feature_holder_title\"><div class=\"hover_feature_holder_title_inner\"><h4 class=\"portfolio_title\"><a href=\"https:\/\/www.aquanautelnido.com\/fr\/portfolio_page\/west-entalula\/\" target=\"_self\">West Entalula<\/a><\/h4><span class=\"project_category\">Avanc\u00e9, D\u00e9butant, Interm\u00e9diaire<\/span><\/div><\/div><\/div><\/div><\/article>\n<div class='filler'><\/div>\n<div class='filler'><\/div>\n<div class='filler'><\/div>\n<\/div><\/div>[\/vc_column][\/vc_row]\n<\/div>","protected":false},"excerpt":{"rendered":"<p>[vc_row][vc_column][\/vc_column][\/vc_row]<\/p>\n","protected":false},"author":1,"featured_media":0,"parent":0,"menu_order":3,"comment_status":"closed","ping_status":"closed","template":"","meta":{"footnotes":""},"class_list":["post-12234","page","type-page","status-publish","hentry"],"yoast_head":"<!-- This site is optimized with the Yoast SEO plugin v26.4 - https:\/\/yoast.com\/wordpress\/plugins\/seo\/ -->\n<title>Sites de plong\u00e9e \u00e0 El Nido - Aquanaut Dive Center<\/title>\n<meta name=\"description\" content=\"Sites de plong\u00e9e \u00e0 El Nido, Palawan, Philippines\" \/>\n<meta name=\"robots\" content=\"index, follow, max-snippet:-1, max-image-preview:large, max-video-preview:-1\" \/>\n<link rel=\"canonical\" href=\"https:\/\/www.aquanautelnido.com\/dive-sites\/\" \/>\n<meta property=\"og:locale\" content=\"fr_FR\" \/>\n<meta property=\"og:type\" content=\"article\" \/>\n<meta property=\"og:title\" content=\"Sites de plong\u00e9e \u00e0 El Nido - Aquanaut Dive Center\" \/>\n<meta property=\"og:description\" content=\"Sites de plong\u00e9e \u00e0 El Nido, Palawan, Philippines\" \/>\n<meta property=\"og:url\" content=\"https:\/\/www.aquanautelnido.com\/dive-sites\/\" \/>\n<meta property=\"og:site_name\" content=\"Aquanaut Dive Center\" \/>\n<meta property=\"article:publisher\" content=\"https:\/\/www.facebook.com\/Aquanautelnido\" \/>\n<meta property=\"article:modified_time\" content=\"2017-12-13T05:28:34+00:00\" \/>\n<meta name=\"twitter:card\" content=\"summary_large_image\" \/>\n<script type=\"application\/ld+json\" class=\"yoast-schema-graph\">{\"@context\":\"https:\/\/schema.org\",\"@graph\":[{\"@type\":\"WebPage\",\"@id\":\"https:\/\/www.aquanautelnido.com\/dive-sites\/\",\"url\":\"https:\/\/www.aquanautelnido.com\/dive-sites\/\",\"name\":\"Sites de plong\u00e9e \u00e0 El Nido - Aquanaut Dive Center\",\"isPartOf\":{\"@id\":\"https:\/\/www.aquanautelnido.com\/fr\/#website\"},\"datePublished\":\"2017-06-29T19:59:10+00:00\",\"dateModified\":\"2017-12-13T05:28:34+00:00\",\"description\":\"Sites de plong\u00e9e \u00e0 El Nido, Palawan, Philippines\",\"breadcrumb\":{\"@id\":\"https:\/\/www.aquanautelnido.com\/dive-sites\/#breadcrumb\"},\"inLanguage\":\"fr-FR\",\"potentialAction\":[{\"@type\":\"ReadAction\",\"target\":[\"https:\/\/www.aquanautelnido.com\/dive-sites\/\"]}]},{\"@type\":\"BreadcrumbList\",\"@id\":\"https:\/\/www.aquanautelnido.com\/dive-sites\/#breadcrumb\",\"itemListElement\":[{\"@type\":\"ListItem\",\"position\":1,\"name\":\"Home\",\"item\":\"https:\/\/www.aquanautelnido.com\/fr\/\"},{\"@type\":\"ListItem\",\"position\":2,\"name\":\"Les Sites de plong\u00e9e \u00e0 El Nido\"}]},{\"@type\":\"WebSite\",\"@id\":\"https:\/\/www.aquanautelnido.com\/fr\/#website\",\"url\":\"https:\/\/www.aquanautelnido.com\/fr\/\",\"name\":\"Aquanaut Dive Center\",\"description\":\"Scuba Diving in El Nido, Palawan, Philippines\",\"potentialAction\":[{\"@type\":\"SearchAction\",\"target\":{\"@type\":\"EntryPoint\",\"urlTemplate\":\"https:\/\/www.aquanautelnido.com\/fr\/?s={search_term_string}\"},\"query-input\":{\"@type\":\"PropertyValueSpecification\",\"valueRequired\":true,\"valueName\":\"search_term_string\"}}],\"inLanguage\":\"fr-FR\"}]}<\/script>\n<!-- \/ Yoast SEO plugin. -->","yoast_head_json":{"title":"Sites de plong\u00e9e \u00e0 El Nido - Aquanaut Dive Center","description":"Sites de plong\u00e9e \u00e0 El Nido, Palawan, Philippines","robots":{"index":"index","follow":"follow","max-snippet":"max-snippet:-1","max-image-preview":"max-image-preview:large","max-video-preview":"max-video-preview:-1"},"canonical":"https:\/\/www.aquanautelnido.com\/dive-sites\/","og_locale":"fr_FR","og_type":"article","og_title":"Sites de plong\u00e9e \u00e0 El Nido - Aquanaut Dive Center","og_description":"Sites de plong\u00e9e \u00e0 El Nido, Palawan, Philippines","og_url":"https:\/\/www.aquanautelnido.com\/dive-sites\/","og_site_name":"Aquanaut Dive Center","article_publisher":"https:\/\/www.facebook.com\/Aquanautelnido","article_modified_time":"2017-12-13T05:28:34+00:00","twitter_card":"summary_large_image","schema":{"@context":"https:\/\/schema.org","@graph":[{"@type":"WebPage","@id":"https:\/\/www.aquanautelnido.com\/dive-sites\/","url":"https:\/\/www.aquanautelnido.com\/dive-sites\/","name":"Sites de plong\u00e9e \u00e0 El Nido - Aquanaut Dive Center","isPartOf":{"@id":"https:\/\/www.aquanautelnido.com\/fr\/#website"},"datePublished":"2017-06-29T19:59:10+00:00","dateModified":"2017-12-13T05:28:34+00:00","description":"Sites de plong\u00e9e \u00e0 El Nido, Palawan, Philippines","breadcrumb":{"@id":"https:\/\/www.aquanautelnido.com\/dive-sites\/#breadcrumb"},"inLanguage":"fr-FR","potentialAction":[{"@type":"ReadAction","target":["https:\/\/www.aquanautelnido.com\/dive-sites\/"]}]},{"@type":"BreadcrumbList","@id":"https:\/\/www.aquanautelnido.com\/dive-sites\/#breadcrumb","itemListElement":[{"@type":"ListItem","position":1,"name":"Home","item":"https:\/\/www.aquanautelnido.com\/fr\/"},{"@type":"ListItem","position":2,"name":"Les Sites de plong\u00e9e \u00e0 El Nido"}]},{"@type":"WebSite","@id":"https:\/\/www.aquanautelnido.com\/fr\/#website","url":"https:\/\/www.aquanautelnido.com\/fr\/","name":"Aquanaut Dive Center","description":"Scuba Diving in El Nido, Palawan, Philippines","potentialAction":[{"@type":"SearchAction","target":{"@type":"EntryPoint","urlTemplate":"https:\/\/www.aquanautelnido.com\/fr\/?s={search_term_string}"},"query-input":{"@type":"PropertyValueSpecification","valueRequired":true,"valueName":"search_term_string"}}],"inLanguage":"fr-FR"}]}},"_links":{"self":[{"href":"https:\/\/www.aquanautelnido.com\/fr\/wp-json\/wp\/v2\/pages\/12234","targetHints":{"allow":["GET"]}}],"collection":[{"href":"https:\/\/www.aquanautelnido.com\/fr\/wp-json\/wp\/v2\/pages"}],"about":[{"href":"https:\/\/www.aquanautelnido.com\/fr\/wp-json\/wp\/v2\/types\/page"}],"author":[{"embeddable":true,"href":"https:\/\/www.aquanautelnido.com\/fr\/wp-json\/wp\/v2\/users\/1"}],"replies":[{"embeddable":true,"href":"https:\/\/www.aquanautelnido.com\/fr\/wp-json\/wp\/v2\/comments?post=12234"}],"version-history":[{"count":23,"href":"https:\/\/www.aquanautelnido.com\/fr\/wp-json\/wp\/v2\/pages\/12234\/revisions"}],"predecessor-version":[{"id":12674,"href":"https:\/\/www.aquanautelnido.com\/fr\/wp-json\/wp\/v2\/pages\/12234\/revisions\/12674"}],"wp:attachment":[{"href":"https:\/\/www.aquanautelnido.com\/fr\/wp-json\/wp\/v2\/media?parent=12234"}],"curies":[{"name":"wp","href":"https:\/\/api.w.org\/{rel}","templated":true}]}}