{"id":12238,"date":"2017-06-30T04:17:00","date_gmt":"2017-06-29T20:17:00","guid":{"rendered":"http:\/\/www.aquanautelnido.com\/plongee\/"},"modified":"2017-12-10T15:10:50","modified_gmt":"2017-12-10T07:10:50","slug":"plongee","status":"publish","type":"page","link":"https:\/\/www.aquanautelnido.com\/fr\/plongee\/","title":{"rendered":"Plong\u00e9e"},"content":{"rendered":"<div class=\"wpb-content-wrapper\">[vc_row row_type=\u00a0\u00bbsection\u00a0\u00bb type=\u00a0\u00bbgrid\u00a0\u00bb text_align=\u00a0\u00bbleft\u00a0\u00bb padding_top=\u00a0\u00bb0&Prime; padding_bottom=\u00a0\u00bb20&Prime;][vc_column width=\u00a0\u00bb1\/3&Prime;]<div class='q_icon_with_title tiny '><div class=\"icon_holder \" style=\" \"><span style=\"\" class=\"font_awsome_icon fa-lg \"><i class=\"fa fa-sun-o\" style=\"\"><\/i><\/span><\/div><div class=\"icon_text_holder\"><div class=\"icon_text_inner\" style=\"\"><h4 class=\"icon_title\" style=\"\">Plong\u00e9e de jour<\/h4><p style=''><\/p><\/div><\/div><\/div>[vc_column_text]Rejoignez-nous sur nos sorties quotidiennes pour des randonn\u00e9es subaquatique dans un lieu unique et fascinant qu\u2019est la Baie de Bacuit.\u00a0Cliquez ici pour plus d\u2019informations sur nos sorties quotidiennes.[\/vc_column_text][\/vc_column][vc_column width=\u00a0\u00bb1\/3&Prime;]<div class='q_icon_with_title tiny '><div class=\"icon_holder \" style=\" \"><span style=\"\" class=\"font_awsome_icon fa-lg \"><i class=\"fa fa-bolt\" style=\"\"><\/i><\/span><\/div><div class=\"icon_text_holder\"><div class=\"icon_text_inner\" style=\"\"><h4 class=\"icon_title\" style=\"\">Plong\u00e9e Fluo<\/h4><p style=''><\/p><\/div><\/div><\/div>[vc_column_text]\n<div class=\"wpb_text_column wpb_content_element \">\n<div class=\"wpb_wrapper\">\n<p>Imaginez  flotter dans une discoth\u00e8que silencieuse o\u00f9 coraux et cr\u00e9atures marines font office de n\u00e9ons fluo, cela devrai vous rappelez quelques sc\u00e8nes du film Avatar\u2026 Ceci est la Plong\u00e9e Fluorescente\u00a0! Une exp\u00e9rience unique que vous n\u2019\u00eates pas pr\u00eat d\u2019oublier. \u00a0Cliquez ici pour plus d\u2019informations sur la plong\u00e9e Fluorescente. <\/p>\n<\/div>\n<\/div>\n[\/vc_column_text][\/vc_column][vc_column width=\u00a0\u00bb1\/3&Prime;]<div class='q_icon_with_title tiny '><div class=\"icon_holder \" style=\" \"><span style=\"\" class=\"font_awsome_icon fa-lg \"><i class=\"fa fa-moon-o\" style=\"\"><\/i><\/span><\/div><div class=\"icon_text_holder\"><div class=\"icon_text_inner\" style=\"\"><h4 class=\"icon_title\" style=\"\">Plong\u00e9e de nuit<\/h4><p style=''><\/p><\/div><\/div><\/div>[vc_column_text]Quand le soleil se couche et l\u2019obscurit\u00e9 prend place, un autre monde s\u2019\u00e9veille et prend place. Plongez dans les p\u00e9nombres de la Baie de El Nido et voyez ces fonds sous un autre aspect. Cliquez ici pour plus d\u2019informations sur les plong\u00e9es de nuit.[\/vc_column_text][\/vc_column][\/vc_row][vc_row row_type=\u00a0\u00bbsection\u00a0\u00bb type=\u00a0\u00bbgrid\u00a0\u00bb text_align=\u00a0\u00bbleft\u00a0\u00bb padding_top=\u00a0\u00bb0&Prime; padding_bottom=\u00a0\u00bb30&Prime;][vc_column width=\u00a0\u00bb1\/1&Prime;][vc_gallery type=\u00a0\u00bbimage_grid\u00a0\u00bb interval=\u00a0\u00bb3&Prime; images=\u00a0\u00bb11660,10011,8342&Prime; onclick=\u00a0\u00bbcustom_link\u00a0\u00bb custom_links_target=\u00a0\u00bb_blank\u00a0\u00bb column_number=\u00a0\u00bb3&Prime; img_size=\u00a0\u00bbmedium\u00a0\u00bb custom_links=\u00a0\u00bbhttp:\/\/www.aquanautelnido.com\/fr\/plongee\/daily-trips\/,http:\/\/www.aquanautelnido.com\/fr\/plongee\/plongee-fluo\/,http:\/\/www.aquanautelnido.com\/fr\/plongee\/plongees-de-nuit\/\u00a0\u00bb][\/vc_column][\/vc_row]\n[vc_row row_type=\u00a0\u00bbsection\u00a0\u00bb padding_bottom=\u00a0\u00bb0&Prime;][vc_column width=\u00a0\u00bb1\/2&Prime;]<div class=\"q_image_with_text_over \"><div class=\"shader\"><\/div><img decoding=\"async\" src=\"https:\/\/www.aquanautelnido.com\/wp-content\/uploads\/2016\/07\/PADIcourses.jpg\" alt=\"R\u00e9servez maintenant votre PADI Open Water cours avec th\u00e9orie en ligne (eLearning)\" \/><div class=\"text\"><table><tr><td><h2 class=\"caption no_icon\" style=\"\">R\u00e9servez maintenant votre PADI Open Water cours avec th\u00e9orie en ligne (eLearning)<\/h2><\/td><\/tr><\/table><table><tr><td><div class=\"desc\">\n<h1><a href=\"http:\/\/www.aquanautelnido.com\/fr\/cours-padi\/cours-padi-open-water-diver\/\">R\u00e9servez maintenant votre PADI Open Water cours avec th\u00e9orie en ligne (eLearning)<\/a><\/h1>\n<\/div><\/td><\/tr><\/table><\/div><\/div>[\/vc_column][vc_column width=\u00a0\u00bb1\/2&Prime;]<div class=\"q_image_with_text_over \"><div class=\"shader\"><\/div><img decoding=\"async\" src=\"https:\/\/www.aquanautelnido.com\/wp-content\/uploads\/2016\/07\/FunDives2.jpeg\" alt=\"R\u00e9servez maintenant votre excursions, plong\u00e9e de nuit et plong\u00e9e fluorescente \" \/><div class=\"text\"><table><tr><td><h2 class=\"caption no_icon\" style=\"\">R\u00e9servez maintenant votre excursions, plong\u00e9e de nuit et plong\u00e9e fluorescente <\/h2><\/td><\/tr><\/table><table><tr><td><div class=\"desc\">\n<h1><a href=\"http:\/\/www.aquanautelnido.com\/fr\/plongee\/\">R\u00e9servez maintenant votre excursions, plong\u00e9e de nuit et plong\u00e9e fluorescente\u00a0<\/a><\/h1>\n<\/div><\/td><\/tr><\/table><\/div><\/div>[\/vc_column][\/vc_row][vc_row row_type=\u00a0\u00bbsection\u00a0\u00bb][vc_column]<div class=\"q_image_with_text_over \"><div class=\"shader\"><\/div><img decoding=\"async\" src=\"https:\/\/www.aquanautelnido.com\/wp-content\/uploads\/2016\/07\/BangkaPapaya60-scaled.jpg\" alt=\"Comment ce rendre a El Nido\" \/><div class=\"text\"><table><tr><td><h2 class=\"caption no_icon\" style=\"\">Comment ce rendre a El Nido<\/h2><\/td><\/tr><\/table><table><tr><td><div class=\"desc\">\n<h1><a href=\"http:\/\/www.aquanautelnido.com\/fr\/comment-sy-rendre-a-el-nido\/\">Comment ce rendre a El Nido.<\/a><\/h1>\n<\/div><\/td><\/tr><\/table><\/div><\/div>[\/vc_column][\/vc_row]\n<\/div>","protected":false},"excerpt":{"rendered":"<p>[vc_row row_type=\u00a0\u00bbsection\u00a0\u00bb type=\u00a0\u00bbgrid\u00a0\u00bb text_align=\u00a0\u00bbleft\u00a0\u00bb padding_top=\u00a0\u00bb0&Prime; padding_bottom=\u00a0\u00bb20&Prime;][vc_column width=\u00a0\u00bb1\/3&Prime;][vc_column_text]Rejoignez-nous sur nos sorties quotidiennes pour des randonn\u00e9es subaquatique dans un lieu unique et fascinant qu\u2019est la Baie de Bacuit.\u00a0Cliquez ici pour plus d\u2019informations sur nos sorties quotidiennes.[\/vc_column_text][\/vc_column][vc_column width=\u00a0\u00bb1\/3&Prime;][vc_column_text] Imaginez flotter dans une discoth\u00e8que&#8230;<\/p>\n","protected":false},"author":1,"featured_media":0,"parent":0,"menu_order":3,"comment_status":"closed","ping_status":"closed","template":"","meta":{"footnotes":""},"class_list":["post-12238","page","type-page","status-publish","hentry"],"yoast_head":"<!-- This site is optimized with the Yoast SEO plugin v26.4 - https:\/\/yoast.com\/wordpress\/plugins\/seo\/ -->\n<title>Plong\u00e9e a El Nido, Philippines- Aquanaut Dive Center<\/title>\n<meta name=\"description\" content=\"Rejoignez notre centre de plong\u00e9e a El Nido, PADI 5 Star Dive Resort pour plong\u00e9e a Palawan, Philippines. Plong\u00e9e de jour, de nuit et plong\u00e9e Fluo.\" \/>\n<meta name=\"robots\" content=\"index, follow, max-snippet:-1, max-image-preview:large, max-video-preview:-1\" \/>\n<link rel=\"canonical\" href=\"https:\/\/www.aquanautelnido.com\/fr\/plongee\/\" \/>\n<meta property=\"og:locale\" content=\"fr_FR\" \/>\n<meta property=\"og:type\" content=\"article\" \/>\n<meta property=\"og:title\" content=\"Plong\u00e9e a El Nido, Philippines- Aquanaut Dive Center\" \/>\n<meta property=\"og:description\" content=\"Rejoignez notre centre de plong\u00e9e a El Nido, PADI 5 Star Dive Resort pour plong\u00e9e a Palawan, Philippines. Plong\u00e9e de jour, de nuit et plong\u00e9e Fluo.\" \/>\n<meta property=\"og:url\" content=\"https:\/\/www.aquanautelnido.com\/fr\/plongee\/\" \/>\n<meta property=\"og:site_name\" content=\"Aquanaut Dive Center\" \/>\n<meta property=\"article:publisher\" content=\"https:\/\/www.facebook.com\/Aquanautelnido\" \/>\n<meta property=\"article:modified_time\" content=\"2017-12-10T07:10:50+00:00\" \/>\n<meta name=\"twitter:card\" content=\"summary_large_image\" \/>\n<meta name=\"twitter:label1\" content=\"Dur\u00e9e de lecture estim\u00e9e\" \/>\n\t<meta name=\"twitter:data1\" content=\"2 minutes\" \/>\n<script type=\"application\/ld+json\" class=\"yoast-schema-graph\">{\"@context\":\"https:\/\/schema.org\",\"@graph\":[{\"@type\":\"WebPage\",\"@id\":\"https:\/\/www.aquanautelnido.com\/fr\/plongee\/\",\"url\":\"https:\/\/www.aquanautelnido.com\/fr\/plongee\/\",\"name\":\"Plong\u00e9e a El Nido, Philippines- Aquanaut Dive Center\",\"isPartOf\":{\"@id\":\"https:\/\/www.aquanautelnido.com\/fr\/#website\"},\"datePublished\":\"2017-06-29T20:17:00+00:00\",\"dateModified\":\"2017-12-10T07:10:50+00:00\",\"description\":\"Rejoignez notre centre de plong\u00e9e a El Nido, PADI 5 Star Dive Resort pour plong\u00e9e a Palawan, Philippines. Plong\u00e9e de jour, de nuit et plong\u00e9e Fluo.\",\"breadcrumb\":{\"@id\":\"https:\/\/www.aquanautelnido.com\/fr\/plongee\/#breadcrumb\"},\"inLanguage\":\"fr-FR\",\"potentialAction\":[{\"@type\":\"ReadAction\",\"target\":[\"https:\/\/www.aquanautelnido.com\/fr\/plongee\/\"]}]},{\"@type\":\"BreadcrumbList\",\"@id\":\"https:\/\/www.aquanautelnido.com\/fr\/plongee\/#breadcrumb\",\"itemListElement\":[{\"@type\":\"ListItem\",\"position\":1,\"name\":\"Home\",\"item\":\"https:\/\/www.aquanautelnido.com\/fr\/\"},{\"@type\":\"ListItem\",\"position\":2,\"name\":\"Plong\u00e9e\"}]},{\"@type\":\"WebSite\",\"@id\":\"https:\/\/www.aquanautelnido.com\/fr\/#website\",\"url\":\"https:\/\/www.aquanautelnido.com\/fr\/\",\"name\":\"Aquanaut Dive Center\",\"description\":\"Scuba Diving in El Nido, Palawan, Philippines\",\"potentialAction\":[{\"@type\":\"SearchAction\",\"target\":{\"@type\":\"EntryPoint\",\"urlTemplate\":\"https:\/\/www.aquanautelnido.com\/fr\/?s={search_term_string}\"},\"query-input\":{\"@type\":\"PropertyValueSpecification\",\"valueRequired\":true,\"valueName\":\"search_term_string\"}}],\"inLanguage\":\"fr-FR\"}]}<\/script>\n<!-- \/ Yoast SEO plugin. -->","yoast_head_json":{"title":"Plong\u00e9e a El Nido, Philippines- Aquanaut Dive Center","description":"Rejoignez notre centre de plong\u00e9e a El Nido, PADI 5 Star Dive Resort pour plong\u00e9e a Palawan, Philippines. Plong\u00e9e de jour, de nuit et plong\u00e9e Fluo.","robots":{"index":"index","follow":"follow","max-snippet":"max-snippet:-1","max-image-preview":"max-image-preview:large","max-video-preview":"max-video-preview:-1"},"canonical":"https:\/\/www.aquanautelnido.com\/fr\/plongee\/","og_locale":"fr_FR","og_type":"article","og_title":"Plong\u00e9e a El Nido, Philippines- Aquanaut Dive Center","og_description":"Rejoignez notre centre de plong\u00e9e a El Nido, PADI 5 Star Dive Resort pour plong\u00e9e a Palawan, Philippines. Plong\u00e9e de jour, de nuit et plong\u00e9e Fluo.","og_url":"https:\/\/www.aquanautelnido.com\/fr\/plongee\/","og_site_name":"Aquanaut Dive Center","article_publisher":"https:\/\/www.facebook.com\/Aquanautelnido","article_modified_time":"2017-12-10T07:10:50+00:00","twitter_card":"summary_large_image","twitter_misc":{"Dur\u00e9e de lecture estim\u00e9e":"2 minutes"},"schema":{"@context":"https:\/\/schema.org","@graph":[{"@type":"WebPage","@id":"https:\/\/www.aquanautelnido.com\/fr\/plongee\/","url":"https:\/\/www.aquanautelnido.com\/fr\/plongee\/","name":"Plong\u00e9e a El Nido, Philippines- Aquanaut Dive Center","isPartOf":{"@id":"https:\/\/www.aquanautelnido.com\/fr\/#website"},"datePublished":"2017-06-29T20:17:00+00:00","dateModified":"2017-12-10T07:10:50+00:00","description":"Rejoignez notre centre de plong\u00e9e a El Nido, PADI 5 Star Dive Resort pour plong\u00e9e a Palawan, Philippines. Plong\u00e9e de jour, de nuit et plong\u00e9e Fluo.","breadcrumb":{"@id":"https:\/\/www.aquanautelnido.com\/fr\/plongee\/#breadcrumb"},"inLanguage":"fr-FR","potentialAction":[{"@type":"ReadAction","target":["https:\/\/www.aquanautelnido.com\/fr\/plongee\/"]}]},{"@type":"BreadcrumbList","@id":"https:\/\/www.aquanautelnido.com\/fr\/plongee\/#breadcrumb","itemListElement":[{"@type":"ListItem","position":1,"name":"Home","item":"https:\/\/www.aquanautelnido.com\/fr\/"},{"@type":"ListItem","position":2,"name":"Plong\u00e9e"}]},{"@type":"WebSite","@id":"https:\/\/www.aquanautelnido.com\/fr\/#website","url":"https:\/\/www.aquanautelnido.com\/fr\/","name":"Aquanaut Dive Center","description":"Scuba Diving in El Nido, Palawan, Philippines","potentialAction":[{"@type":"SearchAction","target":{"@type":"EntryPoint","urlTemplate":"https:\/\/www.aquanautelnido.com\/fr\/?s={search_term_string}"},"query-input":{"@type":"PropertyValueSpecification","valueRequired":true,"valueName":"search_term_string"}}],"inLanguage":"fr-FR"}]}},"_links":{"self":[{"href":"https:\/\/www.aquanautelnido.com\/fr\/wp-json\/wp\/v2\/pages\/12238","targetHints":{"allow":["GET"]}}],"collection":[{"href":"https:\/\/www.aquanautelnido.com\/fr\/wp-json\/wp\/v2\/pages"}],"about":[{"href":"https:\/\/www.aquanautelnido.com\/fr\/wp-json\/wp\/v2\/types\/page"}],"author":[{"embeddable":true,"href":"https:\/\/www.aquanautelnido.com\/fr\/wp-json\/wp\/v2\/users\/1"}],"replies":[{"embeddable":true,"href":"https:\/\/www.aquanautelnido.com\/fr\/wp-json\/wp\/v2\/comments?post=12238"}],"version-history":[{"count":7,"href":"https:\/\/www.aquanautelnido.com\/fr\/wp-json\/wp\/v2\/pages\/12238\/revisions"}],"predecessor-version":[{"id":12616,"href":"https:\/\/www.aquanautelnido.com\/fr\/wp-json\/wp\/v2\/pages\/12238\/revisions\/12616"}],"wp:attachment":[{"href":"https:\/\/www.aquanautelnido.com\/fr\/wp-json\/wp\/v2\/media?parent=12238"}],"curies":[{"name":"wp","href":"https:\/\/api.w.org\/{rel}","templated":true}]}}