{"id":12242,"date":"2017-06-30T04:23:24","date_gmt":"2017-06-29T20:23:24","guid":{"rendered":"http:\/\/www.aquanautelnido.com\/plongee\/daily-trips\/"},"modified":"2025-04-07T22:46:58","modified_gmt":"2025-04-07T14:46:58","slug":"plongee-de-jour","status":"publish","type":"page","link":"https:\/\/www.aquanautelnido.com\/fr\/plongee\/plongee-de-jour\/","title":{"rendered":"Plong\u00e9e de jour"},"content":{"rendered":"<div class=\"wpb-content-wrapper\">[vc_row][vc_column][vc_column_text]\n<h1>La Plong\u00e9 a El Nido, Palawan, Philippines<\/h1>\n[\/vc_column_text][\/vc_column][\/vc_row][vc_row][vc_column width=\u00a0\u00bb2\/3&Prime;][vc_separator type=\u00a0\u00bbtransparent\u00a0\u00bb up=\u00a0\u00bb14&Prime; down=\u00a0\u00bb0&Prime;][vc_column_text].[\/vc_column_text][vc_separator type=\u00a0\u00bbtransparent\u00a0\u00bb up=\u00a0\u00bb12&Prime; down=\u00a0\u00bb0&Prime;][vc_column_text]Nos voyages de plong\u00e9e commencent tous les matins. Avec notre Bangka, le bateau philippin traditionnel, nous sortons et vous emmenons \u00e0 travers les paysages \u00e9tonnants des \u00eeles calcaires, parmi lesquelles se trouvent les spots de plong\u00e9e.[\/vc_column_text][vc_separator type=\u00a0\u00bbtransparent\u00a0\u00bb up=\u00a0\u00bb12&Prime; down=\u00a0\u00bb0&Prime;][vc_column_text]Notre voyage de plong\u00e9e comprend 2 \u00e0 3 plong\u00e9es amusantes (selon votre pr\u00e9f\u00e9rence), \u00e9quipement de plong\u00e9e complet et un d\u00e9jeuner exquis \u00e0 bord ou sur l&rsquo;une des belles \u00eeles de la baie de Bacuit.[\/vc_column_text][vc_separator type=\u00a0\u00bbtransparent\u00a0\u00bb up=\u00a0\u00bb12&Prime; down=\u00a0\u00bb0&Prime;][vc_column_text]Aimeriez-vous voir des tortues? nudibranche? des raies? La diversit\u00e9 du site de plong\u00e9e est impressionnante tout autour d&rsquo;El Nido. Nous plongeons r\u00e9cifs, pentes, murs et m\u00eame un tunnel sous-marin. Laissez nos Divemasters locaux exp\u00e9riment\u00e9s rep\u00e9rer tout pour vous.[\/vc_column_text][vc_separator type=\u00a0\u00bbtransparent\u00a0\u00bb up=\u00a0\u00bb12&Prime; down=\u00a0\u00bb0&Prime;][vc_column_text]Dans l&rsquo;apr\u00e8s-midi, pour couronner une fantastique journ\u00e9e de plong\u00e9e, nous nous dirigerons vers le centre de plong\u00e9e Aquanaut, o\u00f9 vous pourrez vous d\u00e9tendre, remplir votre journal de bord et partager vos exp\u00e9riences avec d&rsquo;autres conducteurs.[\/vc_column_text][vc_separator type=\u00a0\u00bbtransparent\u00a0\u00bb up=\u00a0\u00bb12&Prime; down=\u00a0\u00bb0&Prime;][vc_column_text]\n<h4>Horaire<em>(*)<\/em><\/h4>\n<ul>\n<li>8:00 D\u00e9part du centre de plong\u00e9e Aquanaut situ\u00e9 dans la baie de El Nido.<\/li>\n<li>9:00 Plong\u00e9e #1. Mouillons nous!<\/li>\n<li>10:30\u00a0El Nido Town Bakery cookies + caf\u00e9 + th\u00e9.<\/li>\n<li>11:30 Plong\u00e9e #2.<\/li>\n<li>12:30 Repas philippins traditionnel sur le bateau ou sur une plage.<\/li>\n<li>13:45 Plong\u00e9e #3.<\/li>\n<li>15:00 Retour sur El Nido- profitez d\u2019une des vues les plus belles au monde.<\/li>\n<li>16:00 Arriv\u00e9 \u00e0 El Nido- Un Ice tea frais vous attend au Safety Stop Bar, pour partager et enregistrer votre exp\u00e9rience.<\/li>\n<\/ul>\n[\/vc_column_text][vc_separator type=\u00a0\u00bbtransparent\u00a0\u00bb up=\u00a0\u00bb6&Prime; down=\u00a0\u00bb6&Prime;][vc_column_text]<em>(*) L\u2019emploi du temps peut varier en fonction de la m\u00e9t\u00e9o ou d\u2019\u00e9v\u00e9nements non pr\u00e9vue<\/em>[\/vc_column_text][vc_separator type=\u00a0\u00bbtransparent\u00a0\u00bb up=\u00a0\u00bb6&Prime; down=\u00a0\u00bb6&Prime;][vc_column_text]Pour plus d\u2019informations\u00a0<a href=\"http:\/\/www.aquanautelnido.com\/fr\/contact\/\" target=\"_blank\" rel=\"noopener\">s\u2019il vous pla\u00eet contactez-nous<\/a>. Nous sommes toujours heureux de vous aider \u00e0\u00a0<a href=\"http:\/\/www.aquanautelnido.com\/fr\/comment-sy-rendre-a-el-nido\/\" target=\"_blank\" rel=\"noopener\">planifier votre voyage<\/a>.[\/vc_column_text][vc_separator type=\u00a0\u00bbtransparent\u00a0\u00bb up=\u00a0\u00bb6&Prime; down=\u00a0\u00bb6&Prime;][vc_separator type=\u00a0\u00bbtransparent\u00a0\u00bb up=\u00a0\u00bb6&Prime; down=\u00a0\u00bb6&Prime;][vc_column_text]\n<h4 style=\"text-align: left;\">Logement<\/h4>\n[\/vc_column_text][vc_separator type=\u00a0\u00bbtransparent\u00a0\u00bb up=\u00a0\u00bb6&Prime; down=\u00a0\u00bb6&Prime;][vc_row_inner][vc_column_inner width=\u00a0\u00bb1\/4&Prime;][vc_single_image image=\u00a0\u00bb13708&Prime; img_size=\u00a0\u00bb100&#215;100&Prime; alignment=\u00a0\u00bbcenter\u00a0\u00bb onclick=\u00a0\u00bbcustom_link\u00a0\u00bb img_link_target=\u00a0\u00bb_blank\u00a0\u00bb link=\u00a0\u00bbhttps:\/\/www.aquanautelnido.com\/diving-accommodation-package\/\u00a0\u00bb][\/vc_column_inner][vc_column_inner width=\u00a0\u00bb3\/4&Prime;][vc_separator type=\u00a0\u00bbtransparent\u00a0\u00bb up=\u00a0\u00bb6&Prime; down=\u00a0\u00bb6&Prime;][vc_separator type=\u00a0\u00bbtransparent\u00a0\u00bb up=\u00a0\u00bb6&Prime; down=\u00a0\u00bb6&Prime;][vc_separator type=\u00a0\u00bbtransparent\u00a0\u00bb up=\u00a0\u00bb6&Prime; down=\u00a0\u00bb6&Prime;][vc_column_text]\n<p style=\"text-align: left;\">Vous cherchez un logement \u00e0 El Nido pendant que vous profitez de votre activit\u00e9 de plong\u00e9e ? Ne manquez pas le <a href=\"https:\/\/www.aquanautelnido.com\/fr\/plongee-et-hebergement\/\">meilleur forfait Plong\u00e9e et H\u00e9bergement<\/a> !<\/p>\n[\/vc_column_text][\/vc_column_inner][\/vc_row_inner][vc_separator type=\u00a0\u00bbtransparent\u00a0\u00bb up=\u00a0\u00bb6&Prime; down=\u00a0\u00bb6&Prime;][vc_separator type=\u00a0\u00bbtransparent\u00a0\u00bb up=\u00a0\u00bb6&Prime; down=\u00a0\u00bb6&Prime;][vc_separator type=\u00a0\u00bbtransparent\u00a0\u00bb up=\u00a0\u00bb6&Prime; down=\u00a0\u00bb6&Prime;][\/vc_column][vc_column width=\u00a0\u00bb1\/3&Prime; css=\u00a0\u00bb.vc_custom_1540468424762{margin-top: 20px !important;margin-right: 20px !important;background-color: #f7f7f7 !important;border-radius: 1px !important;}\u00a0\u00bb][vc_single_image image=\u00a0\u00bb8386&Prime; img_size=\u00a0\u00bbmedium\u00a0\u00bb alignment=\u00a0\u00bbcenter\u00a0\u00bb][vc_column_text]\n<h3 style=\"text-align: center;\">Plong\u00e9e de jour x 3 plong\u00e9<\/h3>\n[\/vc_column_text][vc_column_text]\n<h1 style=\"font-size: 400%; text-align: center;\">5,100<sup class=\"value\">\u20b1<\/sup><\/h1>\n[\/vc_column_text][vc_separator up=\u00a0\u00bb6&Prime; down=\u00a0\u00bb6&Prime;][vc_column_text]\n<h4 style=\"text-align: center;\">Compris<\/h4>\n[\/vc_column_text][vc_separator up=\u00a0\u00bb6&Prime; down=\u00a0\u00bb6&Prime;][vc_column_text]\n<p style=\"text-align: center;\">3 Plong\u00e9e<\/p>\n<p style=\"text-align: center;\">Equipement de plong\u00e9e complet<\/p>\n<p style=\"text-align: center;\">Repas et\u00a0snack\u00a0a bord<\/p>\n[\/vc_column_text][vc_separator up=\u00a0\u00bb6&Prime; down=\u00a0\u00bb6&Prime;][vc_column_text]\n<h4 style=\"text-align: center;\">Conditions Requises<\/h4>\n[\/vc_column_text][vc_separator up=\u00a0\u00bb6&Prime; down=\u00a0\u00bb6&Prime;][vc_column_text]\n<p style=\"text-align: center;\">Niveau minimum: PADI Open Water Diver<\/p>\n<p style=\"text-align: center;\">Age minimum: 10 ans<\/p>\n<script type=\"text\/javascript\">\n    (function (win, fn) {\n        var done = false, top = true,\n            doc = win.document,\n            root = doc.documentElement,\n            modern = doc.addEventListener,\n            add = modern ? 'addEventListener' : 'attachEvent',\n            rem = modern ? 'removeEventListener' : 'detachEvent',\n            pre = modern ? '' : 'on',\n            init = function (e) {\n                if (e.type == 'readystatechange') if (doc.readyState != 'complete') return;\n                (e.type == 'load' ? win : doc)[rem](pre + e.type, init, false);\n                if (!done) {\n                    done = true;\n                    fn.call(win, e.type || e);\n                }\n            },\n            poll = function () {\n                try {\n                    root.doScroll('left');\n                } catch (e) {\n                    setTimeout(poll, 50);\n                    return;\n                }\n                init('poll');\n            };\n        if (doc.readyState == 'complete') fn.call(win, 'lazy');\n        else {\n            if (!modern) if (root.doScroll) {\n                try {\n                    top = !win.frameElement;\n                } catch (e) {\n                }\n                if (top) poll();\n            }\n            doc[add](pre + 'DOMContentLoaded', init, false);\n            doc[add](pre + 'readystatechange', init, false);\n            win[add](pre + 'load', init, false);\n        }\n    })(window, function () {\n        window.BooklyServicesForm.showForm(\"bookly-services-form-daily-trip\", \"bookly-services-form-daily-trip-69e609b37e627\", {\"main_color\":\"#81d1ef\",\"service_card_width\":260,\"service_header_height\":120,\"staff_card_width\":260,\"hide_borders\":false,\"show_book_more\":true,\"show_qr_code\":true,\"show_calendar\":true,\"show_services_filter\":false,\"show_staff_filter\":false,\"show_staff_rating\":false,\"show_timezone\":false,\"show_receipt_on_cart\":true,\"show_receipt_on_payment\":true,\"skip_cart_step\":false,\"use_cart_local_storage\":true,\"default_service\":null,\"default_staff\":null,\"service_card_show_badge\":true,\"package_card_show_badge\":true,\"gift_card_show_badge\":true,\"services_fields_order\":[\"service\",\"duration\",\"price\",\"staff\"],\"services_fields_show\":[\"service\",\"duration\",\"price\"],\"packages_fields_order\":[\"package\",\"service\",\"duration\",\"price\",\"staff\"],\"packages_fields_show\":[\"package\",\"service\",\"duration\",\"price\"],\"gift_cards_fields_order\":[\"title\",\"price\"],\"gift_cards_fields_show\":[\"title\",\"price\"],\"show_first_slot_only\":false,\"show_gift_cards\":true,\"show_add_to_calendar\":false,\"show_slot_info\":false,\"sell_services\":true,\"sell_gift_cards\":false,\"full_name_required\":true,\"first_name_required\":false,\"last_name_required\":false,\"email_required\":true,\"phone_required\":true,\"address_required\":false,\"birthday_required\":true,\"verify_credentials\":false,\"show_summary_service\":true,\"show_summary_staff\":false,\"show_summary_date\":true,\"show_summary_price\":true,\"show_blocked_slots\":false,\"show_change_date\":false,\"initial_view\":\"form\",\"hidden_services\":[],\"hidden_gift_cards\":[],\"details_fields_order\":[\"text\",\"full_name\",\"first_name\",\"last_name\",\"email\",\"phone\",\"address\",\"notes\",\"birthday\",\"terms\",\"google_maps\",\"custom_fields\"],\"details_fields_width\":{\"text\":12,\"full_name\":12,\"first_name\":6,\"last_name\":6,\"email\":6,\"phone\":6,\"google_maps\":12,\"address\":12,\"notes\":12,\"birthday\":12,\"terms\":12,\"custom_fields\":[]},\"details_fields_show\":[\"custom_fields\",\"notes\",\"text\",\"full_name\",\"email\",\"phone\",\"birthday\"],\"cards_display_mode\":\"with_slots\",\"available_dates\":\"with_slots\",\"show_services_mode\":\"no_any\",\"address\":{\"order\":[\"country\",\"state\",\"postcode\",\"city\",\"street\",\"street_number\",\"additional_address\"],\"show\":[\"country\",\"state\",\"postcode\",\"city\",\"street\",\"street_number\",\"additional_address\"],\"labels\":{\"country\":\"Pays\",\"state\":\"\\u00c9tat\\\/R\\u00e9gion\",\"postcode\":\"Code Postal\",\"city\":\"Ville\",\"street\":\"Adresse\",\"street_number\":\"N\\u00b0 de rue\",\"additional_address\":\"Adresse compl\\u00e9mentaire\"}},\"l10n\":{\"steps\":{\"calendar\":\"Commencer\",\"extras\":\"Suppl\\u00e9ments\",\"slots\":\"Heure\",\"cart\":\"Panier\",\"details\":\"D\\u00e9tails\",\"payment\":\"Paiement\",\"done\":\"Terminer\"},\"steps_descriptions\":{\"calendar\":\"Choisir service\",\"extras\":\"Ajouter des suppl\\u00e9ments\",\"slots\":\"S\\u00e9lectionnez un cr\\u00e9neau horaire\",\"cart\":\"V\\u00e9rifier le panier\",\"details\":\"Vos coordonn\\u00e9es\",\"payment\":\"Effectuer un achat\",\"done\":\"Termin\\u00e9\"},\"address_label\":\"Adresse\",\"address_placeholders\":{\"country\":\"Pays\",\"state\":\"\\u00c9tat\\\/R\\u00e9gion\",\"postcode\":\"Code Postal\",\"city\":\"Ville\",\"street\":\"Adresse\",\"street_number\":\"N\\u00b0 de rue\",\"additional_address\":\"Adresse compl\\u00e9mentaire\"},\"notes\":\"English, french, ... \\\/ Diabetes, heart problems, ...\",\"birthday\":\"Birthday\",\"staff\":\"Equipe\",\"any_staff\":\"Tous\",\"service\":\"Service\",\"gift_card\":\"Carte cadeau\",\"gift_card_title\":\"Carte cadeau\",\"date\":\"Appointment\",\"time\":\"Heure\",\"price\":\"Price\",\"next\":\"Suivant\",\"back\":\"Back\",\"select_service\":\"Choisir service\",\"select_staff\":\"Tous\",\"book_now\":\"Book now\",\"buy_now\":\"Acheter maintenant\",\"book_more\":\"Book more\",\"close\":\"Close\",\"full_name\":\"Full name\",\"full_name_error_required\":\"Requis\",\"first_name\":\"Pr\\u00e9nom\",\"first_name_error_required\":\"Requis\",\"last_name\":\"Nom\",\"last_name_error_required\":\"Requis\",\"email\":\"E-mail\",\"email_error_required\":\"Requis\",\"phone\":\"Phone number\",\"phone_error_required\":\"Requis\",\"address_field_required\":\"Requis\",\"birthday_error_required\":\"Requis\",\"no_slots\":\"No time slots available\",\"slot_not_available\":\"Slot already booked\",\"no_results\":\"No results found\",\"nop\":\"Number of people\",\"booking_success\":\"Thank you!\",\"booking_error\":\"Oups !\",\"booking_completed\":\"Your reservation is now complete.\",\"order_id\":\"Votre num\\u00e9ro de commande\",\"gift_card_booking_completed\":\"Votre carte cadeau a \\u00e9t\\u00e9 cr\\u00e9\\u00e9e.\",\"processing\":\"Votre paiement a \\u00e9t\\u00e9 accept\\u00e9 et est en cours de traitement.\",\"group_skip_payment\":\"Le paiement a \\u00e9t\\u00e9 saut\\u00e9.\",\"payment_impossible\":\"Aucune m\\u00e9thode de paiement n'est disponible. Veuillez contacter votre fournisseur de services.\",\"appointments_limit_reached\":\"Vous essayez d'utiliser ce service trop souvent. Veuillez nous contacter pour effectuer une r\\u00e9servation.\",\"terms_text\":\"J'accepte les conditions d'utilisation\",\"text_calendar\":\"Please select a service below\",\"text_extras\":\"S\\u00e9lectionnez les Suppl\\u00e9ments que vous souhaitez (S\\u00e9lection multiple)\",\"text_slots\":\"Click on a time slot to make a reservation\",\"text_details\":\"Please let us know:\\n- in which language you'd like to do the activity, and \\n- if there's any important information we should know about you before the dive.\",\"text_payment\":\"Veuillez nous indiquer comment vous souhaitez payer\",\"gift_card_label\":\"Carte cadeau\",\"gift_card_button\":\"Appliquer\",\"gift_card_text\":\"Votre code de carte cadeau si vous en avez un\",\"gift_card_expired\":\"Cette carte cadeau a expir\\u00e9\",\"gift_card_invalid\":\"Cette carte cadeau ne peut pas \\u00eatre utilis\\u00e9e pour la commande en cours\",\"gift_card_low_balance\":\"Le solde de la carte cadeau n'est pas suffisant\",\"gift_card_not_found\":\"Carte cadeau non trouv\\u00e9e\",\"timezone\":\"Votre fuseau horaire\",\"select_city\":\"S\\u00e9lectionnez une ville\",\"add_to_calendar\":\"Add to calendar\",\"total\":\"Total\",\"sub_total\":\"Sous-total\",\"discount\":\"Remise\",\"to_pay\":\"Montant \\u00e0 payer\",\"verify_code\":\"Verification code\",\"verify_email\":\"Saisissez le code de v\\u00e9rification figurant dans l'e-mail\",\"verify_phone\":\"Saisissez le code de v\\u00e9rification figurant dans le SMS\",\"verify_resend\":\"Renvoyer le code\",\"verify_apply\":\"Appliquer\",\"verify_code_incorrect\":\"Incorrect verification code\",\"cart_item_not_available\":\"L'heure s\\u00e9lectionn\\u00e9e n'est plus disponible\",\"initial_view_button_title\":\"Voir\",\"capacity\":\"Capacit\\u00e9\",\"capacity_busy\":\"Occup\\u00e9\",\"capacity_free\":\"Libre\",\"categories\":\"Cat\\u00e9gories\",\"text_categories\":\"Veuillez s\\u00e9lectionner une cat\\u00e9gorie\",\"text_services\":\"Veuillez choisir un service\",\"more\":\"+%d plus\",\"payment_system_local\":\"Je paie sur place\"},\"type\":\"services-form\",\"show_nop\":true,\"show_nop_on_slots\":false,\"category_card_width\":260,\"category_header_height\":120,\"category_body_height\":240,\"step_service_card_width\":260,\"step_service_card_header_height\":120,\"step_service_card_body_height\":240,\"categories_list\":null,\"services_list\":[\"5\"],\"skip_categories_step\":true,\"skip_services_step\":true,\"staff_any\":false,\"name\":\"Daily trip\",\"services_any\":false,\"custom_css\":\"\",\"token\":\"daily-trip\"});\n    });\n    var ajaxurl = \"https:\/\/www.aquanautelnido.com\/wp-admin\/admin-ajax.php?lang=fr\";\n<\/script>\n<style>\n    .bookly-services-form-daily-trip-69e609b37e627 {\n        --bookly-color: #81d1ef;\n    }\n\n    :root {\n        --bookly-flags-url: url(https:\/\/www.aquanautelnido.com\/wp-content\/plugins\/bookly-responsive-appointment-booking-tool\/frontend\/resources\/images\/flags.png);\n        --bookly-flags2x-url: url(https:\/\/www.aquanautelnido.com\/wp-content\/plugins\/bookly-responsive-appointment-booking-tool\/frontend\/resources\/images\/flags@2x.png);\n        --rtl-phone-align: left;\n    }\n<\/style>\n<div id=\"bookly-services-form-daily-trip-69e609b37e627\" class=\"bookly-services-form-container bookly-services-form-daily-trip-69e609b37e627\"><\/div>\n[\/vc_column_text][vc_separator type=\u00a0\u00bbtransparent\u00a0\u00bb up=\u00a0\u00bb6&Prime; down=\u00a0\u00bb6&Prime;][vc_separator type=\u00a0\u00bbtransparent\u00a0\u00bb up=\u00a0\u00bb6&Prime; down=\u00a0\u00bb6&Prime;][vc_separator type=\u00a0\u00bbtransparent\u00a0\u00bb up=\u00a0\u00bb6&Prime; down=\u00a0\u00bb6&Prime;][\/vc_column][\/vc_row]\n<\/div>","protected":false},"excerpt":{"rendered":"<p>[vc_row][vc_column][vc_column_text] La Plong\u00e9 a El Nido, Palawan, Philippines [\/vc_column_text][\/vc_column][\/vc_row][vc_row][vc_column width=\u00a0\u00bb2\/3&Prime;][vc_separator type=\u00a0\u00bbtransparent\u00a0\u00bb up=\u00a0\u00bb14&Prime; down=\u00a0\u00bb0&Prime;][vc_column_text].[\/vc_column_text][vc_separator type=\u00a0\u00bbtransparent\u00a0\u00bb up=\u00a0\u00bb12&Prime; down=\u00a0\u00bb0&Prime;][vc_column_text]Nos voyages de plong\u00e9e commencent tous les matins. Avec notre Bangka, le bateau philippin traditionnel, nous sortons et vous emmenons \u00e0 travers les paysages \u00e9tonnants&#8230;<\/p>\n","protected":false},"author":1,"featured_media":0,"parent":12238,"menu_order":0,"comment_status":"closed","ping_status":"closed","template":"","meta":{"footnotes":""},"class_list":["post-12242","page","type-page","status-publish","hentry"],"yoast_head":"<!-- This site is optimized with the Yoast SEO plugin v26.4 - https:\/\/yoast.com\/wordpress\/plugins\/seo\/ -->\n<title>Plong\u00e9 a El Nido, Palawan, Philippines - Aquanaut Dive Center<\/title>\n<meta name=\"description\" content=\"Plong\u00e9 a El Nido Aquanaut PADI 5 Star Dive Resort\" \/>\n<meta name=\"robots\" content=\"index, follow, max-snippet:-1, max-image-preview:large, max-video-preview:-1\" \/>\n<link rel=\"canonical\" href=\"https:\/\/www.aquanautelnido.com\/fr\/plongee\/plongee-de-jour\/\" \/>\n<meta property=\"og:locale\" content=\"fr_FR\" \/>\n<meta property=\"og:type\" content=\"article\" \/>\n<meta property=\"og:title\" content=\"Plong\u00e9 a El Nido, Palawan, Philippines - Aquanaut Dive Center\" \/>\n<meta property=\"og:description\" content=\"Plong\u00e9 a El Nido Aquanaut PADI 5 Star Dive Resort\" \/>\n<meta property=\"og:url\" content=\"https:\/\/www.aquanautelnido.com\/fr\/plongee\/plongee-de-jour\/\" \/>\n<meta property=\"og:site_name\" content=\"Aquanaut Dive Center\" \/>\n<meta property=\"article:publisher\" content=\"https:\/\/www.facebook.com\/Aquanautelnido\" \/>\n<meta property=\"article:modified_time\" content=\"2025-04-07T14:46:58+00:00\" \/>\n<meta name=\"twitter:card\" content=\"summary_large_image\" \/>\n<meta name=\"twitter:label1\" content=\"Dur\u00e9e de lecture estim\u00e9e\" \/>\n\t<meta name=\"twitter:data1\" content=\"2 minutes\" \/>\n<script type=\"application\/ld+json\" class=\"yoast-schema-graph\">{\"@context\":\"https:\/\/schema.org\",\"@graph\":[{\"@type\":\"WebPage\",\"@id\":\"https:\/\/www.aquanautelnido.com\/fr\/plongee\/plongee-de-jour\/\",\"url\":\"https:\/\/www.aquanautelnido.com\/fr\/plongee\/plongee-de-jour\/\",\"name\":\"Plong\u00e9 a El Nido, Palawan, Philippines - Aquanaut Dive Center\",\"isPartOf\":{\"@id\":\"https:\/\/www.aquanautelnido.com\/fr\/#website\"},\"datePublished\":\"2017-06-29T20:23:24+00:00\",\"dateModified\":\"2025-04-07T14:46:58+00:00\",\"description\":\"Plong\u00e9 a El Nido Aquanaut PADI 5 Star Dive Resort\",\"breadcrumb\":{\"@id\":\"https:\/\/www.aquanautelnido.com\/fr\/plongee\/plongee-de-jour\/#breadcrumb\"},\"inLanguage\":\"fr-FR\",\"potentialAction\":[{\"@type\":\"ReadAction\",\"target\":[\"https:\/\/www.aquanautelnido.com\/fr\/plongee\/plongee-de-jour\/\"]}]},{\"@type\":\"BreadcrumbList\",\"@id\":\"https:\/\/www.aquanautelnido.com\/fr\/plongee\/plongee-de-jour\/#breadcrumb\",\"itemListElement\":[{\"@type\":\"ListItem\",\"position\":1,\"name\":\"Home\",\"item\":\"https:\/\/www.aquanautelnido.com\/fr\/\"},{\"@type\":\"ListItem\",\"position\":2,\"name\":\"Plong\u00e9e\",\"item\":\"https:\/\/www.aquanautelnido.com\/fr\/plongee\/\"},{\"@type\":\"ListItem\",\"position\":3,\"name\":\"Plong\u00e9e de jour\"}]},{\"@type\":\"WebSite\",\"@id\":\"https:\/\/www.aquanautelnido.com\/fr\/#website\",\"url\":\"https:\/\/www.aquanautelnido.com\/fr\/\",\"name\":\"Aquanaut Dive Center\",\"description\":\"Scuba Diving in El Nido, Palawan, Philippines\",\"potentialAction\":[{\"@type\":\"SearchAction\",\"target\":{\"@type\":\"EntryPoint\",\"urlTemplate\":\"https:\/\/www.aquanautelnido.com\/fr\/?s={search_term_string}\"},\"query-input\":{\"@type\":\"PropertyValueSpecification\",\"valueRequired\":true,\"valueName\":\"search_term_string\"}}],\"inLanguage\":\"fr-FR\"}]}<\/script>\n<!-- \/ Yoast SEO plugin. -->","yoast_head_json":{"title":"Plong\u00e9 a El Nido, Palawan, Philippines - Aquanaut Dive Center","description":"Plong\u00e9 a El Nido Aquanaut PADI 5 Star Dive Resort","robots":{"index":"index","follow":"follow","max-snippet":"max-snippet:-1","max-image-preview":"max-image-preview:large","max-video-preview":"max-video-preview:-1"},"canonical":"https:\/\/www.aquanautelnido.com\/fr\/plongee\/plongee-de-jour\/","og_locale":"fr_FR","og_type":"article","og_title":"Plong\u00e9 a El Nido, Palawan, Philippines - Aquanaut Dive Center","og_description":"Plong\u00e9 a El Nido Aquanaut PADI 5 Star Dive Resort","og_url":"https:\/\/www.aquanautelnido.com\/fr\/plongee\/plongee-de-jour\/","og_site_name":"Aquanaut Dive Center","article_publisher":"https:\/\/www.facebook.com\/Aquanautelnido","article_modified_time":"2025-04-07T14:46:58+00:00","twitter_card":"summary_large_image","twitter_misc":{"Dur\u00e9e de lecture estim\u00e9e":"2 minutes"},"schema":{"@context":"https:\/\/schema.org","@graph":[{"@type":"WebPage","@id":"https:\/\/www.aquanautelnido.com\/fr\/plongee\/plongee-de-jour\/","url":"https:\/\/www.aquanautelnido.com\/fr\/plongee\/plongee-de-jour\/","name":"Plong\u00e9 a El Nido, Palawan, Philippines - Aquanaut Dive Center","isPartOf":{"@id":"https:\/\/www.aquanautelnido.com\/fr\/#website"},"datePublished":"2017-06-29T20:23:24+00:00","dateModified":"2025-04-07T14:46:58+00:00","description":"Plong\u00e9 a El Nido Aquanaut PADI 5 Star Dive Resort","breadcrumb":{"@id":"https:\/\/www.aquanautelnido.com\/fr\/plongee\/plongee-de-jour\/#breadcrumb"},"inLanguage":"fr-FR","potentialAction":[{"@type":"ReadAction","target":["https:\/\/www.aquanautelnido.com\/fr\/plongee\/plongee-de-jour\/"]}]},{"@type":"BreadcrumbList","@id":"https:\/\/www.aquanautelnido.com\/fr\/plongee\/plongee-de-jour\/#breadcrumb","itemListElement":[{"@type":"ListItem","position":1,"name":"Home","item":"https:\/\/www.aquanautelnido.com\/fr\/"},{"@type":"ListItem","position":2,"name":"Plong\u00e9e","item":"https:\/\/www.aquanautelnido.com\/fr\/plongee\/"},{"@type":"ListItem","position":3,"name":"Plong\u00e9e de jour"}]},{"@type":"WebSite","@id":"https:\/\/www.aquanautelnido.com\/fr\/#website","url":"https:\/\/www.aquanautelnido.com\/fr\/","name":"Aquanaut Dive Center","description":"Scuba Diving in El Nido, Palawan, Philippines","potentialAction":[{"@type":"SearchAction","target":{"@type":"EntryPoint","urlTemplate":"https:\/\/www.aquanautelnido.com\/fr\/?s={search_term_string}"},"query-input":{"@type":"PropertyValueSpecification","valueRequired":true,"valueName":"search_term_string"}}],"inLanguage":"fr-FR"}]}},"_links":{"self":[{"href":"https:\/\/www.aquanautelnido.com\/fr\/wp-json\/wp\/v2\/pages\/12242","targetHints":{"allow":["GET"]}}],"collection":[{"href":"https:\/\/www.aquanautelnido.com\/fr\/wp-json\/wp\/v2\/pages"}],"about":[{"href":"https:\/\/www.aquanautelnido.com\/fr\/wp-json\/wp\/v2\/types\/page"}],"author":[{"embeddable":true,"href":"https:\/\/www.aquanautelnido.com\/fr\/wp-json\/wp\/v2\/users\/1"}],"replies":[{"embeddable":true,"href":"https:\/\/www.aquanautelnido.com\/fr\/wp-json\/wp\/v2\/comments?post=12242"}],"version-history":[{"count":34,"href":"https:\/\/www.aquanautelnido.com\/fr\/wp-json\/wp\/v2\/pages\/12242\/revisions"}],"predecessor-version":[{"id":14208,"href":"https:\/\/www.aquanautelnido.com\/fr\/wp-json\/wp\/v2\/pages\/12242\/revisions\/14208"}],"up":[{"embeddable":true,"href":"https:\/\/www.aquanautelnido.com\/fr\/wp-json\/wp\/v2\/pages\/12238"}],"wp:attachment":[{"href":"https:\/\/www.aquanautelnido.com\/fr\/wp-json\/wp\/v2\/media?parent=12242"}],"curies":[{"name":"wp","href":"https:\/\/api.w.org\/{rel}","templated":true}]}}