{"id":12246,"date":"2017-06-30T04:27:48","date_gmt":"2017-06-29T20:27:48","guid":{"rendered":"http:\/\/www.aquanautelnido.com\/plongee\/plongees-de-nuit\/"},"modified":"2022-10-23T12:14:31","modified_gmt":"2022-10-23T04:14:31","slug":"plongees-de-nuit","status":"publish","type":"page","link":"https:\/\/www.aquanautelnido.com\/fr\/plongee\/plongees-de-nuit\/","title":{"rendered":"Plong\u00e9es de nuit"},"content":{"rendered":"<div class=\"wpb-content-wrapper\">[vc_row row_type=\u00a0\u00bbsection\u00a0\u00bb padding_top=\u00a0\u00bb0&Prime; padding_bottom=\u00a0\u00bb0&Prime;][vc_column][vc_column_text]\n<h1>Parcourez les t\u00e9n\u00e8bres en plong\u00e9 de nuit<\/h1>\n[\/vc_column_text][\/vc_column][\/vc_row][vc_row row_type=\u00a0\u00bbsection\u00a0\u00bb padding_top=\u00a0\u00bb0&Prime; padding_bottom=\u00a0\u00bb0&Prime;][vc_column width=\u00a0\u00bb2\/3&Prime;][vc_column_text]Au coucher du soleil, quand l\u2019obscurit\u00e9 prend le dessus, nous quittons El Nido pour rejoindre notre site de plong\u00e9.[\/vc_column_text][vc_separator type=\u00a0\u00bbtransparent\u00a0\u00bb up=\u00a0\u00bb14&Prime; down=\u00a0\u00bb0&Prime;][vc_column_text]Nous fournissons tout l\u2019\u00e9quipement de plong\u00e9, une lampe \u00e9tanche, caf\u00e9, th\u00e9 et l\u2019expertise de nos Divemasters philippins, qui vous guideront dans le noir le plus total. Vous d\u00e9couvrirez ainsi le cot\u00e9 obscure de nos site de plong\u00e9e.[\/vc_column_text][vc_separator type=\u00a0\u00bbtransparent\u00a0\u00bb up=\u00a0\u00bb14&Prime; down=\u00a0\u00bb0&Prime;][vc_column_text]Pour rejoindre nos excursions nocturnes vous devez au minimum avoir accompli une aventure plong\u00e9e de nuit ou avoir compl\u00e9t\u00e9 votre PADI Advanced Open Water Diver ou \u00e9quivalent. Si vous n\u2019avez aucun de ces requis ne vous inqui\u00e9tez pas nous pouvons vous former \u00e0 travers votre premier cours de plong\u00e9e de nuit.[\/vc_column_text][vc_separator type=\u00a0\u00bbtransparent\u00a0\u00bb up=\u00a0\u00bb14&Prime; down=\u00a0\u00bb0&Prime;][vc_separator type=\u00a0\u00bbtransparent\u00a0\u00bb up=\u00a0\u00bb14&Prime; down=\u00a0\u00bb0&Prime;][vc_column_text]\n<h4 style=\"text-align: left;\">Logement<\/h4>\n[\/vc_column_text][vc_separator type=\u00a0\u00bbtransparent\u00a0\u00bb up=\u00a0\u00bb14&Prime; down=\u00a0\u00bb0&Prime;][vc_row_inner][vc_column_inner width=\u00a0\u00bb1\/4&Prime;][vc_single_image image=\u00a0\u00bb13708&Prime; img_size=\u00a0\u00bb100&#215;100&Prime; alignment=\u00a0\u00bbcenter\u00a0\u00bb onclick=\u00a0\u00bbcustom_link\u00a0\u00bb img_link_target=\u00a0\u00bb_blank\u00a0\u00bb link=\u00a0\u00bbhttps:\/\/www.aquanautelnido.com\/diving-accommodation-package\/\u00a0\u00bb][\/vc_column_inner][vc_column_inner width=\u00a0\u00bb3\/4&Prime;][vc_separator type=\u00a0\u00bbtransparent\u00a0\u00bb up=\u00a0\u00bb6&Prime; down=\u00a0\u00bb6&Prime;][vc_separator type=\u00a0\u00bbtransparent\u00a0\u00bb up=\u00a0\u00bb6&Prime; down=\u00a0\u00bb6&Prime;][vc_separator type=\u00a0\u00bbtransparent\u00a0\u00bb up=\u00a0\u00bb6&Prime; down=\u00a0\u00bb6&Prime;][vc_column_text]\n<p style=\"text-align: left;\">Vous cherchez un logement \u00e0 El Nido pendant que vous profitez de votre activit\u00e9 de plong\u00e9e ? Ne manquez pas le <a href=\"https:\/\/www.aquanautelnido.com\/fr\/plongee-et-hebergement\/\">meilleur forfait Plong\u00e9e et H\u00e9bergement<\/a> !<\/p>\n[\/vc_column_text][\/vc_column_inner][\/vc_row_inner][vc_separator type=\u00a0\u00bbtransparent\u00a0\u00bb up=\u00a0\u00bb14&Prime; down=\u00a0\u00bb0&Prime;][vc_column_text]Si vous voulez plus d\u2019informations n\u2019h\u00e9sitez pas \u00e0 nous contacter ou \u00e0 r\u00e9server en ligne.[\/vc_column_text][vc_separator type=\u00a0\u00bbtransparent\u00a0\u00bb up=\u00a0\u00bb14&Prime; down=\u00a0\u00bb0&Prime;][vc_separator type=\u00a0\u00bbtransparent\u00a0\u00bb up=\u00a0\u00bb14&Prime; down=\u00a0\u00bb0&Prime;][vc_separator type=\u00a0\u00bbtransparent\u00a0\u00bb up=\u00a0\u00bb14&Prime; down=\u00a0\u00bb0&Prime;][\/vc_column][vc_column width=\u00a0\u00bb1\/3&Prime;]<div class='q_price_table'><div class='price_table_inner'><ul><li class='prices'><div class='price_in_table'><sup class='value'>\u20b1<\/sup><span class='price'>2,200<\/span><sub class='mark'>.<\/sub><\/div><\/li><li class='cell table_title'>1 Plong\u00e9 de nuit<\/li><img decoding=\"async\" src=\"http:\/\/www.aquanautelnido.com\/wp-content\/uploads\/2014\/10\/PADI_hor_T.png\" alt=\"\" \/><\/p>\n<p>Niveau minimum requis: Advanced Open Water ou \u00e9quivalent, ou Sp\u00e9cialit\u00e9e plong\u00e9e de nuit<br \/>\nAge minimum: 10ans<br \/>\nEquipement de plong\u00e9e complet<br \/>\nCaf\u00e9 ou th\u00e9 \u00e0 bord<li class='price_button'><a class='qbutton normal' href='http:\/\/www.aquanautelnido.com\/fr\/contact\/' target='_self'>Contactez nous!<\/a><\/li><\/ul><\/div><\/div>[\/vc_column][\/vc_row]\n<\/div>","protected":false},"excerpt":{"rendered":"<p>[vc_row row_type=\u00a0\u00bbsection\u00a0\u00bb padding_top=\u00a0\u00bb0&Prime; padding_bottom=\u00a0\u00bb0&Prime;][vc_column][vc_column_text] Parcourez les t\u00e9n\u00e8bres en plong\u00e9 de nuit [\/vc_column_text][\/vc_column][\/vc_row][vc_row row_type=\u00a0\u00bbsection\u00a0\u00bb padding_top=\u00a0\u00bb0&Prime; padding_bottom=\u00a0\u00bb0&Prime;][vc_column width=\u00a0\u00bb2\/3&Prime;][vc_column_text]Au coucher du soleil, quand l\u2019obscurit\u00e9 prend le dessus, nous quittons El Nido pour rejoindre notre site de plong\u00e9.[\/vc_column_text][vc_separator type=\u00a0\u00bbtransparent\u00a0\u00bb up=\u00a0\u00bb14&Prime; down=\u00a0\u00bb0&Prime;][vc_column_text]Nous fournissons tout l\u2019\u00e9quipement&#8230;<\/p>\n","protected":false},"author":1,"featured_media":0,"parent":12238,"menu_order":1,"comment_status":"closed","ping_status":"closed","template":"","meta":{"footnotes":""},"class_list":["post-12246","page","type-page","status-publish","hentry"],"yoast_head":"<!-- This site is optimized with the Yoast SEO plugin v26.4 - https:\/\/yoast.com\/wordpress\/plugins\/seo\/ -->\n<title>Plong\u00e9es de nuit \u00e0 El Nido, Philippines - Aquanaut Dive Center<\/title>\n<meta name=\"description\" content=\"Parcourez les t\u00e9n\u00e8bres en plong\u00e9 de nuit \u00e0 El Nido, Philippines\" \/>\n<meta name=\"robots\" content=\"index, follow, max-snippet:-1, max-image-preview:large, max-video-preview:-1\" \/>\n<link rel=\"canonical\" href=\"https:\/\/www.aquanautelnido.com\/fr\/plongee\/plongees-de-nuit\/\" \/>\n<meta property=\"og:locale\" content=\"fr_FR\" \/>\n<meta property=\"og:type\" content=\"article\" \/>\n<meta property=\"og:title\" content=\"Plong\u00e9es de nuit \u00e0 El Nido, Philippines - Aquanaut Dive Center\" \/>\n<meta property=\"og:description\" content=\"Parcourez les t\u00e9n\u00e8bres en plong\u00e9 de nuit \u00e0 El Nido, Philippines\" \/>\n<meta property=\"og:url\" content=\"https:\/\/www.aquanautelnido.com\/fr\/plongee\/plongees-de-nuit\/\" \/>\n<meta property=\"og:site_name\" content=\"Aquanaut Dive Center\" \/>\n<meta property=\"article:publisher\" content=\"https:\/\/www.facebook.com\/Aquanautelnido\" \/>\n<meta property=\"article:modified_time\" content=\"2022-10-23T04:14:31+00:00\" \/>\n<meta property=\"og:image\" content=\"http:\/\/www.aquanautelnido.com\/wp-content\/uploads\/2014\/10\/PADI_hor_T.png\" \/>\n<meta name=\"twitter:card\" content=\"summary_large_image\" \/>\n<meta name=\"twitter:label1\" content=\"Dur\u00e9e de lecture estim\u00e9e\" \/>\n\t<meta name=\"twitter:data1\" content=\"2 minutes\" \/>\n<script type=\"application\/ld+json\" class=\"yoast-schema-graph\">{\"@context\":\"https:\/\/schema.org\",\"@graph\":[{\"@type\":\"WebPage\",\"@id\":\"https:\/\/www.aquanautelnido.com\/fr\/plongee\/plongees-de-nuit\/\",\"url\":\"https:\/\/www.aquanautelnido.com\/fr\/plongee\/plongees-de-nuit\/\",\"name\":\"Plong\u00e9es de nuit \u00e0 El Nido, Philippines - Aquanaut Dive Center\",\"isPartOf\":{\"@id\":\"https:\/\/www.aquanautelnido.com\/fr\/#website\"},\"primaryImageOfPage\":{\"@id\":\"https:\/\/www.aquanautelnido.com\/fr\/plongee\/plongees-de-nuit\/#primaryimage\"},\"image\":{\"@id\":\"https:\/\/www.aquanautelnido.com\/fr\/plongee\/plongees-de-nuit\/#primaryimage\"},\"thumbnailUrl\":\"http:\/\/www.aquanautelnido.com\/wp-content\/uploads\/2014\/10\/PADI_hor_T.png\",\"datePublished\":\"2017-06-29T20:27:48+00:00\",\"dateModified\":\"2022-10-23T04:14:31+00:00\",\"description\":\"Parcourez les t\u00e9n\u00e8bres en plong\u00e9 de nuit \u00e0 El Nido, Philippines\",\"breadcrumb\":{\"@id\":\"https:\/\/www.aquanautelnido.com\/fr\/plongee\/plongees-de-nuit\/#breadcrumb\"},\"inLanguage\":\"fr-FR\",\"potentialAction\":[{\"@type\":\"ReadAction\",\"target\":[\"https:\/\/www.aquanautelnido.com\/fr\/plongee\/plongees-de-nuit\/\"]}]},{\"@type\":\"ImageObject\",\"inLanguage\":\"fr-FR\",\"@id\":\"https:\/\/www.aquanautelnido.com\/fr\/plongee\/plongees-de-nuit\/#primaryimage\",\"url\":\"http:\/\/www.aquanautelnido.com\/wp-content\/uploads\/2014\/10\/PADI_hor_T.png\",\"contentUrl\":\"http:\/\/www.aquanautelnido.com\/wp-content\/uploads\/2014\/10\/PADI_hor_T.png\"},{\"@type\":\"BreadcrumbList\",\"@id\":\"https:\/\/www.aquanautelnido.com\/fr\/plongee\/plongees-de-nuit\/#breadcrumb\",\"itemListElement\":[{\"@type\":\"ListItem\",\"position\":1,\"name\":\"Home\",\"item\":\"https:\/\/www.aquanautelnido.com\/fr\/\"},{\"@type\":\"ListItem\",\"position\":2,\"name\":\"Plong\u00e9e\",\"item\":\"https:\/\/www.aquanautelnido.com\/fr\/plongee\/\"},{\"@type\":\"ListItem\",\"position\":3,\"name\":\"Plong\u00e9es de nuit\"}]},{\"@type\":\"WebSite\",\"@id\":\"https:\/\/www.aquanautelnido.com\/fr\/#website\",\"url\":\"https:\/\/www.aquanautelnido.com\/fr\/\",\"name\":\"Aquanaut Dive Center\",\"description\":\"Scuba Diving in El Nido, Palawan, Philippines\",\"potentialAction\":[{\"@type\":\"SearchAction\",\"target\":{\"@type\":\"EntryPoint\",\"urlTemplate\":\"https:\/\/www.aquanautelnido.com\/fr\/?s={search_term_string}\"},\"query-input\":{\"@type\":\"PropertyValueSpecification\",\"valueRequired\":true,\"valueName\":\"search_term_string\"}}],\"inLanguage\":\"fr-FR\"}]}<\/script>\n<!-- \/ Yoast SEO plugin. -->","yoast_head_json":{"title":"Plong\u00e9es de nuit \u00e0 El Nido, Philippines - Aquanaut Dive Center","description":"Parcourez les t\u00e9n\u00e8bres en plong\u00e9 de nuit \u00e0 El Nido, Philippines","robots":{"index":"index","follow":"follow","max-snippet":"max-snippet:-1","max-image-preview":"max-image-preview:large","max-video-preview":"max-video-preview:-1"},"canonical":"https:\/\/www.aquanautelnido.com\/fr\/plongee\/plongees-de-nuit\/","og_locale":"fr_FR","og_type":"article","og_title":"Plong\u00e9es de nuit \u00e0 El Nido, Philippines - Aquanaut Dive Center","og_description":"Parcourez les t\u00e9n\u00e8bres en plong\u00e9 de nuit \u00e0 El Nido, Philippines","og_url":"https:\/\/www.aquanautelnido.com\/fr\/plongee\/plongees-de-nuit\/","og_site_name":"Aquanaut Dive Center","article_publisher":"https:\/\/www.facebook.com\/Aquanautelnido","article_modified_time":"2022-10-23T04:14:31+00:00","og_image":[{"url":"http:\/\/www.aquanautelnido.com\/wp-content\/uploads\/2014\/10\/PADI_hor_T.png","type":"","width":"","height":""}],"twitter_card":"summary_large_image","twitter_misc":{"Dur\u00e9e de lecture estim\u00e9e":"2 minutes"},"schema":{"@context":"https:\/\/schema.org","@graph":[{"@type":"WebPage","@id":"https:\/\/www.aquanautelnido.com\/fr\/plongee\/plongees-de-nuit\/","url":"https:\/\/www.aquanautelnido.com\/fr\/plongee\/plongees-de-nuit\/","name":"Plong\u00e9es de nuit \u00e0 El Nido, Philippines - Aquanaut Dive Center","isPartOf":{"@id":"https:\/\/www.aquanautelnido.com\/fr\/#website"},"primaryImageOfPage":{"@id":"https:\/\/www.aquanautelnido.com\/fr\/plongee\/plongees-de-nuit\/#primaryimage"},"image":{"@id":"https:\/\/www.aquanautelnido.com\/fr\/plongee\/plongees-de-nuit\/#primaryimage"},"thumbnailUrl":"http:\/\/www.aquanautelnido.com\/wp-content\/uploads\/2014\/10\/PADI_hor_T.png","datePublished":"2017-06-29T20:27:48+00:00","dateModified":"2022-10-23T04:14:31+00:00","description":"Parcourez les t\u00e9n\u00e8bres en plong\u00e9 de nuit \u00e0 El Nido, Philippines","breadcrumb":{"@id":"https:\/\/www.aquanautelnido.com\/fr\/plongee\/plongees-de-nuit\/#breadcrumb"},"inLanguage":"fr-FR","potentialAction":[{"@type":"ReadAction","target":["https:\/\/www.aquanautelnido.com\/fr\/plongee\/plongees-de-nuit\/"]}]},{"@type":"ImageObject","inLanguage":"fr-FR","@id":"https:\/\/www.aquanautelnido.com\/fr\/plongee\/plongees-de-nuit\/#primaryimage","url":"http:\/\/www.aquanautelnido.com\/wp-content\/uploads\/2014\/10\/PADI_hor_T.png","contentUrl":"http:\/\/www.aquanautelnido.com\/wp-content\/uploads\/2014\/10\/PADI_hor_T.png"},{"@type":"BreadcrumbList","@id":"https:\/\/www.aquanautelnido.com\/fr\/plongee\/plongees-de-nuit\/#breadcrumb","itemListElement":[{"@type":"ListItem","position":1,"name":"Home","item":"https:\/\/www.aquanautelnido.com\/fr\/"},{"@type":"ListItem","position":2,"name":"Plong\u00e9e","item":"https:\/\/www.aquanautelnido.com\/fr\/plongee\/"},{"@type":"ListItem","position":3,"name":"Plong\u00e9es de nuit"}]},{"@type":"WebSite","@id":"https:\/\/www.aquanautelnido.com\/fr\/#website","url":"https:\/\/www.aquanautelnido.com\/fr\/","name":"Aquanaut Dive Center","description":"Scuba Diving in El Nido, Palawan, Philippines","potentialAction":[{"@type":"SearchAction","target":{"@type":"EntryPoint","urlTemplate":"https:\/\/www.aquanautelnido.com\/fr\/?s={search_term_string}"},"query-input":{"@type":"PropertyValueSpecification","valueRequired":true,"valueName":"search_term_string"}}],"inLanguage":"fr-FR"}]}},"_links":{"self":[{"href":"https:\/\/www.aquanautelnido.com\/fr\/wp-json\/wp\/v2\/pages\/12246","targetHints":{"allow":["GET"]}}],"collection":[{"href":"https:\/\/www.aquanautelnido.com\/fr\/wp-json\/wp\/v2\/pages"}],"about":[{"href":"https:\/\/www.aquanautelnido.com\/fr\/wp-json\/wp\/v2\/types\/page"}],"author":[{"embeddable":true,"href":"https:\/\/www.aquanautelnido.com\/fr\/wp-json\/wp\/v2\/users\/1"}],"replies":[{"embeddable":true,"href":"https:\/\/www.aquanautelnido.com\/fr\/wp-json\/wp\/v2\/comments?post=12246"}],"version-history":[{"count":10,"href":"https:\/\/www.aquanautelnido.com\/fr\/wp-json\/wp\/v2\/pages\/12246\/revisions"}],"predecessor-version":[{"id":13904,"href":"https:\/\/www.aquanautelnido.com\/fr\/wp-json\/wp\/v2\/pages\/12246\/revisions\/13904"}],"up":[{"embeddable":true,"href":"https:\/\/www.aquanautelnido.com\/fr\/wp-json\/wp\/v2\/pages\/12238"}],"wp:attachment":[{"href":"https:\/\/www.aquanautelnido.com\/fr\/wp-json\/wp\/v2\/media?parent=12246"}],"curies":[{"name":"wp","href":"https:\/\/api.w.org\/{rel}","templated":true}]}}