{"id":12297,"date":"2017-06-30T15:31:48","date_gmt":"2017-06-30T07:31:48","guid":{"rendered":"http:\/\/www.aquanautelnido.com\/home\/"},"modified":"2022-10-14T13:05:06","modified_gmt":"2022-10-14T05:05:06","slug":"fr","status":"publish","type":"page","link":"https:\/\/www.aquanautelnido.com\/fr\/","title":{"rendered":"Home"},"content":{"rendered":"<div class=\"wpb-content-wrapper\">[vc_row row_type=\u00a0\u00bbsection\u00a0\u00bb padding_top=\u00a0\u00bb10&Prime; padding_bottom=\u00a0\u00bb10&Prime;][vc_column][vc_column_text]\n<hr \/>\n<h2 style=\"text-align: center;\">Aquanaut Dive Center, plong\u00e9es \u00e0 El Nido, Philippines<\/h2>\n<hr \/>\n[\/vc_column_text][\/vc_column][\/vc_row][vc_row row_type=\u00a0\u00bbsection\u00a0\u00bb padding_top=\u00a0\u00bb10&Prime; padding_bottom=\u00a0\u00bb0&Prime;][vc_column][vc_row_inner row_type=\u00a0\u00bbsection\u00a0\u00bb padding_top=\u00a0\u00bb0&Prime; padding_bottom=\u00a0\u00bb0&Prime;][vc_column_inner width=\u00a0\u00bb1\/2&Prime;]\n<div class='q_icon_with_title small '><div class=\"icon_holder \" style=\" transition-delay: 200ms; -webkit-transition-delay: 200ms; -moz-transition-delay: 200ms; -o-transition-delay: 200ms;\"><span style=\"\" class=\"font_awsome_icon fa-2x \"><i class=\"fa fa-home\" style=\"\"><\/i><\/span><\/div><div class=\"icon_text_holder\"><div class=\"icon_text_inner\" style=\"\"><h4 class=\"icon_title\" style=\"\">About Aquanaut<\/h4><p style=''>Aquanaut Dive Center est situ\u00e9e au nord de la c\u00e9l\u00e8bre province de Palawan, aux Philippines. Nous offrons un large choix de cours PADI, de d\u00e9butants (a partir de 8ans) jusqu a des niveaux professionel, decouvrez la l\u00e9gendaire baie des Bacuits a travers nos excursions jounali\u00e8re et plong\u00e9es de nuit<\/p><a class='icon_with_title_link' href='http:\/\/www.aquanautelnido.com\/fr\/le-centre\/' target='_self' style='color: ;'>En savoir plus<\/a><\/div><\/div><\/div>\n[\/vc_column_inner][vc_column_inner width=\u00a0\u00bb1\/2&Prime;]\n<div class='q_icon_with_title small '><div class=\"icon_holder \" style=\" transition-delay: 200ms; -webkit-transition-delay: 200ms; -moz-transition-delay: 200ms; -o-transition-delay: 200ms;\"><span style=\"\" class=\"font_awsome_icon fa-2x \"><i class=\"fa fa-book\" style=\"\"><\/i><\/span><\/div><div class=\"icon_text_holder\"><div class=\"icon_text_inner\" style=\"\"><h4 class=\"icon_title\" style=\"\">Devenir un plongeur certifi\u00e9 avec PADI.<\/h4><p style=''>D\u00e9butant ou confirm\u00e9? La formation est notre passion, et il y en as pour tout le monde! Decouvrez notre gamme de cours PADI.<\/p><a class='icon_with_title_link' href='http:\/\/www.aquanautelnido.com\/fr\/cours-padi\/' target='_self' style='color: ;'>En savoir plus sur les cours PADI<\/a><\/div><\/div><\/div>\n[vc_separator type=&rsquo;transparent&rsquo; position=&rsquo;center&rsquo; color=\u00a0\u00bb thickness=&rsquo;10&rsquo; up=\u00a0\u00bb down=\u00a0\u00bb][\/vc_column_inner][\/vc_row_inner][vc_row_inner row_type=\u00a0\u00bbsection\u00a0\u00bb padding_top=\u00a0\u00bb0&Prime; padding_bottom=\u00a0\u00bb0&Prime;][vc_column_inner width=\u00a0\u00bb1\/2&Prime;]\n<div class='q_icon_with_title small '><div class=\"icon_holder \" style=\" transition-delay: 200ms; -webkit-transition-delay: 200ms; -moz-transition-delay: 200ms; -o-transition-delay: 200ms;\"><span style=\"\" class=\"font_awsome_icon fa-2x \"><i class=\"fa fa-picture-o\" style=\"\"><\/i><\/span><\/div><div class=\"icon_text_holder\"><div class=\"icon_text_inner\" style=\"\"><h4 class=\"icon_title\" style=\"\">El Nido<\/h4><p style=''>El Nido un petit village face a l'impressionante baie des Bacuits,est enregistr\u00e9e comme zone marine prot\u00e9g\u00e9e. Explorez et decouvrez la beaut\u00e9e des fonds marins avec un large \u00e9vantail de vie aquatique et r\u00e9cifs coralien, une experience a couper le souffle.<\/p><a class='icon_with_title_link' href='http:\/\/www.aquanautelnido.com\/fr\/comment-sy-rendre-a-el-nido\/' target='_self' style='color: ;'>Lire plus sur El Nido<\/a><\/div><\/div><\/div>[\/vc_column_inner][vc_column_inner width=\u00a0\u00bb1\/2&Prime;]\n<div class='q_icon_with_title small '><div class=\"icon_holder \" style=\" transition-delay: 200ms; -webkit-transition-delay: 200ms; -moz-transition-delay: 200ms; -o-transition-delay: 200ms;\"><span style=\"\" class=\"font_awsome_icon fa-2x \"><i class=\"fa fa-anchor\" style=\"\"><\/i><\/span><\/div><div class=\"icon_text_holder\"><div class=\"icon_text_inner\" style=\"\"><h4 class=\"icon_title\" style=\"\">Tous a l'eau!!<\/h4><p style=''>Devenez un plongeur avec Aquanaut Dive Center et rejoignez nous sur nos randonn\u00e9es subaquatiques. tunnel, cave,tombant, recifs coraliens, explorez une large vari\u00e9t\u00e9e de sites a travers notre archipel.<\/p><a class='icon_with_title_link' href='http:\/\/www.aquanautelnido.com\/fr\/plongee\/' target='_self' style='color: ;'>En savoir plus sur nos plong\u00e9es.<\/a><\/div><\/div><\/div>[\/vc_column_inner][\/vc_row_inner][\/vc_column][\/vc_row]\n[vc_row row_type=\u00a0\u00bbsection\u00a0\u00bb padding_bottom=\u00a0\u00bb0&Prime;][vc_column width=\u00a0\u00bb1\/2&Prime;]<div class=\"q_image_with_text_over \"><div class=\"shader\"><\/div><img decoding=\"async\" src=\"https:\/\/www.aquanautelnido.com\/wp-content\/uploads\/2016\/07\/PADIcourses.jpg\" alt=\"R\u00e9servez maintenant votre PADI Open Water cours avec th\u00e9orie en ligne (eLearning)\" \/><div class=\"text\"><table><tr><td><h3 class=\"caption no_icon\" style=\"\">R\u00e9servez maintenant votre PADI Open Water cours avec th\u00e9orie en ligne (eLearning)<\/h3><\/td><\/tr><\/table><table><tr><td><div class=\"desc\">\n<h3><a href=\"https:\/\/www.aquanautelnido.com\/fr\/cours-padi\/cours-padi-open-water-diver\/\">R\u00e9servez maintenant votre PADI Open Water cours avec th\u00e9orie en ligne (eLearning)<\/a><\/h3>\n<\/div><\/td><\/tr><\/table><\/div><\/div>[\/vc_column][vc_column width=\u00a0\u00bb1\/2&Prime;]<div class=\"q_image_with_text_over \"><div class=\"shader\"><\/div><img decoding=\"async\" src=\"https:\/\/www.aquanautelnido.com\/wp-content\/uploads\/2016\/07\/FunDives2.jpeg\" alt=\"R\u00e9servez maintenant votre excursions, plong\u00e9e de nuit et plong\u00e9e fluorescente\" \/><div class=\"text\"><table><tr><td><h3 class=\"caption no_icon\" style=\"\">R\u00e9servez maintenant votre excursions, plong\u00e9e de nuit et plong\u00e9e fluorescente<\/h3><\/td><\/tr><\/table><table><tr><td><div class=\"desc\">\n<h3><a href=\"https:\/\/www.aquanautelnido.com\/fr\/plongee\/\">R\u00e9servez maintenant votre excursions, plong\u00e9e de nuit et plong\u00e9e fluorescente<\/a><\/h3>\n<\/div><\/td><\/tr><\/table><\/div><\/div>[\/vc_column][\/vc_row][vc_row row_type=\u00a0\u00bbsection\u00a0\u00bb][vc_column]<div class=\"q_image_with_text_over \"><div class=\"shader\"><\/div><img decoding=\"async\" src=\"https:\/\/www.aquanautelnido.com\/wp-content\/uploads\/2016\/07\/BangkaPapaya60-scaled.jpg\" alt=\"Comment ce rendre a El Nido.\" \/><div class=\"text\"><table><tr><td><h3 class=\"caption no_icon\" style=\"\">Comment ce rendre a El Nido.<\/h3><\/td><\/tr><\/table><table><tr><td><div class=\"desc\">\n<h3><a href=\"https:\/\/www.aquanautelnido.com\/fr\/el-nido\/comment-sy-rendre-a-el-nido\/\">Comment ce rendre a El Nido.<\/a><\/h3>\n<\/div><\/td><\/tr><\/table><\/div><\/div>[\/vc_column]\n[vc_column]<div class=\"q_image_with_text_over \"><div class=\"shader\"><\/div><img decoding=\"async\" src=\"https:\/\/www.aquanautelnido.com\/wp-content\/uploads\/2022\/10\/HeaderAcommodationCadlao-1.jpg\" alt=\"Forfait plong\u00e9e et h\u00e9bergement\" \/><div class=\"text\"><table><tr><td><h3 class=\"caption no_icon\" style=\"\">Forfait plong\u00e9e et h\u00e9bergement<\/h3><\/td><\/tr><\/table><table><tr><td><div class=\"desc\">\n<h3><a href=\"https:\/\/www.aquanautelnido.com\/fr\/plongee-et-hebergement\/\">Forfait plong\u00e9e et h\u00e9bergement!<\/a><\/h3>\n<\/div><\/td><\/tr><\/table><\/div><\/div>[\/vc_column][\/vc_row]\n<hr \/>\n<\/div>","protected":false},"excerpt":{"rendered":"<p>[vc_row row_type=\u00a0\u00bbsection\u00a0\u00bb padding_top=\u00a0\u00bb10&Prime; padding_bottom=\u00a0\u00bb10&Prime;][vc_column][vc_column_text] Aquanaut Dive Center, plong\u00e9es \u00e0 El Nido, Philippines [\/vc_column_text][\/vc_column][\/vc_row][vc_row row_type=\u00a0\u00bbsection\u00a0\u00bb padding_top=\u00a0\u00bb10&Prime; padding_bottom=\u00a0\u00bb0&Prime;][vc_column][vc_row_inner row_type=\u00a0\u00bbsection\u00a0\u00bb padding_top=\u00a0\u00bb0&Prime; padding_bottom=\u00a0\u00bb0&Prime;][vc_column_inner width=\u00a0\u00bb1\/2&Prime;] [\/vc_column_inner][vc_column_inner width=\u00a0\u00bb1\/2&Prime;] [vc_separator type=&rsquo;transparent&rsquo; position=&rsquo;center&rsquo; color=\u00a0\u00bb thickness=&rsquo;10&rsquo; up=\u00a0\u00bb down=\u00a0\u00bb][\/vc_column_inner][\/vc_row_inner][vc_row_inner row_type=\u00a0\u00bbsection\u00a0\u00bb padding_top=\u00a0\u00bb0&Prime; padding_bottom=\u00a0\u00bb0&Prime;][vc_column_inner width=\u00a0\u00bb1\/2&Prime;] [\/vc_column_inner][vc_column_inner width=\u00a0\u00bb1\/2&Prime;] [\/vc_column_inner][\/vc_row_inner][\/vc_column][\/vc_row] [vc_row row_type=\u00a0\u00bbsection\u00a0\u00bb padding_bottom=\u00a0\u00bb0&Prime;][vc_column width=\u00a0\u00bb1\/2&Prime;][\/vc_column][vc_column&#8230;<\/p>\n","protected":false},"author":1,"featured_media":0,"parent":0,"menu_order":0,"comment_status":"closed","ping_status":"closed","template":"full_width.php","meta":{"footnotes":""},"class_list":["post-12297","page","type-page","status-publish","hentry"],"yoast_head":"<!-- This site is optimized with the Yoast SEO plugin v26.4 - https:\/\/yoast.com\/wordpress\/plugins\/seo\/ -->\n<title>Aquanaut Dive Center, la plong\u00e9e aux El Nido, Philippines<\/title>\n<meta name=\"description\" content=\"La plong\u00e9e aux El Nido, Philippines. Cours PADI, de d\u00e9butants jusqu a des niveaux professionel, decouvrez Palawan a travers nos plong\u00e9es du jour, de nuit et plus\" \/>\n<meta name=\"robots\" content=\"index, follow, max-snippet:-1, max-image-preview:large, max-video-preview:-1\" \/>\n<link rel=\"canonical\" href=\"https:\/\/www.aquanautelnido.com\/fr\/\" \/>\n<meta property=\"og:locale\" content=\"fr_FR\" \/>\n<meta property=\"og:type\" content=\"article\" \/>\n<meta property=\"og:title\" content=\"Aquanaut Dive Center, la plong\u00e9e aux El Nido, Philippines\" \/>\n<meta property=\"og:description\" content=\"La plong\u00e9e aux El Nido, Philippines. Cours PADI, de d\u00e9butants jusqu a des niveaux professionel, decouvrez Palawan a travers nos plong\u00e9es du jour, de nuit et plus\" \/>\n<meta property=\"og:url\" content=\"https:\/\/www.aquanautelnido.com\/fr\/\" \/>\n<meta property=\"og:site_name\" content=\"Aquanaut Dive Center\" \/>\n<meta property=\"article:publisher\" content=\"https:\/\/www.facebook.com\/Aquanautelnido\" \/>\n<meta property=\"article:modified_time\" content=\"2022-10-14T05:05:06+00:00\" \/>\n<meta name=\"twitter:card\" content=\"summary_large_image\" \/>\n<meta name=\"twitter:label1\" content=\"Dur\u00e9e de lecture estim\u00e9e\" \/>\n\t<meta name=\"twitter:data1\" content=\"3 minutes\" \/>\n<script type=\"application\/ld+json\" class=\"yoast-schema-graph\">{\"@context\":\"https:\/\/schema.org\",\"@graph\":[{\"@type\":\"WebPage\",\"@id\":\"https:\/\/www.aquanautelnido.com\/fr\/\",\"url\":\"https:\/\/www.aquanautelnido.com\/fr\/\",\"name\":\"Aquanaut Dive Center, la plong\u00e9e aux El Nido, Philippines\",\"isPartOf\":{\"@id\":\"https:\/\/www.aquanautelnido.com\/fr\/#website\"},\"datePublished\":\"2017-06-30T07:31:48+00:00\",\"dateModified\":\"2022-10-14T05:05:06+00:00\",\"description\":\"La plong\u00e9e aux El Nido, Philippines. Cours PADI, de d\u00e9butants jusqu a des niveaux professionel, decouvrez Palawan a travers nos plong\u00e9es du jour, de nuit et plus\",\"breadcrumb\":{\"@id\":\"https:\/\/www.aquanautelnido.com\/fr\/#breadcrumb\"},\"inLanguage\":\"fr-FR\",\"potentialAction\":[{\"@type\":\"ReadAction\",\"target\":[\"https:\/\/www.aquanautelnido.com\/fr\/\"]}]},{\"@type\":\"BreadcrumbList\",\"@id\":\"https:\/\/www.aquanautelnido.com\/fr\/#breadcrumb\",\"itemListElement\":[{\"@type\":\"ListItem\",\"position\":1,\"name\":\"Home\",\"item\":\"https:\/\/www.aquanautelnido.com\/fr\/\"},{\"@type\":\"ListItem\",\"position\":2,\"name\":\"Home\"}]},{\"@type\":\"WebSite\",\"@id\":\"https:\/\/www.aquanautelnido.com\/fr\/#website\",\"url\":\"https:\/\/www.aquanautelnido.com\/fr\/\",\"name\":\"Aquanaut Dive Center\",\"description\":\"Scuba Diving in El Nido, Palawan, Philippines\",\"potentialAction\":[{\"@type\":\"SearchAction\",\"target\":{\"@type\":\"EntryPoint\",\"urlTemplate\":\"https:\/\/www.aquanautelnido.com\/fr\/?s={search_term_string}\"},\"query-input\":{\"@type\":\"PropertyValueSpecification\",\"valueRequired\":true,\"valueName\":\"search_term_string\"}}],\"inLanguage\":\"fr-FR\"}]}<\/script>\n<!-- \/ Yoast SEO plugin. -->","yoast_head_json":{"title":"Aquanaut Dive Center, la plong\u00e9e aux El Nido, Philippines","description":"La plong\u00e9e aux El Nido, Philippines. Cours PADI, de d\u00e9butants jusqu a des niveaux professionel, decouvrez Palawan a travers nos plong\u00e9es du jour, de nuit et plus","robots":{"index":"index","follow":"follow","max-snippet":"max-snippet:-1","max-image-preview":"max-image-preview:large","max-video-preview":"max-video-preview:-1"},"canonical":"https:\/\/www.aquanautelnido.com\/fr\/","og_locale":"fr_FR","og_type":"article","og_title":"Aquanaut Dive Center, la plong\u00e9e aux El Nido, Philippines","og_description":"La plong\u00e9e aux El Nido, Philippines. Cours PADI, de d\u00e9butants jusqu a des niveaux professionel, decouvrez Palawan a travers nos plong\u00e9es du jour, de nuit et plus","og_url":"https:\/\/www.aquanautelnido.com\/fr\/","og_site_name":"Aquanaut Dive Center","article_publisher":"https:\/\/www.facebook.com\/Aquanautelnido","article_modified_time":"2022-10-14T05:05:06+00:00","twitter_card":"summary_large_image","twitter_misc":{"Dur\u00e9e de lecture estim\u00e9e":"3 minutes"},"schema":{"@context":"https:\/\/schema.org","@graph":[{"@type":"WebPage","@id":"https:\/\/www.aquanautelnido.com\/fr\/","url":"https:\/\/www.aquanautelnido.com\/fr\/","name":"Aquanaut Dive Center, la plong\u00e9e aux El Nido, Philippines","isPartOf":{"@id":"https:\/\/www.aquanautelnido.com\/fr\/#website"},"datePublished":"2017-06-30T07:31:48+00:00","dateModified":"2022-10-14T05:05:06+00:00","description":"La plong\u00e9e aux El Nido, Philippines. Cours PADI, de d\u00e9butants jusqu a des niveaux professionel, decouvrez Palawan a travers nos plong\u00e9es du jour, de nuit et plus","breadcrumb":{"@id":"https:\/\/www.aquanautelnido.com\/fr\/#breadcrumb"},"inLanguage":"fr-FR","potentialAction":[{"@type":"ReadAction","target":["https:\/\/www.aquanautelnido.com\/fr\/"]}]},{"@type":"BreadcrumbList","@id":"https:\/\/www.aquanautelnido.com\/fr\/#breadcrumb","itemListElement":[{"@type":"ListItem","position":1,"name":"Home","item":"https:\/\/www.aquanautelnido.com\/fr\/"},{"@type":"ListItem","position":2,"name":"Home"}]},{"@type":"WebSite","@id":"https:\/\/www.aquanautelnido.com\/fr\/#website","url":"https:\/\/www.aquanautelnido.com\/fr\/","name":"Aquanaut Dive Center","description":"Scuba Diving in El Nido, Palawan, Philippines","potentialAction":[{"@type":"SearchAction","target":{"@type":"EntryPoint","urlTemplate":"https:\/\/www.aquanautelnido.com\/fr\/?s={search_term_string}"},"query-input":{"@type":"PropertyValueSpecification","valueRequired":true,"valueName":"search_term_string"}}],"inLanguage":"fr-FR"}]}},"_links":{"self":[{"href":"https:\/\/www.aquanautelnido.com\/fr\/wp-json\/wp\/v2\/pages\/12297","targetHints":{"allow":["GET"]}}],"collection":[{"href":"https:\/\/www.aquanautelnido.com\/fr\/wp-json\/wp\/v2\/pages"}],"about":[{"href":"https:\/\/www.aquanautelnido.com\/fr\/wp-json\/wp\/v2\/types\/page"}],"author":[{"embeddable":true,"href":"https:\/\/www.aquanautelnido.com\/fr\/wp-json\/wp\/v2\/users\/1"}],"replies":[{"embeddable":true,"href":"https:\/\/www.aquanautelnido.com\/fr\/wp-json\/wp\/v2\/comments?post=12297"}],"version-history":[{"count":24,"href":"https:\/\/www.aquanautelnido.com\/fr\/wp-json\/wp\/v2\/pages\/12297\/revisions"}],"predecessor-version":[{"id":13820,"href":"https:\/\/www.aquanautelnido.com\/fr\/wp-json\/wp\/v2\/pages\/12297\/revisions\/13820"}],"wp:attachment":[{"href":"https:\/\/www.aquanautelnido.com\/fr\/wp-json\/wp\/v2\/media?parent=12297"}],"curies":[{"name":"wp","href":"https:\/\/api.w.org\/{rel}","templated":true}]}}