{"id":12350,"date":"2017-07-02T15:58:57","date_gmt":"2017-07-02T07:58:57","guid":{"rendered":"http:\/\/www.aquanautelnido.com\/cours-padi\/bubblemaker\/"},"modified":"2025-04-09T16:22:43","modified_gmt":"2025-04-09T08:22:43","slug":"padi-bubblemaker","status":"publish","type":"page","link":"https:\/\/www.aquanautelnido.com\/fr\/cours-padi\/padi-bubblemaker\/","title":{"rendered":"Bubblemaker"},"content":{"rendered":"<div class=\"wpb-content-wrapper\">[vc_row row_type=\u00a0\u00bbsection\u00a0\u00bb padding_top=\u00a0\u00bb0&Prime; padding_bottom=\u00a0\u00bb0&Prime;][vc_column width=\u00a0\u00bb2\/3&Prime;][vc_column_text]\n<h1>Comment devenir un PADI Bubblemaker (8ans et +)<\/h1>\n[\/vc_column_text][vc_separator type=\u00a0\u00bbtransparent\u00a0\u00bb up=\u00a0\u00bb10&Prime; down=\u00a0\u00bb0&Prime;][vc_column_text]Vous aimez la plong\u00e9e, alors pourquoi ne pas partager votre passion avec vos enfants\u00a0? Sp\u00e9cialement con\u00e7ue pour les enfants, le cours Bubblemaker est encadr\u00e9 par des professionnels de la plong\u00e9e et se fait en toute s\u00e9curit\u00e9. Pendant votre <a title=\"Day trips\" href=\"http:\/\/www.aquanautelnido.com\/fr\/plongee\/\">journ\u00e9e de plong\u00e9e<\/a>, les enfants seront entre de bonnes mains avec l\u2019\u00e9quipe d\u2019Aquananaut, nous porterons toutes notre attention sur eux et les traiterons avec grand respect. \u00a0\u00a0[\/vc_column_text][vc_separator type=\u00a0\u00bbtransparent\u00a0\u00bb up=\u00a0\u00bb10&Prime; down=\u00a0\u00bb0&Prime;][vc_column_text]Pendant une journ\u00e9e, un instructeur sera proche de vos enfants et leur expliqueront les bases de la plong\u00e9 d\u2019une fa\u00e7on claire et facile \u00e0 comprendre. Apr\u00e8s \u00e7a vos petits Nemos feront des exercices simples sous l\u2019eau et l\u2019instructeur les emm\u00e8nera faire un tour pour rencontrer la fabuleuse vie marine que l\u2019on peut voir dans les fonds marins \u00e0 El Nido. .. Imaginez leurs enthousiasmes quand ils verront leur premi\u00e8re tortue\u00a0! [\/vc_column_text][vc_separator type=\u00a0\u00bbtransparent\u00a0\u00bb up=\u00a0\u00bb10&Prime; down=\u00a0\u00bb0&Prime;][vc_column_text]Jetez un coup d\u2019\u0153il sur les cours PADI que vous pouvez faire avec nous pendant que nous prenons soin de vos enfants ou contactez nous nous seront ravie de vous fournir de plus amples informations[\/vc_column_text][vc_separator type=\u00a0\u00bbtransparent\u00a0\u00bb up=\u00a0\u00bb6&Prime; down=\u00a0\u00bb6&Prime;][\/vc_column][vc_column width=\u00a0\u00bb1\/3&Prime;]<div class='q_price_table'><div class='price_table_inner'><ul><li class='prices'><div class='price_in_table'><sup class='value'>\u20b1<\/sup><span class='price'>5,800<\/span><sub class='mark'>.<\/sub><\/div><\/li><li class='cell table_title'>Bubblemaker<\/li><img decoding=\"async\" src=\"http:\/\/www.aquanautelnido.com\/wp-content\/uploads\/2014\/10\/PADI_hor_T.png\" alt=\"\" \/><\/p>\n<ul>\n<li>Duration : 1 Day<\/li>\n<li>2 plong\u00e9es<\/li>\n<li>Minimum level required : none<\/li>\n<li>Minimum age : 8\u00a0years old<\/li>\n<li>Parental Aproval required<\/li>\n<\/ul>\n<li class='price_button'><a class='qbutton normal' href='https:\/\/www.aquanautelnido.com\/fr\/contact\/' target='_blank'>Contact<\/a><\/li><\/ul><\/div><\/div>[vc_separator type=\u00a0\u00bbtransparent\u00a0\u00bb up=\u00a0\u00bb2&Prime; down=\u00a0\u00bb4&Prime;][vc_column_text css=\u00a0\u00bb\u00a0\u00bb]\n<p style=\"text-align: center;\"><strong>R\u00e9serve maintenant !<\/strong><\/p>\n[\/vc_column_text][vc_raw_html css=\u00a0\u00bb\u00a0\u00bb]JTVCYm9va2x5LXNlcnZpY2VzLWZvcm0lMjBidWJibGVtYWtlciU1RA==[\/vc_raw_html][\/vc_column][\/vc_row]\n<\/div>","protected":false},"excerpt":{"rendered":"<p>[vc_row row_type=\u00a0\u00bbsection\u00a0\u00bb padding_top=\u00a0\u00bb0&Prime; padding_bottom=\u00a0\u00bb0&Prime;][vc_column width=\u00a0\u00bb2\/3&Prime;][vc_column_text] Comment devenir un PADI Bubblemaker (8ans et +) [\/vc_column_text][vc_separator type=\u00a0\u00bbtransparent\u00a0\u00bb up=\u00a0\u00bb10&Prime; down=\u00a0\u00bb0&Prime;][vc_column_text]Vous aimez la plong\u00e9e, alors pourquoi ne pas partager votre passion avec vos enfants\u00a0? Sp\u00e9cialement con\u00e7ue pour les enfants, le cours Bubblemaker est encadr\u00e9&#8230;<\/p>\n","protected":false},"author":1,"featured_media":0,"parent":11950,"menu_order":8,"comment_status":"closed","ping_status":"closed","template":"","meta":{"footnotes":""},"class_list":["post-12350","page","type-page","status-publish","hentry"],"yoast_head":"<!-- This site is optimized with the Yoast SEO plugin v26.4 - https:\/\/yoast.com\/wordpress\/plugins\/seo\/ -->\n<title>PADI Bubblemaker - Aquanaut Dive Center<\/title>\n<meta name=\"description\" content=\"PADI Bubblemaker El Nido pour les enfants, le cours Bubblemaker est encadr\u00e9 par des professionnels de la plong\u00e9e et se fait en toute s\u00e9curit\u00e9\" \/>\n<meta name=\"robots\" content=\"index, follow, max-snippet:-1, max-image-preview:large, max-video-preview:-1\" \/>\n<link rel=\"canonical\" href=\"https:\/\/www.aquanautelnido.com\/fr\/cours-padi\/padi-bubblemaker\/\" \/>\n<meta property=\"og:locale\" content=\"fr_FR\" \/>\n<meta property=\"og:type\" content=\"article\" \/>\n<meta property=\"og:title\" content=\"PADI Bubblemaker - Aquanaut Dive Center\" \/>\n<meta property=\"og:description\" content=\"PADI Bubblemaker El Nido pour les enfants, le cours Bubblemaker est encadr\u00e9 par des professionnels de la plong\u00e9e et se fait en toute s\u00e9curit\u00e9\" \/>\n<meta property=\"og:url\" content=\"https:\/\/www.aquanautelnido.com\/fr\/cours-padi\/padi-bubblemaker\/\" \/>\n<meta property=\"og:site_name\" content=\"Aquanaut Dive Center\" \/>\n<meta property=\"article:publisher\" content=\"https:\/\/www.facebook.com\/Aquanautelnido\" \/>\n<meta property=\"article:modified_time\" content=\"2025-04-09T08:22:43+00:00\" \/>\n<meta property=\"og:image\" content=\"http:\/\/www.aquanautelnido.com\/wp-content\/uploads\/2014\/10\/PADI_hor_T.png\" \/>\n<meta name=\"twitter:card\" content=\"summary_large_image\" \/>\n<meta name=\"twitter:label1\" content=\"Dur\u00e9e de lecture estim\u00e9e\" \/>\n\t<meta name=\"twitter:data1\" content=\"2 minutes\" \/>\n<script type=\"application\/ld+json\" class=\"yoast-schema-graph\">{\"@context\":\"https:\/\/schema.org\",\"@graph\":[{\"@type\":\"WebPage\",\"@id\":\"https:\/\/www.aquanautelnido.com\/fr\/cours-padi\/padi-bubblemaker\/\",\"url\":\"https:\/\/www.aquanautelnido.com\/fr\/cours-padi\/padi-bubblemaker\/\",\"name\":\"PADI Bubblemaker - Aquanaut Dive Center\",\"isPartOf\":{\"@id\":\"https:\/\/www.aquanautelnido.com\/fr\/#website\"},\"primaryImageOfPage\":{\"@id\":\"https:\/\/www.aquanautelnido.com\/fr\/cours-padi\/padi-bubblemaker\/#primaryimage\"},\"image\":{\"@id\":\"https:\/\/www.aquanautelnido.com\/fr\/cours-padi\/padi-bubblemaker\/#primaryimage\"},\"thumbnailUrl\":\"http:\/\/www.aquanautelnido.com\/wp-content\/uploads\/2014\/10\/PADI_hor_T.png\",\"datePublished\":\"2017-07-02T07:58:57+00:00\",\"dateModified\":\"2025-04-09T08:22:43+00:00\",\"description\":\"PADI Bubblemaker El Nido pour les enfants, le cours Bubblemaker est encadr\u00e9 par des professionnels de la plong\u00e9e et se fait en toute s\u00e9curit\u00e9\",\"breadcrumb\":{\"@id\":\"https:\/\/www.aquanautelnido.com\/fr\/cours-padi\/padi-bubblemaker\/#breadcrumb\"},\"inLanguage\":\"fr-FR\",\"potentialAction\":[{\"@type\":\"ReadAction\",\"target\":[\"https:\/\/www.aquanautelnido.com\/fr\/cours-padi\/padi-bubblemaker\/\"]}]},{\"@type\":\"ImageObject\",\"inLanguage\":\"fr-FR\",\"@id\":\"https:\/\/www.aquanautelnido.com\/fr\/cours-padi\/padi-bubblemaker\/#primaryimage\",\"url\":\"http:\/\/www.aquanautelnido.com\/wp-content\/uploads\/2014\/10\/PADI_hor_T.png\",\"contentUrl\":\"http:\/\/www.aquanautelnido.com\/wp-content\/uploads\/2014\/10\/PADI_hor_T.png\"},{\"@type\":\"BreadcrumbList\",\"@id\":\"https:\/\/www.aquanautelnido.com\/fr\/cours-padi\/padi-bubblemaker\/#breadcrumb\",\"itemListElement\":[{\"@type\":\"ListItem\",\"position\":1,\"name\":\"Home\",\"item\":\"https:\/\/www.aquanautelnido.com\/fr\/\"},{\"@type\":\"ListItem\",\"position\":2,\"name\":\"Cours PADI\",\"item\":\"https:\/\/www.aquanautelnido.com\/padi-courses\/\"},{\"@type\":\"ListItem\",\"position\":3,\"name\":\"Bubblemaker\"}]},{\"@type\":\"WebSite\",\"@id\":\"https:\/\/www.aquanautelnido.com\/fr\/#website\",\"url\":\"https:\/\/www.aquanautelnido.com\/fr\/\",\"name\":\"Aquanaut Dive Center\",\"description\":\"Scuba Diving in El Nido, Palawan, Philippines\",\"potentialAction\":[{\"@type\":\"SearchAction\",\"target\":{\"@type\":\"EntryPoint\",\"urlTemplate\":\"https:\/\/www.aquanautelnido.com\/fr\/?s={search_term_string}\"},\"query-input\":{\"@type\":\"PropertyValueSpecification\",\"valueRequired\":true,\"valueName\":\"search_term_string\"}}],\"inLanguage\":\"fr-FR\"}]}<\/script>\n<!-- \/ Yoast SEO plugin. -->","yoast_head_json":{"title":"PADI Bubblemaker - Aquanaut Dive Center","description":"PADI Bubblemaker El Nido pour les enfants, le cours Bubblemaker est encadr\u00e9 par des professionnels de la plong\u00e9e et se fait en toute s\u00e9curit\u00e9","robots":{"index":"index","follow":"follow","max-snippet":"max-snippet:-1","max-image-preview":"max-image-preview:large","max-video-preview":"max-video-preview:-1"},"canonical":"https:\/\/www.aquanautelnido.com\/fr\/cours-padi\/padi-bubblemaker\/","og_locale":"fr_FR","og_type":"article","og_title":"PADI Bubblemaker - Aquanaut Dive Center","og_description":"PADI Bubblemaker El Nido pour les enfants, le cours Bubblemaker est encadr\u00e9 par des professionnels de la plong\u00e9e et se fait en toute s\u00e9curit\u00e9","og_url":"https:\/\/www.aquanautelnido.com\/fr\/cours-padi\/padi-bubblemaker\/","og_site_name":"Aquanaut Dive Center","article_publisher":"https:\/\/www.facebook.com\/Aquanautelnido","article_modified_time":"2025-04-09T08:22:43+00:00","og_image":[{"url":"http:\/\/www.aquanautelnido.com\/wp-content\/uploads\/2014\/10\/PADI_hor_T.png","type":"","width":"","height":""}],"twitter_card":"summary_large_image","twitter_misc":{"Dur\u00e9e de lecture estim\u00e9e":"2 minutes"},"schema":{"@context":"https:\/\/schema.org","@graph":[{"@type":"WebPage","@id":"https:\/\/www.aquanautelnido.com\/fr\/cours-padi\/padi-bubblemaker\/","url":"https:\/\/www.aquanautelnido.com\/fr\/cours-padi\/padi-bubblemaker\/","name":"PADI Bubblemaker - Aquanaut Dive Center","isPartOf":{"@id":"https:\/\/www.aquanautelnido.com\/fr\/#website"},"primaryImageOfPage":{"@id":"https:\/\/www.aquanautelnido.com\/fr\/cours-padi\/padi-bubblemaker\/#primaryimage"},"image":{"@id":"https:\/\/www.aquanautelnido.com\/fr\/cours-padi\/padi-bubblemaker\/#primaryimage"},"thumbnailUrl":"http:\/\/www.aquanautelnido.com\/wp-content\/uploads\/2014\/10\/PADI_hor_T.png","datePublished":"2017-07-02T07:58:57+00:00","dateModified":"2025-04-09T08:22:43+00:00","description":"PADI Bubblemaker El Nido pour les enfants, le cours Bubblemaker est encadr\u00e9 par des professionnels de la plong\u00e9e et se fait en toute s\u00e9curit\u00e9","breadcrumb":{"@id":"https:\/\/www.aquanautelnido.com\/fr\/cours-padi\/padi-bubblemaker\/#breadcrumb"},"inLanguage":"fr-FR","potentialAction":[{"@type":"ReadAction","target":["https:\/\/www.aquanautelnido.com\/fr\/cours-padi\/padi-bubblemaker\/"]}]},{"@type":"ImageObject","inLanguage":"fr-FR","@id":"https:\/\/www.aquanautelnido.com\/fr\/cours-padi\/padi-bubblemaker\/#primaryimage","url":"http:\/\/www.aquanautelnido.com\/wp-content\/uploads\/2014\/10\/PADI_hor_T.png","contentUrl":"http:\/\/www.aquanautelnido.com\/wp-content\/uploads\/2014\/10\/PADI_hor_T.png"},{"@type":"BreadcrumbList","@id":"https:\/\/www.aquanautelnido.com\/fr\/cours-padi\/padi-bubblemaker\/#breadcrumb","itemListElement":[{"@type":"ListItem","position":1,"name":"Home","item":"https:\/\/www.aquanautelnido.com\/fr\/"},{"@type":"ListItem","position":2,"name":"Cours PADI","item":"https:\/\/www.aquanautelnido.com\/padi-courses\/"},{"@type":"ListItem","position":3,"name":"Bubblemaker"}]},{"@type":"WebSite","@id":"https:\/\/www.aquanautelnido.com\/fr\/#website","url":"https:\/\/www.aquanautelnido.com\/fr\/","name":"Aquanaut Dive Center","description":"Scuba Diving in El Nido, Palawan, Philippines","potentialAction":[{"@type":"SearchAction","target":{"@type":"EntryPoint","urlTemplate":"https:\/\/www.aquanautelnido.com\/fr\/?s={search_term_string}"},"query-input":{"@type":"PropertyValueSpecification","valueRequired":true,"valueName":"search_term_string"}}],"inLanguage":"fr-FR"}]}},"_links":{"self":[{"href":"https:\/\/www.aquanautelnido.com\/fr\/wp-json\/wp\/v2\/pages\/12350","targetHints":{"allow":["GET"]}}],"collection":[{"href":"https:\/\/www.aquanautelnido.com\/fr\/wp-json\/wp\/v2\/pages"}],"about":[{"href":"https:\/\/www.aquanautelnido.com\/fr\/wp-json\/wp\/v2\/types\/page"}],"author":[{"embeddable":true,"href":"https:\/\/www.aquanautelnido.com\/fr\/wp-json\/wp\/v2\/users\/1"}],"replies":[{"embeddable":true,"href":"https:\/\/www.aquanautelnido.com\/fr\/wp-json\/wp\/v2\/comments?post=12350"}],"version-history":[{"count":10,"href":"https:\/\/www.aquanautelnido.com\/fr\/wp-json\/wp\/v2\/pages\/12350\/revisions"}],"predecessor-version":[{"id":14234,"href":"https:\/\/www.aquanautelnido.com\/fr\/wp-json\/wp\/v2\/pages\/12350\/revisions\/14234"}],"up":[{"embeddable":true,"href":"https:\/\/www.aquanautelnido.com\/fr\/wp-json\/wp\/v2\/pages\/11950"}],"wp:attachment":[{"href":"https:\/\/www.aquanautelnido.com\/fr\/wp-json\/wp\/v2\/media?parent=12350"}],"curies":[{"name":"wp","href":"https:\/\/api.w.org\/{rel}","templated":true}]}}