{"id":12622,"date":"2017-12-10T16:37:25","date_gmt":"2017-12-10T08:37:25","guid":{"rendered":"http:\/\/www.aquanautelnido.com\/plongee\/plongee-fluo-2\/"},"modified":"2017-12-10T16:37:26","modified_gmt":"2017-12-10T08:37:26","slug":"plongee-fluo-2","status":"publish","type":"page","link":"https:\/\/www.aquanautelnido.com\/fr\/plongee\/plongee-fluo-2\/","title":{"rendered":"Plong\u00e9e Fluo"},"content":{"rendered":"<div class=\"wpb-content-wrapper\">[vc_row row_type=\u00a0\u00bbsection\u00a0\u00bb padding_top=\u00a0\u00bb0&Prime; padding_bottom=\u00a0\u00bb0&Prime;][vc_column][vc_column_text]\n<h1>Qu\u2019est-ce que la plong\u00e9e Fluorescente ? <span style=\"color: #000000;\"><\/span>light<\/h1>\n[\/vc_column_text][vc_separator type=\u00a0\u00bbtransparent\u00a0\u00bb up=\u00a0\u00bb14&Prime; down=\u00a0\u00bb0&Prime;][\/vc_column][\/vc_row][vc_row row_type=\u00a0\u00bbsection\u00a0\u00bb padding_top=\u00a0\u00bb0&Prime; padding_bottom=\u00a0\u00bb0&Prime;][vc_column width=\u00a0\u00bb2\/3&Prime;][vc_separator type=\u00a0\u00bbtransparent\u00a0\u00bb up=\u00a0\u00bb14&Prime; down=\u00a0\u00bb0&Prime;][vc_column_text]\n[\/vc_column_text][vc_separator type=\u00a0\u00bbtransparent\u00a0\u00bb up=\u00a0\u00bb14&Prime; down=\u00a0\u00bb0&Prime;][vc_column_text]Imaginez-vous en train de flotter dans une discoth\u00e8que, maintenant imaginez que les coraux soient des n\u00e9ons fluorescents ainsi que certaines cr\u00e9atures qui les entourent. Cela ressemble un peu au film Avatar ![\/vc_column_text][vc_separator type=\u00a0\u00bbtransparent\u00a0\u00bb up=\u00a0\u00bb14&Prime; down=\u00a0\u00bb0&Prime;][vc_column_text]La plong\u00e9e \u00ab Fluo \u00bb est une <a href=\"http:\/\/www.aquanautelnido.com\/fr\/plongee\/plongees-de-nuit\/\" target=\"_blank\">plong\u00e9 de Nuit<\/a> o\u00f9 nous utilisons des lampes de lumi\u00e8re bleu \u00e0 haute intensit\u00e9, celle-ci est combin\u00e9e \u00e0 un Filtre sp\u00e9cial que vous rajouterez sur votre masque, ce qui r\u00e9v\u00e8lera la fluorescence du corail et mais aussi de certaines cr\u00e9atures nocturnes.[\/vc_column_text][vc_separator type=\u00a0\u00bbtransparent\u00a0\u00bb up=\u00a0\u00bb14&Prime; down=\u00a0\u00bb0&Prime;][vc_video link=\u00a0\u00bbhttps:\/\/youtu.be\/qyHXzJ1judQ\u00a0\u00bb el_width=\u00a0\u00bb50&Prime;][vc_separator type=\u00a0\u00bbtransparent\u00a0\u00bb up=\u00a0\u00bb14&Prime; down=\u00a0\u00bb0&Prime;][vc_separator type=\u00a0\u00bbtransparent\u00a0\u00bb up=\u00a0\u00bb14&Prime; down=\u00a0\u00bb0&Prime;][vc_column_text]\n<h2>Comment faire de la plong\u00e9e fluoresente ?<\/h2>\n[\/vc_column_text][vc_separator type=\u00a0\u00bbtransparent\u00a0\u00bb up=\u00a0\u00bb14&Prime; down=\u00a0\u00bb0&Prime;][vc_column_text]On vous fournis la lampe bleu, le filtre et votre \u00e9quipement de plong\u00e9 complet. Au coucher du soleil nous naviguerons vers le site de plong\u00e9e et avec l\u2019exp\u00e9rience de nos plongeurs locaux, nous vous guiderons \u00e0 travers l\u2019obscurit\u00e9 et nous vous r\u00e9v\u00e9lerons la puissance de la florescence des <a href=\"http:\/\/www.aquanautelnido.com\/fr\/les-sites\/\" target=\"_blank\">coraux et de la vie marine<\/a>.<br \/>\n[\/vc_column_text][vc_separator type=\u00a0\u00bbtransparent\u00a0\u00bb up=\u00a0\u00bb14&Prime; down=\u00a0\u00bb0&Prime;][vc_column_text]Les requis minimum pour se joindre \u00e0 une plong\u00e9 fluo sont une licence <a href=\"http:\/\/www.aquanautelnido.com\/fr\/cours-padi\/cours-padi-open-water-diver\/\" target=\"_blank\">PADI Open Water Diver<\/a> avec une preuve enregistr\u00e9 de l\u2019aventure plong\u00e9 de nuit ou un \u00e9quivalent, ou \u00eatre <a href=\"http:\/\/www.aquanautelnido.com\/fr\/cours-padi\/cours-padi-advanced-open-water-diver\/\" target=\"_blank\">PADI Advance Open Water Diver<\/a> ou un \u00e9quivalent avec au moins une plong\u00e9e de nuit enregistr\u00e9e. Pas de probl\u00e8me si vous n\u2019avez aucune des certifications mentionn\u00e9es pr\u00e9c\u00e9demment nous pouvons vous les enseigner.[\/vc_column_text][vc_separator type=\u00a0\u00bbtransparent\u00a0\u00bb up=\u00a0\u00bb14&Prime; down=\u00a0\u00bb0&Prime;][vc_separator type=\u00a0\u00bbtransparent\u00a0\u00bb up=\u00a0\u00bb14&Prime; down=\u00a0\u00bb0&Prime;][vc_column_text]\n<h2>Au-del\u00e0 de la plong\u00e9e Fluorescente<\/h2>\n[\/vc_column_text][vc_separator type=\u00a0\u00bbtransparent\u00a0\u00bb up=\u00a0\u00bb14&Prime; down=\u00a0\u00bb0&Prime;][vc_column_text]Pourquoi la vie aquatique a une propri\u00e9t\u00e9 fluorescente, comment marche les lampes bleues \u00e0 hautes fr\u00e9quences qu\u2019elle est la raison derri\u00e8re tout cela ?[\/vc_column_text][vc_separator type=\u00a0\u00bbtransparent\u00a0\u00bb up=\u00a0\u00bb14&Prime; down=\u00a0\u00bb0&Prime;][vc_column_text]\nVous trouverez ces informations et accroitrez vos connaissances dans ce domaine avec le PADI Fluorescence Night Diver Specialty que nous offrons. Un cours fascinant qui va vous \u00e9poustoufler.<br \/>\n[\/vc_column_text][vc_separator type=\u00a0\u00bbtransparent\u00a0\u00bb up=\u00a0\u00bb14&Prime; down=\u00a0\u00bb0&Prime;][vc_separator type=\u00a0\u00bbtransparent\u00a0\u00bb up=\u00a0\u00bb14&Prime; down=\u00a0\u00bb0&Prime;][\/vc_column][vc_column width=\u00a0\u00bb1\/3&Prime;]<div class='q_price_table'><div class='price_table_inner'><ul><li class='prices'><div class='price_in_table'><sup class='value'>\u20b1<\/sup><span class='price'>2,500<\/span><sub class='mark'> <\/sub><\/div><\/li><li class='cell table_title'>Fluo Night Dive<\/li><img decoding=\"async\" src=\"http:\/\/www.aquanautelnido.com\/wp-content\/uploads\/2014\/10\/PADI_hor_T.png\" alt=\"\" \/><\/p>\n<ul>\n<li>Level required: PADI Open Water Diver with Night Adventure or Advanced Open Water Diver or equivalen.<\/li>\n<li>Minimum age: 10 years old<\/li>\n<li># of Dives: 1<\/li>\n<li>Blue Light Torch and Vizor<\/li>\n<li>Scuba diving equipment<\/li>\n<\/ul>\n<li class='price_button'><a class='qbutton normal' href='http:\/\/www.aquanautelnido.com\/contact\/' target='_self'>Book now !<\/a><\/li><\/ul><\/div><\/div>[\/vc_column][\/vc_row][vc_row][vc_column][vc_column_text]\n<h4>HORAIRES<em>(*)<\/em><\/h4>\n<p>&nbsp;<\/p>\n<ul>\n<li>18h00: D\u00e9part du club de plong\u00e9e direction la baie des Bacuits.<\/li>\n<li>18h30: Mise \u00e0 l&rsquo;eau<\/li>\n<li>19h30: Caf\u00e9 ou th\u00e9 et cookies<\/li>\n<li>20h00: Retour \u00e0 El Nido pour discuter de votre exp\u00e8rience et remplir votre carnet de plong\u00e9e<\/li>\n<\/ul>\n[\/vc_column_text][vc_separator type=\u00a0\u00bbtransparent\u00a0\u00bb up=\u00a0\u00bb14&Prime; down=\u00a0\u00bb0&Prime;][vc_column_text](*) Les horaires peuvent varier selon les conditions m\u00e9t\u00e9orologiques.<\/p>\n<p><a href=\"http:\/\/www.aquanautelnido.com\/fr\/contact\/\" target=\"_blank\">Contactez nous pour de plus amples informations<\/a><\/p>\n[\/vc_column_text][vc_separator type=\u00a0\u00bbtransparent\u00a0\u00bb up=\u00a0\u00bb14&Prime; down=\u00a0\u00bb0&Prime;][vc_separator type=\u00a0\u00bbtransparent\u00a0\u00bb up=\u00a0\u00bb14&Prime; down=\u00a0\u00bb0&Prime;][\/vc_column][\/vc_row]\n<\/div>","protected":false},"excerpt":{"rendered":"<p>[vc_row row_type=\u00a0\u00bbsection\u00a0\u00bb padding_top=\u00a0\u00bb0&Prime; padding_bottom=\u00a0\u00bb0&Prime;][vc_column][vc_column_text] Qu\u2019est-ce que la plong\u00e9e Fluorescente ? light [\/vc_column_text][vc_separator type=\u00a0\u00bbtransparent\u00a0\u00bb up=\u00a0\u00bb14&Prime; down=\u00a0\u00bb0&Prime;][\/vc_column][\/vc_row][vc_row row_type=\u00a0\u00bbsection\u00a0\u00bb padding_top=\u00a0\u00bb0&Prime; padding_bottom=\u00a0\u00bb0&Prime;][vc_column width=\u00a0\u00bb2\/3&Prime;][vc_separator type=\u00a0\u00bbtransparent\u00a0\u00bb up=\u00a0\u00bb14&Prime; down=\u00a0\u00bb0&Prime;][vc_column_text] [\/vc_column_text][vc_separator type=\u00a0\u00bbtransparent\u00a0\u00bb up=\u00a0\u00bb14&Prime; down=\u00a0\u00bb0&Prime;][vc_column_text]Imaginez-vous en train de flotter dans une discoth\u00e8que, maintenant imaginez que les coraux soient des&#8230;<\/p>\n","protected":false},"author":1,"featured_media":0,"parent":12238,"menu_order":2,"comment_status":"closed","ping_status":"open","template":"","meta":{"footnotes":""},"class_list":["post-12622","page","type-page","status-publish","hentry"],"yoast_head":"<!-- This site is optimized with the Yoast SEO plugin v26.4 - https:\/\/yoast.com\/wordpress\/plugins\/seo\/ -->\n<title>Plong\u00e9e Fluo - Aquanaut Dive Center<\/title>\n<meta name=\"description\" content=\"Plong\u00e9e Fluo a El Nido, Philippines, est une plong\u00e9 de Nuit o\u00f9 nous utilisons des lampes de lumi\u00e8re bleu \u00e0 haute intensit\u00e9\" \/>\n<meta name=\"robots\" content=\"index, follow, max-snippet:-1, max-image-preview:large, max-video-preview:-1\" \/>\n<link rel=\"canonical\" href=\"https:\/\/www.aquanautelnido.com\/fun-dive\/fluo-diving\/\" \/>\n<meta property=\"og:locale\" content=\"fr_FR\" \/>\n<meta property=\"og:type\" content=\"article\" \/>\n<meta property=\"og:title\" content=\"Plong\u00e9e Fluo - Aquanaut Dive Center\" \/>\n<meta property=\"og:description\" content=\"Plong\u00e9e Fluo a El Nido, Philippines, est une plong\u00e9 de Nuit o\u00f9 nous utilisons des lampes de lumi\u00e8re bleu \u00e0 haute intensit\u00e9\" \/>\n<meta property=\"og:url\" content=\"https:\/\/www.aquanautelnido.com\/fun-dive\/fluo-diving\/\" \/>\n<meta property=\"og:site_name\" content=\"Aquanaut Dive Center\" \/>\n<meta property=\"article:publisher\" content=\"https:\/\/www.facebook.com\/Aquanautelnido\" \/>\n<meta property=\"article:modified_time\" content=\"2017-12-10T08:37:26+00:00\" \/>\n<meta property=\"og:image\" content=\"http:\/\/www.aquanautelnido.com\/wp-content\/uploads\/2014\/10\/PADI_hor_T.png\" \/>\n<meta name=\"twitter:card\" content=\"summary_large_image\" \/>\n<meta name=\"twitter:label1\" content=\"Dur\u00e9e de lecture estim\u00e9e\" \/>\n\t<meta name=\"twitter:data1\" content=\"3 minutes\" \/>\n<script type=\"application\/ld+json\" class=\"yoast-schema-graph\">{\"@context\":\"https:\/\/schema.org\",\"@graph\":[{\"@type\":\"WebPage\",\"@id\":\"https:\/\/www.aquanautelnido.com\/fun-dive\/fluo-diving\/\",\"url\":\"https:\/\/www.aquanautelnido.com\/fun-dive\/fluo-diving\/\",\"name\":\"Plong\u00e9e Fluo - Aquanaut Dive Center\",\"isPartOf\":{\"@id\":\"https:\/\/www.aquanautelnido.com\/fr\/#website\"},\"primaryImageOfPage\":{\"@id\":\"https:\/\/www.aquanautelnido.com\/fun-dive\/fluo-diving\/#primaryimage\"},\"image\":{\"@id\":\"https:\/\/www.aquanautelnido.com\/fun-dive\/fluo-diving\/#primaryimage\"},\"thumbnailUrl\":\"http:\/\/www.aquanautelnido.com\/wp-content\/uploads\/2014\/10\/PADI_hor_T.png\",\"datePublished\":\"2017-12-10T08:37:25+00:00\",\"dateModified\":\"2017-12-10T08:37:26+00:00\",\"description\":\"Plong\u00e9e Fluo a El Nido, Philippines, est une plong\u00e9 de Nuit o\u00f9 nous utilisons des lampes de lumi\u00e8re bleu \u00e0 haute intensit\u00e9\",\"breadcrumb\":{\"@id\":\"https:\/\/www.aquanautelnido.com\/fun-dive\/fluo-diving\/#breadcrumb\"},\"inLanguage\":\"fr-FR\",\"potentialAction\":[{\"@type\":\"ReadAction\",\"target\":[\"https:\/\/www.aquanautelnido.com\/fun-dive\/fluo-diving\/\"]}]},{\"@type\":\"ImageObject\",\"inLanguage\":\"fr-FR\",\"@id\":\"https:\/\/www.aquanautelnido.com\/fun-dive\/fluo-diving\/#primaryimage\",\"url\":\"http:\/\/www.aquanautelnido.com\/wp-content\/uploads\/2014\/10\/PADI_hor_T.png\",\"contentUrl\":\"http:\/\/www.aquanautelnido.com\/wp-content\/uploads\/2014\/10\/PADI_hor_T.png\"},{\"@type\":\"BreadcrumbList\",\"@id\":\"https:\/\/www.aquanautelnido.com\/fun-dive\/fluo-diving\/#breadcrumb\",\"itemListElement\":[{\"@type\":\"ListItem\",\"position\":1,\"name\":\"Home\",\"item\":\"https:\/\/www.aquanautelnido.com\/fr\/\"},{\"@type\":\"ListItem\",\"position\":2,\"name\":\"Plong\u00e9e\",\"item\":\"https:\/\/www.aquanautelnido.com\/fr\/plongee\/\"},{\"@type\":\"ListItem\",\"position\":3,\"name\":\"Plong\u00e9e Fluo\"}]},{\"@type\":\"WebSite\",\"@id\":\"https:\/\/www.aquanautelnido.com\/fr\/#website\",\"url\":\"https:\/\/www.aquanautelnido.com\/fr\/\",\"name\":\"Aquanaut Dive Center\",\"description\":\"Scuba Diving in El Nido, Palawan, Philippines\",\"potentialAction\":[{\"@type\":\"SearchAction\",\"target\":{\"@type\":\"EntryPoint\",\"urlTemplate\":\"https:\/\/www.aquanautelnido.com\/fr\/?s={search_term_string}\"},\"query-input\":{\"@type\":\"PropertyValueSpecification\",\"valueRequired\":true,\"valueName\":\"search_term_string\"}}],\"inLanguage\":\"fr-FR\"}]}<\/script>\n<!-- \/ Yoast SEO plugin. -->","yoast_head_json":{"title":"Plong\u00e9e Fluo - Aquanaut Dive Center","description":"Plong\u00e9e Fluo a El Nido, Philippines, est une plong\u00e9 de Nuit o\u00f9 nous utilisons des lampes de lumi\u00e8re bleu \u00e0 haute intensit\u00e9","robots":{"index":"index","follow":"follow","max-snippet":"max-snippet:-1","max-image-preview":"max-image-preview:large","max-video-preview":"max-video-preview:-1"},"canonical":"https:\/\/www.aquanautelnido.com\/fun-dive\/fluo-diving\/","og_locale":"fr_FR","og_type":"article","og_title":"Plong\u00e9e Fluo - Aquanaut Dive Center","og_description":"Plong\u00e9e Fluo a El Nido, Philippines, est une plong\u00e9 de Nuit o\u00f9 nous utilisons des lampes de lumi\u00e8re bleu \u00e0 haute intensit\u00e9","og_url":"https:\/\/www.aquanautelnido.com\/fun-dive\/fluo-diving\/","og_site_name":"Aquanaut Dive Center","article_publisher":"https:\/\/www.facebook.com\/Aquanautelnido","article_modified_time":"2017-12-10T08:37:26+00:00","og_image":[{"url":"http:\/\/www.aquanautelnido.com\/wp-content\/uploads\/2014\/10\/PADI_hor_T.png","type":"","width":"","height":""}],"twitter_card":"summary_large_image","twitter_misc":{"Dur\u00e9e de lecture estim\u00e9e":"3 minutes"},"schema":{"@context":"https:\/\/schema.org","@graph":[{"@type":"WebPage","@id":"https:\/\/www.aquanautelnido.com\/fun-dive\/fluo-diving\/","url":"https:\/\/www.aquanautelnido.com\/fun-dive\/fluo-diving\/","name":"Plong\u00e9e Fluo - Aquanaut Dive Center","isPartOf":{"@id":"https:\/\/www.aquanautelnido.com\/fr\/#website"},"primaryImageOfPage":{"@id":"https:\/\/www.aquanautelnido.com\/fun-dive\/fluo-diving\/#primaryimage"},"image":{"@id":"https:\/\/www.aquanautelnido.com\/fun-dive\/fluo-diving\/#primaryimage"},"thumbnailUrl":"http:\/\/www.aquanautelnido.com\/wp-content\/uploads\/2014\/10\/PADI_hor_T.png","datePublished":"2017-12-10T08:37:25+00:00","dateModified":"2017-12-10T08:37:26+00:00","description":"Plong\u00e9e Fluo a El Nido, Philippines, est une plong\u00e9 de Nuit o\u00f9 nous utilisons des lampes de lumi\u00e8re bleu \u00e0 haute intensit\u00e9","breadcrumb":{"@id":"https:\/\/www.aquanautelnido.com\/fun-dive\/fluo-diving\/#breadcrumb"},"inLanguage":"fr-FR","potentialAction":[{"@type":"ReadAction","target":["https:\/\/www.aquanautelnido.com\/fun-dive\/fluo-diving\/"]}]},{"@type":"ImageObject","inLanguage":"fr-FR","@id":"https:\/\/www.aquanautelnido.com\/fun-dive\/fluo-diving\/#primaryimage","url":"http:\/\/www.aquanautelnido.com\/wp-content\/uploads\/2014\/10\/PADI_hor_T.png","contentUrl":"http:\/\/www.aquanautelnido.com\/wp-content\/uploads\/2014\/10\/PADI_hor_T.png"},{"@type":"BreadcrumbList","@id":"https:\/\/www.aquanautelnido.com\/fun-dive\/fluo-diving\/#breadcrumb","itemListElement":[{"@type":"ListItem","position":1,"name":"Home","item":"https:\/\/www.aquanautelnido.com\/fr\/"},{"@type":"ListItem","position":2,"name":"Plong\u00e9e","item":"https:\/\/www.aquanautelnido.com\/fr\/plongee\/"},{"@type":"ListItem","position":3,"name":"Plong\u00e9e Fluo"}]},{"@type":"WebSite","@id":"https:\/\/www.aquanautelnido.com\/fr\/#website","url":"https:\/\/www.aquanautelnido.com\/fr\/","name":"Aquanaut Dive Center","description":"Scuba Diving in El Nido, Palawan, Philippines","potentialAction":[{"@type":"SearchAction","target":{"@type":"EntryPoint","urlTemplate":"https:\/\/www.aquanautelnido.com\/fr\/?s={search_term_string}"},"query-input":{"@type":"PropertyValueSpecification","valueRequired":true,"valueName":"search_term_string"}}],"inLanguage":"fr-FR"}]}},"_links":{"self":[{"href":"https:\/\/www.aquanautelnido.com\/fr\/wp-json\/wp\/v2\/pages\/12622","targetHints":{"allow":["GET"]}}],"collection":[{"href":"https:\/\/www.aquanautelnido.com\/fr\/wp-json\/wp\/v2\/pages"}],"about":[{"href":"https:\/\/www.aquanautelnido.com\/fr\/wp-json\/wp\/v2\/types\/page"}],"author":[{"embeddable":true,"href":"https:\/\/www.aquanautelnido.com\/fr\/wp-json\/wp\/v2\/users\/1"}],"replies":[{"embeddable":true,"href":"https:\/\/www.aquanautelnido.com\/fr\/wp-json\/wp\/v2\/comments?post=12622"}],"version-history":[{"count":12,"href":"https:\/\/www.aquanautelnido.com\/fr\/wp-json\/wp\/v2\/pages\/12622\/revisions"}],"predecessor-version":[{"id":12634,"href":"https:\/\/www.aquanautelnido.com\/fr\/wp-json\/wp\/v2\/pages\/12622\/revisions\/12634"}],"up":[{"embeddable":true,"href":"https:\/\/www.aquanautelnido.com\/fr\/wp-json\/wp\/v2\/pages\/12238"}],"wp:attachment":[{"href":"https:\/\/www.aquanautelnido.com\/fr\/wp-json\/wp\/v2\/media?parent=12622"}],"curies":[{"name":"wp","href":"https:\/\/api.w.org\/{rel}","templated":true}]}}