{"id":13726,"date":"2022-10-12T19:38:00","date_gmt":"2022-10-12T11:38:00","guid":{"rendered":"https:\/\/www.aquanautelnido.com\/plongee-et-hebergement\/"},"modified":"2022-10-14T12:42:51","modified_gmt":"2022-10-14T04:42:51","slug":"plongee-et-hebergement","status":"publish","type":"page","link":"https:\/\/www.aquanautelnido.com\/fr\/plongee-et-hebergement\/","title":{"rendered":"Plong\u00e9e et h\u00e9bergement"},"content":{"rendered":"<div class=\"wpb-content-wrapper\">[vc_row][vc_column][vc_column_text]\n<h1>Plong\u00e9e et H\u00e9bergement \u00e0 El Nido : le meilleur package !<\/h1>\n[\/vc_column_text][\/vc_column][\/vc_row][vc_row][vc_column width=\u00a0\u00bb2\/3&Prime;][vc_separator type=\u00a0\u00bbtransparent\u00a0\u00bb up=\u00a0\u00bb14&Prime; down=\u00a0\u00bb0&Prime;][vc_column_text]Vous cherchez un logement \u00e0 El Nido ? Au centre de plong\u00e9e Aquanaut, nous proposons un forfait plong\u00e9e et h\u00e9bergement, que vous suiviez votre <a href=\"https:\/\/www.aquanautelnido.com\/fr\/cours-padi\/cours-padi-open-water-diver\/\">PADI course<\/a> ou que vous soyez d\u00e9j\u00e0 un <a href=\"https:\/\/www.aquanautelnido.com\/fr\/plongee\/\">plongeur certifi\u00e9<\/a>. [\/vc_column_text][vc_separator type=\u00a0\u00bbtransparent\u00a0\u00bb up=\u00a0\u00bb12&Prime; down=\u00a0\u00bb0&Prime;][vc_column_text]\n<h4>The Bangka Hostel<\/h4>\n[\/vc_column_text][vc_separator type=\u00a0\u00bbtransparent\u00a0\u00bb up=\u00a0\u00bb12&Prime; down=\u00a0\u00bb0&Prime;][vc_column_text]L&rsquo;h\u00e9bergement se trouve \u00e0 The Bangka Hostel, situ\u00e9 juste au-dessus du centre de plong\u00e9e Aquanaut, ce qui vous permet de vous r\u00e9veiller facilement et de vous pr\u00e9parer pour votre journ\u00e9e de plong\u00e9e. C&rsquo;est l&rsquo;endroit id\u00e9al pour se faire de nouveaux amis dans le monde entier et rejoindre notre communaut\u00e9 de plongeurs.<br \/>\n[\/vc_column_text][vc_separator type=\u00a0\u00bbtransparent\u00a0\u00bb up=\u00a0\u00bb12&Prime; down=\u00a0\u00bb0&Prime;][vc_single_image image=\u00a0\u00bb13679&Prime; img_size=\u00a0\u00bbfull\u00a0\u00bb alignment=\u00a0\u00bbcenter\u00a0\u00bb][vc_separator type=\u00a0\u00bbtransparent\u00a0\u00bb up=\u00a0\u00bb12&Prime; down=\u00a0\u00bb0&Prime;][vc_column_text]Les vues magiques sur la baie et notre bonne ambiance font de notre auberge le meilleur choix pour <a href=\"https:\/\/www.aquanautelnido.com\/fr\/el-nido\/\">passer vos journ\u00e9es \u00e0 El Nido<\/a> pendant que vous plongez ou suivez votre cours PADI.[\/vc_column_text][vc_separator type=\u00a0\u00bbtransparent\u00a0\u00bb up=\u00a0\u00bb12&Prime; down=\u00a0\u00bb0&Prime;][vc_column_text]Nous vous proposons diff\u00e9rents types d&rsquo;h\u00e9bergements :<\/p>\n<p>&nbsp;<\/p>\n<ul>\n<li><strong>Crew Room<\/strong>: 6 lits superpos\u00e9s avec climatiseur, 6 placards individuels et salle de bain partag\u00e9e avec eau chaude.<\/li>\n<\/ul>\n<p>&nbsp;<\/p>\n<ul>\n<li><strong>Guide Room<\/strong>: 4 lits superpos\u00e9s avec ventilateur, 4 placards individuels et salle de bain commune avec eau chaude.<\/li>\n<\/ul>\n[\/vc_column_text][vc_separator type=\u00a0\u00bbtransparent\u00a0\u00bb up=\u00a0\u00bb12&Prime; down=\u00a0\u00bb0&Prime;][vc_single_image image=\u00a0\u00bb13487&Prime; img_size=\u00a0\u00bbfull\u00a0\u00bb alignment=\u00a0\u00bbcenter\u00a0\u00bb][vc_separator type=\u00a0\u00bbtransparent\u00a0\u00bb up=\u00a0\u00bb12&Prime; down=\u00a0\u00bb0&Prime;][vc_column_text]\n<ul>\n<li><strong>Officer Room<\/strong>: Chambre individuelle priv\u00e9e avec ventilateur, placard et salle de bain partag\u00e9e avec eau chaude.<\/li>\n<\/ul>\n<p>&nbsp;<\/p>\n<ul>\n<li><strong>Captain Room<\/strong>: Chambre double priv\u00e9e avec ventilateur, placard, avec une vue imprenable sur la baie de Bacuit et salle de bain partag\u00e9e avec douche chaude.<\/li>\n<\/ul>\n[\/vc_column_text][vc_separator type=\u00a0\u00bbtransparent\u00a0\u00bb up=\u00a0\u00bb12&Prime; down=\u00a0\u00bb0&Prime;][vc_single_image image=\u00a0\u00bb13673&Prime; img_size=\u00a0\u00bbfull\u00a0\u00bb alignment=\u00a0\u00bbcenter\u00a0\u00bb][vc_separator type=\u00a0\u00bbtransparent\u00a0\u00bb up=\u00a0\u00bb6&Prime; down=\u00a0\u00bb6&Prime;][vc_single_image image=\u00a0\u00bb13642&Prime; img_size=\u00a0\u00bbfull\u00a0\u00bb alignment=\u00a0\u00bbcenter\u00a0\u00bb][vc_separator type=\u00a0\u00bbtransparent\u00a0\u00bb up=\u00a0\u00bb6&Prime; down=\u00a0\u00bb6&Prime;][vc_single_image image=\u00a0\u00bb13663&Prime; img_size=\u00a0\u00bbfull\u00a0\u00bb alignment=\u00a0\u00bbcenter\u00a0\u00bb][vc_separator type=\u00a0\u00bbtransparent\u00a0\u00bb up=\u00a0\u00bb6&Prime; down=\u00a0\u00bb6&Prime;][vc_column_text]\n<h4>Safety Stop Bar<\/h4>\n[\/vc_column_text][vc_separator type=\u00a0\u00bbtransparent\u00a0\u00bb up=\u00a0\u00bb6&Prime; down=\u00a0\u00bb6&Prime;][vc_column_text]Notre auberge dispose \u00e9galement d&rsquo;un bar incroyable, Safety Stop, avec les vues les plus exceptionnelles sur l&rsquo;\u00eele de Cadlao, o\u00f9 vous pouvez enregistrer vos plong\u00e9es tout en sirotant une boisson fra\u00eeche et partager vos aventures de plong\u00e9e avec d&rsquo;autres personnes.<br \/>\n[\/vc_column_text][vc_separator type=\u00a0\u00bbtransparent\u00a0\u00bb up=\u00a0\u00bb6&Prime; down=\u00a0\u00bb6&Prime;][vc_single_image image=\u00a0\u00bb13492&Prime; img_size=\u00a0\u00bbfull\u00a0\u00bb alignment=\u00a0\u00bbcenter\u00a0\u00bb][vc_separator type=\u00a0\u00bbtransparent\u00a0\u00bb up=\u00a0\u00bb6&Prime; down=\u00a0\u00bb6&Prime;][vc_single_image image=\u00a0\u00bb13653&Prime; img_size=\u00a0\u00bbfull\u00a0\u00bb alignment=\u00a0\u00bbcenter\u00a0\u00bb][vc_separator type=\u00a0\u00bbtransparent\u00a0\u00bb up=\u00a0\u00bb6&Prime; down=\u00a0\u00bb6&Prime;][vc_column_text]Just <a href=\"https:\/\/www.aquanautelnido.com\/fr\/contact\/\">Envoyez-nous simplement un e-mail <\/a>avec votre activit\u00e9 de plong\u00e9e, le type de chambre et les dates et nous vous informerons des prix sp\u00e9ciaux uniquement pour ce forfait plong\u00e9e et h\u00e9bergement \u00e0 El Nido.[\/vc_column_text][vc_separator type=\u00a0\u00bbtransparent\u00a0\u00bb up=\u00a0\u00bb6&Prime; down=\u00a0\u00bb6&Prime;][vc_column_text]N&rsquo;h\u00e9sitez pas \u00e0 nous contacter \u00e9galement si vous venez avec un ami non plongeur car tout le monde est le bienvenu et a sa place au Bangka Hostel.<br \/>\n[\/vc_column_text][vc_separator type=\u00a0\u00bbtransparent\u00a0\u00bb up=\u00a0\u00bb6&Prime; down=\u00a0\u00bb6&Prime;][vc_separator type=\u00a0\u00bbtransparent\u00a0\u00bb up=\u00a0\u00bb6&Prime; down=\u00a0\u00bb6&Prime;][vc_separator type=\u00a0\u00bbtransparent\u00a0\u00bb up=\u00a0\u00bb6&Prime; down=\u00a0\u00bb6&Prime;][\/vc_column][vc_column width=\u00a0\u00bb1\/3&Prime; css=\u00a0\u00bb.vc_custom_1540468424762{margin-top: 20px !important;margin-right: 20px !important;background-color: #f7f7f7 !important;border-radius: 1px !important;}\u00a0\u00bb][vc_single_image image=\u00a0\u00bb13647&Prime; img_size=\u00a0\u00bbmedium\u00a0\u00bb alignment=\u00a0\u00bbcenter\u00a0\u00bb][vc_separator up=\u00a0\u00bb6&Prime; down=\u00a0\u00bb6&Prime;][vc_column_text]\n<h3 style=\"text-align: center;\">\u00a0Forfait Plong\u00e9e et H\u00e9bergement<\/h3>\n<h3 style=\"text-align: center;\"><\/h3>\n[\/vc_column_text][vc_separator up=\u00a0\u00bb6&Prime; down=\u00a0\u00bb6&Prime;][vc_column_text]\n<h4 style=\"text-align: center;\">Inclus<\/h4>\n[\/vc_column_text][vc_separator up=\u00a0\u00bb6&Prime; down=\u00a0\u00bb6&Prime;][vc_column_text]\n<p style=\"text-align: center;\">Nuits pour votre plong\u00e9e<\/p>\n<p style=\"text-align: center;\">Chambre partag\u00e9e, simple ou double<\/p>\n<p style=\"text-align: center;\">Climatisation ou ventilateur<\/p>\n<p style=\"text-align: center;\">Draps et Serviette<\/p>\n<p style=\"text-align: center;\">WiFi gratuit<\/p>\n<p style=\"text-align: center;\">Cours de plong\u00e9e ou PADI\u00a0:<\/p>\n<p style=\"text-align: center;\">\u00c9quipement de plong\u00e9e sous-marine<\/p>\n<p style=\"text-align: center;\">Instructeur PADI\/DM<\/p>\n<p style=\"text-align: center;\">D\u00e9jeuner \u00e0 bord<\/p>\n<p style=\"text-align: center;\">S\u00e9curit\u00e9 et amusement<\/p>\n[\/vc_column_text][vc_separator up=\u00a0\u00bb6&Prime; down=\u00a0\u00bb6&Prime;][vc_column_text]\n<h4 style=\"text-align: center;\">Conditions<\/h4>\n[\/vc_column_text][vc_separator up=\u00a0\u00bb6&Prime; down=\u00a0\u00bb6&Prime;][vc_column_text]\n<p style=\"text-align: center;\">\u00c2ge minimum : 10 ans<\/p>\n[\/vc_column_text][vc_separator type=\u00a0\u00bbtransparent\u00a0\u00bb up=\u00a0\u00bb6&Prime; down=\u00a0\u00bb6&Prime;][vc_separator type=\u00a0\u00bbtransparent\u00a0\u00bb up=\u00a0\u00bb6&Prime; down=\u00a0\u00bb6&Prime;][vc_separator type=\u00a0\u00bbtransparent\u00a0\u00bb up=\u00a0\u00bb6&Prime; down=\u00a0\u00bb6&Prime;][vc_row_inner content_placement=\u00a0\u00bbmiddle\u00a0\u00bb row_type=\u00a0\u00bbsection\u00a0\u00bb text_align=\u00a0\u00bbcenter\u00a0\u00bb][vc_column_inner][vc_icon icon_fontawesome=\u00a0\u00bbfa fa-envelope-o\u00a0\u00bb color=\u00a0\u00bbblack\u00a0\u00bb background_style=\u00a0\u00bbrounded\u00a0\u00bb background_color=\u00a0\u00bbsky\u00a0\u00bb align=\u00a0\u00bbcenter\u00a0\u00bb link=\u00a0\u00bburl:http%3A%2F%2Fwww.aquanautelnido.com%2Fcontact%2F|title:contact%20us|target:%20_blank|\u00a0\u00bb][\/vc_column_inner][\/vc_row_inner][\/vc_column][\/vc_row]\n<\/div>","protected":false},"excerpt":{"rendered":"<p>[vc_row][vc_column][vc_column_text] Plong\u00e9e et H\u00e9bergement \u00e0 El Nido : le meilleur package ! [\/vc_column_text][\/vc_column][\/vc_row][vc_row][vc_column width=\u00a0\u00bb2\/3&Prime;][vc_separator type=\u00a0\u00bbtransparent\u00a0\u00bb up=\u00a0\u00bb14&Prime; down=\u00a0\u00bb0&Prime;][vc_column_text]Vous cherchez un logement \u00e0 El Nido ? Au centre de plong\u00e9e Aquanaut, nous proposons un forfait plong\u00e9e et h\u00e9bergement, que vous suiviez votre&#8230;<\/p>\n","protected":false},"author":1,"featured_media":0,"parent":0,"menu_order":0,"comment_status":"closed","ping_status":"closed","template":"","meta":{"footnotes":""},"class_list":["post-13726","page","type-page","status-publish","hentry"],"yoast_head":"<!-- This site is optimized with the Yoast SEO plugin v26.4 - https:\/\/yoast.com\/wordpress\/plugins\/seo\/ -->\n<title>Forfait plong\u00e9e et h\u00e9bergement \u00e0 El Nido<\/title>\n<meta name=\"description\" content=\"Vous cherchez un logement \u00e0 El Nido ? Au centre de plong\u00e9e Aquanaut, nous proposons un forfait plong\u00e9e et h\u00e9bergement, que vous suiviez votre cours PADI ou que vous soyez d\u00e9j\u00e0 un plongeur certifi\u00e9.\" \/>\n<meta name=\"robots\" content=\"index, follow, max-snippet:-1, max-image-preview:large, max-video-preview:-1\" \/>\n<link rel=\"canonical\" href=\"https:\/\/www.aquanautelnido.com\/fr\/plongee-et-hebergement\/\" \/>\n<meta property=\"og:locale\" content=\"fr_FR\" \/>\n<meta property=\"og:type\" content=\"article\" \/>\n<meta property=\"og:title\" content=\"Forfait plong\u00e9e et h\u00e9bergement \u00e0 El Nido\" \/>\n<meta property=\"og:description\" content=\"Vous cherchez un logement \u00e0 El Nido ? Au centre de plong\u00e9e Aquanaut, nous proposons un forfait plong\u00e9e et h\u00e9bergement, que vous suiviez votre cours PADI ou que vous soyez d\u00e9j\u00e0 un plongeur certifi\u00e9.\" \/>\n<meta property=\"og:url\" content=\"https:\/\/www.aquanautelnido.com\/fr\/plongee-et-hebergement\/\" \/>\n<meta property=\"og:site_name\" content=\"Aquanaut Dive Center\" \/>\n<meta property=\"article:publisher\" content=\"https:\/\/www.facebook.com\/Aquanautelnido\" \/>\n<meta property=\"article:modified_time\" content=\"2022-10-14T04:42:51+00:00\" \/>\n<meta name=\"twitter:card\" content=\"summary_large_image\" \/>\n<meta name=\"twitter:label1\" content=\"Dur\u00e9e de lecture estim\u00e9e\" \/>\n\t<meta name=\"twitter:data1\" content=\"4 minutes\" \/>\n<script type=\"application\/ld+json\" class=\"yoast-schema-graph\">{\"@context\":\"https:\/\/schema.org\",\"@graph\":[{\"@type\":\"WebPage\",\"@id\":\"https:\/\/www.aquanautelnido.com\/fr\/plongee-et-hebergement\/\",\"url\":\"https:\/\/www.aquanautelnido.com\/fr\/plongee-et-hebergement\/\",\"name\":\"Forfait plong\u00e9e et h\u00e9bergement \u00e0 El Nido\",\"isPartOf\":{\"@id\":\"https:\/\/www.aquanautelnido.com\/fr\/#website\"},\"datePublished\":\"2022-10-12T11:38:00+00:00\",\"dateModified\":\"2022-10-14T04:42:51+00:00\",\"description\":\"Vous cherchez un logement \u00e0 El Nido ? Au centre de plong\u00e9e Aquanaut, nous proposons un forfait plong\u00e9e et h\u00e9bergement, que vous suiviez votre cours PADI ou que vous soyez d\u00e9j\u00e0 un plongeur certifi\u00e9.\",\"breadcrumb\":{\"@id\":\"https:\/\/www.aquanautelnido.com\/fr\/plongee-et-hebergement\/#breadcrumb\"},\"inLanguage\":\"fr-FR\",\"potentialAction\":[{\"@type\":\"ReadAction\",\"target\":[\"https:\/\/www.aquanautelnido.com\/fr\/plongee-et-hebergement\/\"]}]},{\"@type\":\"BreadcrumbList\",\"@id\":\"https:\/\/www.aquanautelnido.com\/fr\/plongee-et-hebergement\/#breadcrumb\",\"itemListElement\":[{\"@type\":\"ListItem\",\"position\":1,\"name\":\"Home\",\"item\":\"https:\/\/www.aquanautelnido.com\/fr\/\"},{\"@type\":\"ListItem\",\"position\":2,\"name\":\"Plong\u00e9e et h\u00e9bergement\"}]},{\"@type\":\"WebSite\",\"@id\":\"https:\/\/www.aquanautelnido.com\/fr\/#website\",\"url\":\"https:\/\/www.aquanautelnido.com\/fr\/\",\"name\":\"Aquanaut Dive Center\",\"description\":\"Scuba Diving in El Nido, Palawan, Philippines\",\"potentialAction\":[{\"@type\":\"SearchAction\",\"target\":{\"@type\":\"EntryPoint\",\"urlTemplate\":\"https:\/\/www.aquanautelnido.com\/fr\/?s={search_term_string}\"},\"query-input\":{\"@type\":\"PropertyValueSpecification\",\"valueRequired\":true,\"valueName\":\"search_term_string\"}}],\"inLanguage\":\"fr-FR\"}]}<\/script>\n<!-- \/ Yoast SEO plugin. -->","yoast_head_json":{"title":"Forfait plong\u00e9e et h\u00e9bergement \u00e0 El Nido","description":"Vous cherchez un logement \u00e0 El Nido ? Au centre de plong\u00e9e Aquanaut, nous proposons un forfait plong\u00e9e et h\u00e9bergement, que vous suiviez votre cours PADI ou que vous soyez d\u00e9j\u00e0 un plongeur certifi\u00e9.","robots":{"index":"index","follow":"follow","max-snippet":"max-snippet:-1","max-image-preview":"max-image-preview:large","max-video-preview":"max-video-preview:-1"},"canonical":"https:\/\/www.aquanautelnido.com\/fr\/plongee-et-hebergement\/","og_locale":"fr_FR","og_type":"article","og_title":"Forfait plong\u00e9e et h\u00e9bergement \u00e0 El Nido","og_description":"Vous cherchez un logement \u00e0 El Nido ? Au centre de plong\u00e9e Aquanaut, nous proposons un forfait plong\u00e9e et h\u00e9bergement, que vous suiviez votre cours PADI ou que vous soyez d\u00e9j\u00e0 un plongeur certifi\u00e9.","og_url":"https:\/\/www.aquanautelnido.com\/fr\/plongee-et-hebergement\/","og_site_name":"Aquanaut Dive Center","article_publisher":"https:\/\/www.facebook.com\/Aquanautelnido","article_modified_time":"2022-10-14T04:42:51+00:00","twitter_card":"summary_large_image","twitter_misc":{"Dur\u00e9e de lecture estim\u00e9e":"4 minutes"},"schema":{"@context":"https:\/\/schema.org","@graph":[{"@type":"WebPage","@id":"https:\/\/www.aquanautelnido.com\/fr\/plongee-et-hebergement\/","url":"https:\/\/www.aquanautelnido.com\/fr\/plongee-et-hebergement\/","name":"Forfait plong\u00e9e et h\u00e9bergement \u00e0 El Nido","isPartOf":{"@id":"https:\/\/www.aquanautelnido.com\/fr\/#website"},"datePublished":"2022-10-12T11:38:00+00:00","dateModified":"2022-10-14T04:42:51+00:00","description":"Vous cherchez un logement \u00e0 El Nido ? Au centre de plong\u00e9e Aquanaut, nous proposons un forfait plong\u00e9e et h\u00e9bergement, que vous suiviez votre cours PADI ou que vous soyez d\u00e9j\u00e0 un plongeur certifi\u00e9.","breadcrumb":{"@id":"https:\/\/www.aquanautelnido.com\/fr\/plongee-et-hebergement\/#breadcrumb"},"inLanguage":"fr-FR","potentialAction":[{"@type":"ReadAction","target":["https:\/\/www.aquanautelnido.com\/fr\/plongee-et-hebergement\/"]}]},{"@type":"BreadcrumbList","@id":"https:\/\/www.aquanautelnido.com\/fr\/plongee-et-hebergement\/#breadcrumb","itemListElement":[{"@type":"ListItem","position":1,"name":"Home","item":"https:\/\/www.aquanautelnido.com\/fr\/"},{"@type":"ListItem","position":2,"name":"Plong\u00e9e et h\u00e9bergement"}]},{"@type":"WebSite","@id":"https:\/\/www.aquanautelnido.com\/fr\/#website","url":"https:\/\/www.aquanautelnido.com\/fr\/","name":"Aquanaut Dive Center","description":"Scuba Diving in El Nido, Palawan, Philippines","potentialAction":[{"@type":"SearchAction","target":{"@type":"EntryPoint","urlTemplate":"https:\/\/www.aquanautelnido.com\/fr\/?s={search_term_string}"},"query-input":{"@type":"PropertyValueSpecification","valueRequired":true,"valueName":"search_term_string"}}],"inLanguage":"fr-FR"}]}},"_links":{"self":[{"href":"https:\/\/www.aquanautelnido.com\/fr\/wp-json\/wp\/v2\/pages\/13726","targetHints":{"allow":["GET"]}}],"collection":[{"href":"https:\/\/www.aquanautelnido.com\/fr\/wp-json\/wp\/v2\/pages"}],"about":[{"href":"https:\/\/www.aquanautelnido.com\/fr\/wp-json\/wp\/v2\/types\/page"}],"author":[{"embeddable":true,"href":"https:\/\/www.aquanautelnido.com\/fr\/wp-json\/wp\/v2\/users\/1"}],"replies":[{"embeddable":true,"href":"https:\/\/www.aquanautelnido.com\/fr\/wp-json\/wp\/v2\/comments?post=13726"}],"version-history":[{"count":33,"href":"https:\/\/www.aquanautelnido.com\/fr\/wp-json\/wp\/v2\/pages\/13726\/revisions"}],"predecessor-version":[{"id":13805,"href":"https:\/\/www.aquanautelnido.com\/fr\/wp-json\/wp\/v2\/pages\/13726\/revisions\/13805"}],"wp:attachment":[{"href":"https:\/\/www.aquanautelnido.com\/fr\/wp-json\/wp\/v2\/media?parent=13726"}],"curies":[{"name":"wp","href":"https:\/\/api.w.org\/{rel}","templated":true}]}}